{"id":379,"date":"2024-08-22T11:47:10","date_gmt":"2024-08-22T09:47:10","guid":{"rendered":"https:\/\/powerockpharma.com\/?page_id=379"},"modified":"2024-09-19T12:46:52","modified_gmt":"2024-09-19T10:46:52","slug":"about-us","status":"publish","type":"page","link":"https:\/\/powerockpharma.com\/fr\/a-propos-de-nous\/","title":{"rendered":"A propos de nous"},"content":{"rendered":"<div id=\"cs-content\" class=\"cs-content\"><div class=\"x-section e379-e1 maj-0 maj-1 maj-2\"><div class=\"x-row x-container max width e379-e2 maj-8 maj-9 maj-d maj-e\"><div class=\"x-row-inner\"><div class=\"x-col e379-e3 maj-m maj-n\"><div class=\"x-text x-text-headline e379-e4 maj-q maj-r maj-s maj-t maj-u maj-v\"><div class=\"x-text-content\"><div class=\"x-text-content-text\"><h1 class=\"x-text-content-text-primary\">A propos de nous<\/h1><\/div><\/div><\/div><\/div><\/div><\/div><div class=\"x-row x-container max width e379-e5 maj-8 maj-9 maj-a maj-d maj-f\"><div class=\"x-row-inner\"><div class=\"x-col e379-e6 maj-m maj-o\"><div class=\"x-text x-text-headline e379-e7 maj-r maj-v maj-w maj-x maj-y maj-z maj-10\"><div class=\"x-text-content\"><div class=\"x-text-content-text\"><h2 class=\"x-text-content-text-primary\">Qui sommes-nous ?<\/h2><\/div><\/div><\/div><div class=\"x-text x-content e379-e8 maj-13 maj-14 maj-15 maj-16 maj-17\">Powerock Pharma est une entreprise m\u00e9dicale en pleine expansion, sp\u00e9cialis\u00e9e dans la production de r\u00e9actifs chimiques et de compl\u00e9ments alimentaires de haute qualit\u00e9. Notre portefeuille de produits comprend une large gamme de produits tels que des lyophilisats de peptides, des SARM, des nootropiques, qui soutiennent les fonctions cognitives, et diverses formes de yohimbine et de suppl\u00e9ments. Nous \u00e9largissons constamment notre gamme de produits en introduisant de nouveaux r\u00e9actifs chimiques. En outre, nous disposons d'une large gamme de r\u00e9actifs suppl\u00e9mentaires disponibles \u00e0 la demande des clients.<\/div><\/div><div class=\"x-col e379-e9 maj-m maj-n\"><span class=\"x-image e379-e10 maj-1d maj-1e\"><img decoding=\"async\" src=\"https:\/\/powerockpharma.com\/wp-content\/uploads\/2024\/08\/about-us-power-pharma.webp\" width=\"1000\" height=\"667\" alt=\"\u00c0 propos de nous power pharma\" loading=\"lazy\"><\/span><\/div><\/div><\/div><\/div><div class=\"x-section e379-e11 maj-0 maj-3 maj-4 maj-5\"><div class=\"x-bg\"><div class=\"x-bg-layer-lower-img\"><img decoding=\"async\" src=\"https:\/\/powerockpharma.com\/wp-content\/uploads\/2024\/08\/our-mission.webp\" alt=\"Image\" loading=\"lazy\" style=\"object-fit: cover; object-position: center;\"\/><\/div><div class=\"x-bg-layer-upper-color\" aria-hidden=\"true\" style=\" background-color: rgba(0, 0, 0, 0.5);\"><\/div><\/div><div class=\"x-row x-container max width e379-e12 maj-9 maj-b maj-d maj-g\"><div class=\"x-row-inner\"><div class=\"x-col e379-e13 maj-m maj-p\"><div class=\"x-text x-text-headline e379-e14 maj-r maj-t maj-w maj-x maj-10 maj-11\"><div class=\"x-text-content\"><div class=\"x-text-content-text\"><h2 class=\"x-text-content-text-primary\">Notre mission<\/h2><\/div><\/div><\/div><div class=\"x-text x-content e379-e15 maj-13 maj-15 maj-16 maj-18 maj-19\">Notre mission est d'am\u00e9liorer la sant\u00e9 et le bien-\u00eatre en proposant des solutions chimiques et des compl\u00e9ments innovants et efficaces. Nous nous engageons \u00e0 rehausser les normes de l'industrie pharmaceutique, en donnant la priorit\u00e9 \u00e0 la qualit\u00e9, \u00e0 la s\u00e9curit\u00e9 et \u00e0 l'efficacit\u00e9 de nos produits.<\/div><\/div><div class=\"x-col e379-e16 maj-m maj-p\"><div class=\"x-text x-text-headline e379-e17 maj-r maj-t maj-w maj-x maj-10 maj-11\"><div class=\"x-text-content\"><div class=\"x-text-content-text\"><h2 class=\"x-text-content-text-primary\">Notre vision<\/h2><\/div><\/div><\/div><div class=\"x-text x-content e379-e18 maj-13 maj-15 maj-16 maj-18 maj-1a\">Notre objectif est d'\u00eatre \u00e0 la pointe de la biotechnologie et de la suppl\u00e9mentation, en fournissant des produits qui r\u00e9pondent aux normes les plus \u00e9lev\u00e9es de nos clients. Nous croyons au pouvoir de la science et de la technologie, c'est pourquoi nous investissons continuellement dans la recherche et le d\u00e9veloppement afin d'offrir des solutions de pointe qui favorisent la sant\u00e9.<\/div><\/div><\/div><\/div><\/div><div class=\"x-section e379-e19 maj-0 maj-2 maj-3 maj-4\"><div class=\"x-row x-container max width e379-e20 maj-8 maj-9 maj-d maj-h\"><div class=\"x-row-inner\"><div class=\"x-col e379-e21 maj-m maj-n\"><div class=\"x-text x-text-headline e379-e22 maj-q maj-r maj-v maj-x maj-y maj-z maj-10\"><div class=\"x-text-content\"><div class=\"x-text-content-text\"><h2 class=\"x-text-content-text-primary\">Nos valeurs<\/h2><\/div><\/div><\/div><\/div><\/div><\/div><div class=\"x-row x-container max width e379-e23 maj-8 maj-9 maj-c maj-d maj-i\"><div class=\"x-row-inner\"><div class=\"x-col e379-e24 maj-m maj-n\"><div class=\"x-grid x-container max width e379-e25 maj-1g maj-1h maj-1i\"><div class=\"x-cell e379-e26 maj-1m maj-1n maj-1o\"><div class=\"x-text x-text-headline e379-e27 maj-r maj-u maj-w maj-y maj-10 maj-12\"><div class=\"x-text-content\"><div class=\"x-text-content-text\"><p class=\"x-text-content-text-primary\">Qualit\u00e9<\/p><\/div><\/div><\/div><div class=\"x-text x-content e379-e28 maj-13 maj-14 maj-15 maj-1b\"><p>Chaque produit qui quitte notre entreprise est soumis \u00e0 des tests de qualit\u00e9 rigoureux. Nous<br \/>\ns'assurer que nos produits sont s\u00fbrs et efficaces.<\/p><\/div><\/div><div class=\"x-cell e379-e29 maj-1m maj-1n maj-1p\"><i class=\"x-icon e379-e30 maj-1z\" aria-hidden=\"true\" data-x-icon-o=\"&#xe41c;\"><\/i><\/div><div class=\"x-cell e379-e31 maj-1m maj-1n maj-1o\"><div class=\"x-text x-text-headline e379-e32 maj-r maj-u maj-w maj-y maj-10 maj-12\"><div class=\"x-text-content\"><div class=\"x-text-content-text\"><p class=\"x-text-content-text-primary\">L'innovation<\/p><\/div><\/div><\/div><div class=\"x-text x-content e379-e33 maj-13 maj-14 maj-15 maj-1b\"><p>Nous sommes constamment \u00e0 la recherche de nouvelles m\u00e9thodes et de nouvelles technologies pour am\u00e9liorer notre travail.<br \/>\net apporter des solutions innovantes sur le march\u00e9.<\/p><\/div><\/div><div class=\"x-cell e379-e34 maj-1m maj-1n maj-1p\"><i class=\"x-icon e379-e35 maj-1z\" aria-hidden=\"true\" data-x-icon-l=\"&#xe027;\"><\/i><\/div><\/div><\/div><div class=\"x-col x-hide-md x-hide-sm x-hide-xs e379-e36 maj-m maj-n\"><span class=\"x-image e379-e37 maj-1d maj-1e\"><img decoding=\"async\" src=\"https:\/\/powerockpharma.com\/wp-content\/uploads\/2024\/08\/HARDCORE-sarm.webp\" width=\"1200\" height=\"1261\" alt=\"Hardcore sarm\" loading=\"lazy\"><\/span><\/div><div class=\"x-col e379-e38 maj-m maj-n\"><div class=\"x-grid x-container max width e379-e39 maj-1g maj-1h maj-1j maj-1k\"><div class=\"x-cell e379-e40 maj-1m maj-1n maj-1p\"><i class=\"x-icon e379-e41 maj-1z\" aria-hidden=\"true\" data-x-icon-l=\"&#xf4c6;\"><\/i><\/div><div class=\"x-cell e379-e42 maj-1m maj-1n maj-1o\"><div class=\"x-text x-text-headline e379-e43 maj-r maj-u maj-w maj-y maj-10 maj-12\"><div class=\"x-text-content\"><div class=\"x-text-content-text\"><p class=\"x-text-content-text-primary\">Confiance<\/p><\/div><\/div><\/div><div class=\"x-text x-content e379-e44 maj-13 maj-14 maj-15 maj-1b\"><p>Nous \u00e9tablissons des relations \u00e0 long terme avec nos clients sur la base de la transparence et du respect des droits de l'homme.<br \/>\nconfiance.<\/p><\/div><\/div><div class=\"x-cell e379-e45 maj-1m maj-1n maj-1p\"><i class=\"x-icon e379-e46 maj-1z\" aria-hidden=\"true\" data-x-icon-l=\"&#xf0ac;\"><\/i><\/div><div class=\"x-cell e379-e47 maj-1m maj-1n maj-1o\"><div class=\"x-text x-text-headline e379-e48 maj-r maj-u maj-w maj-y maj-10 maj-12\"><div class=\"x-text-content\"><div class=\"x-text-content-text\"><p class=\"x-text-content-text-primary\">Responsabilit\u00e9<\/p><\/div><\/div><\/div><div class=\"x-text x-content e379-e49 maj-13 maj-14 maj-15 maj-1b\"><p>Nous sommes responsables de l'impact de nos activit\u00e9s sur l'environnement et la sant\u00e9 publique.<br \/>\nla soci\u00e9t\u00e9. Nous agissons dans le respect des normes \u00e9thiques et juridiques les plus strictes.<\/p><\/div><\/div><\/div><\/div><\/div><\/div><\/div><div class=\"x-section e379-e50 maj-0 maj-2 maj-3 maj-6\"><div class=\"x-row x-container max width e379-e51 maj-8 maj-9 maj-d maj-j\"><div class=\"x-row-inner\"><div class=\"x-col e379-e52 maj-m maj-n\"><div class=\"x-text x-text-headline e379-e53 maj-q maj-r maj-v maj-x maj-y maj-z maj-10\"><div class=\"x-text-content\"><div class=\"x-text-content-text\"><h2 class=\"x-text-content-text-primary\">Notre \u00e9quipe<\/h2><\/div><\/div><\/div><span class=\"x-image e379-e54 maj-1d maj-1f\"><img decoding=\"async\" src=\"https:\/\/powerockpharma.com\/wp-content\/uploads\/2024\/08\/our-team-powerock-pharma.webp\" width=\"1400\" height=\"785\" alt=\"Notre \u00e9quipe Powerock Pharma\" loading=\"lazy\"><\/span><div class=\"x-text x-content e379-e55 maj-13 maj-14 maj-16 maj-17 maj-1c\"><p>Notre \u00e9quipe est compos\u00e9e de sp\u00e9cialistes exp\u00e9riment\u00e9s dans les domaines de la chimie, de la biotechnologie et de la m\u00e9decine, qui sont passionn\u00e9s et s'engagent \u00e0 cr\u00e9er des produits de la plus haute qualit\u00e9. Gr\u00e2ce \u00e0 leurs connaissances et \u00e0 leur exp\u00e9rience, Powerock Pharma est synonyme d'innovation et de fiabilit\u00e9 dans l'industrie pharmaceutique.<\/p>\n<p>Nous vous invitons \u00e0 collaborer avec nous et \u00e0 rejoindre les rangs des clients satisfaits de Powerock Pharma, o\u00f9 la qualit\u00e9 et l'innovation vont de pair avec un engagement pour la sant\u00e9 et le bien-\u00eatre de nos utilisateurs.<\/p><\/div><\/div><\/div><\/div><\/div><div class=\"x-section e379-e56 maj-0 maj-2 maj-3 maj-7\"><div class=\"x-row x-container max width e379-e57 maj-8 maj-9 maj-d maj-k\"><div class=\"x-row-inner\"><div class=\"x-col e379-e58 maj-m maj-n\"><div class=\"x-text x-text-headline e379-e59 maj-q maj-r maj-v maj-x maj-y maj-z maj-10\"><div class=\"x-text-content\"><div class=\"x-text-content-text\"><h2 class=\"x-text-content-text-primary\">Nos produits<\/h2><\/div><\/div><\/div><\/div><\/div><\/div><div class=\"x-row x-container max width e379-e60 maj-8 maj-9 maj-d maj-l\"><div class=\"x-row-inner\"><div class=\"x-col e379-e61 maj-m maj-n\"><div class=\"x-grid x-container max width e379-e62 maj-1g maj-1j maj-1l\"><div class=\"x-cell e379-e63 maj-1n maj-1o maj-1q maj-1r maj-1s\"><a class=\"x-div e379-e64 maj-20\" href=\"\/fr\/peptide-lyophilizates\/\"><div class=\"x-text x-text-headline e379-e65 maj-r maj-u maj-w maj-y maj-10 maj-12\"><div class=\"x-text-content\"><div class=\"x-text-content-text\"><p class=\"x-text-content-text-primary\">Lyophilisats de peptides<\/p><\/div><\/div><\/div><div class=\"x-text x-content e379-e66 maj-13 maj-14 maj-15 maj-1b\"><p>Outils cl\u00e9s de la recherche scientifique et de la m\u00e9decine, offrant de vastes applications dans les domaines du diagnostic et de la th\u00e9rapeutique.\napplications dans les domaines du diagnostic et de la th\u00e9rapeutique.<\/p><\/div><\/a><\/div><div class=\"x-cell e379-e67 maj-1n maj-1o maj-1r maj-1s maj-1t maj-1u\"><a class=\"x-div e379-e68 maj-20\" href=\"\/fr\/sarms\/\"><div class=\"x-text x-text-headline e379-e69 maj-r maj-u maj-w maj-y maj-10 maj-12\"><div class=\"x-text-content\"><div class=\"x-text-content-text\"><p class=\"x-text-content-text-primary\">SARMs<\/p><\/div><\/div><\/div><div class=\"x-text x-content e379-e70 maj-13 maj-14 maj-15 maj-1b\"><p>Modulateurs s\u00e9lectifs des r\u00e9cepteurs androg\u00e9niques avec des applications dans la construction musculaire et la th\u00e9rapie pour une vari\u00e9t\u00e9 de conditions.<\/p><\/div><\/a><\/div><div class=\"x-cell e379-e71 maj-1n maj-1o maj-1r maj-1u maj-1v maj-1w\"><a class=\"x-div e379-e72 maj-20\" href=\"\/fr\/nootropics\/\"><div class=\"x-text x-text-headline e379-e73 maj-r maj-u maj-w maj-y maj-10 maj-12\"><div class=\"x-text-content\"><div class=\"x-text-content-text\"><p class=\"x-text-content-text-primary\">Nootropiques<\/p><\/div><\/div><\/div><div class=\"x-text x-content e379-e74 maj-13 maj-14 maj-15 maj-1b\">Substances qui soutiennent les fonctions cognitives, la m\u00e9moire et la concentration.\npour ceux qui recherchent un soutien intellectuel, aidant \u00e0 augmenter la productivit\u00e9 et la clart\u00e9 mentale.<\/div><\/a><\/div><div class=\"x-cell e379-e75 maj-1n maj-1o maj-1r maj-1u maj-1w maj-1x\"><div class=\"x-div e379-e76 maj-20\"><div class=\"x-text x-text-headline e379-e77 maj-r maj-u maj-w maj-y maj-10 maj-12\"><div class=\"x-text-content\"><div class=\"x-text-content-text\"><p class=\"x-text-content-text-primary\">Yohimbine<\/p><\/div><\/div><\/div><div class=\"x-text x-content e379-e78 maj-13 maj-14 maj-15 maj-1b\">Alcalo\u00efde naturel, utilis\u00e9 comme compl\u00e9ment alimentaire pour aider \u00e0 r\u00e9duire la graisse corporelle et am\u00e9liorer les performances physiques.<\/div><\/div><\/div><div class=\"x-cell e379-e79 maj-1n maj-1o maj-1r maj-1u maj-1w maj-1y\"><div class=\"x-div e379-e80 maj-20\"><div class=\"x-text x-text-headline e379-e81 maj-r maj-u maj-w maj-y maj-10 maj-12\"><div class=\"x-text-content\"><div class=\"x-text-content-text\"><p class=\"x-text-content-text-primary\">Autres r\u00e9actifs<\/p><\/div><\/div><\/div><div class=\"x-text x-content e379-e82 maj-13 maj-14 maj-15 maj-1b\"><p>Nous \u00e9largissons constamment notre gamme de produits en introduisant de nouveaux r\u00e9actifs chimiques.\nr\u00e9actifs chimiques. En outre, nous disposons d'une large gamme de r\u00e9actifs suppl\u00e9mentaires disponibles sur demande du client.<\/p><\/div><\/div><\/div><\/div><\/div><\/div><\/div><\/div><\/div>","protected":false},"excerpt":{"rendered":"<p>About usWho we arePowerock Pharma is a rapidly growing medical company that specializes in the production of top-quality chemical reagents and dietary supplements. Our product portfolio includes a wide range of products such as peptide lyophilizates, SARMs, nootropics, which support cognitive function, and various forms of yohimbine and supplements. We are constantly expanding our product line by introducing new chemical &#8230; <\/p>\n<div><a href=\"https:\/\/powerockpharma.com\/fr\/a-propos-de-nous\/\" class=\"more-link\">Read More<\/a><\/div>","protected":false},"author":1,"featured_media":0,"parent":0,"menu_order":0,"comment_status":"closed","ping_status":"closed","template":"template-blank-4.php","meta":{"_acf_changed":false,"rank_math_lock_modified_date":false,"inline_featured_image":false,"footnotes":""},"class_list":["post-379","page","type-page","status-publish","hentry","no-post-thumbnail"],"acf":[],"_links":{"self":[{"href":"https:\/\/powerockpharma.com\/fr\/wp-json\/wp\/v2\/pages\/379","targetHints":{"allow":["GET"]}}],"collection":[{"href":"https:\/\/powerockpharma.com\/fr\/wp-json\/wp\/v2\/pages"}],"about":[{"href":"https:\/\/powerockpharma.com\/fr\/wp-json\/wp\/v2\/types\/page"}],"author":[{"embeddable":true,"href":"https:\/\/powerockpharma.com\/fr\/wp-json\/wp\/v2\/users\/1"}],"replies":[{"embeddable":true,"href":"https:\/\/powerockpharma.com\/fr\/wp-json\/wp\/v2\/comments?post=379"}],"version-history":[{"count":11,"href":"https:\/\/powerockpharma.com\/fr\/wp-json\/wp\/v2\/pages\/379\/revisions"}],"predecessor-version":[{"id":412,"href":"https:\/\/powerockpharma.com\/fr\/wp-json\/wp\/v2\/pages\/379\/revisions\/412"}],"wp:attachment":[{"href":"https:\/\/powerockpharma.com\/fr\/wp-json\/wp\/v2\/media?parent=379"}],"curies":[{"name":"wp","href":"https:\/\/api.w.org\/{rel}","templated":true}]}}