{"id":416,"date":"2024-08-23T07:31:15","date_gmt":"2024-08-23T05:31:15","guid":{"rendered":"https:\/\/powerockpharma.com\/?page_id=416"},"modified":"2024-08-24T12:54:22","modified_gmt":"2024-08-24T10:54:22","slug":"quality-control","status":"publish","type":"page","link":"https:\/\/powerockpharma.com\/fr\/le-controle-de-la-qualite\/","title":{"rendered":"Contr\u00f4le de la qualit\u00e9"},"content":{"rendered":"<div id=\"cs-content\" class=\"cs-content\"><div class=\"x-section e416-e1 mbk-0\"><div class=\"x-row x-container max width e416-e2 mbk-1 mbk-2 mbk-5 mbk-6\"><div class=\"x-row-inner\"><div class=\"x-col e416-e3 mbk-c\"><div class=\"x-text x-text-headline e416-e4 mbk-d mbk-e mbk-f\"><div class=\"x-text-content\"><div class=\"x-text-content-text\"><h1 class=\"x-text-content-text-primary\">Contr\u00f4le de la qualit\u00e9<\/h1><\/div><\/div><\/div><\/div><\/div><\/div><div class=\"x-row x-container max width e416-e5 mbk-1 mbk-2 mbk-5 mbk-7\"><div class=\"x-row-inner\"><div class=\"x-col e416-e6 mbk-c\"><div class=\"x-text x-content e416-e7 mbk-i mbk-j\">Chez Powerock Pharma, nous accordons une grande importance \u00e0 la qualit\u00e9 de nos produits. Gr\u00e2ce \u00e0 des normes rigoureuses et \u00e0 des proc\u00e9dures strictes de contr\u00f4le de la qualit\u00e9, nous veillons \u00e0 ce que nos r\u00e9actifs chimiques et nos compl\u00e9ments alimentaires r\u00e9pondent aux exigences les plus \u00e9lev\u00e9es en mati\u00e8re de s\u00e9curit\u00e9 et d'efficacit\u00e9. Notre soci\u00e9t\u00e9 adh\u00e8re aux normes GMP, HACCP et ISO 13485.<\/div><\/div><\/div><\/div><div class=\"x-row x-container max width e416-e8 mbk-1 mbk-3 mbk-5 mbk-8\"><div class=\"x-row-inner\"><div class=\"x-col e416-e9 mbk-c\"><span class=\"x-image e416-e10 mbk-l mbk-m\"><img decoding=\"async\" src=\"https:\/\/powerockpharma.com\/wp-content\/uploads\/2024\/08\/logo-gmp-black.svg\" width=\"300\" height=\"300\" alt=\"Certificat GMP noir\" loading=\"lazy\"><\/span><\/div><div class=\"x-col e416-e11 mbk-c\"><div class=\"x-text x-text-headline e416-e12 mbk-d mbk-g mbk-h\"><div class=\"x-text-content\"><div class=\"x-text-content-text\"><h2 class=\"x-text-content-text-primary\">BPF (bonnes pratiques de fabrication)<\/h2><\/div><\/div><\/div><div class=\"x-text x-content e416-e13 mbk-i mbk-j\"><p><strong>Bonnes pratiques de fabrication (BPF)<\/strong> est un ensemble de r\u00e8gles et de proc\u00e9dures qui doivent \u00eatre respect\u00e9es lors de la production de m\u00e9dicaments, de compl\u00e9ments alimentaires et de r\u00e9actifs chimiques. A l'heure actuelle <strong>Powerock Pharma<\/strong>Nous respectons les normes GMP afin de garantir.. :<\/p>\n\n<ul>\n \t<li style=\"text-align: left;\">Propret\u00e9 et hygi\u00e8ne tout au long du processus de fabrication.<\/li>\n \t<li style=\"text-align: left;\">Un contr\u00f4le de qualit\u00e9 rigoureux \u00e0 chaque \u00e9tape de la production.<\/li>\n \t<li style=\"text-align: left;\">La s\u00e9curit\u00e9 et l'efficacit\u00e9 de nos produits.<\/li>\n \t<li style=\"text-align: left;\">Documentation approfondie de tous les processus, permettant la tra\u00e7abilit\u00e9 de chaque \u00e9tape de la production.<\/li>\n<\/ul>\n<div id=\"gtx-trans\" style=\"position: absolute; left: 21px; top: 78px;\">\n<div class=\"gtx-trans-icon\"><\/div>\n<\/div><\/div><\/div><\/div><\/div><div class=\"x-row x-container max width e416-e14 mbk-1 mbk-3 mbk-4 mbk-5 mbk-9 haacp-row\"><div class=\"x-row-inner\"><div class=\"x-col e416-e15 mbk-c haacp-row-2\"><div class=\"x-text x-text-headline e416-e16 mbk-d mbk-g mbk-h\"><div class=\"x-text-content\"><div class=\"x-text-content-text\"><h2 class=\"x-text-content-text-primary\">HACCP (Analyse des risques et ma\u00eetrise des points critiques)<\/h2><\/div><\/div><\/div><div class=\"x-text x-content e416-e17 mbk-i mbk-j\"><p>Risques <strong>Analyse et ma\u00eetrise des points critiques (HACCP)<\/strong> est un syst\u00e8me de gestion con\u00e7u pour identifier, \u00e9valuer et ma\u00eetriser les dangers susceptibles d'affecter la s\u00e9curit\u00e9 alimentaire. \u00c0 l'heure actuelle, la <strong>Powerock Pharma<\/strong>Nous avons mis en \u0153uvre le syst\u00e8me HACCP pour :<\/p>\n\n<ul>\n \t<li style=\"text-align: left;\">Identifier les risques potentiels \u00e0 chaque \u00e9tape de la production.<\/li>\n \t<li style=\"text-align: left;\">Identifier les points de contr\u00f4le critiques o\u00f9 les risques peuvent \u00eatre g\u00e9r\u00e9s efficacement.<\/li>\n \t<li style=\"text-align: left;\">Surveiller les points de contr\u00f4le critiques et prendre des mesures correctives lorsque des irr\u00e9gularit\u00e9s sont d\u00e9tect\u00e9es.<\/li>\n \t<li style=\"text-align: left;\">Garantir la s\u00e9curit\u00e9 et la meilleure qualit\u00e9 de nos compl\u00e9ments alimentaires.<\/li>\n<\/ul><\/div><\/div><div class=\"x-col e416-e18 mbk-c .haacp-row-1\"><span class=\"x-image e416-e19 mbk-l mbk-m\"><img decoding=\"async\" src=\"https:\/\/powerockpharma.com\/wp-content\/uploads\/2024\/08\/logo-haacp-black.svg\" width=\"300\" height=\"300\" alt=\"Certificat noir HACCP\" loading=\"lazy\"><\/span><\/div><\/div><\/div><div class=\"x-row x-container max width e416-e20 mbk-1 mbk-3 mbk-5 mbk-a\"><div class=\"x-row-inner\"><div class=\"x-col e416-e21 mbk-c\"><span class=\"x-image e416-e22 mbk-l mbk-m\"><img decoding=\"async\" src=\"https:\/\/powerockpharma.com\/wp-content\/uploads\/2024\/08\/logo-iso-black.svg\" width=\"300\" height=\"300\" alt=\"Certificat noir ISO 13485\" loading=\"lazy\"><\/span><\/div><div class=\"x-col e416-e23 mbk-c\"><div class=\"x-text x-text-headline e416-e24 mbk-d mbk-g mbk-h\"><div class=\"x-text-content\"><div class=\"x-text-content-text\"><h2 class=\"x-text-content-text-primary\">Certification ISO 13485<\/h2><\/div><\/div><\/div><div class=\"x-text x-content e416-e25 mbk-i mbk-j\"><p>La norme ISO 13485 est la norme internationale pour les syst\u00e8mes de gestion de la qualit\u00e9 dans l'industrie m\u00e9dicale. La certification ISO 13485 confirme que Powerock Pharma :<\/p>\n\n<ul>\n \t<li style=\"text-align: left;\">Respecter des proc\u00e9dures strictes de gestion de la qualit\u00e9.<\/li>\n \t<li style=\"text-align: left;\">Maintenir les normes de production \u00e9lev\u00e9es qui sont essentielles dans l'industrie m\u00e9dicale.<\/li>\n \t<li style=\"text-align: left;\">Veiller au respect des exigences l\u00e9gales et r\u00e9glementaires en mati\u00e8re de dispositifs m\u00e9dicaux.<\/li>\n \t<li style=\"text-align: left;\">Mener des audits et des inspections syst\u00e9matiques afin d'am\u00e9liorer continuellement les processus.<\/li>\n<\/ul><\/div><\/div><\/div><\/div><div class=\"x-row x-container max width e416-e26 mbk-1 mbk-2 mbk-5 mbk-b\"><div class=\"x-row-inner\"><div class=\"x-col e416-e27 mbk-c\"><div class=\"x-text x-text-headline e416-e28 mbk-d mbk-f mbk-g\"><div class=\"x-text-content\"><div class=\"x-text-content-text\"><h2 class=\"x-text-content-text-primary\">Chez Powerock Pharma :<\/h2><\/div><\/div><\/div><span class=\"x-image e416-e29 mbk-l mbk-n\"><img decoding=\"async\" src=\"https:\/\/powerockpharma.com\/wp-content\/uploads\/2024\/08\/what-we-do.webp\" width=\"1300\" height=\"500\" alt=\"ce que nous faisons\" loading=\"lazy\"><\/span><div class=\"x-text x-content e416-e30 mbk-j mbk-k\"><div class=\"timeline\">\n<div class=\"timeline-item\">\n<div class=\"circle\"><i class=\"fa-solid fa-user-graduate\"><\/i><\/div>\n<div class=\"content\">\n<h3>Nous formons notre personnel<\/h3>\n<p>Nous formons notre personnel aux normes et proc\u00e9dures de qualit\u00e9 les plus r\u00e9centes.<\/p>\n\n<\/div>\n<\/div>\n<div class=\"timeline-item\">\n<div class=\"circle\"><i class=\"fa-solid fa-vials\"><\/i><\/div>\n<div class=\"content\">\n<h3>Nous investissons dans la technologie<\/h3>\n<p>Nous investissons dans des technologies et des \u00e9quipements de pointe pour un contr\u00f4le de qualit\u00e9 pr\u00e9cis.<\/p>\n\n<\/div>\n<\/div>\n<div class=\"timeline-item\">\n<div class=\"circle\"><i class=\"fa-solid fa-microscope\"><\/i><\/div>\n<div class=\"content\">\n<h3>Nous collaborons avec l'ext\u00e9rieur<\/h3>\n<p>Nous collaborons avec des laboratoires et des experts externes pour garantir une \u00e9valuation ind\u00e9pendante de nos produits.<\/p>\n\n<\/div>\n<\/div>\n<div class=\"timeline-item\">\n<div class=\"circle\"><i class=\"fa-solid fa-shield-alt\"><\/i><\/div>\n<div class=\"content\">\n<h3>Nous visons l'excellence<\/h3>\n<p>Nous recherchons en permanence l'excellence afin de fournir \u00e0 nos clients des produits en lesquels ils peuvent avoir confiance.<\/p>\n\n<\/div>\n<\/div>\n<\/div><\/div><div class=\"x-text x-content e416-e31 mbk-j mbk-k\"><div class=\"quality-banner\">\n    En mettant en \u0153uvre et en respectant strictement <strong>BPF<\/strong>, <strong>HACCP<\/strong>et <strong>ISO 13485<\/strong> Powerock Pharma s'assure que chaque produit quittant ses installations est s\u00fbr, efficace et de la plus haute qualit\u00e9.\n<\/div>\n<\/div><\/div><\/div><\/div><\/div><\/div>","protected":false},"excerpt":{"rendered":"<p>Quality controlAt Powerock Pharma, we place great emphasis on the quality of our products. Through rigorous standards and strict quality control procedures, we ensure that our chemical reagents and dietary supplements meet the highest safety and efficacy requirements. Our company adheres to GMP, HACCP, and ISO 13485 standards.GMP (Good Manufacturing Practice)Good Manufacturing Practice (GMP) is a set of rules and &#8230; <\/p>\n<div><a href=\"https:\/\/powerockpharma.com\/fr\/le-controle-de-la-qualite\/\" class=\"more-link\">Read More<\/a><\/div>","protected":false},"author":1,"featured_media":0,"parent":0,"menu_order":0,"comment_status":"closed","ping_status":"closed","template":"template-blank-4.php","meta":{"_acf_changed":false,"rank_math_lock_modified_date":false,"inline_featured_image":false,"footnotes":""},"class_list":["post-416","page","type-page","status-publish","hentry","no-post-thumbnail"],"acf":[],"_links":{"self":[{"href":"https:\/\/powerockpharma.com\/fr\/wp-json\/wp\/v2\/pages\/416","targetHints":{"allow":["GET"]}}],"collection":[{"href":"https:\/\/powerockpharma.com\/fr\/wp-json\/wp\/v2\/pages"}],"about":[{"href":"https:\/\/powerockpharma.com\/fr\/wp-json\/wp\/v2\/types\/page"}],"author":[{"embeddable":true,"href":"https:\/\/powerockpharma.com\/fr\/wp-json\/wp\/v2\/users\/1"}],"replies":[{"embeddable":true,"href":"https:\/\/powerockpharma.com\/fr\/wp-json\/wp\/v2\/comments?post=416"}],"version-history":[{"count":5,"href":"https:\/\/powerockpharma.com\/fr\/wp-json\/wp\/v2\/pages\/416\/revisions"}],"predecessor-version":[{"id":430,"href":"https:\/\/powerockpharma.com\/fr\/wp-json\/wp\/v2\/pages\/416\/revisions\/430"}],"wp:attachment":[{"href":"https:\/\/powerockpharma.com\/fr\/wp-json\/wp\/v2\/media?parent=416"}],"curies":[{"name":"wp","href":"https:\/\/api.w.org\/{rel}","templated":true}]}}