{"id":437,"date":"2024-08-26T23:33:43","date_gmt":"2024-08-26T21:33:43","guid":{"rendered":"https:\/\/powerockpharma.com\/?page_id=437"},"modified":"2024-08-26T23:33:47","modified_gmt":"2024-08-26T21:33:47","slug":"terms-of-service","status":"publish","type":"page","link":"https:\/\/powerockpharma.com\/fr\/conditions-de-service\/","title":{"rendered":"Conditions d'utilisation"},"content":{"rendered":"<p>1. <strong>Introduction<\/strong><\/p>\n<p>Bienvenue \u00e0 <strong>Powerock Pharma LLC<\/strong> (\"l'entreprise\", \"nous\", \"notre\", \"nos\") !<\/p>\n<p>Les pr\u00e9sentes conditions de service (\"conditions\", \"conditions de service\") r\u00e9gissent votre utilisation de notre site web situ\u00e9 \u00e0 l'adresse suivante <strong>https:\/\/powerockpharma.com\/<\/strong> (ensemble ou individuellement \"Service\") exploit\u00e9 par <strong>Powerock Pharma LLC<\/strong>.<\/p>\n<p>Notre politique de confidentialit\u00e9 r\u00e9git \u00e9galement votre utilisation de notre service et explique comment nous collectons, sauvegardons et divulguons les informations r\u00e9sultant de votre utilisation de nos pages web.<\/p>\n<p>Votre accord avec nous comprend les pr\u00e9sentes conditions et notre politique de protection de la vie priv\u00e9e (\"accords\"). Vous reconnaissez avoir lu et compris les Accords et acceptez d'\u00eatre li\u00e9 par eux.<\/p>\n<p>Si vous n'\u00eates pas d'accord avec les Accords (ou si vous ne pouvez pas vous y conformer), vous ne pouvez pas utiliser le Service, mais vous devez nous le faire savoir en nous envoyant un courrier \u00e9lectronique \u00e0 l'adresse suivante <strong>powerockpharma@pm.me<\/strong> afin que nous puissions essayer de trouver une solution. Les pr\u00e9sentes conditions s'appliquent \u00e0 tous les visiteurs, utilisateurs et autres personnes qui souhaitent acc\u00e9der au service ou l'utiliser.<\/p>\n<p>2. <strong>Communications<\/strong><\/p>\n<p>En utilisant notre service, vous acceptez de vous abonner aux bulletins d'information, au mat\u00e9riel marketing ou promotionnel et aux autres informations que nous pouvons envoyer. Toutefois, vous pouvez refuser de recevoir tout ou partie de ces communications en suivant le lien de d\u00e9sabonnement ou en envoyant un courrier \u00e9lectronique \u00e0 l'adresse powerockpharma@pm.me.<\/p>\n<p>3. <strong>Achats<\/strong><\/p>\n<p>Si vous souhaitez acheter un produit ou un service disponible par l'interm\u00e9diaire du service (\"achat\"), il peut vous \u00eatre demand\u00e9 de fournir certaines informations relatives \u00e0 votre achat, y compris, mais sans s'y limiter, votre num\u00e9ro de carte de cr\u00e9dit ou de d\u00e9bit, la date d'expiration de votre carte, votre adresse de facturation et vos informations de livraison.<\/p>\n<p>Vous d\u00e9clarez et garantissez que (i) vous avez le droit l\u00e9gal d'utiliser toute(s) carte(s) ou tout(s) autre(s) mode(s) de paiement pour tout achat ; et que (ii) les informations que vous nous fournissez sont vraies, correctes et compl\u00e8tes.<\/p>\n<p>Nous pouvons avoir recours \u00e0 des services de tiers afin de faciliter le paiement et la r\u00e9alisation des achats. En soumettant vos informations, vous nous accordez le droit de fournir ces informations \u00e0 ces tiers, sous r\u00e9serve de notre politique de protection de la vie priv\u00e9e.<\/p>\n<p>Nous nous r\u00e9servons le droit de refuser ou d'annuler votre commande \u00e0 tout moment pour des raisons incluant, mais sans s'y limiter, la disponibilit\u00e9 du produit ou du service, des erreurs dans la description ou le prix du produit ou du service, une erreur dans votre commande ou d'autres raisons.<\/p>\n<p>Nous nous r\u00e9servons le droit de refuser ou d'annuler votre commande si nous soup\u00e7onnons une fraude ou une transaction non autoris\u00e9e ou ill\u00e9gale.<\/p>\n<p>4. <strong>Concours, loteries et promotions<\/strong><\/p>\n<p>Les concours, tirages au sort ou autres promotions (collectivement, les \"promotions\") propos\u00e9s par l'interm\u00e9diaire du service peuvent \u00eatre r\u00e9gis par des r\u00e8gles distinctes des pr\u00e9sentes conditions de service. Si vous participez \u00e0 une promotion, veuillez consulter les r\u00e8gles applicables ainsi que notre politique de confidentialit\u00e9. Si les r\u00e8gles d'une promotion sont en contradiction avec les pr\u00e9sentes conditions de service, ce sont les r\u00e8gles de la promotion qui s'appliqueront.<\/p>\n<p>5. <strong>Remboursements<\/strong><\/p>\n<p>Nous remboursons les contrats dans un d\u00e9lai de <strong>14 jours<\/strong> de l'achat initial du contrat.<\/p>\n<p>6. <strong>Contenu<\/strong><\/p>\n<p>Le contenu trouv\u00e9 sur ou \u00e0 travers ce service est la propri\u00e9t\u00e9 de Powerock Pharma LLC ou est utilis\u00e9 avec permission. Vous ne pouvez pas distribuer, modifier, transmettre, r\u00e9utiliser, t\u00e9l\u00e9charger, r\u00e9afficher, copier ou utiliser ce contenu, en tout ou en partie, \u00e0 des fins commerciales ou personnelles, sans notre autorisation \u00e9crite pr\u00e9alable.<\/p>\n<p>7. <strong>Utilisations interdites<\/strong><\/p>\n<p>Vous ne pouvez utiliser le service qu'\u00e0 des fins l\u00e9gales et conform\u00e9ment aux conditions. Vous vous engagez \u00e0 ne pas utiliser le service :<\/p>\n<p>0.1. D'une mani\u00e8re qui enfreint toute loi ou r\u00e9glementation nationale ou internationale applicable.<\/p>\n<p>0.2. Dans le but d'exploiter, de nuire ou de tenter d'exploiter ou de nuire \u00e0 des mineurs de quelque mani\u00e8re que ce soit en les exposant \u00e0 un contenu inappropri\u00e9 ou autre.<\/p>\n<p>0.3. Transmettre ou faire envoyer tout mat\u00e9riel publicitaire ou promotionnel, y compris tout \"courrier ind\u00e9sirable\", \"lettre en cha\u00eene\", \"spam\" ou toute autre sollicitation similaire.<\/p>\n<p>0.4. Usurper ou tenter d'usurper l'identit\u00e9 de la soci\u00e9t\u00e9, d'un employ\u00e9 de la soci\u00e9t\u00e9, d'un autre utilisateur ou de toute autre personne ou entit\u00e9.<\/p>\n<p>0.5. D'une mani\u00e8re qui porte atteinte aux droits d'autrui ou qui soit ill\u00e9gale, mena\u00e7ante, frauduleuse ou nuisible, ou en rapport avec un objectif ou une activit\u00e9 illicite, ill\u00e9gale, frauduleuse ou nuisible.<\/p>\n<p>0.6. Adopter tout autre comportement qui limite ou emp\u00eache l'utilisation ou la jouissance du service par quiconque, ou qui, selon notre appr\u00e9ciation, peut nuire ou offenser la soci\u00e9t\u00e9 ou les utilisateurs du service ou les exposer \u00e0 une responsabilit\u00e9.<\/p>\n<p>En outre, vous vous engagez \u00e0 ne pas :<\/p>\n<p>0.1. Utiliser le service d'une mani\u00e8re susceptible de le d\u00e9sactiver, de le surcharger, de l'endommager ou d'y porter atteinte, ou d'interf\u00e9rer avec l'utilisation du service par d'autres parties, y compris leur capacit\u00e9 \u00e0 s'engager dans des activit\u00e9s en temps r\u00e9el par l'interm\u00e9diaire du service.<\/p>\n<p>0.2. Utiliser un robot, une araign\u00e9e ou tout autre dispositif, processus ou moyen automatique pour acc\u00e9der au service \u00e0 quelque fin que ce soit, y compris pour contr\u00f4ler ou copier le mat\u00e9riel du service.<\/p>\n<p>0.3. Utiliser tout proc\u00e9d\u00e9 manuel pour contr\u00f4ler ou copier tout \u00e9l\u00e9ment du Service ou \u00e0 toute autre fin non autoris\u00e9e sans notre consentement \u00e9crit pr\u00e9alable.<\/p>\n<p>0.4. Utiliser un dispositif, un logiciel ou une routine qui interf\u00e8re avec le bon fonctionnement du service.<\/p>\n<p>0.5. Introduire des virus, des chevaux de Troie, des vers, des bombes logiques ou tout autre mat\u00e9riel malveillant ou technologiquement nuisible.<\/p>\n<p>0.6. Tenter d'obtenir un acc\u00e8s non autoris\u00e9, d'interf\u00e9rer, d'endommager ou de perturber toute partie du service, le serveur sur lequel le service est stock\u00e9, ou tout serveur, ordinateur ou base de donn\u00e9es connect\u00e9 au service.<\/p>\n<p>0.7. Attaque Service via une attaque par d\u00e9ni de service ou une attaque par d\u00e9ni de service distribu\u00e9.<\/p>\n<p>0.8. Prendre toute mesure susceptible d'endommager ou de falsifier la notation de l'entreprise.<\/p>\n<p>0.9. Ne pas tenter d'interf\u00e9rer avec le bon fonctionnement du service.<\/p>\n<p>8. <strong>Analyse<\/strong><\/p>\n<p>Nous pouvons faire appel \u00e0 des prestataires de services tiers pour contr\u00f4ler et analyser l'utilisation de notre service.<\/p>\n<p>9. <strong>Pas d'utilisation par les mineurs<\/strong><\/p>\n<p>Le service est destin\u00e9 uniquement \u00e0 l'acc\u00e8s et \u00e0 l'utilisation par des personnes \u00e2g\u00e9es d'au moins dix-huit (18) ans. En acc\u00e9dant au service ou en l'utilisant, vous garantissez et d\u00e9clarez que vous avez au moins dix-huit (18) ans et que vous disposez de l'autorit\u00e9, du droit et de la capacit\u00e9 n\u00e9cessaires pour conclure le pr\u00e9sent accord et respecter l'ensemble des termes et conditions des conditions. Si vous n'avez pas au moins dix-huit (18) ans, l'acc\u00e8s et l'utilisation du service vous sont interdits.<\/p>\n<p>10. <strong>Propri\u00e9t\u00e9 intellectuelle<\/strong><\/p>\n<p>Le service et son contenu original (\u00e0 l'exclusion du contenu fourni par les utilisateurs), ses caract\u00e9ristiques et ses fonctionnalit\u00e9s sont et resteront la propri\u00e9t\u00e9 exclusive de Powerock Pharma LLC et de ses conc\u00e9dants de licence. Le service est prot\u00e9g\u00e9 par des droits d'auteur, des marques commerciales et d'autres lois de pays \u00e9trangers. Nos marques ne peuvent \u00eatre utilis\u00e9es en relation avec un produit ou un service sans l'accord \u00e9crit pr\u00e9alable de Powerock Pharma LLC.<\/p>\n<p>11. <strong>Politique du droit d'auteur<\/strong><\/p>\n<p>Nous respectons les droits de propri\u00e9t\u00e9 intellectuelle d'autrui. Nous avons pour politique de r\u00e9pondre \u00e0 toute all\u00e9gation selon laquelle le contenu publi\u00e9 sur le service enfreint les droits d'auteur ou d'autres droits de propri\u00e9t\u00e9 intellectuelle (\"infraction\") d'une personne ou d'une entit\u00e9.<\/p>\n<p>Si vous \u00eates titulaire d'un droit d'auteur, ou si vous \u00eates autoris\u00e9 \u00e0 agir au nom d'un titulaire de droits d'auteur, et que vous estimez que l'\u0153uvre prot\u00e9g\u00e9e a \u00e9t\u00e9 copi\u00e9e d'une mani\u00e8re qui constitue une violation du droit d'auteur, veuillez soumettre votre r\u00e9clamation par courrier \u00e9lectronique \u00e0 powerockpharma@pm.me, en indiquant comme objet : \"Violation du droit d'auteur\" : \"Violation des droits d'auteur\" et inclure dans votre r\u00e9clamation une description d\u00e9taill\u00e9e de la violation pr\u00e9sum\u00e9e, comme indiqu\u00e9 ci-dessous, sous \"Avis DMCA et proc\u00e9dure pour les r\u00e9clamations concernant la violation des droits d'auteur\"<\/p>\n<p>Vous pouvez \u00eatre tenu de verser des dommages-int\u00e9r\u00eats (y compris les frais et honoraires d'avocat) en cas de d\u00e9claration erron\u00e9e ou d'all\u00e9gation de mauvaise foi concernant la violation de vos droits d'auteur par tout contenu trouv\u00e9 sur et\/ou par l'interm\u00e9diaire du service.<\/p>\n<p>12. <strong>Avis DMCA et proc\u00e9dure en cas de r\u00e9clamation pour violation des droits d'auteur<\/strong><\/p>\n<p>Vous pouvez soumettre une notification conform\u00e9ment au Digital Millennium Copyright Act (DMCA) en fournissant par \u00e9crit \u00e0 notre agent des droits d'auteur les informations suivantes (voir 17 U.S.C 512(c)(3) pour plus de d\u00e9tails) :<\/p>\n<p>0.1. une signature \u00e9lectronique ou physique de la personne autoris\u00e9e \u00e0 agir au nom du titulaire du droit d'auteur ;<\/p>\n<p>0.2. une description de l'\u0153uvre prot\u00e9g\u00e9e par des droits d'auteur qui, selon vous, a \u00e9t\u00e9 viol\u00e9e, y compris l'URL (c'est-\u00e0-dire l'adresse de la page web) de l'endroit o\u00f9 l'\u0153uvre prot\u00e9g\u00e9e par des droits d'auteur existe ou une copie de l'\u0153uvre prot\u00e9g\u00e9e par des droits d'auteur ;<\/p>\n<p>0.3. l'identification de l'URL ou d'un autre emplacement sp\u00e9cifique sur le service o\u00f9 se trouve le mat\u00e9riel que vous pr\u00e9tendez \u00eatre en infraction ;<\/p>\n<p>0.4. votre adresse, votre num\u00e9ro de t\u00e9l\u00e9phone et votre adresse \u00e9lectronique ;<\/p>\n<p>0.5. une d\u00e9claration de votre part indiquant que vous pensez de bonne foi que l'utilisation contest\u00e9e n'est pas autoris\u00e9e par le d\u00e9tenteur des droits d'auteur, son agent ou la loi ;<\/p>\n<p>0.6. une d\u00e9claration de votre part, sous peine de parjure, selon laquelle les informations ci-dessus dans votre avis sont exactes et que vous \u00eates le titulaire du droit d'auteur ou autoris\u00e9 \u00e0 agir au nom du titulaire du droit d'auteur.<\/p>\n<p>Vous pouvez contacter notre agent de droits d'auteur par courrier \u00e9lectronique \u00e0 l'adresse powerockpharma@pm.me.<\/p>\n<p>13. <strong>Rapport d'erreur et retour d'information<\/strong><\/p>\n<p>Vous pouvez nous fournir, soit directement \u00e0 l'adresse powerockpharma@pm.me, soit par l'interm\u00e9diaire de sites et d'outils tiers, des informations et un retour d'information concernant des erreurs, des suggestions d'am\u00e9lioration, des id\u00e9es, des probl\u00e8mes, des plaintes et d'autres questions li\u00e9es \u00e0 notre service (\"retour d'information\"). Vous reconnaissez et acceptez que (i) vous ne conserverez, n'acquerrez ni ne ferez valoir aucun droit de propri\u00e9t\u00e9 intellectuelle ou autre droit, titre ou int\u00e9r\u00eat sur le retour d'information ; (ii) la Soci\u00e9t\u00e9 peut avoir des id\u00e9es de d\u00e9veloppement similaires au retour d'information ; (iii) le retour d'information ne contient pas d'informations confidentielles ou d'informations exclusives de votre part ou de la part d'un tiers ; et (iv) la Soci\u00e9t\u00e9 n'est soumise \u00e0 aucune obligation de confidentialit\u00e9 en ce qui concerne le retour d'information. Si le transfert de la propri\u00e9t\u00e9 du retour d'information n'est pas possible en raison des lois obligatoires applicables, vous accordez \u00e0 la soci\u00e9t\u00e9 et \u00e0 ses filiales un droit exclusif, transf\u00e9rable, irr\u00e9vocable, gratuit, sous-licenciable, illimit\u00e9 et perp\u00e9tuel d'utiliser (y compris de copier, modifier, cr\u00e9er des \u0153uvres d\u00e9riv\u00e9es, publier, distribuer et commercialiser) le retour d'information de quelque mani\u00e8re que ce soit et \u00e0 quelque fin que ce soit.<\/p>\n<p>14. <strong>Liens vers d'autres sites web<\/strong><\/p>\n<p>Notre service peut contenir des liens vers des sites web ou des services de tiers qui ne sont pas d\u00e9tenus ou contr\u00f4l\u00e9s par Powerock Pharma LLC.<\/p>\n<p>Powerock Pharma LLC n'a aucun contr\u00f4le sur le contenu, les politiques de confidentialit\u00e9 ou les pratiques des sites web ou des services de tiers et n'en assume pas la responsabilit\u00e9. Nous ne garantissons pas les offres de ces entit\u00e9s\/individus ou de leurs sites web.<\/p>\n<p>Par exemple, les grandes lignes de l'accord de coop\u00e9ration entre l'Union europ\u00e9enne et l'Union europ\u00e9enne (UE) ont \u00e9t\u00e9 pr\u00e9sent\u00e9es. <a href=\"https:\/\/policymaker.io\/terms-and-conditions\/\" rel=\"nofollow noopener\" target=\"_blank\">Conditions d'utilisation<\/a> ont \u00e9t\u00e9 cr\u00e9\u00e9es \u00e0 l'aide de <a href=\"https:\/\/policymaker.io\/\" rel=\"nofollow noopener\" target=\"_blank\">PolicyMaker.io<\/a>une application web gratuite permettant de g\u00e9n\u00e9rer des documents juridiques de haute qualit\u00e9. PolicyMaker's <a href=\"https:\/\/policymaker.io\/terms-and-conditions\/\" rel=\"nofollow noopener\" target=\"_blank\">G\u00e9n\u00e9rateur de conditions g\u00e9n\u00e9rales<\/a> est un outil gratuit facile \u00e0 utiliser pour cr\u00e9er un excellent mod\u00e8le standard de conditions d'utilisation pour un site web, un blog, une boutique de commerce \u00e9lectronique ou une application.<\/p>\n<p>VOUS RECONNAISSEZ ET ACCEPTEZ QUE LA SOCIETE NE SOIT PAS RESPONSABLE, DIRECTEMENT OU INDIRECTEMENT, DE TOUT DOMMAGE OU PERTE CAUS\u00c9 OU SUPPOS\u00c9 CAUS\u00c9 PAR OU EN RELATION AVEC L'UTILISATION OU LA CONFIANCE ACCORD\u00c9E \u00c0 TOUT CONTENU, BIEN OU SERVICE DISPONIBLE SUR OU PAR L'INTERM\u00c9DIAIRE DE TOUT SITE WEB OU SERVICE DE TIERS.<\/p>\n<p>NOUS VOUS CONSEILLONS VIVEMENT DE LIRE LES CONDITIONS DE SERVICE ET LES POLITIQUES DE CONFIDENTIALIT\u00c9 DE TOUT SITE WEB OU SERVICE TIERS QUE VOUS VISITEZ.<\/p>\n<p>15. <strong>Exclusion de garantie<\/strong><\/p>\n<p>CES SERVICES SONT FOURNIS PAR L'ENTREPRISE \"EN L'\u00c9TAT\" ET \"SELON LES DISPONIBILIT\u00c9S\". L'ENTREPRISE NE FAIT AUCUNE D\u00c9CLARATION ET NE DONNE AUCUNE GARANTIE DE QUELQUE NATURE QUE CE SOIT, EXPRESSE OU IMPLICITE, QUANT AU FONCTIONNEMENT DE SES SERVICES OU AUX INFORMATIONS, AU CONTENU OU AUX \u00c9L\u00c9MENTS QUI Y SONT INCLUS. VOUS ACCEPTEZ EXPRESS\u00c9MENT QUE L'UTILISATION DE CES SERVICES, DE LEUR CONTENU ET DE TOUT SERVICE OU \u00c9L\u00c9MENT OBTENU AUPR\u00c8S DE NOUS SE FAIT \u00c0 VOS RISQUES ET P\u00c9RILS.<\/p>\n<p>NI LA SOCIETE NI AUCUNE PERSONNE ASSOCIEE A LA SOCIETE NE DONNE DE GARANTIE OU DE REPRESENTATION CONCERNANT L'EXHAUSTIVITE, LA SECURITE, LA FIABILITE, LA QUALITE, L'EXACTITUDE OU LA DISPONIBILITE DES SERVICES. SANS LIMITER LA PORT\u00c9E DE CE QUI PR\u00c9C\u00c8DE, NI L'ENTREPRISE NI AUCUNE PERSONNE ASSOCI\u00c9E \u00c0 L'ENTREPRISE NE D\u00c9CLARE OU NE GARANTIT QUE LES SERVICES, LEUR CONTENU OU TOUT SERVICE OU \u00c9L\u00c9MENT OBTENU PAR L'INTERM\u00c9DIAIRE DES SERVICES SERONT EXACTS, FIABLES, EXEMPTS D'ERREURS OU ININTERROMPUS, QUE LES D\u00c9FAUTS SERONT CORRIG\u00c9S, QUE LES SERVICES OU LE SERVEUR QUI LES REND DISPONIBLES SONT EXEMPTS DE VIRUS OU D'AUTRES \u00c9L\u00c9MENTS NUISIBLES OU QUE LES SERVICES OU TOUT SERVICE OU \u00c9L\u00c9MENT OBTENU PAR L'INTERM\u00c9DIAIRE DES SERVICES R\u00c9PONDRONT \u00c0 VOS BESOINS OU \u00c0 VOS ATTENTES.<\/p>\n<p>LA SOCI\u00c9T\u00c9 D\u00c9CLINE PAR LA PR\u00c9SENTE TOUTE GARANTIE DE QUELQUE NATURE QUE CE SOIT, EXPRESSE OU IMPLICITE, STATUTAIRE OU AUTRE, Y COMPRIS, MAIS SANS S'Y LIMITER, TOUTE GARANTIE DE QUALIT\u00c9 MARCHANDE, D'ABSENCE DE CONTREFA\u00c7ON ET D'AD\u00c9QUATION \u00c0 UN USAGE PARTICULIER.<\/p>\n<p>CE QUI PRECEDE N'AFFECTE PAS LES GARANTIES QUI NE PEUVENT ETRE EXCLUES OU LIMITEES EN VERTU DE LA LOI APPLICABLE.<\/p>\n<p>16. <strong>Limitation de la responsabilit\u00e9<\/strong><\/p>\n<p>SAUF SI LA LOI L'INTERDIT, VOUS NOUS TIENDREZ, AINSI QUE NOS DIRIGEANTS, ADMINISTRATEURS, EMPLOY\u00c9S ET AGENTS, INDEMNES DE TOUT DOMMAGE INDIRECT, PUNITIF, SP\u00c9CIAL, ACCESSOIRE OU CONS\u00c9CUTIF, QUELLE QU'EN SOIT LA CAUSE (Y COMPRIS LES HONORAIRES D'AVOCAT ET TOUS LES CO\u00dbTS ET D\u00c9PENSES LI\u00c9S \u00c0 UN LITIGE OU \u00c0 UN ARBITRAGE, OU LORS D'UN PROC\u00c8S OU D'UN APPEL, LE CAS \u00c9CH\u00c9ANT, QU'UN LITIGE OU UN ARBITRAGE AIT \u00c9T\u00c9 INTENT\u00c9 OU NON), QUE CE SOIT DANS LE CADRE D'UNE ACTION CONTRACTUELLE, D'UNE N\u00c9GLIGENCE OU D'UNE AUTRE ACTION D\u00c9LICTUELLE, OU D\u00c9COULANT DE OU EN RAPPORT AVEC LE PR\u00c9SENT ACCORD, Y COMPRIS, SANS S'Y LIMITER, TOUTE R\u00c9CLAMATION POUR DOMMAGES CORPORELS OU MAT\u00c9RIELS, D\u00c9COULANT DU PR\u00c9SENT ACCORD ET DE TOUTE VIOLATION PAR VOUS DE TOUTE LOI, STATUT, R\u00c8GLE OU R\u00c9GLEMENTATION F\u00c9D\u00c9RALE, \u00c9TATIQUE OU LOCALE, M\u00caME SI LA SOCI\u00c9T\u00c9 A \u00c9T\u00c9 INFORM\u00c9E AU PR\u00c9ALABLE DE LA POSSIBILIT\u00c9 DE TELS DOMMAGES. SAUF SI LA LOI L'INTERDIT, SI LA RESPONSABILIT\u00c9 DE LA SOCI\u00c9T\u00c9 EST ENGAG\u00c9E, ELLE SERA LIMIT\u00c9E AU MONTANT PAY\u00c9 POUR LES PRODUITS ET\/OU LES SERVICES, ET EN AUCUN CAS IL N'Y AURA DE DOMMAGES CONS\u00c9CUTIFS OU PUNITIFS. CERTAINS ETATS N'AUTORISENT PAS L'EXCLUSION OU LA LIMITATION DES DOMMAGES PUNITIFS, ACCIDENTELS OU CONSECUTIFS, DE SORTE QUE LA LIMITATION OU L'EXCLUSION PRECEDENTE PEUT NE PAS S'APPLIQUER A VOUS.<\/p>\n<p>17. <strong>Cessation d'activit\u00e9<\/strong><\/p>\n<p>Nous pouvons r\u00e9silier ou suspendre votre compte et interdire l'acc\u00e8s au service imm\u00e9diatement, sans pr\u00e9avis ni responsabilit\u00e9, \u00e0 notre seule discr\u00e9tion, pour quelque raison que ce soit et sans limitation, y compris, mais sans s'y limiter, en cas de violation des conditions.<\/p>\n<p>Si vous souhaitez r\u00e9silier votre compte, vous pouvez simplement cesser d'utiliser le service.<\/p>\n<p>Toutes les dispositions des conditions qui, de par leur nature, doivent survivre \u00e0 la r\u00e9siliation, y compris, sans s'y limiter, les dispositions relatives \u00e0 la propri\u00e9t\u00e9, les exclusions de garantie, l'indemnisation et les limitations de responsabilit\u00e9, resteront en vigueur.<\/p>\n<p>18. <strong>Droit applicable<\/strong><\/p>\n<p>Les pr\u00e9sentes conditions sont r\u00e9gies et interpr\u00e9t\u00e9es conform\u00e9ment aux lois des \u00c9tats-Unis, lesquelles s'appliquent \u00e0 l'accord sans tenir compte des dispositions relatives aux conflits de lois.<\/p>\n<p>Le fait que nous ne fassions pas valoir un droit ou une disposition des pr\u00e9sentes conditions ne sera pas consid\u00e9r\u00e9 comme une renonciation \u00e0 ces droits. Si une disposition des pr\u00e9sentes conditions est jug\u00e9e invalide ou inapplicable par un tribunal, les autres dispositions des pr\u00e9sentes conditions resteront en vigueur. Les pr\u00e9sentes conditions constituent l'int\u00e9gralit\u00e9 de l'accord entre nous concernant notre service et annulent et remplacent tout accord ant\u00e9rieur que nous aurions pu avoir entre nous concernant le service.<\/p>\n<p>19. <strong>Modifications du service<\/strong><\/p>\n<p>Nous nous r\u00e9servons le droit de retirer ou de modifier notre service, ainsi que tout service ou mat\u00e9riel que nous fournissons par l'interm\u00e9diaire du service, \u00e0 notre seule discr\u00e9tion et sans pr\u00e9avis. Nous ne serons pas responsables si, pour quelque raison que ce soit, tout ou partie du service est indisponible \u00e0 tout moment ou pour toute p\u00e9riode. De temps \u00e0 autre, nous pouvons restreindre l'acc\u00e8s \u00e0 certaines parties du service, ou \u00e0 l'ensemble du service, aux utilisateurs, y compris aux utilisateurs enregistr\u00e9s.<\/p>\n<p>20. <strong>Modifications des conditions<\/strong><\/p>\n<p>Nous pouvons modifier les conditions \u00e0 tout moment en publiant les conditions modifi\u00e9es sur ce site. Il est de votre responsabilit\u00e9 de revoir ces conditions p\u00e9riodiquement.<\/p>\n<p>En continuant \u00e0 utiliser la plate-forme apr\u00e8s la publication des conditions r\u00e9vis\u00e9es, vous acceptez les modifications. Vous \u00eates tenu de consulter fr\u00e9quemment cette page afin d'\u00eatre inform\u00e9 de toute modification, car celle-ci vous lie.<\/p>\n<p>En continuant \u00e0 acc\u00e9der \u00e0 notre service ou \u00e0 l'utiliser apr\u00e8s l'entr\u00e9e en vigueur de toute r\u00e9vision, vous acceptez d'\u00eatre li\u00e9 par les conditions r\u00e9vis\u00e9es. Si vous n'acceptez pas les nouvelles conditions, vous n'\u00eates plus autoris\u00e9 \u00e0 utiliser le service.<\/p>\n<p>21. <strong>Renonciation et divisibilit\u00e9<\/strong><\/p>\n<p>Aucune renonciation par la Soci\u00e9t\u00e9 \u00e0 l'une des conditions \u00e9nonc\u00e9es dans les Conditions ne sera consid\u00e9r\u00e9e comme une renonciation ult\u00e9rieure ou continue \u00e0 cette condition ou comme une renonciation \u00e0 toute autre condition, et le fait que la Soci\u00e9t\u00e9 ne fasse pas valoir un droit ou une disposition en vertu des Conditions ne constituera pas une renonciation \u00e0 ce droit ou \u00e0 cette disposition.<\/p>\n<p>Si une disposition des conditions est jug\u00e9e invalide, ill\u00e9gale ou inapplicable pour quelque raison que ce soit par une cour ou un autre tribunal comp\u00e9tent, cette disposition sera \u00e9limin\u00e9e ou limit\u00e9e au minimum de sorte que les autres dispositions des conditions resteront pleinement en vigueur.<\/p>\n<p>22. <strong>Remerciements<\/strong><\/p>\n<p>EN UTILISANT LE SERVICE OU D'AUTRES SERVICES FOURNIS PAR NOUS, VOUS RECONNAISSEZ AVOIR LU LES PR\u00c9SENTES CONDITIONS DE SERVICE ET ACCEPTEZ D'\u00caTRE LI\u00c9 PAR ELLES.<\/p>\n<p>23. <strong>Nous contacter<\/strong><\/p>\n<p>Veuillez envoyer vos r\u00e9actions, commentaires et demandes d'assistance technique par courrier \u00e9lectronique : <strong>powerockpharma@pm.me<\/strong>.<\/p>","protected":false},"excerpt":{"rendered":"<p>1. Introduction Welcome to Powerock Pharma LLC (\u201cCompany\u201d, \u201cwe\u201d, \u201cour\u201d, \u201cus\u201d)! These Terms of Service (\u201cTerms\u201d, \u201cTerms of Service\u201d) govern your use of our website located at https:\/\/powerockpharma.com\/ (together or individually \u201cService\u201d) operated by Powerock Pharma LLC. Our Privacy Policy also governs your use of our Service and explains how we collect, safeguard and disclose information that results from your &#8230; <\/p>\n<div><a href=\"https:\/\/powerockpharma.com\/fr\/conditions-de-service\/\" class=\"more-link\">Read More<\/a><\/div>","protected":false},"author":1,"featured_media":0,"parent":0,"menu_order":0,"comment_status":"closed","ping_status":"closed","template":"","meta":{"_acf_changed":false,"rank_math_lock_modified_date":false,"inline_featured_image":false,"footnotes":""},"class_list":["post-437","page","type-page","status-publish","hentry","no-post-thumbnail"],"acf":[],"_links":{"self":[{"href":"https:\/\/powerockpharma.com\/fr\/wp-json\/wp\/v2\/pages\/437","targetHints":{"allow":["GET"]}}],"collection":[{"href":"https:\/\/powerockpharma.com\/fr\/wp-json\/wp\/v2\/pages"}],"about":[{"href":"https:\/\/powerockpharma.com\/fr\/wp-json\/wp\/v2\/types\/page"}],"author":[{"embeddable":true,"href":"https:\/\/powerockpharma.com\/fr\/wp-json\/wp\/v2\/users\/1"}],"replies":[{"embeddable":true,"href":"https:\/\/powerockpharma.com\/fr\/wp-json\/wp\/v2\/comments?post=437"}],"version-history":[{"count":1,"href":"https:\/\/powerockpharma.com\/fr\/wp-json\/wp\/v2\/pages\/437\/revisions"}],"predecessor-version":[{"id":438,"href":"https:\/\/powerockpharma.com\/fr\/wp-json\/wp\/v2\/pages\/437\/revisions\/438"}],"wp:attachment":[{"href":"https:\/\/powerockpharma.com\/fr\/wp-json\/wp\/v2\/media?parent=437"}],"curies":[{"name":"wp","href":"https:\/\/api.w.org\/{rel}","templated":true}]}}