{"id":102,"date":"2024-08-04T17:11:58","date_gmt":"2024-08-04T15:11:58","guid":{"rendered":"https:\/\/powerockpharma.com\/?post_type=product&#038;p=102"},"modified":"2025-11-12T07:08:17","modified_gmt":"2025-11-12T06:08:17","slug":"cjc-1295-dac","status":"publish","type":"product","link":"https:\/\/powerockpharma.com\/fr\/peptide-lyophilizates\/cjc-1295-dac\/","title":{"rendered":"CJC-1295 DAC"},"content":{"rendered":"<h2>Propri\u00e9t\u00e9s :<\/h2>\n<p>Le CJC-1295 DAC est un peptide puissant connu pour son impact significatif sur la croissance musculaire, la r\u00e9duction des graisses et la lutte contre le vieillissement. Cet analogue synth\u00e9tique de l'hormone de lib\u00e9ration de l'hormone de croissance (GHRH) est con\u00e7u pour augmenter la quantit\u00e9 et la dur\u00e9e de la lib\u00e9ration de l'hormone de croissance (GH), ce qui entra\u00eene des niveaux \u00e9lev\u00e9s d'IGF-1 (Insulin-Like Growth Factor 1) dans l'organisme. L'IGF-1 est un facteur essentiel dans la promotion de l'hypertrophie musculaire, l'am\u00e9lioration du m\u00e9tabolisme des graisses et le soutien de la r\u00e9paration et de la r\u00e9g\u00e9n\u00e9ration globales des tissus. La demi-vie prolong\u00e9e du CJC-1295 DAC signifie qu'il continue \u00e0 stimuler la lib\u00e9ration de GH pendant des jours, ce qui en fait un choix efficace pour ceux qui cherchent \u00e0 optimiser leur physique, \u00e0 am\u00e9liorer leurs performances ou \u00e0 att\u00e9nuer les effets du vieillissement.<\/p>\n<h2>M\u00e9canisme d'action :<\/h2>\n<p>Le CJC-1295 DAC se lie aux r\u00e9cepteurs de l'hormone de lib\u00e9ration de la croissance (GHRH) dans l'hypophyse, ce qui entra\u00eene une augmentation de la s\u00e9cr\u00e9tion de GH. Contrairement \u00e0 d'autres analogues de la GHRH, le CJC-1295 DAC est modifi\u00e9 par un complexe d'affinit\u00e9 m\u00e9dicamenteuse (DAC) qui prolonge sa demi-vie jusqu'\u00e0 environ 8 jours, ce qui permet une lib\u00e9ration plus soutenue et contr\u00f4l\u00e9e de la GH. Cette lib\u00e9ration soutenue entra\u00eene une augmentation constante des taux d'IGF-1, qui joue un r\u00f4le essentiel dans la croissance musculaire, la perte de graisse et la r\u00e9paration des tissus. En favorisant s\u00e9lectivement ces processus anabolisants, le CJC-1295 DAC aide les utilisateurs \u00e0 atteindre leurs objectifs sans les effets secondaires associ\u00e9s aux compos\u00e9s anabolisants plus traditionnels, tels que les st\u00e9ro\u00efdes.<\/p>\n<h2>Avantages :<\/h2>\n<p>L'utilisation r\u00e9guli\u00e8re de CJC-1295 DAC peut entra\u00eener des am\u00e9liorations notables de la masse et de la force musculaires, ainsi qu'une r\u00e9duction significative de la graisse corporelle. Les chercheurs ont observ\u00e9 qu'il am\u00e9liore les temps de r\u00e9cup\u00e9ration, ce qui permet des s\u00e9ances d'entra\u00eenement plus fr\u00e9quentes et plus intenses. En outre, sa capacit\u00e9 \u00e0 augmenter les niveaux d'IGF-1 contribue \u00e0 am\u00e9liorer l'\u00e9lasticit\u00e9 de la peau, la densit\u00e9 osseuse et la vitalit\u00e9 g\u00e9n\u00e9rale, ce qui en fait un puissant agent anti-\u00e2ge. Les avantages secondaires comprennent des niveaux d'\u00e9nergie accrus, une meilleure qualit\u00e9 de sommeil et un sentiment g\u00e9n\u00e9ral de bien-\u00eatre. Le CJC-1295 DAC est particuli\u00e8rement efficace pour les culturistes, les athl\u00e8tes et les personnes qui cherchent \u00e0 ralentir le processus de vieillissement tout en maintenant ou en am\u00e9liorant leurs performances physiques.<\/p>\n<h2>Pourquoi Powerock Pharma :<\/h2>\n<p>Chez Powerock Pharma, nous donnons la priorit\u00e9 \u00e0 la qualit\u00e9 et \u00e0 la s\u00e9curit\u00e9. Notre CJC-1295 DAC est produit dans des installations qui adh\u00e8rent aux normes les plus \u00e9lev\u00e9es, y compris les BPF, HACCP et ISO 13485. Chaque lot est soumis \u00e0 des tests rigoureux pour garantir la puret\u00e9, la puissance et la coh\u00e9rence, offrant ainsi aux chercheurs la fiabilit\u00e9 dont ils ont besoin. Nous collaborons avec des laboratoires de premier plan pour valider l'efficacit\u00e9 de nos produits, garantissant que notre CJC-1295 DAC respecte et d\u00e9passe les normes de l'industrie. Avec Powerock Pharma, vous n'achetez pas seulement un produit, vous investissez dans une recherche de qualit\u00e9 et des r\u00e9sultats coh\u00e9rents.<\/p>\n<h3>R\u00e9sum\u00e9 :<\/h3>\n<p>Si votre recherche se concentre sur la croissance musculaire, la perte de graisse ou la lutte contre le vieillissement, le CJC-1295 DAC est le peptide id\u00e9al \u00e0 inclure dans vos \u00e9tudes. Gr\u00e2ce \u00e0 l'engagement de Powerock Pharma en faveur de l'excellence, vous pouvez \u00eatre s\u00fbr que ce produit vous apportera les r\u00e9sultats dont vous avez besoin de mani\u00e8re s\u00fbre et efficace. Ne faites pas de compromis sur la qualit\u00e9 - commandez le CJC-1295 DAC d\u00e8s aujourd'hui et faites avancer votre recherche vers de nouveaux sommets.<\/p>\n<div id=\"gtx-trans\" style=\"position: absolute; left: 267px; top: 690.969px;\">\n<div class=\"gtx-trans-icon\"><\/div>\n<\/div>","protected":false},"excerpt":{"rendered":"<p>Le CJC-1295 DAC favorise la croissance musculaire et la perte de graisse en augmentant les niveaux d'IGF-1 par une lib\u00e9ration prolong\u00e9e de GH. Il offre une meilleure r\u00e9cup\u00e9ration, une r\u00e9tention musculaire et des avantages anti-\u00e2ge. Choisissez Powerock Pharma pour une qualit\u00e9 in\u00e9gal\u00e9e et des r\u00e9sultats fiables.<\/p>","protected":false},"featured_media":187,"template":"","meta":{"_acf_changed":false,"rank_math_lock_modified_date":false,"inline_featured_image":false},"product_cat":[17],"product_tag":[],"class_list":{"0":"post-102","1":"product","2":"type-product","3":"status-publish","4":"has-post-thumbnail","6":"product_cat-peptide-lyophilizates","9":"first","10":"instock","11":"shipping-taxable","12":"product-type-simple"},"acf":{"chromatogram":671,"metoda":{"acftf":{"v":"1.3.24"},"p":{"o":{"uh":0},"ca":""},"c":[{"p":""}],"h":[{"c":""}],"b":[[{"c":""}]]}},"_links":{"self":[{"href":"https:\/\/powerockpharma.com\/fr\/wp-json\/wp\/v2\/product\/102","targetHints":{"allow":["GET"]}}],"collection":[{"href":"https:\/\/powerockpharma.com\/fr\/wp-json\/wp\/v2\/product"}],"about":[{"href":"https:\/\/powerockpharma.com\/fr\/wp-json\/wp\/v2\/types\/product"}],"wp:featuredmedia":[{"embeddable":true,"href":"https:\/\/powerockpharma.com\/fr\/wp-json\/wp\/v2\/media\/187"}],"wp:attachment":[{"href":"https:\/\/powerockpharma.com\/fr\/wp-json\/wp\/v2\/media?parent=102"}],"wp:term":[{"taxonomy":"product_cat","embeddable":true,"href":"https:\/\/powerockpharma.com\/fr\/wp-json\/wp\/v2\/product_cat?post=102"},{"taxonomy":"product_tag","embeddable":true,"href":"https:\/\/powerockpharma.com\/fr\/wp-json\/wp\/v2\/product_tag?post=102"}],"curies":[{"name":"wp","href":"https:\/\/api.w.org\/{rel}","templated":true}]}}