{"id":103,"date":"2024-08-04T17:12:52","date_gmt":"2024-08-04T15:12:52","guid":{"rendered":"https:\/\/powerockpharma.com\/?post_type=product&#038;p=103"},"modified":"2025-11-12T07:08:32","modified_gmt":"2025-11-12T06:08:32","slug":"cjc-1295","status":"publish","type":"product","link":"https:\/\/powerockpharma.com\/fr\/peptide-lyophilizates\/cjc-1295\/","title":{"rendered":"CJC-1295"},"content":{"rendered":"<h2>Propri\u00e9t\u00e9s :<\/h2>\n<p>Le CJC-1295 est un peptide puissant connu pour ses effets significatifs sur la croissance musculaire et la perte de graisse, ce qui en fait un choix de premier ordre pour les chercheurs qui se concentrent sur l'am\u00e9lioration des performances physiques et de la composition corporelle. Ce compos\u00e9 agit en augmentant la lib\u00e9ration de l'hormone de croissance (GH) par la glande pituitaire, ce qui entra\u00eene une cascade de changements physiologiques b\u00e9n\u00e9fiques, notamment une augmentation de la synth\u00e8se des prot\u00e9ines, une am\u00e9lioration du m\u00e9tabolisme des graisses et une am\u00e9lioration des temps de r\u00e9cup\u00e9ration. Le CJC-1295 est particuli\u00e8rement appr\u00e9ci\u00e9 pour sa capacit\u00e9 \u00e0 prolonger la demi-vie de l'hormone de croissance endog\u00e8ne, amplifiant ainsi ses effets sans qu'il soit n\u00e9cessaire de l'administrer fr\u00e9quemment.<\/p>\n<h2>M\u00e9canisme d'action :<\/h2>\n<p>Le CJC-1295 se lie aux r\u00e9cepteurs de l'hormone de lib\u00e9ration de la croissance (GHRH), ce qui stimule la lib\u00e9ration de la GH. Cette action permet non seulement d'augmenter les niveaux de GH, mais aussi de prolonger son activit\u00e9 dans l'organisme en inhibant la d\u00e9gradation des peptides lib\u00e9rant la GH. Il en r\u00e9sulte une \u00e9l\u00e9vation soutenue des niveaux de GH, qui se traduit par une croissance musculaire accrue, une r\u00e9duction de la graisse corporelle et une r\u00e9cup\u00e9ration plus rapide apr\u00e8s une activit\u00e9 physique intense. Contrairement \u00e0 certains agents anabolisants, le m\u00e9canisme s\u00e9lectif du CJC-1295 garantit des effets secondaires minimes, avec un impact r\u00e9duit sur les tissus non cibl\u00e9s, ce qui en fait une alternative plus s\u00fbre pour la recherche ax\u00e9e sur l'am\u00e9lioration de la composition corporelle.<\/p>\n<h2>Avantages :<\/h2>\n<p>L'utilisation r\u00e9guli\u00e8re du CJC-1295 dans le cadre de recherches a permis d'obtenir une augmentation significative de la masse musculaire maigre, une r\u00e9duction des pourcentages de graisse corporelle et des p\u00e9riodes de r\u00e9cup\u00e9ration plus rapides entre les s\u00e9ances d'entra\u00eenement. Les chercheurs ont \u00e9galement observ\u00e9 des avantages secondaires, notamment une am\u00e9lioration de la qualit\u00e9 du sommeil, des niveaux d'\u00e9nergie accrus et une meilleure vitalit\u00e9 g\u00e9n\u00e9rale. Le peptide est particuli\u00e8rement efficace pour les \u00e9tudes impliquant des culturistes, des athl\u00e8tes ou des personnes cherchant \u00e0 maintenir la masse maigre tout en r\u00e9duisant la graisse corporelle lors d'un d\u00e9ficit calorique. Sa capacit\u00e9 \u00e0 favoriser la r\u00e9cup\u00e9ration et la pr\u00e9servation des muscles en fait un outil polyvalent dans le domaine de l'am\u00e9lioration des performances.<\/p>\n<h2>Pourquoi Powerock Pharma :<\/h2>\n<p>Chez Powerock Pharma, notre d\u00e9vouement \u00e0 l'excellence garantit que chaque lot de CJC-1295 r\u00e9pond aux normes les plus \u00e9lev\u00e9es de qualit\u00e9 et de s\u00e9curit\u00e9. Produit dans des installations qui adh\u00e8rent aux certifications GMP, HACCP et ISO 13485, notre CJC-1295 est soumis \u00e0 des tests rigoureux pour valider sa puret\u00e9 et sa puissance. En partenariat avec des laboratoires de premier plan, nous garantissons que ce que vous recevez est \u00e0 la fois efficace et fiable. Avec Powerock Pharma, vous pouvez \u00eatre s\u00fbr que vos recherches donneront des r\u00e9sultats coh\u00e9rents et reproductibles gr\u00e2ce \u00e0 la qualit\u00e9 sup\u00e9rieure de nos produits.<\/p>\n<h3>R\u00e9sum\u00e9 :<\/h3>\n<p>Pour les chercheurs qui souhaitent explorer tout le potentiel de la modulation de l'hormone de croissance, le CJC-1295 offre une solution robuste et fiable. Soutenu par les contr\u00f4les de qualit\u00e9 rigoureux de Powerock Pharma, ce produit est con\u00e7u pour vous aider \u00e0 atteindre vos objectifs de recherche avec pr\u00e9cision et confiance. Ne faites pas de compromis sur la qualit\u00e9 - commandez le CJC-1295 d\u00e8s aujourd'hui et d\u00e9couvrez la diff\u00e9rence que Powerock Pharma apporte \u00e0 votre recherche.<\/p>","protected":false},"excerpt":{"rendered":"<p>Le CJC-1295 favorise la croissance musculaire et la perte de graisse en stimulant la lib\u00e9ration de l'hormone de croissance. Il am\u00e9liore la r\u00e9cup\u00e9ration, les gains de masse maigre et la r\u00e9duction des graisses. Choisissez Powerock Pharma pour une qualit\u00e9 sup\u00e9rieure et des r\u00e9sultats constants.<\/p>","protected":false},"featured_media":186,"template":"","meta":{"_acf_changed":false,"rank_math_lock_modified_date":false,"inline_featured_image":false},"product_cat":[17],"product_tag":[],"class_list":{"0":"post-103","1":"product","2":"type-product","3":"status-publish","4":"has-post-thumbnail","6":"product_cat-peptide-lyophilizates","9":"first","10":"instock","11":"shipping-taxable","12":"product-type-simple"},"acf":{"chromatogram":672,"metoda":{"acftf":{"v":"1.3.24"},"p":{"o":{"uh":0},"ca":""},"c":[{"p":""}],"h":[{"c":""}],"b":[[{"c":""}]]}},"_links":{"self":[{"href":"https:\/\/powerockpharma.com\/fr\/wp-json\/wp\/v2\/product\/103","targetHints":{"allow":["GET"]}}],"collection":[{"href":"https:\/\/powerockpharma.com\/fr\/wp-json\/wp\/v2\/product"}],"about":[{"href":"https:\/\/powerockpharma.com\/fr\/wp-json\/wp\/v2\/types\/product"}],"wp:featuredmedia":[{"embeddable":true,"href":"https:\/\/powerockpharma.com\/fr\/wp-json\/wp\/v2\/media\/186"}],"wp:attachment":[{"href":"https:\/\/powerockpharma.com\/fr\/wp-json\/wp\/v2\/media?parent=103"}],"wp:term":[{"taxonomy":"product_cat","embeddable":true,"href":"https:\/\/powerockpharma.com\/fr\/wp-json\/wp\/v2\/product_cat?post=103"},{"taxonomy":"product_tag","embeddable":true,"href":"https:\/\/powerockpharma.com\/fr\/wp-json\/wp\/v2\/product_tag?post=103"}],"curies":[{"name":"wp","href":"https:\/\/api.w.org\/{rel}","templated":true}]}}