{"id":113,"date":"2024-08-04T17:27:13","date_gmt":"2024-08-04T15:27:13","guid":{"rendered":"https:\/\/powerockpharma.com\/?post_type=product&#038;p=113"},"modified":"2025-11-12T06:44:34","modified_gmt":"2025-11-12T05:44:34","slug":"yk-11","status":"publish","type":"product","link":"https:\/\/powerockpharma.com\/fr\/sarms\/yk-11\/","title":{"rendered":"YK-11"},"content":{"rendered":"<h2>Propri\u00e9t\u00e9s :<\/h2>\n<p>YK-11, \u00e9galement connu sous le nom de Myanabol, est un puissant modulateur s\u00e9lectif des r\u00e9cepteurs androg\u00e9niques (SARM) reconnu pour sa capacit\u00e9 unique \u00e0 promouvoir une croissance musculaire significative et des gains de force en inhibant la myostatine, une prot\u00e9ine qui limite g\u00e9n\u00e9ralement le d\u00e9veloppement musculaire. Cette inhibition permet une augmentation prononc\u00e9e de la masse musculaire maigre, ce qui fait de l'YK-11 un choix privil\u00e9gi\u00e9 parmi les bodybuilders et les athl\u00e8tes qui cherchent \u00e0 maximiser leur physique et leurs performances.<\/p>\n<h2>M\u00e9canisme d'action :<\/h2>\n<p>Le m\u00e9canisme d'action de l'YK-11 est centr\u00e9 sur sa double fonction de SARM et d'inhibiteur de la myostatine. En se liant aux r\u00e9cepteurs androg\u00e8nes, il d\u00e9clenche non seulement les voies qui favorisent la croissance musculaire, mais il inhibe \u00e9galement l'activit\u00e9 de la myostatine, ce qui renforce encore l'hypertrophie musculaire. Cette double action distingue l'YK-11 des autres SARM, offrant un avantage unique dans la construction d'une masse musculaire substantielle sans les effets secondaires typiques associ\u00e9s aux st\u00e9ro\u00efdes anabolisants.<\/p>\n<h2>Avantages :<\/h2>\n<p>Les avantages d'une utilisation r\u00e9guli\u00e8re de l'YK-11 sont consid\u00e9rables. Les utilisateurs peuvent s'attendre \u00e0 des augmentations notables de la masse musculaire, \u00e0 des gains de force substantiels, \u00e0 des temps de r\u00e9cup\u00e9ration acc\u00e9l\u00e9r\u00e9s et \u00e0 une meilleure endurance. En outre, YK-11 aide \u00e0 pr\u00e9server les muscles maigres pendant un d\u00e9ficit calorique, ce qui en fait un excellent choix pour ceux qui sont en phase de coupe. Les avantages secondaires comprennent une meilleure vascularit\u00e9, de meilleurs niveaux d'\u00e9nergie globale et une stabilisation potentielle de l'humeur, contribuant \u00e0 une am\u00e9lioration plus compl\u00e8te des performances physiques et mentales.<\/p>\n<h2>Pourquoi Powerock Pharma :<\/h2>\n<p>Powerock Pharma s'engage \u00e0 fournir des compos\u00e9s de recherche de la plus haute qualit\u00e9. Chaque lot d'YK-11 est produit dans nos installations de pointe qui adh\u00e8rent strictement aux normes GMP, HACCP et ISO 13485. Nous utilisons des protocoles de test rigoureux en collaboration avec des laboratoires de premier plan pour garantir la puret\u00e9, la puissance et la s\u00e9curit\u00e9 de nos produits. Avec Powerock Pharma, vous pouvez \u00eatre s\u00fbr que chaque g\u00e9lule d'YK-11 est m\u00e9ticuleusement fabriqu\u00e9e pour r\u00e9pondre aux normes les plus \u00e9lev\u00e9es de l'industrie, vous fournissant les r\u00e9sultats fiables et efficaces que vous exigez.<\/p>\n<h3>R\u00e9sum\u00e9 :<\/h3>\n<p>Si votre objectif est de porter votre croissance musculaire et vos performances \u00e0 de nouveaux sommets, YK-11 est la solution qu'il vous faut. Soutenu par les contr\u00f4les de qualit\u00e9 rigoureux de Powerock Pharma, ce produit est con\u00e7u pour vous aider \u00e0 atteindre vos objectifs de mani\u00e8re s\u00fbre et efficace. Ne vous contentez pas de moins - commandez YK-11 aujourd'hui et commencez \u00e0 voir les r\u00e9sultats que vous m\u00e9ritez.<\/p>","protected":false},"excerpt":{"rendered":"<p>YK-11 favorise la croissance musculaire en inhibant la myostatine, ce qui entra\u00eene une augmentation de la force et une meilleure r\u00e9cup\u00e9ration. Il permet de pr\u00e9server la masse maigre et de r\u00e9duire l'accumulation de graisse. Choisissez Powerock Pharma pour une qualit\u00e9 sans compromis et des r\u00e9sultats constants.<\/p>","protected":false},"featured_media":229,"template":"","meta":{"_acf_changed":false,"rank_math_lock_modified_date":false,"inline_featured_image":false},"product_cat":[18],"product_tag":[],"class_list":{"0":"post-113","1":"product","2":"type-product","3":"status-publish","4":"has-post-thumbnail","6":"product_cat-sarms","9":"first","10":"instock","11":"shipping-taxable","12":"product-type-simple"},"acf":{"chromatogram":599,"metoda":""},"_links":{"self":[{"href":"https:\/\/powerockpharma.com\/fr\/wp-json\/wp\/v2\/product\/113","targetHints":{"allow":["GET"]}}],"collection":[{"href":"https:\/\/powerockpharma.com\/fr\/wp-json\/wp\/v2\/product"}],"about":[{"href":"https:\/\/powerockpharma.com\/fr\/wp-json\/wp\/v2\/types\/product"}],"wp:featuredmedia":[{"embeddable":true,"href":"https:\/\/powerockpharma.com\/fr\/wp-json\/wp\/v2\/media\/229"}],"wp:attachment":[{"href":"https:\/\/powerockpharma.com\/fr\/wp-json\/wp\/v2\/media?parent=113"}],"wp:term":[{"taxonomy":"product_cat","embeddable":true,"href":"https:\/\/powerockpharma.com\/fr\/wp-json\/wp\/v2\/product_cat?post=113"},{"taxonomy":"product_tag","embeddable":true,"href":"https:\/\/powerockpharma.com\/fr\/wp-json\/wp\/v2\/product_tag?post=113"}],"curies":[{"name":"wp","href":"https:\/\/api.w.org\/{rel}","templated":true}]}}