{"id":124,"date":"2024-08-04T17:41:46","date_gmt":"2024-08-04T15:41:46","guid":{"rendered":"https:\/\/powerockpharma.com\/?post_type=product&#038;p=124"},"modified":"2025-11-12T07:07:09","modified_gmt":"2025-11-12T06:07:09","slug":"double-yohimbine-hcl","status":"publish","type":"product","link":"https:\/\/powerockpharma.com\/fr\/yohimbine\/double-yohimbine-hcl\/","title":{"rendered":"DOUBLE YOHIMBINE HCL"},"content":{"rendered":"<h2>Propri\u00e9t\u00e9s :<\/h2>\n<p>Double Yohimbine HCL combine deux formes puissantes de Yohimbine - le chlorhydrate de Yohimbine et l'Alpha-Yohimbine - pour offrir des effets in\u00e9gal\u00e9s sur la perte de graisse et l'am\u00e9lioration de l'\u00e9nergie. Ce produit \u00e0 double action est sp\u00e9cialement con\u00e7u pour ceux qui cherchent \u00e0 acc\u00e9l\u00e9rer la combustion des graisses tout en maintenant une masse musculaire maigre. Le chlorhydrate de yohimbine agit en stimulant la lib\u00e9ration de nor\u00e9pin\u00e9phrine, une hormone responsable de la mobilisation des r\u00e9serves de graisse et de l'augmentation du taux m\u00e9tabolique. L'alpha-yohimbine, quant \u00e0 elle, est une variante plus puissante qui cible les d\u00e9p\u00f4ts de graisse tenaces, en particulier dans les zones comme l'abdomen et les cuisses, o\u00f9 la perte de graisse est souvent la plus difficile.<\/p>\n<h2>M\u00e9canisme d'action :<\/h2>\n<p>L'action du Double Yohimbine HCL est centr\u00e9e sur sa capacit\u00e9 \u00e0 bloquer les r\u00e9cepteurs adr\u00e9nergiques alpha-2, qui inhibent g\u00e9n\u00e9ralement la d\u00e9gradation des graisses dans l'organisme. En antagonisant ces r\u00e9cepteurs, la Yohimbine augmente les niveaux de nor\u00e9pin\u00e9phrine et de dopamine, ce qui favorise la lipolyse, c'est-\u00e0-dire la d\u00e9gradation des r\u00e9serves de graisse. Ce processus facilite non seulement la perte rapide de graisse, mais fournit \u00e9galement un regain significatif d'\u00e9nergie et de concentration, ce qui le rend id\u00e9al pour ceux qui cherchent \u00e0 am\u00e9liorer leurs performances physiques. En outre, l'action s\u00e9lective de l'Alpha-Yohimbine sur les tissus adipeux permet de maximiser les effets br\u00fbleurs de graisse sans avoir d'impact significatif sur d'autres syst\u00e8mes corporels, r\u00e9duisant ainsi le risque d'effets secondaires g\u00e9n\u00e9ralement associ\u00e9s aux stimulants.<\/p>\n<h2>Avantages :<\/h2>\n<p>L'utilisation r\u00e9guli\u00e8re de Double Yohimbine HCL peut conduire \u00e0 une perte de graisse notable, en particulier dans les zones r\u00e9sistantes au r\u00e9gime et \u00e0 l'exercice. Les utilisateurs font souvent \u00e9tat d'une am\u00e9lioration des niveaux d'\u00e9nergie, d'une plus grande clart\u00e9 mentale et d'un sens accru de la concentration, ce qui peut \u00eatre particuli\u00e8rement b\u00e9n\u00e9fique lors de d\u00e9ficits caloriques ou de p\u00e9riodes d'entra\u00eenement intenses. Le produit est \u00e9galement connu pour sa capacit\u00e9 \u00e0 stabiliser l'humeur, ce qui facilite le maintien d'un r\u00e9gime alimentaire et d'un programme d'exercice coh\u00e9rents. Double Yohimbine HCL est particuli\u00e8rement efficace pour les bodybuilders, les athl\u00e8tes et les personnes qui suivent des cycles de coupe et qui ont besoin de perdre de la graisse tout en pr\u00e9servant leur masse musculaire.<\/p>\n<h2>Pourquoi Powerock Pharma :<\/h2>\n<p>Chez Powerock Pharma, nous donnons la priorit\u00e9 \u00e0 la qualit\u00e9 et \u00e0 la s\u00e9curit\u00e9 dans tous les produits que nous fabriquons. Le Double Yohimbine HCL est produit dans des installations de pointe qui respectent les normes les plus strictes en mati\u00e8re de bonnes pratiques de fabrication (BPF), d'analyse des risques et de ma\u00eetrise des points critiques (HACCP) et de la norme ISO 13485. Nos processus rigoureux de contr\u00f4le de la qualit\u00e9 garantissent que chaque lot de Double Yohimbine HCL est test\u00e9 en termes de puret\u00e9, de puissance et de coh\u00e9rence, afin que vous puissiez avoir la certitude de recevoir un produit \u00e0 la fois efficace et s\u00fbr. Nous collaborons avec les meilleurs laboratoires pour valider la qualit\u00e9 de nos produits, garantissant qu'ils r\u00e9pondent aux normes les plus strictes de l'industrie. Choisissez Powerock Pharma pour des r\u00e9sultats fiables et la tranquillit\u00e9 d'esprit.<\/p>\n<h3>R\u00e9sum\u00e9 :<\/h3>\n<p>Si vous voulez vraiment acc\u00e9l\u00e9rer votre perte de graisse et am\u00e9liorer vos niveaux d'\u00e9nergie, Double Yohimbine HCL est la solution qu'il vous faut. Soutenu par l'engagement d'excellence de Powerock Pharma, ce produit est con\u00e7u pour vous aider \u00e0 atteindre vos objectifs de remise en forme de mani\u00e8re s\u00fbre et efficace. Ne faites pas de compromis sur la qualit\u00e9 - commandez Double Yohimbine HCL aujourd'hui et commencez \u00e0 obtenir les r\u00e9sultats que vous m\u00e9ritez.<\/p>","protected":false},"excerpt":{"rendered":"<p>Le Double Yohimbine HCL favorise la perte de graisse en augmentant la lib\u00e9ration de nor\u00e9pin\u00e9phrine et en bloquant les r\u00e9cepteurs alpha-2 adr\u00e9nergiques. Il permet une r\u00e9duction rapide du poids, une am\u00e9lioration de l'\u00e9nergie et de la concentration. Choisissez Powerock Pharma pour des r\u00e9sultats constants et de haute qualit\u00e9.<\/p>","protected":false},"featured_media":243,"template":"","meta":{"_acf_changed":false,"rank_math_lock_modified_date":false,"inline_featured_image":false},"product_cat":[20],"product_tag":[],"class_list":{"0":"post-124","1":"product","2":"type-product","3":"status-publish","4":"has-post-thumbnail","6":"product_cat-yohimbine","9":"first","10":"instock","11":"shipping-taxable","12":"product-type-simple"},"acf":{"chromatogram":666,"metoda":""},"_links":{"self":[{"href":"https:\/\/powerockpharma.com\/fr\/wp-json\/wp\/v2\/product\/124","targetHints":{"allow":["GET"]}}],"collection":[{"href":"https:\/\/powerockpharma.com\/fr\/wp-json\/wp\/v2\/product"}],"about":[{"href":"https:\/\/powerockpharma.com\/fr\/wp-json\/wp\/v2\/types\/product"}],"wp:featuredmedia":[{"embeddable":true,"href":"https:\/\/powerockpharma.com\/fr\/wp-json\/wp\/v2\/media\/243"}],"wp:attachment":[{"href":"https:\/\/powerockpharma.com\/fr\/wp-json\/wp\/v2\/media?parent=124"}],"wp:term":[{"taxonomy":"product_cat","embeddable":true,"href":"https:\/\/powerockpharma.com\/fr\/wp-json\/wp\/v2\/product_cat?post=124"},{"taxonomy":"product_tag","embeddable":true,"href":"https:\/\/powerockpharma.com\/fr\/wp-json\/wp\/v2\/product_tag?post=124"}],"curies":[{"name":"wp","href":"https:\/\/api.w.org\/{rel}","templated":true}]}}