{"id":290,"date":"2024-08-12T06:09:57","date_gmt":"2024-08-12T04:09:57","guid":{"rendered":"https:\/\/powerockpharma.com\/?post_type=product&#038;p=290"},"modified":"2025-11-12T06:41:57","modified_gmt":"2025-11-12T05:41:57","slug":"yohimbine-hcl-5","status":"publish","type":"product","link":"https:\/\/powerockpharma.com\/fr\/yohimbine\/yohimbine-hcl-5\/","title":{"rendered":"YOHIMBINE HCL 5mg"},"content":{"rendered":"<h2>Propri\u00e9t\u00e9s Yohimbine HCL 5mg :<\/h2>\n<p>Le HCL de yohimbine, \u00e9galement connu sous le nom de chlorhydrate de yohimbine, est un alcalo\u00efde puissant dont les effets sur la perte de graisse et l'am\u00e9lioration de l'\u00e9nergie sont bien document\u00e9s. D\u00e9riv\u00e9 de l'\u00e9corce de l'arbre Yohimbe, le Yohimbine HCL est tr\u00e8s appr\u00e9ci\u00e9 par la communaut\u00e9 des chercheurs pour sa capacit\u00e9 \u00e0 cibler les graisses tenaces, ce qui en fait un choix de pr\u00e9dilection pour ceux qui cherchent \u00e0 affiner leur physique et \u00e0 am\u00e9liorer leurs performances. Ce compos\u00e9 agit principalement en bloquant les r\u00e9cepteurs adr\u00e9nergiques alpha-2, qui se trouvent en forte concentration dans les zones du corps qui r\u00e9sistent \u00e0 la perte de graisse, comme l'abdomen et les cuisses. En inhibant ces r\u00e9cepteurs, le Yohimbine HCL favorise la lib\u00e9ration de nor\u00e9pin\u00e9phrine, une hormone qui stimule la d\u00e9gradation des graisses, ou lipolyse, et augmente la d\u00e9pense \u00e9nerg\u00e9tique par thermogen\u00e8se.<\/p>\n<h2>M\u00e9canisme d'action :<\/h2>\n<p>L'action de la Yohimbine HCL est centr\u00e9e sur sa capacit\u00e9 \u00e0 inhiber les r\u00e9cepteurs adr\u00e9nergiques alpha-2. Cette inhibition emp\u00eache ces r\u00e9cepteurs de se lier \u00e0 la nor\u00e9pin\u00e9phrine, ce qui permet \u00e0 une plus grande quantit\u00e9 de cette hormone br\u00fbleuse de graisse de circuler dans le sang. Les niveaux accrus de nor\u00e9pin\u00e9phrine activent ensuite les r\u00e9cepteurs b\u00eata, qui sont responsables du d\u00e9clenchement de la lipolyse et de la thermogen\u00e8se. Ce m\u00e9canisme s\u00e9lectif permet \u00e0 Yohimbine HCL non seulement de cibler efficacement les r\u00e9serves de graisse, mais aussi d'augmenter les niveaux d'\u00e9nergie globaux, ce qui le rend particuli\u00e8rement utile pendant les cycles d'amaigrissement ou lors de la recherche d'un physique plus mince. En outre, les effets de la Yohimbine HCL vont au-del\u00e0 de la perte de graisse ; elle est \u00e9galement connue pour am\u00e9liorer l'humeur et les fonctions cognitives gr\u00e2ce \u00e0 son impact stimulant sur le syst\u00e8me nerveux central.<\/p>\n<h2>Avantages :<\/h2>\n<p>L'utilisation syst\u00e9matique de Yohimbine HCL dans le cadre de la recherche entra\u00eene une perte de graisse significative, en particulier dans les zones r\u00e9calcitrantes, une augmentation des niveaux d'\u00e9nergie et une am\u00e9lioration des performances physiques. Les chercheurs peuvent observer une thermogen\u00e8se accrue, conduisant \u00e0 une plus grande combustion des calories m\u00eame au repos, et une \u00e9l\u00e9vation de l'humeur et de la concentration en raison de la stimulation du syst\u00e8me nerveux central. Ce compos\u00e9 est particuli\u00e8rement efficace pour les individus engag\u00e9s dans des r\u00e9gimes d'entra\u00eenement rigoureux, les athl\u00e8tes cherchant \u00e0 am\u00e9liorer leur composition corporelle et ceux qui traversent une phase de coupe. En outre, la Yohimbine HCL peut \u00e9galement offrir des avantages secondaires tels que l'am\u00e9lioration du flux sanguin et des performances sexuelles gr\u00e2ce \u00e0 ses effets vasodilatateurs.<\/p>\n<h2>Pourquoi Powerock Pharma :<\/h2>\n<p>Chez Powerock Pharma, nous nous engageons \u00e0 ne fournir que des produits de la plus haute qualit\u00e9 pour soutenir votre recherche. Notre Yohimbine HCL est fabriqu\u00e9e dans des installations qui adh\u00e8rent strictement aux normes GMP, HACCP et ISO 13485, ce qui garantit que chaque g\u00e9lule contient la forme la plus pure et la plus puissante du compos\u00e9. Nous nous associons \u00e0 des laboratoires de premier plan pour effectuer des tests rigoureux sur chaque lot, garantissant ainsi que nos produits r\u00e9pondent aux normes les plus strictes en mati\u00e8re de puret\u00e9 et de puissance. Lorsque vous choisissez la Yohimbine HCL de Powerock Pharma, vous choisissez un produit soutenu par la science, fabriqu\u00e9 avec pr\u00e9cision et con\u00e7u pour fournir des r\u00e9sultats fiables et constants dans vos efforts de recherche.<\/p>\n<h3>R\u00e9sum\u00e9<\/h3>\n<p>Si votre recherche se concentre sur la perte de graisse, l'am\u00e9lioration de l'\u00e9nergie ou la fonction cognitive, Yohimbine HCL de Powerock Pharma est la solution dont vous avez besoin. Gr\u00e2ce \u00e0 nos contr\u00f4les de qualit\u00e9 rigoureux et \u00e0 notre engagement envers l'excellence, ce produit est con\u00e7u pour vous aider \u00e0 obtenir des r\u00e9sultats fiables et significatifs. Ne vous contentez pas de moins - commandez Yohimbine HCL aujourd'hui et faites passer votre recherche au niveau sup\u00e9rieur.<\/p>\n<div id=\"gtx-trans\" style=\"position: absolute; left: 98px; top: 453.531px;\">\n<div class=\"gtx-trans-icon\"><\/div>\n<\/div>","protected":false},"excerpt":{"rendered":"<p>La yohimbine HCL favorise la perte de graisse en augmentant les niveaux de nor\u00e9pin\u00e9phrine, en renfor\u00e7ant la thermogen\u00e8se et la lipolyse. Il a des effets puissants sur la combustion des graisses et le renforcement de l'\u00e9nergie. Choisissez Powerock Pharma pour sa puret\u00e9 et son efficacit\u00e9.<\/p>\n<div id=\"gtx-trans\" style=\"position: absolute; left: -6px; top: -10px;\">\n<div class=\"gtx-trans-icon\"><\/div>\n<\/div>","protected":false},"featured_media":241,"template":"","meta":{"_acf_changed":false,"rank_math_lock_modified_date":false,"inline_featured_image":false},"product_cat":[20],"product_tag":[],"class_list":{"0":"post-290","1":"product","2":"type-product","3":"status-publish","4":"has-post-thumbnail","6":"product_cat-yohimbine","9":"first","10":"instock","11":"shipping-taxable","12":"product-type-simple"},"acf":{"chromatogram":597,"metoda":""},"_links":{"self":[{"href":"https:\/\/powerockpharma.com\/fr\/wp-json\/wp\/v2\/product\/290","targetHints":{"allow":["GET"]}}],"collection":[{"href":"https:\/\/powerockpharma.com\/fr\/wp-json\/wp\/v2\/product"}],"about":[{"href":"https:\/\/powerockpharma.com\/fr\/wp-json\/wp\/v2\/types\/product"}],"wp:featuredmedia":[{"embeddable":true,"href":"https:\/\/powerockpharma.com\/fr\/wp-json\/wp\/v2\/media\/241"}],"wp:attachment":[{"href":"https:\/\/powerockpharma.com\/fr\/wp-json\/wp\/v2\/media?parent=290"}],"wp:term":[{"taxonomy":"product_cat","embeddable":true,"href":"https:\/\/powerockpharma.com\/fr\/wp-json\/wp\/v2\/product_cat?post=290"},{"taxonomy":"product_tag","embeddable":true,"href":"https:\/\/powerockpharma.com\/fr\/wp-json\/wp\/v2\/product_tag?post=290"}],"curies":[{"name":"wp","href":"https:\/\/api.w.org\/{rel}","templated":true}]}}