{"id":475,"date":"2025-01-29T13:37:34","date_gmt":"2025-01-29T12:37:34","guid":{"rendered":"https:\/\/powerockpharma.com\/?post_type=product&#038;p=475"},"modified":"2025-11-12T07:09:01","modified_gmt":"2025-11-12T06:09:01","slug":"bpc-157-arg","status":"publish","type":"product","link":"https:\/\/powerockpharma.com\/fr\/peptide-lyophilizates\/bpc-157-arg\/","title":{"rendered":"BPC-157 ARG"},"content":{"rendered":"<h2><strong>Propri\u00e9t\u00e9s BPC-157 ARG :<\/strong><\/h2>\n<p><strong>BPC-157 ARG<\/strong>\u00a0est un puissant peptide synth\u00e9tique connu pour ses propri\u00e9t\u00e9s r\u00e9g\u00e9n\u00e9ratrices, en particulier dans la gu\u00e9rison des tissus musculaires, articulaires et intestinaux. Ce compos\u00e9 joue un r\u00f4le crucial dans la promotion de la r\u00e9paration cellulaire, ce qui le rend tr\u00e8s recherch\u00e9 par les chercheurs qui \u00e9tudient la r\u00e9g\u00e9n\u00e9ration des tissus, l'acc\u00e9l\u00e9ration de la r\u00e9cup\u00e9ration et la r\u00e9duction de l'inflammation.\u00a0<strong>BPC-157 ARG<\/strong>\u00a0a \u00e9t\u00e9 observ\u00e9 pour am\u00e9liorer la synth\u00e8se du collag\u00e8ne, r\u00e9duire le stress oxydatif et am\u00e9liorer la formation des vaisseaux sanguins, ce qui contribue \u00e0 son large \u00e9ventail de bienfaits curatifs.<\/p>\n<h2><strong>M\u00e9canisme d'action :<\/strong><\/h2>\n<p>L'action principale de la\u00a0<strong>BPC-157 ARG<\/strong>\u00a0r\u00e9side dans sa capacit\u00e9 \u00e0 favoriser l'angiogen\u00e8se (formation de nouveaux vaisseaux sanguins) et \u00e0 augmenter les facteurs de croissance responsables de la r\u00e9paration des tissus. Il agit en stimulant la production de\u00a0<strong>facteur de croissance de l'endoth\u00e9lium vasculaire (VEGF)<\/strong>L'effet sur la sant\u00e9 est \u00e9galement important, car il permet d'augmenter les niveaux d'oxyde nitrique pour am\u00e9liorer la circulation et de moduler les cytokines inflammatoires pour cr\u00e9er un environnement de gu\u00e9rison optimal. L'ensemble de ces processus se traduit par une r\u00e9cup\u00e9ration plus rapide des blessures, une r\u00e9duction de l'inflammation et une meilleure r\u00e9g\u00e9n\u00e9ration cellulaire. En outre,\u00a0<strong>BPC-157 ARG<\/strong>\u00a0interagit avec l'axe intestin-cerveau, favorisant la sant\u00e9 intestinale et r\u00e9duisant les dommages caus\u00e9s par les AINS et les l\u00e9sions gastriques induites par le stress.<\/p>\n<h2><strong>Avantages :<\/strong><\/h2>\n<p>Des recherches coh\u00e9rentes impliquant\u00a0<strong>BPC-157 ARG<\/strong>\u00a0sugg\u00e8re une s\u00e9rie d'avantages, notamment<br \/>\n\u2714\u00a0<strong>Acc\u00e9l\u00e9ration de la cicatrisation des muscles, des tendons et des ligaments<\/strong>\u00a0- Favorise une r\u00e9cup\u00e9ration plus rapide apr\u00e8s une blessure ou une activit\u00e9 intense.<br \/>\n\u2714\u00a0<strong>Protection des articulations et du cartilage<\/strong>\u00a0- Aide \u00e0 r\u00e9duire les douleurs articulaires et \u00e0 am\u00e9liorer la mobilit\u00e9.<br \/>\n\u2714\u00a0<strong>Propri\u00e9t\u00e9s curatives de l'intestin<\/strong>\u00a0- Aide \u00e0 restaurer la muqueuse intestinale, r\u00e9duisant l'inflammation en cas d'ulc\u00e8res, de fuite intestinale ou de syndrome de l'intestin irritable.<br \/>\n\u2714\u00a0<strong>R\u00e9duction de l'inflammation<\/strong>\u00a0- Modifie les voies inflammatoires pour une gu\u00e9rison plus rapide des blessures et des plaies.<br \/>\n\u2714\u00a0<strong>Une neuroprotection renforc\u00e9e<\/strong>\u00a0- Peut contribuer \u00e0 la r\u00e9g\u00e9n\u00e9ration des nerfs et \u00e0 l'am\u00e9lioration des fonctions cognitives.<br \/>\n\u2714\u00a0<strong>Am\u00e9lioration de la fonction vasculaire<\/strong>\u00a0- Stimule la circulation sanguine et favorise la sant\u00e9 cardiovasculaire.<br \/>\n\u2714\u00a0<strong>Effets protecteurs potentiels sur les organes<\/strong>\u00a0- Il semble prometteur d'att\u00e9nuer les dommages caus\u00e9s au foie, aux reins et au c\u0153ur.<\/p>\n<h2><strong>Pourquoi Powerock Pharma ?<\/strong><\/h2>\n<p>Au\u00a0<strong>Powerock Pharma<\/strong>nous donnons la priorit\u00e9\u00a0<strong>la s\u00e9curit\u00e9, la puret\u00e9 et la qualit\u00e9 de la recherche<\/strong>. Notre\u00a0<strong>BPC-157 ARG<\/strong>\u00a0est fabriqu\u00e9 en\u00a0<strong>Certifi\u00e9 GMP, HACCP et ISO 13485<\/strong>\u00a0des installations, en veillant \u00e0 ce que\u00a0<strong>un contr\u00f4le strict de la qualit\u00e9<\/strong>\u00a0et\u00a0<strong>essais par des tiers<\/strong>\u00a0pour leur puissance et leur puret\u00e9. En choisissant\u00a0<strong>Powerock Pharma<\/strong>les chercheurs peuvent \u00eatre s\u00fbrs d'utiliser un produit qui r\u00e9pond aux normes les plus strictes de l'industrie en mati\u00e8re de\u00a0<strong>fiabilit\u00e9 et coh\u00e9rence<\/strong>.<\/p>\n<h3><strong>R\u00e9sum\u00e9 :<\/strong><\/h3>\n<p>Pour ceux qui recherchent la r\u00e9paration des tissus, la sant\u00e9 intestinale et la modulation de l'inflammation,\u00a0<strong>BPC-157 ARG<\/strong>\u00a0est un outil indispensable. Sa capacit\u00e9 \u00e0\u00a0<strong>acc\u00e9l\u00e9rer la gu\u00e9rison et le r\u00e9tablissement<\/strong>\u00a0en fait un choix de premier ordre pour l'exploration scientifique. Soutenu par\u00a0<strong>Powerock Pharma's<\/strong>\u00a0un contr\u00f4le de qualit\u00e9 rigoureux,\u00a0<strong>BPC-157 ARG<\/strong>\u00a0livre\u00a0<strong>coh\u00e9rent et fiable<\/strong>\u00a0les r\u00e9sultats.\u00a0<strong>Commander aujourd'hui<\/strong>\u00a0pour faire l'exp\u00e9rience de la\u00a0<strong>la norme la plus \u00e9lev\u00e9e en mati\u00e8re de peptides de qualit\u00e9 recherche<\/strong>.<\/p>\n<div id=\"gtx-trans\" style=\"position: absolute; left: 246px; top: 788.969px;\">\n<div class=\"gtx-trans-icon\"><\/div>\n<\/div>","protected":false},"excerpt":{"rendered":"<p>BPC-157 ARG favorise la r\u00e9paration et la r\u00e9cup\u00e9ration des tissus en acc\u00e9l\u00e9rant les processus de gu\u00e9rison et en r\u00e9duisant l'inflammation. Il favorise la sant\u00e9 des articulations, la r\u00e9cup\u00e9ration musculaire et la gu\u00e9rison des intestins. Choisissez Powerock Pharma pour sa puret\u00e9, sa s\u00e9curit\u00e9 et sa qualit\u00e9 de recherche.<\/p>","protected":false},"featured_media":484,"template":"","meta":{"_acf_changed":false,"rank_math_lock_modified_date":false,"inline_featured_image":false},"product_cat":[17],"product_tag":[],"class_list":{"0":"post-475","1":"product","2":"type-product","3":"status-publish","4":"has-post-thumbnail","6":"product_cat-peptide-lyophilizates","9":"first","10":"instock","11":"shipping-taxable","12":"product-type-simple"},"acf":{"chromatogram":675,"metoda":""},"_links":{"self":[{"href":"https:\/\/powerockpharma.com\/fr\/wp-json\/wp\/v2\/product\/475","targetHints":{"allow":["GET"]}}],"collection":[{"href":"https:\/\/powerockpharma.com\/fr\/wp-json\/wp\/v2\/product"}],"about":[{"href":"https:\/\/powerockpharma.com\/fr\/wp-json\/wp\/v2\/types\/product"}],"wp:featuredmedia":[{"embeddable":true,"href":"https:\/\/powerockpharma.com\/fr\/wp-json\/wp\/v2\/media\/484"}],"wp:attachment":[{"href":"https:\/\/powerockpharma.com\/fr\/wp-json\/wp\/v2\/media?parent=475"}],"wp:term":[{"taxonomy":"product_cat","embeddable":true,"href":"https:\/\/powerockpharma.com\/fr\/wp-json\/wp\/v2\/product_cat?post=475"},{"taxonomy":"product_tag","embeddable":true,"href":"https:\/\/powerockpharma.com\/fr\/wp-json\/wp\/v2\/product_tag?post=475"}],"curies":[{"name":"wp","href":"https:\/\/api.w.org\/{rel}","templated":true}]}}