{"id":476,"date":"2025-01-29T13:55:00","date_gmt":"2025-01-29T12:55:00","guid":{"rendered":"https:\/\/powerockpharma.com\/?post_type=product&#038;p=476"},"modified":"2025-11-12T07:08:01","modified_gmt":"2025-11-12T06:08:01","slug":"cortagen","status":"publish","type":"product","link":"https:\/\/powerockpharma.com\/fr\/peptide-lyophilizates\/cortagen\/","title":{"rendered":"Cortagen"},"content":{"rendered":"<h2><strong>Propri\u00e9t\u00e9s Cortagen :<\/strong><\/h2>\n<p>Cortagen est un neuropeptide connu pour ses puissants effets r\u00e9g\u00e9n\u00e9rateurs sur la fonction c\u00e9r\u00e9brale et la sant\u00e9 du syst\u00e8me nerveux. Il est largement utilis\u00e9 pour l'am\u00e9lioration cognitive, la neuroprotection et la r\u00e9paration cellulaire. Ce compos\u00e9 agit en stimulant la croissance neuronale et en favorisant la plasticit\u00e9 synaptique, ce qui permet d'am\u00e9liorer la m\u00e9moire, la capacit\u00e9 d'apprentissage et la clart\u00e9 mentale. Le cortag\u00e8ne a \u00e9galement \u00e9t\u00e9 \u00e9tudi\u00e9 pour son potentiel de protection contre les maladies neurod\u00e9g\u00e9n\u00e9ratives et de r\u00e9duction du d\u00e9clin cognitif.<\/p>\n<h2><strong>M\u00e9canisme d'action :<\/strong><\/h2>\n<p>Cortagen agit en stimulant la croissance des neurones et en modulant les facteurs neurotrophiques, tels que le facteur neurotrophique d\u00e9riv\u00e9 du cerveau (BDNF). Ce m\u00e9canisme am\u00e9liore la plasticit\u00e9 synaptique, acc\u00e9l\u00e8re la r\u00e9paration neuronale et optimise les fonctions c\u00e9r\u00e9brales. Contrairement aux stimulants synth\u00e9tiques, Cortagen offre des avantages \u00e0 long terme en am\u00e9liorant la r\u00e9silience cellulaire et en soutenant l'activit\u00e9 mitochondriale, ce qui garantit une am\u00e9lioration cognitive durable sans surstimulation ni neurotoxicit\u00e9.<\/p>\n<h2><strong>Avantages :<\/strong><\/h2>\n<ul>\n<li><strong>Am\u00e9lioration de la fonction cognitive<\/strong> - Am\u00e9liore la m\u00e9moire, la capacit\u00e9 d'apprentissage et la clart\u00e9 mentale.<\/li>\n<li><strong>Neuroprotection<\/strong> - Soutient la sant\u00e9 du cerveau en favorisant la r\u00e9paration des neurones et en r\u00e9duisant le stress oxydatif.<\/li>\n<li><strong>Plasticit\u00e9 synaptique accrue<\/strong> - Am\u00e9liore la communication entre les neurones pour un meilleur traitement cognitif.<\/li>\n<li><strong>Stabilisation de l'humeur<\/strong> - Peut aider \u00e0 r\u00e9duire l'anxi\u00e9t\u00e9 et le stress et favoriser le bien-\u00eatre \u00e9motionnel.<\/li>\n<li><strong>Effets anti-\u00e2ge<\/strong> - Favorise la long\u00e9vit\u00e9 cellulaire et combat le d\u00e9clin cognitif associ\u00e9 au vieillissement.<\/li>\n<\/ul>\n<h2><strong>Pourquoi Powerock Pharma ?<\/strong><\/h2>\n<p>Chez Powerock Pharma, nous nous engageons \u00e0 fournir des compos\u00e9s de recherche de la plus haute qualit\u00e9. Notre Cortagen est fabriqu\u00e9 selon des normes strictes de BPF, HACCP et ISO 13485 afin de garantir la puret\u00e9, la puissance et la s\u00e9curit\u00e9. Chaque lot est soumis \u00e0 des tests rigoureux dans des laboratoires certifi\u00e9s afin de garantir une qualit\u00e9 et une efficacit\u00e9 constantes. Lorsque vous choisissez Powerock Pharma, vous investissez dans un produit de confiance et d'excellence.<\/p>\n<h3><strong>R\u00e9sum\u00e9 :<\/strong><\/h3>\n<p>Si vous cherchez \u00e0 am\u00e9liorer vos fonctions cognitives, \u00e0 prot\u00e9ger votre cerveau et \u00e0 optimiser vos performances mentales, Cortagen est la solution. Soutenu par les normes de qualit\u00e9 strictes de Powerock Pharma, ce produit garantit des r\u00e9sultats fiables et efficaces. Faites passer vos capacit\u00e9s cognitives au niveau sup\u00e9rieur - commandez Cortagen d\u00e8s aujourd'hui et faites l'exp\u00e9rience d'une sant\u00e9 c\u00e9r\u00e9brale sup\u00e9rieure.<\/p>\n<div id=\"gtx-trans\" style=\"position: absolute; left: 93px; top: 692.969px;\">\n<div class=\"gtx-trans-icon\"><\/div>\n<\/div>","protected":false},"excerpt":{"rendered":"<p>Cortagen soutient la fonction cognitive et la neuroprotection en favorisant la croissance et la r\u00e9paration des neurones. Il am\u00e9liore la m\u00e9moire, la concentration et la sant\u00e9 globale du cerveau. Choisissez Powerock Pharma pour la qualit\u00e9 et les r\u00e9sultats scientifiquement prouv\u00e9s.<\/p>","protected":false},"featured_media":485,"template":"","meta":{"_acf_changed":false,"rank_math_lock_modified_date":false,"inline_featured_image":false},"product_cat":[17],"product_tag":[],"class_list":{"0":"post-476","1":"product","2":"type-product","3":"status-publish","4":"has-post-thumbnail","6":"product_cat-peptide-lyophilizates","9":"first","10":"instock","11":"shipping-taxable","12":"product-type-simple"},"acf":{"chromatogram":670,"metoda":""},"_links":{"self":[{"href":"https:\/\/powerockpharma.com\/fr\/wp-json\/wp\/v2\/product\/476","targetHints":{"allow":["GET"]}}],"collection":[{"href":"https:\/\/powerockpharma.com\/fr\/wp-json\/wp\/v2\/product"}],"about":[{"href":"https:\/\/powerockpharma.com\/fr\/wp-json\/wp\/v2\/types\/product"}],"wp:featuredmedia":[{"embeddable":true,"href":"https:\/\/powerockpharma.com\/fr\/wp-json\/wp\/v2\/media\/485"}],"wp:attachment":[{"href":"https:\/\/powerockpharma.com\/fr\/wp-json\/wp\/v2\/media?parent=476"}],"wp:term":[{"taxonomy":"product_cat","embeddable":true,"href":"https:\/\/powerockpharma.com\/fr\/wp-json\/wp\/v2\/product_cat?post=476"},{"taxonomy":"product_tag","embeddable":true,"href":"https:\/\/powerockpharma.com\/fr\/wp-json\/wp\/v2\/product_tag?post=476"}],"curies":[{"name":"wp","href":"https:\/\/api.w.org\/{rel}","templated":true}]}}