{"id":477,"date":"2025-01-29T13:55:27","date_gmt":"2025-01-29T12:55:27","guid":{"rendered":"https:\/\/powerockpharma.com\/?post_type=product&#038;p=477"},"modified":"2025-11-12T07:06:35","modified_gmt":"2025-11-12T06:06:35","slug":"epithalon","status":"publish","type":"product","link":"https:\/\/powerockpharma.com\/fr\/peptide-lyophilizates\/epithalon\/","title":{"rendered":"Epithalon"},"content":{"rendered":"<h2><strong>Propri\u00e9t\u00e9s Epithalon :<\/strong><\/h2>\n<p>Epitalon (Epithalamine) est un t\u00e9trapeptide synth\u00e9tique r\u00e9put\u00e9 pour ses puissantes propri\u00e9t\u00e9s anti-\u00e2ge et r\u00e9g\u00e9n\u00e9ratrices. Il a fait l'objet d'\u00e9tudes approfondies pour sa capacit\u00e9 \u00e0 renforcer l'activit\u00e9 de la t\u00e9lom\u00e9rase, qui joue un r\u00f4le crucial dans la protection de l'ADN et la long\u00e9vit\u00e9 cellulaire. En r\u00e9gulant la glande pin\u00e9ale, l'Epitalon contribue \u00e0 \u00e9quilibrer les niveaux de m\u00e9latonine, am\u00e9liorant ainsi la qualit\u00e9 du sommeil, la fonction immunitaire et le bien-\u00eatre g\u00e9n\u00e9ral. Ce peptide est largement reconnu pour son potentiel de promotion de la long\u00e9vit\u00e9, de r\u00e9duction du stress oxydatif et de soutien \u00e0 la neuroprotection.<\/p>\n<h2><strong>M\u00e9canisme d'action :<\/strong><\/h2>\n<p>Le m\u00e9canisme principal de l'Epitalon repose sur sa capacit\u00e9 \u00e0 stimuler la production de t\u00e9lom\u00e9rase, une enzyme responsable du maintien et de l'allongement des t\u00e9lom\u00e8res. Les t\u00e9lom\u00e8res, les capuchons protecteurs des chromosomes, raccourcissent naturellement avec l'\u00e2ge, ce qui entra\u00eene le vieillissement et le dysfonctionnement des cellules. En favorisant l'activit\u00e9 de la t\u00e9lom\u00e9rase, l'Epitalon contribue \u00e0 ralentir la s\u00e9nescence cellulaire, prolongeant ainsi la dur\u00e9e de vie des cellules et am\u00e9liorant la sant\u00e9 globale. En outre, Epitalon r\u00e9gule la s\u00e9cr\u00e9tion de m\u00e9latonine, optimisant les rythmes circadiens et am\u00e9liorant la qualit\u00e9 du sommeil, ce qui est essentiel pour la sant\u00e9 physique et cognitive.<\/p>\n<h2><strong>Avantages :<\/strong><\/h2>\n<ul>\n<li><strong>Favorise la long\u00e9vit\u00e9 et l'anti-\u00e2ge :<\/strong>\u00a0Augmente l'activit\u00e9 de la t\u00e9lom\u00e9rase pour ralentir le vieillissement cellulaire et am\u00e9liorer l'int\u00e9grit\u00e9 de l'ADN.<\/li>\n<li><strong>Am\u00e9liore la qualit\u00e9 du sommeil :<\/strong>\u00a0R\u00e9gule la production de m\u00e9latonine, ce qui permet un sommeil plus profond et plus r\u00e9parateur.<\/li>\n<li><strong>Renforce la fonction immunitaire :<\/strong>\u00a0Aide \u00e0 renforcer le syst\u00e8me immunitaire en optimisant le syst\u00e8me endocrinien.<\/li>\n<li><strong>Am\u00e9liore la fonction cognitive :<\/strong>\u00a0Peut am\u00e9liorer la m\u00e9moire, la concentration et la sant\u00e9 globale du cerveau en r\u00e9duisant le stress oxydatif.<\/li>\n<li><strong>R\u00e9duit le stress oxydatif :<\/strong>\u00a0Agit comme un antioxydant, prot\u00e9geant les cellules des dommages caus\u00e9s par les radicaux libres.<\/li>\n<li><strong>Favorise la r\u00e9paration et la r\u00e9g\u00e9n\u00e9ration cellulaires :<\/strong>\u00a0Favorise la cicatrisation des tissus et la sant\u00e9 cellulaire globale.<\/li>\n<li><strong>Favorise l'\u00e9quilibre hormonal :<\/strong>\u00a0Aide \u00e0 optimiser la fonction endocrinienne, contribuant au bien-\u00eatre et \u00e0 la vitalit\u00e9.<\/li>\n<\/ul>\n<h2><strong>Pourquoi Powerock Pharma ?<\/strong><\/h2>\n<p>Au\u00a0<strong>Powerock Pharma<\/strong>Dans le cadre de notre politique de sant\u00e9 publique, nous donnons la priorit\u00e9 \u00e0 la qualit\u00e9, \u00e0 la s\u00e9curit\u00e9 et \u00e0 l'efficacit\u00e9. Nous\u00a0<strong>Epitalon<\/strong>\u00a0subit des tests rigoureux et est fabriqu\u00e9 dans des installations certifi\u00e9es GMP afin de garantir sa puret\u00e9 et sa puissance. Chaque lot est valid\u00e9 par des laboratoires de premier plan, ce qui garantit la coh\u00e9rence et la fiabilit\u00e9. En choisissant\u00a0<strong>Powerock Pharma<\/strong>Vous investissez dans un produit soutenu par la recherche scientifique et fabriqu\u00e9 selon les normes industrielles les plus strictes.<\/p>\n<h3><strong>R\u00e9sum\u00e9 :<\/strong><\/h3>\n<p>Si vous cherchez \u00e0 favoriser la long\u00e9vit\u00e9, \u00e0 am\u00e9liorer le sommeil et le bien-\u00eatre g\u00e9n\u00e9ral,\u00a0<strong>Epitalon<\/strong>\u00a0est la solution id\u00e9ale. Gr\u00e2ce \u00e0 ses avantages scientifiquement prouv\u00e9s et \u00e0 son\u00a0<strong>Powerock Pharma's<\/strong>\u00a0Gr\u00e2ce aux normes de qualit\u00e9 sans compromis, vous pouvez faire confiance \u00e0 ce peptide pour vos besoins en mati\u00e8re de recherche.\u00a0<strong>Commandez Epitalon d\u00e8s aujourd'hui et d\u00e9couvrez les avantages d'un rajeunissement cellulaire avanc\u00e9 !<\/strong><\/p>\n<div id=\"gtx-trans\" style=\"position: absolute; left: 92px; top: 714.969px;\">\n<div class=\"gtx-trans-icon\"><\/div>\n<\/div>","protected":false},"excerpt":{"rendered":"<p>Epitalon (Epithalamine) favorise la long\u00e9vit\u00e9 et le rajeunissement cellulaire en r\u00e9gulant la production de m\u00e9latonine et en renfor\u00e7ant l'activit\u00e9 de la t\u00e9lom\u00e9rase. Il favorise les effets anti-\u00e2ge, l'am\u00e9lioration du sommeil et le bien-\u00eatre g\u00e9n\u00e9ral. Choisissez Powerock Pharma pour la qualit\u00e9 et les r\u00e9sultats.<\/p>","protected":false},"featured_media":490,"template":"","meta":{"_acf_changed":false,"rank_math_lock_modified_date":false,"inline_featured_image":false},"product_cat":[17],"product_tag":[],"class_list":{"0":"post-477","1":"product","2":"type-product","3":"status-publish","4":"has-post-thumbnail","6":"product_cat-peptide-lyophilizates","9":"first","10":"instock","11":"shipping-taxable","12":"product-type-simple"},"acf":{"chromatogram":664,"metoda":""},"_links":{"self":[{"href":"https:\/\/powerockpharma.com\/fr\/wp-json\/wp\/v2\/product\/477","targetHints":{"allow":["GET"]}}],"collection":[{"href":"https:\/\/powerockpharma.com\/fr\/wp-json\/wp\/v2\/product"}],"about":[{"href":"https:\/\/powerockpharma.com\/fr\/wp-json\/wp\/v2\/types\/product"}],"wp:featuredmedia":[{"embeddable":true,"href":"https:\/\/powerockpharma.com\/fr\/wp-json\/wp\/v2\/media\/490"}],"wp:attachment":[{"href":"https:\/\/powerockpharma.com\/fr\/wp-json\/wp\/v2\/media?parent=477"}],"wp:term":[{"taxonomy":"product_cat","embeddable":true,"href":"https:\/\/powerockpharma.com\/fr\/wp-json\/wp\/v2\/product_cat?post=477"},{"taxonomy":"product_tag","embeddable":true,"href":"https:\/\/powerockpharma.com\/fr\/wp-json\/wp\/v2\/product_tag?post=477"}],"curies":[{"name":"wp","href":"https:\/\/api.w.org\/{rel}","templated":true}]}}