{"id":478,"date":"2025-01-29T13:55:28","date_gmt":"2025-01-29T12:55:28","guid":{"rendered":"https:\/\/powerockpharma.com\/?post_type=product&#038;p=478"},"modified":"2025-11-12T07:05:48","modified_gmt":"2025-11-12T06:05:48","slug":"ghk-cu-caps","status":"publish","type":"product","link":"https:\/\/powerockpharma.com\/fr\/peptide-lyophilizates\/ghk-cu-caps\/","title":{"rendered":"GHK-CU"},"content":{"rendered":"<h2><strong>Propri\u00e9t\u00e9s GHK-CU :<\/strong><\/h2>\n<p>Le Glycyl-L-histidyl-L-lysine-Cuivre (GHK-CU) est un puissant peptide de cuivre connu pour ses effets r\u00e9g\u00e9n\u00e9rateurs et anti-\u00e2ge. Ce tripeptide bioactif am\u00e9liore le rajeunissement de la peau, la cicatrisation des plaies et la r\u00e9paration cellulaire en stimulant la production de collag\u00e8ne et d'\u00e9lastine. Le GHK-CU est largement reconnu pour son r\u00f4le dans la r\u00e9g\u00e9n\u00e9ration de la peau, favorisant une peau jeune et plus ferme tout en r\u00e9duisant les rides et les signes de vieillissement. En outre, il joue un r\u00f4le essentiel dans la modulation de l'inflammation, l'acc\u00e9l\u00e9ration de la cicatrisation des tissus et la protection des cellules contre le stress oxydatif, ce qui en fait un ingr\u00e9dient recherch\u00e9 dans la recherche dermatologique et th\u00e9rapeutique.<\/p>\n<h2><strong>M\u00e9canisme d'action :<\/strong><\/h2>\n<p>GHK-CU agit en liant les ions de cuivre pour former un complexe biologiquement actif qui interagit avec les cellules pour promouvoir la gu\u00e9rison et la r\u00e9g\u00e9n\u00e9ration. Ce m\u00e9canisme renforce l'activation des fibroblastes, qui jouent un r\u00f4le crucial dans la synth\u00e8se du collag\u00e8ne et de l'\u00e9lastine, ce qui permet d'obtenir une peau plus ferme et plus r\u00e9sistante. En outre, le GHK-CU aide \u00e0 r\u00e9duire l'inflammation en r\u00e9gulant les cytokines pro-inflammatoires, ce qui contribue \u00e0 ses propri\u00e9t\u00e9s de cicatrisation et de r\u00e9paration de la peau. En outre, il stimule la production de glycosaminoglycanes, ce qui am\u00e9liore encore l'hydratation et l'\u00e9lasticit\u00e9 de la peau. Ces actions combin\u00e9es font du GHK-CU un compos\u00e9 essentiel pour promouvoir la r\u00e9g\u00e9n\u00e9ration des tissus, la vitalit\u00e9 de la peau et la sant\u00e9 cellulaire globale.<\/p>\n<h2><strong>Avantages :<\/strong><\/h2>\n<p>L'utilisation r\u00e9guli\u00e8re de GHK-CU entra\u00eene :<\/p>\n<ul>\n<li><strong>Am\u00e9lioration de la r\u00e9g\u00e9n\u00e9ration de la peau<\/strong>\u00a0- Stimule la production de collag\u00e8ne et d'\u00e9lastine, am\u00e9liore la fermet\u00e9 de la peau et r\u00e9duit les rides.<\/li>\n<li><strong>Cicatrisation acc\u00e9l\u00e9r\u00e9e des plaies<\/strong>\u00a0- Favorise une r\u00e9paration plus rapide des tissus en r\u00e9duisant l'inflammation et en am\u00e9liorant la r\u00e9g\u00e9n\u00e9ration cellulaire.<\/li>\n<li><strong>Propri\u00e9t\u00e9s anti-\u00e2ge<\/strong>\u00a0- R\u00e9duit les ridules, les rides et l'hyperpigmentation, pour une apparence plus jeune.<\/li>\n<li><strong>Stimulation de la croissance des cheveux<\/strong>\u00a0- Favorise la sant\u00e9 des follicules pileux et am\u00e9liore la densit\u00e9 des cheveux.<\/li>\n<li><strong>Effets antioxydants et anti-inflammatoires<\/strong>\u00a0- Prot\u00e8ge les cellules des dommages oxydatifs et de l'inflammation, garantissant ainsi la sant\u00e9 de la peau \u00e0 long terme.<\/li>\n<li><strong>R\u00e9paration des tissus et des muscles<\/strong>\u00a0- Favorise la r\u00e9cup\u00e9ration musculaire et la gu\u00e9rison des blessures en stimulant la r\u00e9g\u00e9n\u00e9ration cellulaire.<\/li>\n<\/ul>\n<p>GHK-CU est particuli\u00e8rement b\u00e9n\u00e9fique pour les personnes qui cherchent \u00e0 am\u00e9liorer la texture de la peau, \u00e0 r\u00e9duire les cicatrices et \u00e0 acc\u00e9l\u00e9rer la gu\u00e9rison post-chirurgicale ou post-blessure.<\/p>\n<h2><strong>Pourquoi Powerock Pharma ?<\/strong><\/h2>\n<p>Chez Powerock Pharma, la qualit\u00e9 et la s\u00e9curit\u00e9 sont nos principales priorit\u00e9s. Notre GHK-CU est formul\u00e9 dans des installations rigoureuses certifi\u00e9es GMP, HACCP et ISO 13485 afin de garantir une puret\u00e9 et une puissance maximales. Chaque lot est soumis \u00e0 des tests de laboratoire rigoureux pour valider son efficacit\u00e9, ce qui garantit que vous recevez un produit fiable et de qualit\u00e9 scientifique. Faites confiance \u00e0 Powerock Pharma pour des compos\u00e9s de qualit\u00e9 sup\u00e9rieure con\u00e7us pour donner de vrais r\u00e9sultats.<\/p>\n<h3><strong>R\u00e9sum\u00e9 :<\/strong><\/h3>\n<p>Si vous cherchez \u00e0 am\u00e9liorer la r\u00e9g\u00e9n\u00e9ration de la peau, \u00e0 acc\u00e9l\u00e9rer la cicatrisation des plaies et \u00e0 soutenir la lutte contre le vieillissement, GHK-CU est la solution id\u00e9ale. Soutenu par les normes de qualit\u00e9 strictes de Powerock Pharma, ce peptide de qualit\u00e9 recherche garantit des r\u00e9sultats s\u00fbrs et efficaces. Ne faites pas de compromis sur la qualit\u00e9 - commandez GHK-CU aujourd'hui et faites l'exp\u00e9rience du prochain niveau de rajeunissement de la peau et des tissus.<\/p>\n<div id=\"gtx-trans\" style=\"position: absolute; left: 89px; top: 844.969px;\">\n<div class=\"gtx-trans-icon\"><\/div>\n<\/div>","protected":false},"excerpt":{"rendered":"<p>GHK-CU favorise la r\u00e9g\u00e9n\u00e9ration de la peau, la cicatrisation des plaies et la lutte contre le vieillissement en augmentant la production de collag\u00e8ne et en r\u00e9duisant l'inflammation. Il am\u00e9liore l'\u00e9lasticit\u00e9 de la peau, acc\u00e9l\u00e8re la r\u00e9cup\u00e9ration et la r\u00e9paration cellulaire. Choisissez Powerock Pharma pour une qualit\u00e9 et des r\u00e9sultats sup\u00e9rieurs.<\/p>","protected":false},"featured_media":492,"template":"","meta":{"_acf_changed":false,"rank_math_lock_modified_date":false,"inline_featured_image":false},"product_cat":[17],"product_tag":[],"class_list":{"0":"post-478","1":"product","2":"type-product","3":"status-publish","4":"has-post-thumbnail","6":"product_cat-peptide-lyophilizates","9":"first","10":"instock","11":"shipping-taxable","12":"product-type-simple"},"acf":{"chromatogram":661,"metoda":""},"_links":{"self":[{"href":"https:\/\/powerockpharma.com\/fr\/wp-json\/wp\/v2\/product\/478","targetHints":{"allow":["GET"]}}],"collection":[{"href":"https:\/\/powerockpharma.com\/fr\/wp-json\/wp\/v2\/product"}],"about":[{"href":"https:\/\/powerockpharma.com\/fr\/wp-json\/wp\/v2\/types\/product"}],"wp:featuredmedia":[{"embeddable":true,"href":"https:\/\/powerockpharma.com\/fr\/wp-json\/wp\/v2\/media\/492"}],"wp:attachment":[{"href":"https:\/\/powerockpharma.com\/fr\/wp-json\/wp\/v2\/media?parent=478"}],"wp:term":[{"taxonomy":"product_cat","embeddable":true,"href":"https:\/\/powerockpharma.com\/fr\/wp-json\/wp\/v2\/product_cat?post=478"},{"taxonomy":"product_tag","embeddable":true,"href":"https:\/\/powerockpharma.com\/fr\/wp-json\/wp\/v2\/product_tag?post=478"}],"curies":[{"name":"wp","href":"https:\/\/api.w.org\/{rel}","templated":true}]}}