{"id":479,"date":"2025-01-29T13:55:30","date_gmt":"2025-01-29T12:55:30","guid":{"rendered":"https:\/\/powerockpharma.com\/?post_type=product&#038;p=479"},"modified":"2025-11-12T06:50:19","modified_gmt":"2025-11-12T05:50:19","slug":"tb-500-caps","status":"publish","type":"product","link":"https:\/\/powerockpharma.com\/fr\/peptide-lyophilizates\/tb-500-caps\/","title":{"rendered":"TB-500"},"content":{"rendered":"<h2><strong>Propri\u00e9t\u00e9s TB-500 :<\/strong><\/h2>\n<p><strong>Ac\u00e9tate de thymosine b\u00eata-4 (TB-500)<\/strong>\u00a0est un peptide puissant connu pour ses propri\u00e9t\u00e9s r\u00e9g\u00e9n\u00e9ratrices, ce qui en fait un choix privil\u00e9gi\u00e9 pour les personnes cherchant \u00e0 acc\u00e9l\u00e9rer la r\u00e9paration des tissus, \u00e0 renforcer la r\u00e9cup\u00e9ration musculaire et \u00e0 am\u00e9liorer les performances physiques globales. Ce peptide joue un r\u00f4le crucial dans les m\u00e9canismes de r\u00e9paration cellulaire en favorisant la migration des cellules, en augmentant l'angiogen\u00e8se (formation de vaisseaux sanguins) et en r\u00e9duisant l'inflammation. TB-500 est largement utilis\u00e9 dans la recherche ax\u00e9e sur la r\u00e9g\u00e9n\u00e9ration musculaire, la sant\u00e9 des articulations et la r\u00e9adaptation physique globale.<\/p>\n<h2><strong>M\u00e9canisme d'action :<\/strong><\/h2>\n<p>Le TB-500 agit principalement en r\u00e9gulant\u00a0<strong>actine<\/strong>L'actine est une prot\u00e9ine essentielle au mouvement, \u00e0 la r\u00e9paration et \u00e0 la r\u00e9g\u00e9n\u00e9ration des cellules. En modulant la dynamique de l'actine, ce peptide am\u00e9liore la cicatrisation, la croissance musculaire et la r\u00e9g\u00e9n\u00e9ration des tissus. En outre, le TB-500 favorise l'angiogen\u00e8se, assurant un apport r\u00e9gulier d'oxyg\u00e8ne et de nutriments aux tissus endommag\u00e9s, ce qui acc\u00e9l\u00e8re la gu\u00e9rison. Il r\u00e9duit \u00e9galement l'inflammation et la fibrose, ce qui en fait un excellent choix pour la recherche sur les blessures chroniques et les conditions inflammatoires.<\/p>\n<h2><strong>Avantages :<\/strong><\/h2>\n<p>L'utilisation coh\u00e9rente des\u00a0<strong>TB-500<\/strong>\u00a0dans les applications de recherche a d\u00e9montr\u00e9 les avantages potentiels suivants :<\/p>\n<ul>\n<li><strong>Acc\u00e9l\u00e9ration de la r\u00e9paration des tissus et de la cicatrisation des plaies<\/strong>\u00a0- Favorise un r\u00e9tablissement plus rapide en cas de blessures, d'interventions chirurgicales et de claquages musculaires.<\/li>\n<li><strong>Am\u00e9lioration de la croissance et de la r\u00e9g\u00e9n\u00e9ration musculaire<\/strong>\u00a0- Favorise la r\u00e9paration musculaire, ce qui en fait un produit b\u00e9n\u00e9fique pour les athl\u00e8tes et les culturistes.<\/li>\n<li><strong>R\u00e9duction de l'inflammation et de la fibrose<\/strong>\u00a0- Aide dans les conditions li\u00e9es \u00e0 la cicatrisation excessive et \u00e0 l'inflammation chronique.<\/li>\n<li><strong>Am\u00e9lioration de la flexibilit\u00e9 et de la sant\u00e9 des articulations<\/strong>\u00a0- B\u00e9n\u00e9fique pour la r\u00e9paration du tissu conjonctif et le maintien de la mobilit\u00e9.<\/li>\n<li><strong>Soutien cardiovasculaire<\/strong>\u00a0- Stimule la formation des vaisseaux sanguins, favorisant la circulation et la fonction cardiovasculaire globale.<\/li>\n<li><strong>Protection neurologique<\/strong>\u00a0- La recherche sugg\u00e8re des b\u00e9n\u00e9fices potentiels en mati\u00e8re de neuroprotection et d'am\u00e9lioration des fonctions cognitives.<\/li>\n<\/ul>\n<p>Le TB-500 fait l'objet de nombreuses recherches pour ses applications en m\u00e9decine r\u00e9g\u00e9n\u00e9rative, en r\u00e9cup\u00e9ration sportive et en optimisation des performances.<\/p>\n<h2><strong>Pourquoi Powerock Pharma ?<\/strong><\/h2>\n<p>Au\u00a0<strong>Powerock Pharma<\/strong>Nous respectons les normes les plus strictes en mati\u00e8re de qualit\u00e9 et de puret\u00e9. Notre TB-500 est fabriqu\u00e9 en\u00a0<strong>BPF, HACCP et ISO 13485<\/strong>-Les laboratoires certifi\u00e9s par l'OMS garantissent la s\u00e9curit\u00e9, l'uniformit\u00e9 et l'efficacit\u00e9 des produits. Chaque lot est soumis \u00e0 des tests rigoureux dans des laboratoires ind\u00e9pendants afin de v\u00e9rifier sa puissance et sa puret\u00e9. Avec Powerock Pharma, vous pouvez \u00eatre s\u00fbr de recevoir du TB-500 de premi\u00e8re qualit\u00e9, con\u00e7u pour une efficacit\u00e9 maximale dans la recherche.<\/p>\n<h3><strong>R\u00e9sum\u00e9<\/strong><\/h3>\n<p>Si vous \u00eates \u00e0 la recherche d'un\u00a0<strong>peptide de pointe pour la recherche sur la r\u00e9g\u00e9n\u00e9ration des tissus, la r\u00e9cup\u00e9ration musculaire et la r\u00e9duction de l'inflammation<\/strong>TB-500 est la solution id\u00e9ale. Soutenu par\u00a0<strong>Powerock Pharma's<\/strong>\u00a0Gr\u00e2ce \u00e0 des normes de qualit\u00e9 rigoureuses, ce produit garantit fiabilit\u00e9 et efficacit\u00e9. Ne faites pas de compromis - commandez\u00a0<strong>TB-500<\/strong>\u00a0aujourd'hui et faites l'exp\u00e9rience de la diff\u00e9rence en\u00a0<strong>la performance, la r\u00e9cup\u00e9ration et la gu\u00e9rison<\/strong>.<\/p>\n<div id=\"gtx-trans\" style=\"position: absolute; left: 94px; top: 746.969px;\">\n<div class=\"gtx-trans-icon\"><\/div>\n<\/div>","protected":false},"excerpt":{"rendered":"<p><strong>Ac\u00e9tate de thymosine b\u00eata-4 (TB-500)<\/strong> favorise la r\u00e9paration et la r\u00e9cup\u00e9ration des tissus en encourageant la migration cellulaire et en r\u00e9duisant l'inflammation. Il am\u00e9liore la r\u00e9g\u00e9n\u00e9ration musculaire, acc\u00e9l\u00e8re la gu\u00e9rison et am\u00e9liore la flexibilit\u00e9. Choisissez Powerock Pharma pour la qualit\u00e9 et les r\u00e9sultats.<\/p>","protected":false},"featured_media":496,"template":"","meta":{"_acf_changed":false,"rank_math_lock_modified_date":false,"inline_featured_image":false},"product_cat":[17],"product_tag":[],"class_list":{"0":"post-479","1":"product","2":"type-product","3":"status-publish","4":"has-post-thumbnail","6":"product_cat-peptide-lyophilizates","9":"first","10":"instock","11":"shipping-taxable","12":"product-type-simple"},"acf":{"chromatogram":610,"metoda":""},"_links":{"self":[{"href":"https:\/\/powerockpharma.com\/fr\/wp-json\/wp\/v2\/product\/479","targetHints":{"allow":["GET"]}}],"collection":[{"href":"https:\/\/powerockpharma.com\/fr\/wp-json\/wp\/v2\/product"}],"about":[{"href":"https:\/\/powerockpharma.com\/fr\/wp-json\/wp\/v2\/types\/product"}],"wp:featuredmedia":[{"embeddable":true,"href":"https:\/\/powerockpharma.com\/fr\/wp-json\/wp\/v2\/media\/496"}],"wp:attachment":[{"href":"https:\/\/powerockpharma.com\/fr\/wp-json\/wp\/v2\/media?parent=479"}],"wp:term":[{"taxonomy":"product_cat","embeddable":true,"href":"https:\/\/powerockpharma.com\/fr\/wp-json\/wp\/v2\/product_cat?post=479"},{"taxonomy":"product_tag","embeddable":true,"href":"https:\/\/powerockpharma.com\/fr\/wp-json\/wp\/v2\/product_tag?post=479"}],"curies":[{"name":"wp","href":"https:\/\/api.w.org\/{rel}","templated":true}]}}