{"id":481,"date":"2025-01-29T13:55:31","date_gmt":"2025-01-29T12:55:31","guid":{"rendered":"https:\/\/powerockpharma.com\/?post_type=product&#038;p=481"},"modified":"2025-11-12T06:52:48","modified_gmt":"2025-11-12T05:52:48","slug":"semax","status":"publish","type":"product","link":"https:\/\/powerockpharma.com\/fr\/peptide-lyophilizates\/semax\/","title":{"rendered":"Semax"},"content":{"rendered":"<h2><strong>Propri\u00e9t\u00e9s Semax :<\/strong><\/h2>\n<p>Semax est un peptide synth\u00e9tique d\u00e9riv\u00e9 de l'hormone adr\u00e9nocorticotrope (ACTH), connu pour ses effets profonds sur la fonction cognitive et la neuroprotection. Il est largement utilis\u00e9 pour am\u00e9liorer les performances mentales, la m\u00e9moire et la r\u00e9sistance au stress et aux troubles neurologiques. Ce compos\u00e9 agit en modulant le BDNF et les syst\u00e8mes de neurotransmetteurs, ce qui am\u00e9liore la plasticit\u00e9 synaptique, la neurogen\u00e8se et la clart\u00e9 mentale.<\/p>\n<h2><strong>M\u00e9canisme d'action :<\/strong><\/h2>\n<p>L'action de Semax est centr\u00e9e sur sa capacit\u00e9 \u00e0 r\u00e9guler \u00e0 la hausse le BDNF, une prot\u00e9ine cruciale impliqu\u00e9e dans la survie, la croissance et la fonction cognitive des neurones. En augmentant les niveaux de BDNF, Semax am\u00e9liore les capacit\u00e9s d'apprentissage, la consolidation de la m\u00e9moire et la neuroplasticit\u00e9 tout en prot\u00e9geant les neurones du stress oxydatif et de l'inflammation. Ce m\u00e9canisme garantit une fonction cognitive am\u00e9lior\u00e9e sans les effets secondaires courants associ\u00e9s aux nootropiques traditionnels. En outre, il joue un r\u00f4le dans la r\u00e9gulation des niveaux de dopamine et de s\u00e9rotonine, contribuant ainsi \u00e0 l'am\u00e9lioration de l'humeur et de la motivation.<\/p>\n<h2><strong>Avantages :<\/strong><\/h2>\n<p>L'utilisation r\u00e9guli\u00e8re de Semax entra\u00eene des am\u00e9liorations notables des fonctions cognitives, de la r\u00e9tention de la m\u00e9moire et de l'endurance mentale. Parmi les autres avantages, citons une meilleure concentration, une capacit\u00e9 d'apprentissage plus rapide et une plus grande r\u00e9sistance \u00e0 la fatigue mentale. Semax est particuli\u00e8rement efficace pour les personnes qui cherchent \u00e0 optimiser leurs performances cognitives, les \u00e9tudiants, les professionnels et les chercheurs qui effectuent des t\u00e2ches exigeantes sur le plan mental. Semax s'est \u00e9galement r\u00e9v\u00e9l\u00e9 prometteur pour att\u00e9nuer les effets du stress et favoriser la r\u00e9cup\u00e9ration neurologique dans le cadre de la recherche.<\/p>\n<h2><strong>Pourquoi Powerock Pharma :<\/strong><\/h2>\n<p>Chez Powerock Pharma, nous donnons la priorit\u00e9 \u00e0 la qualit\u00e9, \u00e0 la s\u00e9curit\u00e9 et \u00e0 l'efficacit\u00e9. Notre Semax est produit dans des installations qui d\u00e9passent les normes GMP, HACCP et ISO 13485, garantissant une puret\u00e9 et une puissance de qualit\u00e9 pharmaceutique. Chaque lot est soumis \u00e0 des tests rigoureux par des laboratoires de premier plan, validant ainsi son int\u00e9grit\u00e9 et sa coh\u00e9rence. Notre engagement envers l'excellence signifie que vous ne recevez que ce qu'il y a de mieux et que vous obtenez des r\u00e9sultats in\u00e9gal\u00e9s \u00e0 chaque utilisation.<\/p>\n<h3><strong>R\u00e9sum\u00e9 :<\/strong><\/h3>\n<p>Si vous cherchez \u00e0 am\u00e9liorer vos capacit\u00e9s cognitives et vos performances mentales, Semax est la solution qu'il vous faut. Soutenu par les contr\u00f4les de qualit\u00e9 rigoureux de Powerock Pharma, ce produit est con\u00e7u pour vous aider \u00e0 atteindre une concentration, une m\u00e9moire et une r\u00e9silience optimales de mani\u00e8re s\u00fbre et efficace. Ne vous contentez pas de moins - commandez Semax d\u00e8s aujourd'hui et commencez \u00e0 profiter d'une cognition et d'une clart\u00e9 mentale am\u00e9lior\u00e9es.<\/p>\n<div id=\"gtx-trans\" style=\"position: absolute; left: 265px; top: 618.969px;\">\n<div class=\"gtx-trans-icon\"><\/div>\n<\/div>","protected":false},"excerpt":{"rendered":"<p data-pm-slice=\"1 1 []\">Semax favorise l'am\u00e9lioration cognitive et la neuroprotection en modulant les niveaux de facteur neurotrophique d\u00e9riv\u00e9 du cerveau (BDNF). Il am\u00e9liore la concentration, la r\u00e9tention de la m\u00e9moire et la r\u00e9sistance au stress. Choisissez Powerock Pharma pour la qualit\u00e9 et les r\u00e9sultats.<\/p>","protected":false},"featured_media":499,"template":"","meta":{"_acf_changed":false,"rank_math_lock_modified_date":false,"inline_featured_image":false},"product_cat":[17],"product_tag":[],"class_list":{"0":"post-481","1":"product","2":"type-product","3":"status-publish","4":"has-post-thumbnail","6":"product_cat-peptide-lyophilizates","9":"first","10":"instock","11":"shipping-taxable","12":"product-type-simple"},"acf":{"chromatogram":617,"metoda":""},"_links":{"self":[{"href":"https:\/\/powerockpharma.com\/fr\/wp-json\/wp\/v2\/product\/481","targetHints":{"allow":["GET"]}}],"collection":[{"href":"https:\/\/powerockpharma.com\/fr\/wp-json\/wp\/v2\/product"}],"about":[{"href":"https:\/\/powerockpharma.com\/fr\/wp-json\/wp\/v2\/types\/product"}],"wp:featuredmedia":[{"embeddable":true,"href":"https:\/\/powerockpharma.com\/fr\/wp-json\/wp\/v2\/media\/499"}],"wp:attachment":[{"href":"https:\/\/powerockpharma.com\/fr\/wp-json\/wp\/v2\/media?parent=481"}],"wp:term":[{"taxonomy":"product_cat","embeddable":true,"href":"https:\/\/powerockpharma.com\/fr\/wp-json\/wp\/v2\/product_cat?post=481"},{"taxonomy":"product_tag","embeddable":true,"href":"https:\/\/powerockpharma.com\/fr\/wp-json\/wp\/v2\/product_tag?post=481"}],"curies":[{"name":"wp","href":"https:\/\/api.w.org\/{rel}","templated":true}]}}