{"id":71,"date":"2024-08-04T16:49:00","date_gmt":"2024-08-04T14:49:00","guid":{"rendered":"https:\/\/powerockpharma.com\/?post_type=product&#038;p=71"},"modified":"2025-11-12T07:10:08","modified_gmt":"2025-11-12T06:10:08","slug":"alpha-gpc","status":"publish","type":"product","link":"https:\/\/powerockpharma.com\/fr\/nootropics\/alpha-gpc\/","title":{"rendered":"ALPHA GPC"},"content":{"rendered":"<h2>Propri\u00e9t\u00e9s :<\/h2>\n<p>La L-alpha-glyc\u00e9rophosphocholine, commun\u00e9ment appel\u00e9e Alpha GPC, est un puissant nootropique qui joue un r\u00f4le crucial dans l'am\u00e9lioration des fonctions cognitives. Elle est largement reconnue pour sa capacit\u00e9 \u00e0 stimuler les fonctions c\u00e9r\u00e9brales, ce qui en fait un choix de premier ordre pour les personnes qui cherchent \u00e0 am\u00e9liorer leur m\u00e9moire, leur concentration et leur clart\u00e9 mentale en g\u00e9n\u00e9ral. L'Alpha GPC agit en augmentant les niveaux d'ac\u00e9tylcholine, un neurotransmetteur essentiel pour la m\u00e9moire et les processus d'apprentissage. Ce compos\u00e9 est particuli\u00e8rement efficace pour les personnes engag\u00e9es dans des t\u00e2ches mentalement exigeantes, que ce soit dans un environnement acad\u00e9mique, professionnel ou sportif.<\/p>\n<h2>M\u00e9canisme d'action :<\/h2>\n<p>L'Alpha GPC agit principalement par son impact sur la production d'ac\u00e9tylcholine. En tant que pr\u00e9curseur de ce neurotransmetteur essentiel, Alpha GPC fournit la choline n\u00e9cessaire \u00e0 sa synth\u00e8se, garantissant ainsi que le cerveau dispose d'un approvisionnement suffisant pour soutenir les fonctions cognitives. En traversant la barri\u00e8re h\u00e9mato-enc\u00e9phalique, l'Alpha GPC augmente rapidement la disponibilit\u00e9 de la choline dans le cerveau, qui est ensuite convertie en ac\u00e9tylcholine. Cette augmentation de l'ac\u00e9tylcholine renforce la transmission synaptique, am\u00e9liorant ainsi la r\u00e9tention de la m\u00e9moire, les capacit\u00e9s d'apprentissage et la concentration. En outre, il a \u00e9t\u00e9 d\u00e9montr\u00e9 que l'Alpha GPC favorise la lib\u00e9ration de l'hormone de croissance, ce qui peut avoir d'autres avantages, tels que l'am\u00e9lioration des performances physiques et de la r\u00e9cup\u00e9ration.<\/p>\n<h2>Avantages :<\/h2>\n<p>L'utilisation r\u00e9guli\u00e8re d'Alpha GPC entra\u00eene des b\u00e9n\u00e9fices cognitifs significatifs, notamment une am\u00e9lioration de la m\u00e9moire, de la concentration et de la clart\u00e9 mentale. Il est particuli\u00e8rement b\u00e9n\u00e9fique pour les personnes impliqu\u00e9es dans des activit\u00e9s qui requi\u00e8rent une concentration intense et une endurance mentale, comme les \u00e9tudiants, les professionnels et les athl\u00e8tes. En plus de ses bienfaits cognitifs, Alpha GPC peut \u00e9galement contribuer aux performances physiques en favorisant la lib\u00e9ration de l'hormone de croissance, ce qui en fait un compl\u00e9ment polyvalent pour le corps et l'esprit. Les utilisateurs d\u00e9clarent souvent se sentir plus alertes et plus vifs mentalement, avec des am\u00e9liorations de la capacit\u00e9 d'apprentissage et de la vitesse de m\u00e9morisation. Le compos\u00e9 est \u00e9galement connu pour favoriser la sant\u00e9 du cerveau, offrant potentiellement des effets neuroprotecteurs qui prot\u00e8gent contre le d\u00e9clin cognitif au fur et \u00e0 mesure que l'on vieillit.<\/p>\n<h2>Pourquoi Powerock Pharma :<\/h2>\n<p>Chez Powerock Pharma, nous nous consacrons \u00e0 la production de suppl\u00e9ments de la plus haute qualit\u00e9 pour la recherche et l'am\u00e9lioration cognitive. Chaque lot d'Alpha GPC est fabriqu\u00e9 dans nos installations de pointe, conform\u00e9ment aux normes GMP, HACCP et ISO 13485 les plus strictes. Nous utilisons des m\u00e9thodes de test de pointe pour garantir que chaque g\u00e9lule contient de l'Alpha GPC pur, puissant et efficace, exempt de contaminants ou d'impuret\u00e9s. Notre engagement envers la qualit\u00e9 signifie que vous pouvez faire confiance \u00e0 nos produits pour obtenir des r\u00e9sultats constants \u00e0 chaque fois. Nous travaillons en partenariat avec des laboratoires de premier plan pour v\u00e9rifier la puret\u00e9 et l'efficacit\u00e9 de nos suppl\u00e9ments, ce qui vous assure de recevoir le meilleur produit possible pour vos recherches ou votre usage personnel.<\/p>\n<h3>R\u00e9sum\u00e9 :<\/h3>\n<p>Si vous \u00eates \u00e0 la recherche d'un puissant stimulant cognitif pour am\u00e9liorer vos performances mentales, la L-alpha-glyc\u00e9rophosphocholine (Alpha GPC) est le choix id\u00e9al. Soutenu par les contr\u00f4les de qualit\u00e9 rigoureux de Powerock Pharma, Alpha GPC est con\u00e7u pour vous aider \u00e0 atteindre vos objectifs cognitifs de mani\u00e8re s\u00fbre et efficace. Ne faites pas de compromis sur la qualit\u00e9 - commandez Alpha GPC d\u00e8s aujourd'hui et d\u00e9couvrez la diff\u00e9rence que des suppl\u00e9ments de qualit\u00e9 sup\u00e9rieure peuvent faire sur votre clart\u00e9 mentale, votre concentration et votre sant\u00e9 c\u00e9r\u00e9brale en g\u00e9n\u00e9ral.<\/p>","protected":false},"excerpt":{"rendered":"<p>La L-alpha-glyc\u00e9rophosphocholine (Alpha GPC) favorise l'am\u00e9lioration des fonctions cognitives en augmentant les niveaux d'ac\u00e9tylcholine dans le cerveau. Elle am\u00e9liore la concentration, la m\u00e9moire et la clart\u00e9 mentale. Choisissez Powerock Pharma pour une qualit\u00e9 et des r\u00e9sultats in\u00e9gal\u00e9s.<\/p>","protected":false},"featured_media":166,"template":"","meta":{"_acf_changed":false,"rank_math_lock_modified_date":false,"inline_featured_image":false},"product_cat":[19],"product_tag":[],"class_list":{"0":"post-71","1":"product","2":"type-product","3":"status-publish","4":"has-post-thumbnail","6":"product_cat-nootropics","9":"first","10":"instock","11":"shipping-taxable","12":"product-type-simple"},"acf":{"chromatogram":679,"metoda":""},"_links":{"self":[{"href":"https:\/\/powerockpharma.com\/fr\/wp-json\/wp\/v2\/product\/71","targetHints":{"allow":["GET"]}}],"collection":[{"href":"https:\/\/powerockpharma.com\/fr\/wp-json\/wp\/v2\/product"}],"about":[{"href":"https:\/\/powerockpharma.com\/fr\/wp-json\/wp\/v2\/types\/product"}],"wp:featuredmedia":[{"embeddable":true,"href":"https:\/\/powerockpharma.com\/fr\/wp-json\/wp\/v2\/media\/166"}],"wp:attachment":[{"href":"https:\/\/powerockpharma.com\/fr\/wp-json\/wp\/v2\/media?parent=71"}],"wp:term":[{"taxonomy":"product_cat","embeddable":true,"href":"https:\/\/powerockpharma.com\/fr\/wp-json\/wp\/v2\/product_cat?post=71"},{"taxonomy":"product_tag","embeddable":true,"href":"https:\/\/powerockpharma.com\/fr\/wp-json\/wp\/v2\/product_tag?post=71"}],"curies":[{"name":"wp","href":"https:\/\/api.w.org\/{rel}","templated":true}]}}