{"id":78,"date":"2024-08-04T16:55:08","date_gmt":"2024-08-04T14:55:08","guid":{"rendered":"https:\/\/powerockpharma.com\/?post_type=product&#038;p=78"},"modified":"2025-11-12T06:51:26","modified_gmt":"2025-11-12T05:51:26","slug":"sunifiram","status":"publish","type":"product","link":"https:\/\/powerockpharma.com\/fr\/nootropics\/sunifiram\/","title":{"rendered":"SUNIFIRAM"},"content":{"rendered":"<h2>Propri\u00e9t\u00e9s :<\/h2>\n<p>Le Sunifiram (DM235) est un puissant nootropique connu pour ses effets significatifs sur l'am\u00e9lioration cognitive, ce qui en fait un choix id\u00e9al pour ceux qui souhaitent renforcer leur acuit\u00e9 mentale et leur concentration. En tant que d\u00e9riv\u00e9 pip\u00e9razine du pirac\u00e9tam, le sunifiram est reconnu pour sa capacit\u00e9 \u00e0 am\u00e9liorer la r\u00e9tention de la m\u00e9moire, la capacit\u00e9 d'apprentissage et les performances cognitives globales. Ce compos\u00e9 agit en modulant les r\u00e9cepteurs AMPA dans le cerveau, qui sont essentiels pour la transmission synaptique et la plasticit\u00e9, facilitant ainsi une meilleure communication entre les neurones. On pense que l'action du sunifiram conduit \u00e0 l'augmentation du facteur neurotrophique d\u00e9riv\u00e9 du cerveau (BDNF), qui joue un r\u00f4le essentiel dans la neurogen\u00e8se, ce qui renforce encore ses propri\u00e9t\u00e9s d'am\u00e9lioration cognitive.<\/p>\n<h2>M\u00e9canisme d'action :<\/h2>\n<p>Le principal m\u00e9canisme d'action du sunifiram est centr\u00e9 sur son r\u00f4le de modulateur des r\u00e9cepteurs AMPA, un processus connu sous le nom d'activit\u00e9 \"AMPAkine\". En modulant positivement ces r\u00e9cepteurs, Sunifiram augmente l'excitabilit\u00e9 des neurones, ce qui est essentiel pour la potentialisation \u00e0 long terme (LTP) - le processus physiologique qui sous-tend l'apprentissage et la m\u00e9moire. Cette modulation permet d'am\u00e9liorer la plasticit\u00e9 synaptique, ce qui renforce la capacit\u00e9 du cerveau \u00e0 stocker et \u00e0 se rappeler des informations. En outre, il a \u00e9t\u00e9 d\u00e9montr\u00e9 que le sunifiram augmente la lib\u00e9ration d'ac\u00e9tylcholine, un neurotransmetteur associ\u00e9 \u00e0 l'apprentissage et \u00e0 la m\u00e9moire, ce qui contribue encore \u00e0 ses bienfaits cognitifs. Contrairement aux stimulants traditionnels, Sunifiram fournit ces am\u00e9liorations cognitives sans nervosit\u00e9 ni effet de choc, ce qui en fait un choix privil\u00e9gi\u00e9 pour des performances mentales soutenues.<\/p>\n<h2>Avantages :<\/h2>\n<p>La prise r\u00e9guli\u00e8re de Sunifiram entra\u00eene des am\u00e9liorations notables de la r\u00e9tention de la m\u00e9moire, un apprentissage plus rapide et une concentration accrue. Les utilisateurs rapportent souvent une augmentation de la clart\u00e9 mentale et un traitement cognitif plus rapide, ce qui rend Sunifiram particuli\u00e8rement b\u00e9n\u00e9fique pour les personnes impliqu\u00e9es dans des activit\u00e9s intellectuelles exigeantes ou celles qui cherchent \u00e0 am\u00e9liorer leurs performances acad\u00e9miques ou professionnelles. Les b\u00e9n\u00e9fices secondaires comprennent une am\u00e9lioration de l'humeur et de la motivation, probablement due \u00e0 l'impact du Sunifiram sur l'activit\u00e9 des neurotransmetteurs dans le cerveau. Ce compos\u00e9 est particuli\u00e8rement efficace pour les chercheurs qui \u00e9tudient l'am\u00e9lioration cognitive dans les conditions neurod\u00e9g\u00e9n\u00e9ratives ou qui \u00e9tudient les m\u00e9canismes de la plasticit\u00e9 synaptique.<\/p>\n<h2>Pourquoi Powerock Pharma :<\/h2>\n<p>Chez Powerock Pharma, nous donnons la priorit\u00e9 \u00e0 la qualit\u00e9 et \u00e0 la s\u00e9curit\u00e9 de tous les produits que nous fabriquons. Chaque lot de Sunifiram est soumis \u00e0 des tests rigoureux dans des installations qui respectent et d\u00e9passent les normes GMP, HACCP et ISO 13485. Nos processus complets de contr\u00f4le de la qualit\u00e9 garantissent que le Sunifiram que vous recevez est non seulement pur et puissant, mais aussi constant dans chaque g\u00e9lule. En nous associant \u00e0 des laboratoires de premier plan, nous validons la puret\u00e9 et l'efficacit\u00e9 de nos produits, ce qui vous permet de faire confiance \u00e0 Sunifiram pour vos besoins en mati\u00e8re de recherche. Choisissez Powerock Pharma pour une qualit\u00e9 in\u00e9gal\u00e9e et des r\u00e9sultats sur lesquels vous pouvez compter.<\/p>\n<h3>R\u00e9sum\u00e9 :<\/h3>\n<p>Si votre objectif est d'\u00e9lever vos performances cognitives, Sunifiram est la solution que vous recherchez. Soutenu par l'engagement de Powerock Pharma en mati\u00e8re de qualit\u00e9, ce nootropique est con\u00e7u pour vous aider \u00e0 atteindre une acuit\u00e9 mentale sup\u00e9rieure de mani\u00e8re s\u00fbre et efficace. Ne faites pas de compromis sur vos objectifs cognitifs - commandez Sunifiram aujourd'hui et d\u00e9couvrez la diff\u00e9rence.<\/p>","protected":false},"excerpt":{"rendered":"<p>Sunifiram (DM235) am\u00e9liore les performances cognitives en modulant les r\u00e9cepteurs AMPA, ce qui permet d'am\u00e9liorer la m\u00e9moire, la concentration et les capacit\u00e9s d'apprentissage. D\u00e9couvrez la puret\u00e9 et la puissance des normes de qualit\u00e9 rigoureuses de Powerock Pharma.<\/p>","protected":false},"featured_media":179,"template":"","meta":{"_acf_changed":false,"rank_math_lock_modified_date":false,"inline_featured_image":false},"product_cat":[19],"product_tag":[],"class_list":{"0":"post-78","1":"product","2":"type-product","3":"status-publish","4":"has-post-thumbnail","6":"product_cat-nootropics","9":"first","10":"instock","11":"shipping-taxable","12":"product-type-simple"},"acf":{"chromatogram":612,"metoda":{"acftf":{"v":"1.3.24"},"p":{"o":{"uh":0},"ca":""},"c":[{"p":""}],"h":[{"c":""}],"b":[[{"c":""}]]}},"_links":{"self":[{"href":"https:\/\/powerockpharma.com\/fr\/wp-json\/wp\/v2\/product\/78","targetHints":{"allow":["GET"]}}],"collection":[{"href":"https:\/\/powerockpharma.com\/fr\/wp-json\/wp\/v2\/product"}],"about":[{"href":"https:\/\/powerockpharma.com\/fr\/wp-json\/wp\/v2\/types\/product"}],"wp:featuredmedia":[{"embeddable":true,"href":"https:\/\/powerockpharma.com\/fr\/wp-json\/wp\/v2\/media\/179"}],"wp:attachment":[{"href":"https:\/\/powerockpharma.com\/fr\/wp-json\/wp\/v2\/media?parent=78"}],"wp:term":[{"taxonomy":"product_cat","embeddable":true,"href":"https:\/\/powerockpharma.com\/fr\/wp-json\/wp\/v2\/product_cat?post=78"},{"taxonomy":"product_tag","embeddable":true,"href":"https:\/\/powerockpharma.com\/fr\/wp-json\/wp\/v2\/product_tag?post=78"}],"curies":[{"name":"wp","href":"https:\/\/api.w.org\/{rel}","templated":true}]}}