{"id":86,"date":"2024-08-04T17:00:36","date_gmt":"2024-08-04T15:00:36","guid":{"rendered":"https:\/\/powerockpharma.com\/?post_type=product&#038;p=86"},"modified":"2025-11-12T07:00:37","modified_gmt":"2025-11-12T06:00:37","slug":"mots-c","status":"publish","type":"product","link":"https:\/\/powerockpharma.com\/fr\/peptide-lyophilizates\/mots-c\/","title":{"rendered":"MOTS-C"},"content":{"rendered":"<h2>Propri\u00e9t\u00e9s :<\/h2>\n<p>MOTS-c (humain) est un puissant peptide d\u00e9riv\u00e9 des mitochondries connu pour ses effets significatifs sur la sant\u00e9 m\u00e9tabolique et les performances physiques globales. Ce peptide joue un r\u00f4le crucial dans la r\u00e9gulation de la fonction mitochondriale et de la d\u00e9pense \u00e9nerg\u00e9tique, ce qui en fait un choix privil\u00e9gi\u00e9 pour les chercheurs qui se concentrent sur l'am\u00e9lioration des processus m\u00e9taboliques, la perte de graisse et la sensibilit\u00e9 \u00e0 l'insuline. Les effets du compos\u00e9 vont au-del\u00e0 de la r\u00e9gulation m\u00e9tabolique de base, contribuant \u00e0 l'am\u00e9lioration de l'endurance, \u00e0 l'augmentation des niveaux d'\u00e9nergie et \u00e0 l'optimisation de la composition corporelle. MOTS-c agit en interagissant avec des voies cellulaires cl\u00e9s qui influencent la fonction m\u00e9tabolique, telles que la voie de la prot\u00e9ine kinase activ\u00e9e par l'AMP (AMPK), qui joue un r\u00f4le central dans le maintien de l'\u00e9quilibre \u00e9nerg\u00e9tique et le soutien d'un m\u00e9tabolisme sain.<\/p>\n<h2>M\u00e9canisme d'action :<\/h2>\n<p>MOTS-c exerce ses effets principalement par l'activation de la voie AMPK, un r\u00e9gulateur essentiel de l'hom\u00e9ostasie \u00e9nerg\u00e9tique. En activant l'AMPK, MOTS-c am\u00e9liore l'absorption du glucose dans les cellules musculaires, augmente l'oxydation des acides gras et r\u00e9duit l'accumulation de lipides. Cette action entra\u00eene une am\u00e9lioration de la sensibilit\u00e9 \u00e0 l'insuline, ce qui le rend particuli\u00e8rement b\u00e9n\u00e9fique pour la recherche ax\u00e9e sur les troubles m\u00e9taboliques tels que l'ob\u00e9sit\u00e9 et le diab\u00e8te de type 2. En outre, MOTS-c aide \u00e0 r\u00e9guler la biogen\u00e8se mitochondriale, assurant une production et une utilisation efficaces de l'\u00e9nergie dans les cellules. L'action s\u00e9lective de MOTS-c minimise les risques g\u00e9n\u00e9ralement associ\u00e9s aux interventions m\u00e9taboliques, offrant une approche cibl\u00e9e pour am\u00e9liorer la sant\u00e9 m\u00e9tabolique sans affecter n\u00e9gativement les tissus non cibl\u00e9s.<\/p>\n<h2>Avantages :<\/h2>\n<p>L'administration r\u00e9guli\u00e8re de MOTS-c dans le cadre de la recherche peut entra\u00eener des am\u00e9liorations notables de la fonction m\u00e9tabolique, notamment une perte de graisse accrue, une meilleure sensibilit\u00e9 \u00e0 l'insuline et de meilleurs niveaux d'\u00e9nergie en g\u00e9n\u00e9ral. Les chercheurs ont observ\u00e9 que MOTS-c favorise l'endurance et la r\u00e9sistance, ce qui le rend id\u00e9al pour les \u00e9tudes portant sur les performances physiques et la sant\u00e9 m\u00e9tabolique. Les avantages secondaires comprennent l'am\u00e9lioration de la composition corporelle, avec une \u00e9volution vers une masse musculaire plus maigre et une r\u00e9duction de l'accumulation de graisse. Le compos\u00e9 est particuli\u00e8rement efficace pour la recherche ciblant les conditions m\u00e9taboliques, le d\u00e9clin li\u00e9 \u00e0 l'\u00e2ge et l'am\u00e9lioration des performances physiques chez les athl\u00e8tes et les populations vieillissantes.<\/p>\n<h2>Pourquoi Powerock Pharma :<\/h2>\n<p>Chez Powerock Pharma, nous nous engageons \u00e0 fournir une qualit\u00e9 et une fiabilit\u00e9 in\u00e9gal\u00e9es pour chaque produit que nous offrons. Notre MOTS-c (humain) est fabriqu\u00e9 dans des installations de pointe qui respectent les normes industrielles les plus strictes, notamment les certifications GMP, HACCP et ISO 13485. Chaque lot est soumis \u00e0 des tests rigoureux afin de garantir la puret\u00e9, la puissance et la coh\u00e9rence, offrant ainsi aux chercheurs un produit auquel ils peuvent faire confiance. Nous collaborons avec des laboratoires de premier plan pour valider l'efficacit\u00e9 de nos produits, en veillant \u00e0 ce que MOTS-c r\u00e9ponde aux exigences rigoureuses de la recherche de pointe. En choisissant Powerock Pharma, vous choisissez un partenaire d\u00e9di\u00e9 \u00e0 l'excellence, \u00e0 la s\u00e9curit\u00e9 et \u00e0 l'int\u00e9grit\u00e9 scientifique.<\/p>\n<h3>R\u00e9sum\u00e9 :<\/h3>\n<p>Si votre recherche vise \u00e0 explorer les fronti\u00e8res de l'am\u00e9lioration du m\u00e9tabolisme et de l'optimisation des performances, MOTS-c (humain) est l'outil id\u00e9al. Soutenu par les mesures rigoureuses de contr\u00f4le de la qualit\u00e9 de Powerock Pharma, ce peptide est con\u00e7u pour vous aider \u00e0 obtenir des r\u00e9sultats fiables et reproductibles. Ne faites pas de compromis sur la qualit\u00e9 - commandez MOTS-c d\u00e8s aujourd'hui et faites avancer votre recherche en toute confiance.<\/p>","protected":false},"excerpt":{"rendered":"<p>MOTS-c (humain) soutient l'am\u00e9lioration de la fonction m\u00e9tabolique en activant les voies de l'AMPK, en favorisant la perte de graisse et en am\u00e9liorant la sensibilit\u00e9 \u00e0 l'insuline. Il offre des avantages tels qu'une augmentation de l'\u00e9nergie, de l'endurance et une am\u00e9lioration de la sant\u00e9 m\u00e9tabolique. Choisissez Powerock Pharma pour la qualit\u00e9 et les r\u00e9sultats.<\/p>","protected":false},"featured_media":202,"template":"","meta":{"_acf_changed":false,"rank_math_lock_modified_date":false,"inline_featured_image":false},"product_cat":[17],"product_tag":[],"class_list":{"0":"post-86","1":"product","2":"type-product","3":"status-publish","4":"has-post-thumbnail","6":"product_cat-peptide-lyophilizates","9":"first","10":"instock","11":"shipping-taxable","12":"product-type-simple"},"acf":{"chromatogram":642,"metoda":{"acftf":{"v":"1.3.24"},"p":{"o":{"uh":0},"ca":""},"c":[{"p":""}],"h":[{"c":""}],"b":[[{"c":""}]]}},"_links":{"self":[{"href":"https:\/\/powerockpharma.com\/fr\/wp-json\/wp\/v2\/product\/86","targetHints":{"allow":["GET"]}}],"collection":[{"href":"https:\/\/powerockpharma.com\/fr\/wp-json\/wp\/v2\/product"}],"about":[{"href":"https:\/\/powerockpharma.com\/fr\/wp-json\/wp\/v2\/types\/product"}],"wp:featuredmedia":[{"embeddable":true,"href":"https:\/\/powerockpharma.com\/fr\/wp-json\/wp\/v2\/media\/202"}],"wp:attachment":[{"href":"https:\/\/powerockpharma.com\/fr\/wp-json\/wp\/v2\/media?parent=86"}],"wp:term":[{"taxonomy":"product_cat","embeddable":true,"href":"https:\/\/powerockpharma.com\/fr\/wp-json\/wp\/v2\/product_cat?post=86"},{"taxonomy":"product_tag","embeddable":true,"href":"https:\/\/powerockpharma.com\/fr\/wp-json\/wp\/v2\/product_tag?post=86"}],"curies":[{"name":"wp","href":"https:\/\/api.w.org\/{rel}","templated":true}]}}