{"id":87,"date":"2024-08-04T17:00:58","date_gmt":"2024-08-04T15:00:58","guid":{"rendered":"https:\/\/powerockpharma.com\/?post_type=product&#038;p=87"},"modified":"2025-11-12T06:56:59","modified_gmt":"2025-11-12T05:56:59","slug":"peg-mgf","status":"publish","type":"product","link":"https:\/\/powerockpharma.com\/fr\/peptide-lyophilizates\/piquet-mgf\/","title":{"rendered":"PEG MGF"},"content":{"rendered":"<h2>Propri\u00e9t\u00e9s :<\/h2>\n<p>Le PEG MGF (Pegylated Mechano Growth Factor) est un peptide puissant connu pour son impact significatif sur la croissance et la r\u00e9paration musculaire, ce qui en fait un choix de premier ordre pour les chercheurs qui se concentrent sur l'am\u00e9lioration de l'hypertrophie et de la r\u00e9cup\u00e9ration musculaire. Ce compos\u00e9 agit en stimulant les cellules satellites, qui jouent un r\u00f4le crucial dans la r\u00e9g\u00e9n\u00e9ration et la croissance musculaires. En initiant le processus de r\u00e9paration et en augmentant la prolif\u00e9ration de ces cellules, le PEG MGF contribue \u00e0 une r\u00e9cup\u00e9ration plus rapide, \u00e0 une augmentation de la masse musculaire et \u00e0 une am\u00e9lioration g\u00e9n\u00e9rale des performances.<\/p>\n<h2>M\u00e9canisme d'action :<\/h2>\n<p>L'action du PEG MGF s'articule autour de sa capacit\u00e9 \u00e0 activer et \u00e0 recruter des cellules satellites sur le site de la l\u00e9sion musculaire. Ces cellules sont essentielles \u00e0 la r\u00e9paration et \u00e0 la construction de nouveaux tissus musculaires. Lorsque le PEG MGF est introduit, il imite les facteurs de croissance naturels de l'organisme lib\u00e9r\u00e9s pendant l'exercice, en ciblant sp\u00e9cifiquement les fibres musculaires qui ont \u00e9t\u00e9 soumises \u00e0 un stress ou \u00e0 une blessure. Ce m\u00e9canisme s\u00e9lectif permet d'acc\u00e9l\u00e9rer la r\u00e9cup\u00e9ration musculaire sans les inconv\u00e9nients typiques associ\u00e9s aux agents de croissance non cibl\u00e9s. De plus, le processus de p\u00e9gylation prolonge la demi-vie du MGF dans la circulation sanguine, ce qui permet d'obtenir des effets soutenus et prolong\u00e9s, ce qui est crucial pour optimiser la r\u00e9paration et la croissance musculaires au fil du temps.<\/p>\n<h2>Avantages :<\/h2>\n<p>Les recherches men\u00e9es sur le PEG MGF ont syst\u00e9matiquement d\u00e9montr\u00e9 sa capacit\u00e9 \u00e0 produire des augmentations notables de la masse musculaire, \u00e0 am\u00e9liorer la force et \u00e0 r\u00e9duire de mani\u00e8re significative les temps de r\u00e9cup\u00e9ration. Les utilisateurs peuvent \u00e9galement observer une am\u00e9lioration de la densit\u00e9 musculaire et de l'endurance, car le compos\u00e9 n'acc\u00e9l\u00e8re pas seulement la r\u00e9paration, mais favorise \u00e9galement la formation de nouvelles fibres musculaires. En outre, l'action cibl\u00e9e du PEG MGF aide \u00e0 pr\u00e9venir l'atrophie musculaire pendant les p\u00e9riodes d'inactivit\u00e9, ce qui le rend particuli\u00e8rement b\u00e9n\u00e9fique pour les personnes qui se remettent d'une blessure ou qui s'engagent dans des cycles d'entra\u00eenement rigoureux. Les b\u00e9n\u00e9fices secondaires rapport\u00e9s incluent une meilleure vascularisation, de meilleurs niveaux d'\u00e9nergie et une meilleure d\u00e9finition musculaire.<\/p>\n<h2>Pourquoi Powerock Pharma :<\/h2>\n<p>Chez Powerock Pharma, notre engagement envers l'excellence garantit que chaque lot de PEG MGF est produit dans des installations de pointe conformes aux normes industrielles les plus \u00e9lev\u00e9es, y compris les BPF, HACCP et ISO 13485. Nos protocoles de test rigoureux garantissent que le produit que vous recevez est d'une puret\u00e9 et d'une puissance maximales, assurant ainsi des r\u00e9sultats fiables et constants dans vos recherches. Nous collaborons avec des laboratoires de premier plan pour valider chaque \u00e9tape du processus de production. Vous pouvez donc faire confiance au PEG MGF de Powerock Pharma pour obtenir les r\u00e9sultats que vous attendez, sans compromis. Que votre recherche soit ax\u00e9e sur la r\u00e9g\u00e9n\u00e9ration musculaire, l'am\u00e9lioration des performances ou la gu\u00e9rison des blessures, notre PEG MGF est un choix fiable.<\/p>\n<h3>R\u00e9sum\u00e9 :<\/h3>\n<p>Si vous cherchez \u00e0 faire avancer votre recherche sur la croissance musculaire et la r\u00e9cup\u00e9ration, le PEG MGF vous offre une solution scientifiquement \u00e9tay\u00e9e, \u00e0 la fois efficace et s\u00fbre. Soutenu par les contr\u00f4les de qualit\u00e9 rigoureux de Powerock Pharma, ce peptide est con\u00e7u pour soutenir vos objectifs de recherche avec pr\u00e9cision et fiabilit\u00e9. Ne vous contentez pas de moins : commandez PEG MGF d\u00e8s aujourd'hui et d\u00e9couvrez la diff\u00e9rence de qualit\u00e9 et de r\u00e9sultats que Powerock Pharma vous offre syst\u00e9matiquement.<\/p>","protected":false},"excerpt":{"rendered":"<p>Le PEG MGF favorise la croissance musculaire en activant les cellules satellites et en am\u00e9liorant la r\u00e9paration musculaire. Il contribue \u00e0 une r\u00e9cup\u00e9ration plus rapide et \u00e0 la r\u00e9g\u00e9n\u00e9ration musculaire. Choisissez Powerock Pharma pour sa puret\u00e9 et ses r\u00e9sultats constants.<\/p>","protected":false},"featured_media":210,"template":"","meta":{"_acf_changed":false,"rank_math_lock_modified_date":false,"inline_featured_image":false},"product_cat":[17],"product_tag":[],"class_list":{"0":"post-87","1":"product","2":"type-product","3":"status-publish","4":"has-post-thumbnail","6":"product_cat-peptide-lyophilizates","9":"first","10":"instock","11":"shipping-taxable","12":"product-type-simple"},"acf":{"chromatogram":630,"metoda":{"acftf":{"v":"1.3.24"},"p":{"o":{"uh":0},"ca":""},"c":[{"p":""}],"h":[{"c":""}],"b":[[{"c":""}]]}},"_links":{"self":[{"href":"https:\/\/powerockpharma.com\/fr\/wp-json\/wp\/v2\/product\/87","targetHints":{"allow":["GET"]}}],"collection":[{"href":"https:\/\/powerockpharma.com\/fr\/wp-json\/wp\/v2\/product"}],"about":[{"href":"https:\/\/powerockpharma.com\/fr\/wp-json\/wp\/v2\/types\/product"}],"wp:featuredmedia":[{"embeddable":true,"href":"https:\/\/powerockpharma.com\/fr\/wp-json\/wp\/v2\/media\/210"}],"wp:attachment":[{"href":"https:\/\/powerockpharma.com\/fr\/wp-json\/wp\/v2\/media?parent=87"}],"wp:term":[{"taxonomy":"product_cat","embeddable":true,"href":"https:\/\/powerockpharma.com\/fr\/wp-json\/wp\/v2\/product_cat?post=87"},{"taxonomy":"product_tag","embeddable":true,"href":"https:\/\/powerockpharma.com\/fr\/wp-json\/wp\/v2\/product_tag?post=87"}],"curies":[{"name":"wp","href":"https:\/\/api.w.org\/{rel}","templated":true}]}}