{"id":88,"date":"2024-08-04T17:01:27","date_gmt":"2024-08-04T15:01:27","guid":{"rendered":"https:\/\/powerockpharma.com\/?post_type=product&#038;p=88"},"modified":"2025-11-12T06:59:38","modified_gmt":"2025-11-12T05:59:38","slug":"n-acetyl-epithalon","status":"publish","type":"product","link":"https:\/\/powerockpharma.com\/fr\/peptide-lyophilizates\/n-acetyl-epithalon\/","title":{"rendered":"N-AC\u00c9TYL \u00c9PITHALON"},"content":{"rendered":"<h2>Propri\u00e9t\u00e9s :<\/h2>\n<p>Le N-ac\u00e9tyl-\u00e9pithalon, \u00e9galement connu sous le nom d'\u00e9pithalamine ou d'\u00e9pithalon, est un peptide synth\u00e9tique aux puissants effets antivieillissement. Il est tr\u00e8s appr\u00e9ci\u00e9 pour sa capacit\u00e9 \u00e0 am\u00e9liorer la long\u00e9vit\u00e9 cellulaire, ce qui en fait un choix populaire parmi les chercheurs qui se concentrent sur les \u00e9tudes li\u00e9es \u00e0 l'\u00e2ge. Ce peptide agit principalement en modulant l'activit\u00e9 de la t\u00e9lom\u00e9rase, une enzyme qui joue un r\u00f4le crucial dans le maintien de la longueur des t\u00e9lom\u00e8res, qui sont les capuchons protecteurs situ\u00e9s \u00e0 l'extr\u00e9mit\u00e9 des chromosomes. Au fil du temps, les t\u00e9lom\u00e8res raccourcissent naturellement lorsque les cellules se divisent, ce qui entra\u00eene un vieillissement cellulaire et une diminution des fonctions. Le N-ac\u00e9tyl-\u00e9pithalon stimule l'activit\u00e9 de la t\u00e9lom\u00e9rase, contribuant ainsi \u00e0 maintenir la longueur des t\u00e9lom\u00e8res et \u00e0 promouvoir la sant\u00e9 et la vitalit\u00e9 des cellules.<\/p>\n<h2>M\u00e9canisme d'action :<\/h2>\n<p>L'action du N-Acetyl Epithalon est centr\u00e9e sur sa capacit\u00e9 \u00e0 influencer l'activit\u00e9 de la t\u00e9lom\u00e9rase, une enzyme qui a un impact direct sur le vieillissement cellulaire. En favorisant l'activit\u00e9 de la t\u00e9lom\u00e9rase, le N-ac\u00e9tyl-\u00e9pithalon contribue \u00e0 pr\u00e9server la longueur des t\u00e9lom\u00e8res, retardant ainsi le processus de vieillissement cellulaire. Il en r\u00e9sulte toute une s\u00e9rie d'avantages, notamment une am\u00e9lioration de la fonction cellulaire, une meilleure r\u00e9ponse immunitaire et une vitalit\u00e9 g\u00e9n\u00e9rale accrue. En outre, il a \u00e9t\u00e9 observ\u00e9 que le N-ac\u00e9tyl-\u00e9pithalon am\u00e9liore les rythmes circadiens naturels de l'organisme, ce qui se traduit par une meilleure qualit\u00e9 du sommeil et un bien-\u00eatre g\u00e9n\u00e9ral. Son m\u00e9canisme s\u00e9lectif garantit qu'il cible principalement les t\u00e9lom\u00e8res sans provoquer d'effets ind\u00e9sirables sur les tissus non cibl\u00e9s, ce qui en fait une option plus s\u00fbre pour la recherche \u00e0 long terme ax\u00e9e sur le vieillissement et la long\u00e9vit\u00e9.<\/p>\n<h2>Avantages :<\/h2>\n<p>L'utilisation syst\u00e9matique du N-ac\u00e9tyl-\u00e9pithalon dans le cadre d'\u00e9tudes de recherche s'est traduite par de nombreux avantages, notamment une augmentation de la dur\u00e9e de vie au niveau cellulaire, une am\u00e9lioration des habitudes de sommeil, un renforcement de la fonction immunitaire et une augmentation g\u00e9n\u00e9rale de la vitalit\u00e9 et des niveaux d'\u00e9nergie. Les chercheurs ont \u00e9galement not\u00e9 des b\u00e9n\u00e9fices secondaires tels qu'une meilleure stabilisation de l'humeur, une r\u00e9duction du stress oxydatif et une am\u00e9lioration des fonctions m\u00e9taboliques. Ce compos\u00e9 est particuli\u00e8rement efficace pour les \u00e9tudes portant sur le vieillissement, les troubles du sommeil et la fonction du syst\u00e8me immunitaire, ce qui en fait un outil pr\u00e9cieux pour les chercheurs dans ces domaines.<\/p>\n<h2>Pourquoi Powerock Pharma :<\/h2>\n<p>Chez Powerock Pharma, notre engagement envers l'excellence est \u00e9vident dans chaque lot de N-Acetyl Epithalon que nous produisons. Nos installations respectent et d\u00e9passent les normes les plus strictes des BPF, HACCP et ISO 13485, ce qui garantit que vous recevez un produit \u00e0 la fois s\u00fbr et efficace. Nous utilisons des proc\u00e9dures de test de pointe pour valider la puret\u00e9 et la puissance de nos produits, de sorte que vous pouvez \u00eatre s\u00fbr que le N-Acetyl Epithalon fournira des r\u00e9sultats coh\u00e9rents dans votre recherche \u00e0 chaque fois. En choisissant Powerock Pharma, vous optez pour une qualit\u00e9, une fiabilit\u00e9 et une tranquillit\u00e9 d'esprit in\u00e9gal\u00e9es, sachant que vos recherches sont soutenues par les meilleurs produits disponibles.<\/p>\n<h3>R\u00e9sum\u00e9 :<\/h3>\n<p>Si vos recherches visent \u00e0 explorer les m\u00e9canismes du vieillissement ou \u00e0 am\u00e9liorer la sant\u00e9 cellulaire, le N-Acetyl Epithalon est la solution qu'il vous faut. Soutenu par les contr\u00f4les de qualit\u00e9 rigoureux de Powerock Pharma, ce produit est con\u00e7u pour vous aider \u00e0 obtenir des r\u00e9sultats significatifs de mani\u00e8re s\u00fbre et efficace. Ne vous contentez pas de moins - commandez le N-Acetyl Epithalon d\u00e8s aujourd'hui et faites passer vos recherches \u00e0 la vitesse sup\u00e9rieure.<\/p>","protected":false},"excerpt":{"rendered":"<p>Le N-ac\u00e9tyl-\u00e9pithalon favorise la lutte contre le vieillissement en modulant l'activit\u00e9 de la t\u00e9lom\u00e9rase, ce qui favorise la long\u00e9vit\u00e9 cellulaire. Il offre des avantages tels qu'un meilleur sommeil, une immunit\u00e9 renforc\u00e9e et une vitalit\u00e9 accrue. Choisissez Powerock Pharma pour la qualit\u00e9 et des r\u00e9sultats constants.<\/p>","protected":false},"featured_media":206,"template":"","meta":{"_acf_changed":false,"rank_math_lock_modified_date":false,"inline_featured_image":false},"product_cat":[17],"product_tag":[],"class_list":{"0":"post-88","1":"product","2":"type-product","3":"status-publish","4":"has-post-thumbnail","6":"product_cat-peptide-lyophilizates","9":"first","10":"instock","11":"shipping-taxable","12":"product-type-simple"},"acf":{"chromatogram":639,"metoda":""},"_links":{"self":[{"href":"https:\/\/powerockpharma.com\/fr\/wp-json\/wp\/v2\/product\/88","targetHints":{"allow":["GET"]}}],"collection":[{"href":"https:\/\/powerockpharma.com\/fr\/wp-json\/wp\/v2\/product"}],"about":[{"href":"https:\/\/powerockpharma.com\/fr\/wp-json\/wp\/v2\/types\/product"}],"wp:featuredmedia":[{"embeddable":true,"href":"https:\/\/powerockpharma.com\/fr\/wp-json\/wp\/v2\/media\/206"}],"wp:attachment":[{"href":"https:\/\/powerockpharma.com\/fr\/wp-json\/wp\/v2\/media?parent=88"}],"wp:term":[{"taxonomy":"product_cat","embeddable":true,"href":"https:\/\/powerockpharma.com\/fr\/wp-json\/wp\/v2\/product_cat?post=88"},{"taxonomy":"product_tag","embeddable":true,"href":"https:\/\/powerockpharma.com\/fr\/wp-json\/wp\/v2\/product_tag?post=88"}],"curies":[{"name":"wp","href":"https:\/\/api.w.org\/{rel}","templated":true}]}}