{"id":89,"date":"2024-08-04T17:01:44","date_gmt":"2024-08-04T15:01:44","guid":{"rendered":"https:\/\/powerockpharma.com\/?post_type=product&#038;p=89"},"modified":"2025-11-12T06:55:07","modified_gmt":"2025-11-12T05:55:07","slug":"pt141","status":"publish","type":"product","link":"https:\/\/powerockpharma.com\/fr\/peptide-lyophilizates\/pt141\/","title":{"rendered":"PT141"},"content":{"rendered":"<h2>Propri\u00e9t\u00e9s :<\/h2>\n<p>Le PT-141, \u00e9galement connu sous le nom de Bremelanotide, est un peptide puissant principalement connu pour ses effets sur la fonction sexuelle. D\u00e9velopp\u00e9 \u00e0 l'origine comme traitement de la dysfonction sexuelle, le PT-141 a \u00e9t\u00e9 reconnu pour sa capacit\u00e9 \u00e0 am\u00e9liorer la libido et les performances sexuelles chez les hommes et les femmes. Contrairement \u00e0 d'autres traitements qui ciblent le syst\u00e8me vasculaire, le PT-141 agit directement sur le syst\u00e8me nerveux, ce qui en fait une option unique et efficace pour ceux qui cherchent \u00e0 am\u00e9liorer leur sant\u00e9 sexuelle. Le m\u00e9canisme du PT-141 consiste \u00e0 activer les r\u00e9cepteurs de la m\u00e9lanocortine dans le cerveau, ce qui entra\u00eene une augmentation de l'excitation et du d\u00e9sir sexuels sans affecter le flux sanguin.<\/p>\n<h2>M\u00e9canisme d'action :<\/h2>\n<p>L'action du PT-141 s'articule autour de sa capacit\u00e9 \u00e0 stimuler les r\u00e9cepteurs de la m\u00e9lanocortine, en particulier le sous-type MC4R, dans le syst\u00e8me nerveux central. Ces r\u00e9cepteurs sont impliqu\u00e9s dans la r\u00e9gulation d'un large \u00e9ventail de fonctions, notamment le comportement sexuel et l'hom\u00e9ostasie \u00e9nerg\u00e9tique. En se liant \u00e0 ces r\u00e9cepteurs, le PT-141 d\u00e9clenche une cascade d'\u00e9v\u00e9nements neurochimiques qui renforcent l'excitation sexuelle. Ce m\u00e9canisme est diff\u00e9rent de celui des autres m\u00e9dicaments d'am\u00e9lioration sexuelle, qui se concentrent souvent sur l'augmentation du flux sanguin dans la zone g\u00e9nitale. L'action s\u00e9lective du PT-141 sur les voies sexuelles du cerveau permet une r\u00e9ponse plus naturelle, am\u00e9liorant la libido sans les effets cardiovasculaires associ\u00e9s \u00e0 d'autres traitements.<\/p>\n<h2>Avantages :<\/h2>\n<p>L'utilisation r\u00e9guli\u00e8re du PT-141 dans le cadre de recherches a montr\u00e9 une augmentation notable du d\u00e9sir et des performances sexuelles. Pour les hommes, cela peut se traduire par une am\u00e9lioration de la fonction \u00e9rectile et une plus grande satisfaction sexuelle, tandis que les femmes peuvent ressentir une excitation et une r\u00e9ponse orgasmique accrues. En outre, on a observ\u00e9 que le PT-141 pouvait avoir des effets stabilisateurs sur l'humeur, contribuant ainsi \u00e0 un sentiment g\u00e9n\u00e9ral de bien-\u00eatre. Ce compos\u00e9 est particuli\u00e8rement b\u00e9n\u00e9fique pour les personnes souffrant de dysfonctionnement sexuel d\u00fb \u00e0 des facteurs psychologiques ou pour celles qui ne r\u00e9pondent pas aux traitements traditionnels tels que les inhibiteurs de la PDE5.<\/p>\n<h2>Pourquoi Powerock Pharma :<\/h2>\n<p>Chez Powerock Pharma, notre engagement envers l'excellence garantit que chaque lot de PT-141 est produit en conformit\u00e9 avec les normes industrielles les plus \u00e9lev\u00e9es, y compris les BPF, HACCP et ISO 13485. Nos processus de test rigoureux garantissent la puret\u00e9, la puissance et la s\u00e9curit\u00e9 de nos produits, offrant aux chercheurs des r\u00e9sultats fiables. Nous travaillons en partenariat avec des laboratoires de premier plan pour valider chaque aspect de notre production. Vous pouvez donc \u00eatre s\u00fbr que le PT-141 de Powerock Pharma produira toujours les r\u00e9sultats escompt\u00e9s. Choisir Powerock Pharma, c'est choisir un produit soutenu par la science, la qualit\u00e9 et l'int\u00e9grit\u00e9.<\/p>\n<h3>R\u00e9sum\u00e9 :<\/h3>\n<p>Si vous cherchez \u00e0 explorer le potentiel de l'am\u00e9lioration de la fonction sexuelle par le biais de la recherche, le PT-141 est un outil inestimable. Gr\u00e2ce aux contr\u00f4les de qualit\u00e9 rigoureux de Powerock Pharma, vous pouvez mener vos \u00e9tudes en toute confiance, en sachant que vous travaillez avec les meilleurs. Ne faites pas de compromis sur votre recherche - commandez le PT-141 aujourd'hui et lib\u00e9rez tout le potentiel des r\u00e9sultats de votre \u00e9tude.<\/p>","protected":false},"excerpt":{"rendered":"<p>Le PT-141 (Bremelanotide) favorise l'am\u00e9lioration de la fonction sexuelle en activant les r\u00e9cepteurs de la m\u00e9lanocortine dans le syst\u00e8me nerveux central. Il am\u00e9liore la libido et les performances sexuelles. Choisissez Powerock Pharma pour la qualit\u00e9 et les r\u00e9sultats.<\/p>","protected":false},"featured_media":211,"template":"","meta":{"_acf_changed":false,"rank_math_lock_modified_date":false,"inline_featured_image":false},"product_cat":[17],"product_tag":[],"class_list":{"0":"post-89","1":"product","2":"type-product","3":"status-publish","4":"has-post-thumbnail","6":"product_cat-peptide-lyophilizates","9":"first","10":"instock","11":"shipping-taxable","12":"product-type-simple"},"acf":{"chromatogram":624,"metoda":{"acftf":{"v":"1.3.24"},"p":{"o":{"uh":0},"ca":""},"c":[{"p":""}],"h":[{"c":""}],"b":[[{"c":""}]]}},"_links":{"self":[{"href":"https:\/\/powerockpharma.com\/fr\/wp-json\/wp\/v2\/product\/89","targetHints":{"allow":["GET"]}}],"collection":[{"href":"https:\/\/powerockpharma.com\/fr\/wp-json\/wp\/v2\/product"}],"about":[{"href":"https:\/\/powerockpharma.com\/fr\/wp-json\/wp\/v2\/types\/product"}],"wp:featuredmedia":[{"embeddable":true,"href":"https:\/\/powerockpharma.com\/fr\/wp-json\/wp\/v2\/media\/211"}],"wp:attachment":[{"href":"https:\/\/powerockpharma.com\/fr\/wp-json\/wp\/v2\/media?parent=89"}],"wp:term":[{"taxonomy":"product_cat","embeddable":true,"href":"https:\/\/powerockpharma.com\/fr\/wp-json\/wp\/v2\/product_cat?post=89"},{"taxonomy":"product_tag","embeddable":true,"href":"https:\/\/powerockpharma.com\/fr\/wp-json\/wp\/v2\/product_tag?post=89"}],"curies":[{"name":"wp","href":"https:\/\/api.w.org\/{rel}","templated":true}]}}