{"id":94,"date":"2024-08-04T17:04:30","date_gmt":"2024-08-04T15:04:30","guid":{"rendered":"https:\/\/powerockpharma.com\/?post_type=product&#038;p=94"},"modified":"2025-11-12T07:06:03","modified_gmt":"2025-11-12T06:06:03","slug":"ghk-cu","status":"publish","type":"product","link":"https:\/\/powerockpharma.com\/fr\/peptide-lyophilizates\/ghk-cu\/","title":{"rendered":"GHK CU"},"content":{"rendered":"<h2>Propri\u00e9t\u00e9s :<\/h2>\n<p>GHK-Cu (Copper Peptide \/ GHK-Cu 2+) est un peptide naturel qui a attir\u00e9 l'attention pour ses effets profonds sur la sant\u00e9 de la peau et le rajeunissement g\u00e9n\u00e9ral. Il joue un r\u00f4le cl\u00e9 dans les processus naturels de gu\u00e9rison de l'organisme, ce qui en fait un choix privil\u00e9gi\u00e9 pour ceux qui cherchent \u00e0 am\u00e9liorer l'\u00e9lasticit\u00e9 de la peau, \u00e0 r\u00e9duire les rides et \u00e0 promouvoir la vitalit\u00e9 g\u00e9n\u00e9rale de la peau. Ce compos\u00e9 est particuli\u00e8rement connu pour sa capacit\u00e9 \u00e0 promouvoir la synth\u00e8se du collag\u00e8ne, qui est essentielle au maintien d'une peau jeune et r\u00e9sistante. En outre, le GHK-Cu am\u00e9liore la r\u00e9paration des tissus et acc\u00e9l\u00e8re la cicatrisation des plaies, ce qui le rend pr\u00e9cieux pour la recherche cosm\u00e9tique et m\u00e9dicale ax\u00e9e sur la r\u00e9g\u00e9n\u00e9ration de la peau.<\/p>\n<h2>M\u00e9canisme d'action :<\/h2>\n<p>GHK-Cu agit par le biais d'un m\u00e9canisme unique centr\u00e9 sur son r\u00f4le de peptide liant le cuivre. Cela lui permet d'influencer une vari\u00e9t\u00e9 de processus biologiques, en particulier ceux li\u00e9s \u00e0 la r\u00e9paration et \u00e0 la r\u00e9g\u00e9n\u00e9ration de la peau. L'ion cuivre (Cu2+) attach\u00e9 au GHK renforce son activit\u00e9 biologique, ce qui lui permet de stimuler la synth\u00e8se du collag\u00e8ne et des glycosaminoglycanes tout en favorisant l'angiogen\u00e8se (la formation de nouveaux vaisseaux sanguins). Il en r\u00e9sulte une am\u00e9lioration de la structure et de la fonction de la peau, ainsi qu'une acc\u00e9l\u00e9ration de la cicatrisation des plaies. En outre, le GHK-Cu pr\u00e9sente des propri\u00e9t\u00e9s anti-inflammatoires, r\u00e9duisant le stress oxydatif et prot\u00e9geant la peau contre d'autres dommages. Son m\u00e9canisme d'action s\u00e9lectif permet de cibler la matrice extracellulaire, le cadre structurel responsable de l'int\u00e9grit\u00e9 de la peau, sans affecter d'autres tissus, ce qui minimise les effets secondaires potentiels.<\/p>\n<h2>Avantages :<\/h2>\n<p>L'utilisation syst\u00e9matique du GHK-Cu dans les \u00e9tudes de recherche a montr\u00e9 une s\u00e9rie d'avantages impressionnants. Il s'agit notamment d'am\u00e9liorations notables de la fermet\u00e9 et de l'\u00e9lasticit\u00e9 de la peau, d'une r\u00e9duction des rides et ridules et d'une cicatrisation plus rapide des plaies. Les chercheurs ont \u00e9galement constat\u00e9 une meilleure croissance des cheveux, une r\u00e9duction de l'hyperpigmentation et une am\u00e9lioration g\u00e9n\u00e9rale de la texture de la peau. La capacit\u00e9 du peptide \u00e0 r\u00e9guler les enzymes antioxydantes contribue \u00e9galement \u00e0 ses effets protecteurs contre le vieillissement et les dommages environnementaux. Le GHK-Cu est particuli\u00e8rement efficace pour ceux qui se concentrent sur la recherche anti-\u00e2ge, la cicatrisation des plaies et la r\u00e9g\u00e9n\u00e9ration des tissus. Ses applications polyvalentes en font un outil pr\u00e9cieux pour les \u00e9tudes visant \u00e0 explorer de nouvelles th\u00e9rapies en dermatologie et en m\u00e9decine r\u00e9g\u00e9n\u00e9rative.<\/p>\n<h2>Pourquoi Powerock Pharma :<\/h2>\n<p>Chez Powerock Pharma, nous nous engageons \u00e0 fournir des compos\u00e9s de recherche de la plus haute qualit\u00e9 possible. Notre GHK-Cu est produit selon des mesures strictes de contr\u00f4le de la qualit\u00e9, conform\u00e9ment aux normes GMP, HACCP et ISO 13485. Nous veillons \u00e0 ce que chaque lot subisse des tests rigoureux pour v\u00e9rifier sa puret\u00e9, sa puissance et sa coh\u00e9rence. En partenariat avec des laboratoires de premier plan, nous validons l'efficacit\u00e9 de nos produits, en veillant \u00e0 ce qu'ils r\u00e9pondent aux normes rigoureuses requises pour la recherche avanc\u00e9e. Lorsque vous choisissez Powerock Pharma, vous optez pour la fiabilit\u00e9, la s\u00e9curit\u00e9 et des r\u00e9sultats \u00e9prouv\u00e9s. Notre engagement envers l'excellence signifie que vous pouvez faire confiance \u00e0 notre GHK-Cu pour obtenir les r\u00e9sultats constants et de haute qualit\u00e9 que votre recherche exige.<\/p>\n<h3>R\u00e9sum\u00e9 :<\/h3>\n<p>Si vos recherches portent sur la sant\u00e9 de la peau, la lutte contre le vieillissement ou la cicatrisation des plaies, GHK-Cu de Powerock Pharma est le compos\u00e9 id\u00e9al pour vous aider \u00e0 obtenir des r\u00e9sultats r\u00e9volutionnaires. Soutenu par nos contr\u00f4les de qualit\u00e9 rigoureux et notre engagement en mati\u00e8re de s\u00e9curit\u00e9, ce produit est con\u00e7u pour soutenir votre recherche avec des performances constantes et fiables. Ne faites pas de compromis sur la qualit\u00e9 - commandez GHK-Cu d\u00e8s aujourd'hui aupr\u00e8s de Powerock Pharma et faites le premier pas pour faire avancer votre recherche vers de nouveaux sommets.<\/p>","protected":false},"excerpt":{"rendered":"<p>GHK-Cu, un puissant peptide de cuivre, favorise le rajeunissement de la peau en encourageant la synth\u00e8se du collag\u00e8ne et la r\u00e9paration des tissus. Il am\u00e9liore la cicatrisation des plaies, a des effets anti-\u00e2ge et am\u00e9liore l'\u00e9lasticit\u00e9 de la peau. Faites confiance \u00e0 Powerock Pharma pour des r\u00e9sultats de qualit\u00e9 sup\u00e9rieure.<\/p>","protected":false},"featured_media":191,"template":"","meta":{"_acf_changed":false,"rank_math_lock_modified_date":false,"inline_featured_image":false},"product_cat":[17],"product_tag":[],"class_list":{"0":"post-94","1":"product","2":"type-product","3":"status-publish","4":"has-post-thumbnail","6":"product_cat-peptide-lyophilizates","9":"first","10":"instock","11":"shipping-taxable","12":"product-type-simple"},"acf":{"chromatogram":662,"metoda":{"acftf":{"v":"1.3.24"},"p":{"o":{"uh":0},"ca":""},"c":[{"p":""}],"h":[{"c":""}],"b":[[{"c":""}]]}},"_links":{"self":[{"href":"https:\/\/powerockpharma.com\/fr\/wp-json\/wp\/v2\/product\/94","targetHints":{"allow":["GET"]}}],"collection":[{"href":"https:\/\/powerockpharma.com\/fr\/wp-json\/wp\/v2\/product"}],"about":[{"href":"https:\/\/powerockpharma.com\/fr\/wp-json\/wp\/v2\/types\/product"}],"wp:featuredmedia":[{"embeddable":true,"href":"https:\/\/powerockpharma.com\/fr\/wp-json\/wp\/v2\/media\/191"}],"wp:attachment":[{"href":"https:\/\/powerockpharma.com\/fr\/wp-json\/wp\/v2\/media?parent=94"}],"wp:term":[{"taxonomy":"product_cat","embeddable":true,"href":"https:\/\/powerockpharma.com\/fr\/wp-json\/wp\/v2\/product_cat?post=94"},{"taxonomy":"product_tag","embeddable":true,"href":"https:\/\/powerockpharma.com\/fr\/wp-json\/wp\/v2\/product_tag?post=94"}],"curies":[{"name":"wp","href":"https:\/\/api.w.org\/{rel}","templated":true}]}}