{"id":95,"date":"2024-08-04T17:05:17","date_gmt":"2024-08-04T15:05:17","guid":{"rendered":"https:\/\/powerockpharma.com\/?post_type=product&#038;p=95"},"modified":"2025-11-12T07:03:47","modified_gmt":"2025-11-12T06:03:47","slug":"ipamorelin","status":"publish","type":"product","link":"https:\/\/powerockpharma.com\/fr\/peptide-lyophilizates\/ipamorelin\/","title":{"rendered":"IPAMORELIN"},"content":{"rendered":"<h2>Propri\u00e9t\u00e9s :<\/h2>\n<p>L'ipamor\u00e9line est un puissant peptide lib\u00e9rant l'hormone de croissance (GHRP) qui a gagn\u00e9 en popularit\u00e9 pour sa capacit\u00e9 \u00e0 am\u00e9liorer la croissance musculaire, \u00e0 favoriser la perte de graisse et \u00e0 soutenir les performances physiques globales. Ce compos\u00e9 est particuli\u00e8rement appr\u00e9ci\u00e9 des chercheurs et des athl\u00e8tes en raison de son action cibl\u00e9e et de ses effets secondaires minimes. L'ipamor\u00e9line agit en stimulant l'hypophyse pour qu'elle lib\u00e8re l'hormone de croissance (GH), qui joue un r\u00f4le crucial dans la r\u00e9gulation de la composition corporelle, de la masse musculaire et du m\u00e9tabolisme des graisses. Contrairement aux autres GHRP, l'ipamor\u00e9line poss\u00e8de un m\u00e9canisme d'action tr\u00e8s s\u00e9lectif, qui entra\u00eene des changements physiologiques significatifs sans effets ind\u00e9sirables tels qu'une augmentation de l'app\u00e9tit ou de la production de cortisol.<\/p>\n<h2>M\u00e9canisme d'action :<\/h2>\n<p>L'action de l'ipamor\u00e9line est centr\u00e9e sur sa capacit\u00e9 \u00e0 se lier s\u00e9lectivement au r\u00e9cepteur de la ghr\u00e9line, ce qui d\u00e9clenche la lib\u00e9ration de l'hormone de croissance par l'hypophyse. Cette augmentation des niveaux de GH favorise une cascade d'effets anabolisants, notamment une meilleure synth\u00e8se des prot\u00e9ines, une croissance musculaire acc\u00e9l\u00e9r\u00e9e et une meilleure oxydation des graisses. Contrairement aux st\u00e9ro\u00efdes anabolisants traditionnels, le m\u00e9canisme s\u00e9lectif de l'ipamor\u00e9line garantit que ses effets se concentrent principalement sur le tissu musculaire, avec un impact minimal sur d'autres organes ou syst\u00e8mes. Cette s\u00e9lectivit\u00e9 r\u00e9duit \u00e9galement le risque d'effets secondaires g\u00e9n\u00e9ralement associ\u00e9s aux s\u00e9cr\u00e9tagogues de la GH non s\u00e9lectifs, ce qui en fait une option plus s\u00fbre pour une utilisation \u00e0 long terme.<\/p>\n<h2>Avantages :<\/h2>\n<p>L'utilisation r\u00e9guli\u00e8re de l'ipamor\u00e9line dans le cadre de recherches a permis d'obtenir des augmentations notables de la masse musculaire maigre, des gains de force et des temps de r\u00e9cup\u00e9ration acc\u00e9l\u00e9r\u00e9s. En outre, l'ipamor\u00e9line favorise la perte de graisse en augmentant la lipolyse, ce qui en fait un compos\u00e9 id\u00e9al pour les cycles de coupe. Les chercheurs ont \u00e9galement observ\u00e9 des b\u00e9n\u00e9fices secondaires, tels que l'am\u00e9lioration de la qualit\u00e9 du sommeil, de l'humeur et des niveaux d'\u00e9nergie, probablement en raison de l'augmentation globale de l'hormone de croissance. L'ipamorelin est donc particuli\u00e8rement efficace pour les bodybuilders, les athl\u00e8tes et les personnes qui cherchent \u00e0 am\u00e9liorer leur physique et leurs performances.<\/p>\n<h2>Pourquoi Powerock Pharma :<\/h2>\n<p>Chez Powerock Pharma, nous nous engageons \u00e0 ne fournir que des compos\u00e9s de recherche de la plus haute qualit\u00e9. Notre ipamor\u00e9line est produite dans des installations de pointe qui adh\u00e8rent aux normes GMP, HACCP et ISO 13485 les plus strictes, garantissant que chaque lot est pur, puissant et exempt de contaminants. Nous nous associons \u00e0 des laboratoires de premier plan pour effectuer des tests et une validation rigoureux, de sorte que vous pouvez \u00eatre s\u00fbr que notre Ipamorelin fournira toujours les r\u00e9sultats dont vous avez besoin pour votre recherche. Avec Powerock Pharma, vous n'obtenez pas seulement un produit, vous obtenez la tranquillit\u00e9 d'esprit et la confiance que procure le fait de savoir que votre recherche est soutenue par les meilleurs de l'industrie.<\/p>\n<h3>R\u00e9sum\u00e9 :<\/h3>\n<p>Si vous cherchez \u00e0 faire passer vos recherches sur la croissance musculaire et la perte de graisse au niveau sup\u00e9rieur, l'ipamor\u00e9line est la solution qu'il vous faut. Soutenu par les contr\u00f4les de qualit\u00e9 rigoureux de Powerock Pharma, ce produit est con\u00e7u pour vous aider \u00e0 atteindre vos objectifs de recherche de mani\u00e8re s\u00fbre et efficace. Ne vous contentez pas de moins - commandez l'ipamor\u00e9line aujourd'hui et commencez \u00e0 voir les r\u00e9sultats que vous m\u00e9ritez.<\/p>","protected":false},"excerpt":{"rendered":"<p>L'ipamorelin favorise la croissance musculaire et la perte de graisse en stimulant la lib\u00e9ration de l'hormone de croissance. Elle permet d'augmenter la masse musculaire, d'am\u00e9liorer la r\u00e9cup\u00e9ration et le m\u00e9tabolisme des graisses. Choisissez Powerock Pharma pour une qualit\u00e9 in\u00e9gal\u00e9e et des r\u00e9sultats constants.<\/p>","protected":false},"featured_media":198,"template":"","meta":{"_acf_changed":false,"rank_math_lock_modified_date":false,"inline_featured_image":false},"product_cat":[17],"product_tag":[],"class_list":{"0":"post-95","1":"product","2":"type-product","3":"status-publish","4":"has-post-thumbnail","6":"product_cat-peptide-lyophilizates","9":"first","10":"instock","11":"shipping-taxable","12":"product-type-simple"},"acf":{"chromatogram":654,"metoda":{"acftf":{"v":"1.3.24"},"p":{"o":{"uh":0},"ca":""},"c":[{"p":""}],"h":[{"c":""}],"b":[[{"c":""}]]}},"_links":{"self":[{"href":"https:\/\/powerockpharma.com\/fr\/wp-json\/wp\/v2\/product\/95","targetHints":{"allow":["GET"]}}],"collection":[{"href":"https:\/\/powerockpharma.com\/fr\/wp-json\/wp\/v2\/product"}],"about":[{"href":"https:\/\/powerockpharma.com\/fr\/wp-json\/wp\/v2\/types\/product"}],"wp:featuredmedia":[{"embeddable":true,"href":"https:\/\/powerockpharma.com\/fr\/wp-json\/wp\/v2\/media\/198"}],"wp:attachment":[{"href":"https:\/\/powerockpharma.com\/fr\/wp-json\/wp\/v2\/media?parent=95"}],"wp:term":[{"taxonomy":"product_cat","embeddable":true,"href":"https:\/\/powerockpharma.com\/fr\/wp-json\/wp\/v2\/product_cat?post=95"},{"taxonomy":"product_tag","embeddable":true,"href":"https:\/\/powerockpharma.com\/fr\/wp-json\/wp\/v2\/product_tag?post=95"}],"curies":[{"name":"wp","href":"https:\/\/api.w.org\/{rel}","templated":true}]}}