{"id":98,"date":"2024-08-04T17:09:52","date_gmt":"2024-08-04T15:09:52","guid":{"rendered":"https:\/\/powerockpharma.com\/?post_type=product&#038;p=98"},"modified":"2025-11-12T06:59:56","modified_gmt":"2025-11-12T05:59:56","slug":"mt2-melanotan-2","status":"publish","type":"product","link":"https:\/\/powerockpharma.com\/fr\/peptide-lyophilizates\/mt2-melanotan-2\/","title":{"rendered":"MT2 (MELANOTAN 2)"},"content":{"rendered":"<h2>Propri\u00e9t\u00e9s :<\/h2>\n<p>Le m\u00e9lanotan 2 (MT2) est un peptide synth\u00e9tique qui imite l'hormone alpha-m\u00e9lanocytaire stimulante (\u03b1-MSH) dans l'organisme, influen\u00e7ant principalement la pigmentation de la peau. C'est pourquoi le MT2 est tr\u00e8s recherch\u00e9 par les personnes qui souhaitent obtenir une apparence bronz\u00e9e sans exposition prolong\u00e9e au soleil. Au-del\u00e0 de son r\u00f4le dans l'augmentation de la production de m\u00e9lanine, le MT2 a \u00e9galement des effets notables sur la libido et le m\u00e9tabolisme des graisses, ce qui en fait un compos\u00e9 polyvalent pour de multiples applications de recherche.<\/p>\n<h2>M\u00e9canisme d'action :<\/h2>\n<p>Le MT2 agit en se liant aux r\u00e9cepteurs de la m\u00e9lanocortine, en particulier le MC1R, qui se trouvent \u00e0 la surface des m\u00e9lanocytes, les cellules responsables de la production de m\u00e9lanine dans la peau. Lorsqu'ils sont activ\u00e9s, ces r\u00e9cepteurs stimulent la production de m\u00e9lanine, ce qui donne \u00e0 la peau un teint plus fonc\u00e9. Outre la pigmentation de la peau, l'interaction du MT2 avec d'autres r\u00e9cepteurs de la m\u00e9lanocortine, tels que le MC4R, contribue \u00e0 ses effets sur la suppression de l'app\u00e9tit, l'augmentation de l'oxydation des graisses et l'augmentation de l'excitation sexuelle. Cette activit\u00e9 multir\u00e9cepteur permet au MT2 d'offrir des avantages allant au-del\u00e0 du simple bronzage, y compris des r\u00f4les potentiels dans la gestion du poids et l'am\u00e9lioration de la libido.<\/p>\n<h2>Avantages :<\/h2>\n<p>L'utilisation r\u00e9guli\u00e8re de Melanotan 2 permet d'obtenir un bronzage progressif et naturel sans exposition aux UV, ce qui r\u00e9duit consid\u00e9rablement le risque de dommages cutan\u00e9s associ\u00e9s aux m\u00e9thodes de bronzage traditionnelles. En outre, le MT2 peut aider \u00e0 r\u00e9duire la graisse corporelle en favorisant la lipolyse et en contr\u00f4lant l'app\u00e9tit, ce qui en fait un outil pr\u00e9cieux pour la recomposition corporelle. La capacit\u00e9 du compos\u00e9 \u00e0 augmenter la libido et \u00e0 am\u00e9liorer la fonction sexuelle ajoute encore \u00e0 son attrait. Les chercheurs ont trouv\u00e9 le MT2 particuli\u00e8rement efficace dans les \u00e9tudes portant sur les conditions dermatologiques, les dysfonctionnements sexuels et l'ob\u00e9sit\u00e9.<\/p>\n<h2>Pourquoi Powerock Pharma :<\/h2>\n<p>Chez Powerock Pharma, notre d\u00e9vouement \u00e0 la qualit\u00e9 garantit que chaque flacon de Melanotan 2 est produit selon les normes strictes GMP, HACCP et ISO 13485. Nos produits sont soumis \u00e0 des tests rigoureux dans des laboratoires de premier plan afin de v\u00e9rifier leur puret\u00e9, leur puissance et leur s\u00e9curit\u00e9, ce qui garantit aux chercheurs des r\u00e9sultats constants et de haute qualit\u00e9. En choisissant Powerock Pharma, vous optez pour un produit qui r\u00e9pond aux normes les plus \u00e9lev\u00e9es de l'industrie, soutenu par un engagement d'int\u00e9grit\u00e9 scientifique et d'excellence.<\/p>\n<h3>R\u00e9sum\u00e9 :<\/h3>\n<p>Si vous cherchez \u00e0 explorer les avantages d'une meilleure pigmentation de la peau, d'un soutien \u00e0 la libido ou d'une perte de graisse dans votre recherche, Melanotan 2 est un excellent choix. Gr\u00e2ce \u00e0 l'engagement de Powerock Pharma en mati\u00e8re de qualit\u00e9 et de fiabilit\u00e9, ce produit est con\u00e7u pour fournir les r\u00e9sultats que vos \u00e9tudes exigent. Commandez Melanotan 2 d\u00e8s aujourd'hui et faites confiance \u00e0 un produit qui soutient vos objectifs de recherche avec une pr\u00e9cision et une coh\u00e9rence in\u00e9gal\u00e9es.<\/p>","protected":false},"excerpt":{"rendered":"<p>Le Melanotan 2 (MT2) favorise une meilleure pigmentation de la peau en stimulant les r\u00e9cepteurs m\u00e9lanocytaires, offrant ainsi une solution de bronzage sans soleil. Il favorise \u00e9galement l'am\u00e9lioration de la libido et la perte de graisse. Choisissez Powerock Pharma pour sa puret\u00e9 et sa constance.<\/p>","protected":false},"featured_media":205,"template":"","meta":{"_acf_changed":false,"rank_math_lock_modified_date":false,"inline_featured_image":false},"product_cat":[17],"product_tag":[],"class_list":{"0":"post-98","1":"product","2":"type-product","3":"status-publish","4":"has-post-thumbnail","6":"product_cat-peptide-lyophilizates","9":"first","10":"instock","11":"shipping-taxable","12":"product-type-simple"},"acf":{"chromatogram":640,"metoda":{"acftf":{"v":"1.3.24"},"p":{"o":{"uh":0},"ca":""},"c":[{"p":""}],"h":[{"c":""}],"b":[[{"c":""}]]}},"_links":{"self":[{"href":"https:\/\/powerockpharma.com\/fr\/wp-json\/wp\/v2\/product\/98","targetHints":{"allow":["GET"]}}],"collection":[{"href":"https:\/\/powerockpharma.com\/fr\/wp-json\/wp\/v2\/product"}],"about":[{"href":"https:\/\/powerockpharma.com\/fr\/wp-json\/wp\/v2\/types\/product"}],"wp:featuredmedia":[{"embeddable":true,"href":"https:\/\/powerockpharma.com\/fr\/wp-json\/wp\/v2\/media\/205"}],"wp:attachment":[{"href":"https:\/\/powerockpharma.com\/fr\/wp-json\/wp\/v2\/media?parent=98"}],"wp:term":[{"taxonomy":"product_cat","embeddable":true,"href":"https:\/\/powerockpharma.com\/fr\/wp-json\/wp\/v2\/product_cat?post=98"},{"taxonomy":"product_tag","embeddable":true,"href":"https:\/\/powerockpharma.com\/fr\/wp-json\/wp\/v2\/product_tag?post=98"}],"curies":[{"name":"wp","href":"https:\/\/api.w.org\/{rel}","templated":true}]}}