{"id":99,"date":"2024-08-04T17:10:29","date_gmt":"2024-08-04T15:10:29","guid":{"rendered":"https:\/\/powerockpharma.com\/?post_type=product&#038;p=99"},"modified":"2025-11-12T07:00:21","modified_gmt":"2025-11-12T06:00:21","slug":"mt1-melanotan-1","status":"publish","type":"product","link":"https:\/\/powerockpharma.com\/fr\/peptide-lyophilizates\/mt1-melanotan-1\/","title":{"rendered":"MT1 (MELANOTAN 1)"},"content":{"rendered":"<h2>Propri\u00e9t\u00e9s :<\/h2>\n<p>Le Melanotan 1, \u00e9galement connu sous le nom de MT1 ou Melanotropin, est un peptide synth\u00e9tique r\u00e9put\u00e9 pour ses effets puissants sur la pigmentation de la peau. En stimulant la production de m\u00e9lanine, le MT1 est un choix privil\u00e9gi\u00e9 pour les chercheurs qui explorent des solutions de bronzage avanc\u00e9es, moins d\u00e9pendantes de l'exposition aux UV. Ce compos\u00e9 agit en imitant la m\u00e9lanocortine naturelle du corps, qui se lie aux r\u00e9cepteurs de la m\u00e9lanocortine, en particulier le MC1R, ce qui entra\u00eene une augmentation de la production de m\u00e9lanine. Ce processus permet d'obtenir un bronzage plus profond et plus durable, m\u00eame avec une exposition minimale au soleil, ce qui en fait un produit id\u00e9al pour les personnes qui recherchent une meilleure pigmentation et une protection contre les rayons UV.<\/p>\n<h2>M\u00e9canisme d'action :<\/h2>\n<p>L'action du Melanotan 1 est centr\u00e9e sur sa capacit\u00e9 \u00e0 activer le r\u00e9cepteur de la m\u00e9lanocortine 1 (MC1R) sur les m\u00e9lanocytes, les cellules responsables de la production de m\u00e9lanine. En se liant au MC1R, le MT1 augmente effectivement le taux de m\u00e9lanog\u00e9n\u00e8se, ce qui entra\u00eene un assombrissement naturel de la peau. Ce m\u00e9canisme s\u00e9lectif permet de bronzer sans avoir besoin d'une exposition intensive aux UV, ce qui minimise les risques associ\u00e9s aux coups de soleil et aux l\u00e9sions cutan\u00e9es. En outre, le r\u00f4le de MT1 dans la modulation de la r\u00e9ponse de l'organisme aux rayons UV offre des avantages potentiels en mati\u00e8re de protection contre les rayons UV nocifs, r\u00e9duisant ainsi le risque de probl\u00e8mes li\u00e9s \u00e0 la peau tout en favorisant un bronzage sain et uniforme.<\/p>\n<h2>Avantages :<\/h2>\n<p>L'utilisation r\u00e9guli\u00e8re du Melanotan 1 procure toute une s\u00e9rie d'avantages, notamment un bronzage am\u00e9lior\u00e9 et prolong\u00e9, une r\u00e9duction du besoin d'exposition au soleil et une diminution du risque de l\u00e9sions cutan\u00e9es li\u00e9es aux UV. En outre, les utilisateurs peuvent ressentir des avantages secondaires tels qu'une am\u00e9lioration de l'apparence de la peau, une plus grande confiance en soi gr\u00e2ce \u00e0 un teint plus uniforme et des effets protecteurs potentiels contre les rayons UV. Ce compos\u00e9 est particuli\u00e8rement efficace pour les personnes \u00e0 la peau claire qui ont du mal \u00e0 bronzer naturellement, ainsi que pour celles qui cherchent \u00e0 conserver leur bronzage en s'exposant le moins possible au soleil.<\/p>\n<h2>Pourquoi Powerock Pharma :<\/h2>\n<p>Chez Powerock Pharma, notre engagement en faveur de l'excellence garantit que chaque lot de Melanotan 1 est produit dans le cadre de contr\u00f4les de qualit\u00e9 rigoureux qui respectent et d\u00e9passent les normes GMP, HACCP et ISO 13485. Nos proc\u00e9dures de test avanc\u00e9es garantissent que nos produits sont non seulement efficaces, mais aussi s\u00fbrs et fiables pour la recherche. Nous collaborons avec les meilleurs laboratoires pour valider la puret\u00e9 et la puissance de nos produits, de sorte que vous pouvez \u00eatre s\u00fbr que le Melanotan 1 de Powerock Pharma donne des r\u00e9sultats coh\u00e9rents \u00e0 chaque fois. En choisissant Powerock Pharma, vous optez pour une qualit\u00e9, une s\u00e9curit\u00e9 et une fiabilit\u00e9 in\u00e9gal\u00e9es pour vos besoins de recherche.<\/p>\n<h3>R\u00e9sum\u00e9 :<\/h3>\n<p>Si vous cherchez \u00e0 faire avancer vos recherches sur la pigmentation de la peau ou le bronzage, Melanotan 1 est la solution qu'il vous faut. Soutenu par les contr\u00f4les de qualit\u00e9 rigoureux de Powerock Pharma, ce produit est con\u00e7u pour vous aider \u00e0 obtenir des r\u00e9sultats fiables et coh\u00e9rents de mani\u00e8re s\u00fbre et efficace. Ne vous contentez pas de moins - commandez Melanotan 1 d\u00e8s aujourd'hui et assurez-vous que vos recherches aboutissent aux r\u00e9sultats que vous m\u00e9ritez.<\/p>","protected":false},"excerpt":{"rendered":"<p>Le m\u00e9lanotan 1 (MT1) favorise la pigmentation de la peau en stimulant la m\u00e9lanog\u00e9n\u00e8se. Il permet d'am\u00e9liorer le bronzage tout en r\u00e9duisant l'exposition aux UV. Choisissez Powerock Pharma pour une qualit\u00e9 sup\u00e9rieure et des r\u00e9sultats constants.<\/p>","protected":false},"featured_media":204,"template":"","meta":{"_acf_changed":false,"rank_math_lock_modified_date":false,"inline_featured_image":false},"product_cat":[17],"product_tag":[],"class_list":{"0":"post-99","1":"product","2":"type-product","3":"status-publish","4":"has-post-thumbnail","6":"product_cat-peptide-lyophilizates","9":"first","10":"instock","11":"shipping-taxable","12":"product-type-simple"},"acf":{"chromatogram":641,"metoda":""},"_links":{"self":[{"href":"https:\/\/powerockpharma.com\/fr\/wp-json\/wp\/v2\/product\/99","targetHints":{"allow":["GET"]}}],"collection":[{"href":"https:\/\/powerockpharma.com\/fr\/wp-json\/wp\/v2\/product"}],"about":[{"href":"https:\/\/powerockpharma.com\/fr\/wp-json\/wp\/v2\/types\/product"}],"wp:featuredmedia":[{"embeddable":true,"href":"https:\/\/powerockpharma.com\/fr\/wp-json\/wp\/v2\/media\/204"}],"wp:attachment":[{"href":"https:\/\/powerockpharma.com\/fr\/wp-json\/wp\/v2\/media?parent=99"}],"wp:term":[{"taxonomy":"product_cat","embeddable":true,"href":"https:\/\/powerockpharma.com\/fr\/wp-json\/wp\/v2\/product_cat?post=99"},{"taxonomy":"product_tag","embeddable":true,"href":"https:\/\/powerockpharma.com\/fr\/wp-json\/wp\/v2\/product_tag?post=99"}],"curies":[{"name":"wp","href":"https:\/\/api.w.org\/{rel}","templated":true}]}}