{"id":379,"date":"2024-08-22T11:47:10","date_gmt":"2024-08-22T09:47:10","guid":{"rendered":"https:\/\/powerockpharma.com\/?page_id=379"},"modified":"2024-09-19T12:46:52","modified_gmt":"2024-09-19T10:46:52","slug":"about-us","status":"publish","type":"page","link":"https:\/\/powerockpharma.com\/pl\/o-nas\/","title":{"rendered":"O nas"},"content":{"rendered":"<div id=\"cs-content\" class=\"cs-content\"><div class=\"x-section e379-e1 maj-0 maj-1 maj-2\"><div class=\"x-row x-container max width e379-e2 maj-8 maj-9 maj-d maj-e\"><div class=\"x-row-inner\"><div class=\"x-col e379-e3 maj-m maj-n\"><div class=\"x-text x-text-headline e379-e4 maj-q maj-r maj-s maj-t maj-u maj-v\"><div class=\"x-text-content\"><div class=\"x-text-content-text\"><h1 class=\"x-text-content-text-primary\">O nas<\/h1><\/div><\/div><\/div><\/div><\/div><\/div><div class=\"x-row x-container max width e379-e5 maj-8 maj-9 maj-a maj-d maj-f\"><div class=\"x-row-inner\"><div class=\"x-col e379-e6 maj-m maj-o\"><div class=\"x-text x-text-headline e379-e7 maj-r maj-v maj-w maj-x maj-y maj-z maj-10\"><div class=\"x-text-content\"><div class=\"x-text-content-text\"><h2 class=\"x-text-content-text-primary\">Kim jeste\u015bmy<\/h2><\/div><\/div><\/div><div class=\"x-text x-content e379-e8 maj-13 maj-14 maj-15 maj-16 maj-17\">Powerock Pharma to dynamicznie rozwijaj\u0105ca si\u0119 firma medyczna, kt\u00f3ra specjalizuje si\u0119 w produkcji najwy\u017cszej jako\u015bci odczynnik\u00f3w chemicznych i suplement\u00f3w diety. Nasze portfolio produkt\u00f3w obejmuje szerok\u0105 gam\u0119 produkt\u00f3w, takich jak liofilizaty peptydowe, SARM, nootropy, kt\u00f3re wspieraj\u0105 funkcje poznawcze, a tak\u017ce r\u00f3\u017cne formy johimbiny i suplement\u00f3w. Stale poszerzamy nasz\u0105 lini\u0119 produkt\u00f3w, wprowadzaj\u0105c nowe odczynniki chemiczne. Ponadto posiadamy szerok\u0105 gam\u0119 dodatkowych odczynnik\u00f3w dost\u0119pnych na \u017cyczenie klienta.<\/div><\/div><div class=\"x-col e379-e9 maj-m maj-n\"><span class=\"x-image e379-e10 maj-1d maj-1e\"><img decoding=\"async\" src=\"https:\/\/powerockpharma.com\/wp-content\/uploads\/2024\/08\/about-us-power-pharma.webp\" width=\"1000\" height=\"667\" alt=\"O nas power pharma\" loading=\"lazy\"><\/span><\/div><\/div><\/div><\/div><div class=\"x-section e379-e11 maj-0 maj-3 maj-4 maj-5\"><div class=\"x-bg\"><div class=\"x-bg-layer-lower-img\"><img decoding=\"async\" src=\"https:\/\/powerockpharma.com\/wp-content\/uploads\/2024\/08\/our-mission.webp\" alt=\"Image\" loading=\"lazy\" style=\"object-fit: cover; object-position: center;\"\/><\/div><div class=\"x-bg-layer-upper-color\" aria-hidden=\"true\" style=\" background-color: rgba(0, 0, 0, 0.5);\"><\/div><\/div><div class=\"x-row x-container max width e379-e12 maj-9 maj-b maj-d maj-g\"><div class=\"x-row-inner\"><div class=\"x-col e379-e13 maj-m maj-p\"><div class=\"x-text x-text-headline e379-e14 maj-r maj-t maj-w maj-x maj-10 maj-11\"><div class=\"x-text-content\"><div class=\"x-text-content-text\"><h2 class=\"x-text-content-text-primary\">Nasza misja<\/h2><\/div><\/div><\/div><div class=\"x-text x-content e379-e15 maj-13 maj-15 maj-16 maj-18 maj-19\">Nasz\u0105 misj\u0105 jest poprawa zdrowia i samopoczucia poprzez dostarczanie innowacyjnych i skutecznych rozwi\u0105za\u0144 chemicznych i suplement\u00f3w. D\u0105\u017cymy do podnoszenia standard\u00f3w w bran\u017cy farmaceutycznej, stawiaj\u0105c na pierwszym miejscu jako\u015b\u0107, bezpiecze\u0144stwo i skuteczno\u015b\u0107 naszych produkt\u00f3w.<\/div><\/div><div class=\"x-col e379-e16 maj-m maj-p\"><div class=\"x-text x-text-headline e379-e17 maj-r maj-t maj-w maj-x maj-10 maj-11\"><div class=\"x-text-content\"><div class=\"x-text-content-text\"><h2 class=\"x-text-content-text-primary\">Nasza wizja<\/h2><\/div><\/div><\/div><div class=\"x-text x-content e379-e18 maj-13 maj-15 maj-16 maj-18 maj-1a\">Chcemy by\u0107 liderem w dziedzinie biotechnologii i suplementacji, dostarczaj\u0105c produkty spe\u0142niaj\u0105ce najwy\u017csze standardy naszych klient\u00f3w. Wierzymy w moc nauki i technologii, dlatego nieustannie inwestujemy w badania i rozw\u00f3j, aby dostarcza\u0107 najnowocze\u015bniejsze rozwi\u0105zania wspieraj\u0105ce zdrowie.<\/div><\/div><\/div><\/div><\/div><div class=\"x-section e379-e19 maj-0 maj-2 maj-3 maj-4\"><div class=\"x-row x-container max width e379-e20 maj-8 maj-9 maj-d maj-h\"><div class=\"x-row-inner\"><div class=\"x-col e379-e21 maj-m maj-n\"><div class=\"x-text x-text-headline e379-e22 maj-q maj-r maj-v maj-x maj-y maj-z maj-10\"><div class=\"x-text-content\"><div class=\"x-text-content-text\"><h2 class=\"x-text-content-text-primary\">Nasze warto\u015bci<\/h2><\/div><\/div><\/div><\/div><\/div><\/div><div class=\"x-row x-container max width e379-e23 maj-8 maj-9 maj-c maj-d maj-i\"><div class=\"x-row-inner\"><div class=\"x-col e379-e24 maj-m maj-n\"><div class=\"x-grid x-container max width e379-e25 maj-1g maj-1h maj-1i\"><div class=\"x-cell e379-e26 maj-1m maj-1n maj-1o\"><div class=\"x-text x-text-headline e379-e27 maj-r maj-u maj-w maj-y maj-10 maj-12\"><div class=\"x-text-content\"><div class=\"x-text-content-text\"><p class=\"x-text-content-text-primary\">Jako\u015b\u0107<\/p><\/div><\/div><\/div><div class=\"x-text x-content e379-e28 maj-13 maj-14 maj-15 maj-1b\"><p>Ka\u017cdy produkt opuszczaj\u0105cy nasz\u0105 firm\u0119 przechodzi rygorystyczne testy jako\u015bci. My<br \/>\nupewni\u0107 si\u0119, \u017ce nasze produkty s\u0105 bezpieczne i skuteczne.<\/p><\/div><\/div><div class=\"x-cell e379-e29 maj-1m maj-1n maj-1p\"><i class=\"x-icon e379-e30 maj-1z\" aria-hidden=\"true\" data-x-icon-o=\"&#xe41c;\"><\/i><\/div><div class=\"x-cell e379-e31 maj-1m maj-1n maj-1o\"><div class=\"x-text x-text-headline e379-e32 maj-r maj-u maj-w maj-y maj-10 maj-12\"><div class=\"x-text-content\"><div class=\"x-text-content-text\"><p class=\"x-text-content-text-primary\">Innowacja<\/p><\/div><\/div><\/div><div class=\"x-text x-content e379-e33 maj-13 maj-14 maj-15 maj-1b\"><p>Nieustannie poszukujemy nowych metod i technologii, aby ulepszy\u0107 nasze<br \/>\nprodukt\u00f3w i wprowadza\u0107 na rynek innowacyjne rozwi\u0105zania.<\/p><\/div><\/div><div class=\"x-cell e379-e34 maj-1m maj-1n maj-1p\"><i class=\"x-icon e379-e35 maj-1z\" aria-hidden=\"true\" data-x-icon-l=\"&#xe027;\"><\/i><\/div><\/div><\/div><div class=\"x-col x-hide-md x-hide-sm x-hide-xs e379-e36 maj-m maj-n\"><span class=\"x-image e379-e37 maj-1d maj-1e\"><img decoding=\"async\" src=\"https:\/\/powerockpharma.com\/wp-content\/uploads\/2024\/08\/HARDCORE-sarm.webp\" width=\"1200\" height=\"1261\" alt=\"Hardcore sarm\" loading=\"lazy\"><\/span><\/div><div class=\"x-col e379-e38 maj-m maj-n\"><div class=\"x-grid x-container max width e379-e39 maj-1g maj-1h maj-1j maj-1k\"><div class=\"x-cell e379-e40 maj-1m maj-1n maj-1p\"><i class=\"x-icon e379-e41 maj-1z\" aria-hidden=\"true\" data-x-icon-l=\"&#xf4c6;\"><\/i><\/div><div class=\"x-cell e379-e42 maj-1m maj-1n maj-1o\"><div class=\"x-text x-text-headline e379-e43 maj-r maj-u maj-w maj-y maj-10 maj-12\"><div class=\"x-text-content\"><div class=\"x-text-content-text\"><p class=\"x-text-content-text-primary\">Zaufanie<\/p><\/div><\/div><\/div><div class=\"x-text x-content e379-e44 maj-13 maj-14 maj-15 maj-1b\"><p>Budujemy d\u0142ugoterminowe relacje z naszymi klientami w oparciu o przejrzysto\u015b\u0107 i<br \/>\nzaufanie.<\/p><\/div><\/div><div class=\"x-cell e379-e45 maj-1m maj-1n maj-1p\"><i class=\"x-icon e379-e46 maj-1z\" aria-hidden=\"true\" data-x-icon-l=\"&#xf0ac;\"><\/i><\/div><div class=\"x-cell e379-e47 maj-1m maj-1n maj-1o\"><div class=\"x-text x-text-headline e379-e48 maj-r maj-u maj-w maj-y maj-10 maj-12\"><div class=\"x-text-content\"><div class=\"x-text-content-text\"><p class=\"x-text-content-text-primary\">Odpowiedzialno\u015b\u0107<\/p><\/div><\/div><\/div><div class=\"x-text x-content e379-e49 maj-13 maj-14 maj-15 maj-1b\"><p>Jeste\u015bmy odpowiedzialni za wp\u0142yw naszej dzia\u0142alno\u015bci na \u015brodowisko i<br \/>\nspo\u0142ecze\u0144stwo. Dzia\u0142amy zgodnie z najwy\u017cszymi standardami etycznymi i prawnymi.<\/p><\/div><\/div><\/div><\/div><\/div><\/div><\/div><div class=\"x-section e379-e50 maj-0 maj-2 maj-3 maj-6\"><div class=\"x-row x-container max width e379-e51 maj-8 maj-9 maj-d maj-j\"><div class=\"x-row-inner\"><div class=\"x-col e379-e52 maj-m maj-n\"><div class=\"x-text x-text-headline e379-e53 maj-q maj-r maj-v maj-x maj-y maj-z maj-10\"><div class=\"x-text-content\"><div class=\"x-text-content-text\"><h2 class=\"x-text-content-text-primary\">Nasz zesp\u00f3\u0142<\/h2><\/div><\/div><\/div><span class=\"x-image e379-e54 maj-1d maj-1f\"><img decoding=\"async\" src=\"https:\/\/powerockpharma.com\/wp-content\/uploads\/2024\/08\/our-team-powerock-pharma.webp\" width=\"1400\" height=\"785\" alt=\"Nasz zesp\u00f3\u0142 Powerock Pharma\" loading=\"lazy\"><\/span><div class=\"x-text x-content e379-e55 maj-13 maj-14 maj-16 maj-17 maj-1c\"><p>Nasz zesp\u00f3\u0142 sk\u0142ada si\u0119 z do\u015bwiadczonych specjalist\u00f3w z dziedziny chemii, biotechnologii i medycyny, kt\u00f3rzy z pasj\u0105 i zaanga\u017cowaniem tworz\u0105 produkty najwy\u017cszej jako\u015bci. Dzi\u0119ki ich wiedzy i do\u015bwiadczeniu Powerock Pharma jest synonimem innowacyjno\u015bci i niezawodno\u015bci w bran\u017cy farmaceutycznej.<\/p>\n<p>Zapraszamy do wsp\u00f3\u0142pracy i do\u0142\u0105czenia do grona zadowolonych klient\u00f3w Powerock Pharma, gdzie jako\u015b\u0107 i innowacyjno\u015b\u0107 id\u0105 w parze z zaanga\u017cowaniem w zdrowie i dobre samopoczucie naszych u\u017cytkownik\u00f3w.<\/p><\/div><\/div><\/div><\/div><\/div><div class=\"x-section e379-e56 maj-0 maj-2 maj-3 maj-7\"><div class=\"x-row x-container max width e379-e57 maj-8 maj-9 maj-d maj-k\"><div class=\"x-row-inner\"><div class=\"x-col e379-e58 maj-m maj-n\"><div class=\"x-text x-text-headline e379-e59 maj-q maj-r maj-v maj-x maj-y maj-z maj-10\"><div class=\"x-text-content\"><div class=\"x-text-content-text\"><h2 class=\"x-text-content-text-primary\">Nasze produkty<\/h2><\/div><\/div><\/div><\/div><\/div><\/div><div class=\"x-row x-container max width e379-e60 maj-8 maj-9 maj-d maj-l\"><div class=\"x-row-inner\"><div class=\"x-col e379-e61 maj-m maj-n\"><div class=\"x-grid x-container max width e379-e62 maj-1g maj-1j maj-1l\"><div class=\"x-cell e379-e63 maj-1n maj-1o maj-1q maj-1r maj-1s\"><a class=\"x-div e379-e64 maj-20\" href=\"\/pl\/peptide-lyophilizates\/\"><div class=\"x-text x-text-headline e379-e65 maj-r maj-u maj-w maj-y maj-10 maj-12\"><div class=\"x-text-content\"><div class=\"x-text-content-text\"><p class=\"x-text-content-text-primary\">Liofilizaty peptyd\u00f3w<\/p><\/div><\/div><\/div><div class=\"x-text x-content e379-e66 maj-13 maj-14 maj-15 maj-1b\"><p>Kluczowe narz\u0119dzia w badaniach naukowych i medycynie, oferuj\u0105ce szerokie\nzastosowa\u0144 w diagnostyce i terapii.<\/p><\/div><\/a><\/div><div class=\"x-cell e379-e67 maj-1n maj-1o maj-1r maj-1s maj-1t maj-1u\"><a class=\"x-div e379-e68 maj-20\" href=\"\/pl\/sarms\/\"><div class=\"x-text x-text-headline e379-e69 maj-r maj-u maj-w maj-y maj-10 maj-12\"><div class=\"x-text-content\"><div class=\"x-text-content-text\"><p class=\"x-text-content-text-primary\">SARM<\/p><\/div><\/div><\/div><div class=\"x-text x-content e379-e70 maj-13 maj-14 maj-15 maj-1b\"><p>Selektywne modulatory receptora androgenowego z zastosowaniami w budowaniu mi\u0119\u015bni i terapii r\u00f3\u017cnych schorze\u0144.<\/p><\/div><\/a><\/div><div class=\"x-cell e379-e71 maj-1n maj-1o maj-1r maj-1u maj-1v maj-1w\"><a class=\"x-div e379-e72 maj-20\" href=\"\/pl\/nootropics\/\"><div class=\"x-text x-text-headline e379-e73 maj-r maj-u maj-w maj-y maj-10 maj-12\"><div class=\"x-text-content\"><div class=\"x-text-content-text\"><p class=\"x-text-content-text-primary\">Nootropy<\/p><\/div><\/div><\/div><div class=\"x-text x-content e379-e74 maj-13 maj-14 maj-15 maj-1b\">Substancje, kt\u00f3re wspieraj\u0105 funkcje poznawcze, pami\u0119\u0107 i koncentracj\u0119, idealne\ndla os\u00f3b poszukuj\u0105cych wsparcia intelektualnego, pomagaj\u0105c zwi\u0119kszy\u0107 produktywno\u015b\u0107 i jasno\u015b\u0107 umys\u0142u.<\/div><\/a><\/div><div class=\"x-cell e379-e75 maj-1n maj-1o maj-1r maj-1u maj-1w maj-1x\"><div class=\"x-div e379-e76 maj-20\"><div class=\"x-text x-text-headline e379-e77 maj-r maj-u maj-w maj-y maj-10 maj-12\"><div class=\"x-text-content\"><div class=\"x-text-content-text\"><p class=\"x-text-content-text-primary\">Johimbina<\/p><\/div><\/div><\/div><div class=\"x-text x-content e379-e78 maj-13 maj-14 maj-15 maj-1b\">Naturalny alkaloid, stosowany jako suplement diety w celu redukcji tkanki t\u0142uszczowej i poprawy wydolno\u015bci fizycznej.<\/div><\/div><\/div><div class=\"x-cell e379-e79 maj-1n maj-1o maj-1r maj-1u maj-1w maj-1y\"><div class=\"x-div e379-e80 maj-20\"><div class=\"x-text x-text-headline e379-e81 maj-r maj-u maj-w maj-y maj-10 maj-12\"><div class=\"x-text-content\"><div class=\"x-text-content-text\"><p class=\"x-text-content-text-primary\">Inne odczynniki<\/p><\/div><\/div><\/div><div class=\"x-text x-content e379-e82 maj-13 maj-14 maj-15 maj-1b\"><p>Stale poszerzamy nasz\u0105 lini\u0119 produkt\u00f3w, wprowadzaj\u0105c nowe odczynniki chemiczne.\nodczynniki chemiczne. Ponadto posiadamy szerok\u0105 gam\u0119 dodatkowych odczynnik\u00f3w dost\u0119pnych na \u017cyczenie klienta.<\/p><\/div><\/div><\/div><\/div><\/div><\/div><\/div><\/div><\/div>","protected":false},"excerpt":{"rendered":"<p>About usWho we arePowerock Pharma is a rapidly growing medical company that specializes in the production of top-quality chemical reagents and dietary supplements. Our product portfolio includes a wide range of products such as peptide lyophilizates, SARMs, nootropics, which support cognitive function, and various forms of yohimbine and supplements. We are constantly expanding our product line by introducing new chemical &#8230; <\/p>\n<div><a href=\"https:\/\/powerockpharma.com\/pl\/o-nas\/\" class=\"more-link\">Read More<\/a><\/div>","protected":false},"author":1,"featured_media":0,"parent":0,"menu_order":0,"comment_status":"closed","ping_status":"closed","template":"template-blank-4.php","meta":{"_acf_changed":false,"rank_math_lock_modified_date":false,"inline_featured_image":false,"footnotes":""},"class_list":["post-379","page","type-page","status-publish","hentry","no-post-thumbnail"],"acf":[],"_links":{"self":[{"href":"https:\/\/powerockpharma.com\/pl\/wp-json\/wp\/v2\/pages\/379","targetHints":{"allow":["GET"]}}],"collection":[{"href":"https:\/\/powerockpharma.com\/pl\/wp-json\/wp\/v2\/pages"}],"about":[{"href":"https:\/\/powerockpharma.com\/pl\/wp-json\/wp\/v2\/types\/page"}],"author":[{"embeddable":true,"href":"https:\/\/powerockpharma.com\/pl\/wp-json\/wp\/v2\/users\/1"}],"replies":[{"embeddable":true,"href":"https:\/\/powerockpharma.com\/pl\/wp-json\/wp\/v2\/comments?post=379"}],"version-history":[{"count":11,"href":"https:\/\/powerockpharma.com\/pl\/wp-json\/wp\/v2\/pages\/379\/revisions"}],"predecessor-version":[{"id":412,"href":"https:\/\/powerockpharma.com\/pl\/wp-json\/wp\/v2\/pages\/379\/revisions\/412"}],"wp:attachment":[{"href":"https:\/\/powerockpharma.com\/pl\/wp-json\/wp\/v2\/media?parent=379"}],"curies":[{"name":"wp","href":"https:\/\/api.w.org\/{rel}","templated":true}]}}