{"id":416,"date":"2024-08-23T07:31:15","date_gmt":"2024-08-23T05:31:15","guid":{"rendered":"https:\/\/powerockpharma.com\/?page_id=416"},"modified":"2024-08-24T12:54:22","modified_gmt":"2024-08-24T10:54:22","slug":"quality-control","status":"publish","type":"page","link":"https:\/\/powerockpharma.com\/pl\/kontrola-jakosci\/","title":{"rendered":"Kontrola jako\u015bci"},"content":{"rendered":"<div id=\"cs-content\" class=\"cs-content\"><div class=\"x-section e416-e1 mbk-0\"><div class=\"x-row x-container max width e416-e2 mbk-1 mbk-2 mbk-5 mbk-6\"><div class=\"x-row-inner\"><div class=\"x-col e416-e3 mbk-c\"><div class=\"x-text x-text-headline e416-e4 mbk-d mbk-e mbk-f\"><div class=\"x-text-content\"><div class=\"x-text-content-text\"><h1 class=\"x-text-content-text-primary\">Kontrola jako\u015bci<\/h1><\/div><\/div><\/div><\/div><\/div><\/div><div class=\"x-row x-container max width e416-e5 mbk-1 mbk-2 mbk-5 mbk-7\"><div class=\"x-row-inner\"><div class=\"x-col e416-e6 mbk-c\"><div class=\"x-text x-content e416-e7 mbk-i mbk-j\">W Powerock Pharma k\u0142adziemy du\u017cy nacisk na jako\u015b\u0107 naszych produkt\u00f3w. Dzi\u0119ki rygorystycznym standardom i \u015bcis\u0142ym procedurom kontroli jako\u015bci zapewniamy, \u017ce nasze odczynniki chemiczne i suplementy diety spe\u0142niaj\u0105 najwy\u017csze wymogi bezpiecze\u0144stwa i skuteczno\u015bci. Nasza firma przestrzega standard\u00f3w GMP, HACCP i ISO 13485.<\/div><\/div><\/div><\/div><div class=\"x-row x-container max width e416-e8 mbk-1 mbk-3 mbk-5 mbk-8\"><div class=\"x-row-inner\"><div class=\"x-col e416-e9 mbk-c\"><span class=\"x-image e416-e10 mbk-l mbk-m\"><img decoding=\"async\" src=\"https:\/\/powerockpharma.com\/wp-content\/uploads\/2024\/08\/logo-gmp-black.svg\" width=\"300\" height=\"300\" alt=\"Czarny certyfikat GMP\" loading=\"lazy\"><\/span><\/div><div class=\"x-col e416-e11 mbk-c\"><div class=\"x-text x-text-headline e416-e12 mbk-d mbk-g mbk-h\"><div class=\"x-text-content\"><div class=\"x-text-content-text\"><h2 class=\"x-text-content-text-primary\">GMP (Dobra Praktyka Wytwarzania)<\/h2><\/div><\/div><\/div><div class=\"x-text x-content e416-e13 mbk-i mbk-j\"><p><strong>Dobra praktyka produkcyjna (GMP)<\/strong> to zestaw zasad i procedur, kt\u00f3rych nale\u017cy przestrzega\u0107 podczas produkcji lek\u00f3w, suplement\u00f3w diety i odczynnik\u00f3w chemicznych. Przy <strong>Powerock Pharma<\/strong>Przestrzegamy standard\u00f3w GMP, aby zapewni\u0107:<\/p>\n\n<ul>\n \t<li style=\"text-align: left;\">Czysto\u015b\u0107 i higiena w ca\u0142ym procesie produkcyjnym.<\/li>\n \t<li style=\"text-align: left;\">Rygorystyczna kontrola jako\u015bci na ka\u017cdym etapie produkcji.<\/li>\n \t<li style=\"text-align: left;\">Bezpiecze\u0144stwo i skuteczno\u015b\u0107 naszych produkt\u00f3w.<\/li>\n \t<li style=\"text-align: left;\">Dok\u0142adna dokumentacja wszystkich proces\u00f3w, umo\u017cliwiaj\u0105ca \u015bledzenie ka\u017cdego etapu produkcji.<\/li>\n<\/ul>\n<div id=\"gtx-trans\" style=\"position: absolute; left: 21px; top: 78px;\">\n<div class=\"gtx-trans-icon\"><\/div>\n<\/div><\/div><\/div><\/div><\/div><div class=\"x-row x-container max width e416-e14 mbk-1 mbk-3 mbk-4 mbk-5 mbk-9 haacp-row\"><div class=\"x-row-inner\"><div class=\"x-col e416-e15 mbk-c haacp-row-2\"><div class=\"x-text x-text-headline e416-e16 mbk-d mbk-g mbk-h\"><div class=\"x-text-content\"><div class=\"x-text-content-text\"><h2 class=\"x-text-content-text-primary\">HACCP (analiza zagro\u017ce\u0144 i krytyczne punkty kontroli)<\/h2><\/div><\/div><\/div><div class=\"x-text x-content e416-e17 mbk-i mbk-j\"><p>Zagro\u017cenie <strong>Analiza i krytyczne punkty kontroli (HACCP)<\/strong> to system zarz\u0105dzania zaprojektowany w celu identyfikacji, oceny i kontroli zagro\u017ce\u0144, kt\u00f3re mog\u0105 mie\u0107 wp\u0142yw na bezpiecze\u0144stwo \u017cywno\u015bci. Przy <strong>Powerock Pharma<\/strong>Wdro\u017cyli\u015bmy system HACCP, aby:<\/p>\n\n<ul>\n \t<li style=\"text-align: left;\">Identyfikacja potencjalnych zagro\u017ce\u0144 na ka\u017cdym etapie produkcji.<\/li>\n \t<li style=\"text-align: left;\">Wskazanie krytycznych punkt\u00f3w kontroli, w kt\u00f3rych mo\u017cna skutecznie zarz\u0105dza\u0107 zagro\u017ceniami.<\/li>\n \t<li style=\"text-align: left;\">Monitorowanie krytycznych punkt\u00f3w kontroli i podejmowanie dzia\u0142a\u0144 naprawczych w przypadku wykrycia nieprawid\u0142owo\u015bci.<\/li>\n \t<li style=\"text-align: left;\">Zapewnienie bezpiecze\u0144stwa i najwy\u017cszej jako\u015bci naszych suplement\u00f3w diety.<\/li>\n<\/ul><\/div><\/div><div class=\"x-col e416-e18 mbk-c .haacp-row-1\"><span class=\"x-image e416-e19 mbk-l mbk-m\"><img decoding=\"async\" src=\"https:\/\/powerockpharma.com\/wp-content\/uploads\/2024\/08\/logo-haacp-black.svg\" width=\"300\" height=\"300\" alt=\"Czarny certyfikat HACCP\" loading=\"lazy\"><\/span><\/div><\/div><\/div><div class=\"x-row x-container max width e416-e20 mbk-1 mbk-3 mbk-5 mbk-a\"><div class=\"x-row-inner\"><div class=\"x-col e416-e21 mbk-c\"><span class=\"x-image e416-e22 mbk-l mbk-m\"><img decoding=\"async\" src=\"https:\/\/powerockpharma.com\/wp-content\/uploads\/2024\/08\/logo-iso-black.svg\" width=\"300\" height=\"300\" alt=\"Czarny certyfikat ISO 13485\" loading=\"lazy\"><\/span><\/div><div class=\"x-col e416-e23 mbk-c\"><div class=\"x-text x-text-headline e416-e24 mbk-d mbk-g mbk-h\"><div class=\"x-text-content\"><div class=\"x-text-content-text\"><h2 class=\"x-text-content-text-primary\">Certyfikat ISO 13485<\/h2><\/div><\/div><\/div><div class=\"x-text x-content e416-e25 mbk-i mbk-j\"><p>ISO 13485 to mi\u0119dzynarodowy standard system\u00f3w zarz\u0105dzania jako\u015bci\u0105 w bran\u017cy medycznej. Certyfikat ISO 13485 potwierdza, \u017ce Powerock Pharma:<\/p>\n\n<ul>\n \t<li style=\"text-align: left;\">Przestrzega \u015bcis\u0142ych procedur zarz\u0105dzania jako\u015bci\u0105.<\/li>\n \t<li style=\"text-align: left;\">Utrzymuje wysokie standardy produkcji niezb\u0119dne w bran\u017cy medycznej.<\/li>\n \t<li style=\"text-align: left;\">Zapewnia zgodno\u015b\u0107 z wymogami prawnymi i regulacyjnymi dotycz\u0105cymi urz\u0105dze\u0144 medycznych.<\/li>\n \t<li style=\"text-align: left;\">Przeprowadza systematyczne audyty i inspekcje w celu ci\u0105g\u0142ego doskonalenia proces\u00f3w.<\/li>\n<\/ul><\/div><\/div><\/div><\/div><div class=\"x-row x-container max width e416-e26 mbk-1 mbk-2 mbk-5 mbk-b\"><div class=\"x-row-inner\"><div class=\"x-col e416-e27 mbk-c\"><div class=\"x-text x-text-headline e416-e28 mbk-d mbk-f mbk-g\"><div class=\"x-text-content\"><div class=\"x-text-content-text\"><h2 class=\"x-text-content-text-primary\">W Powerock Pharma:<\/h2><\/div><\/div><\/div><span class=\"x-image e416-e29 mbk-l mbk-n\"><img decoding=\"async\" src=\"https:\/\/powerockpharma.com\/wp-content\/uploads\/2024\/08\/what-we-do.webp\" width=\"1300\" height=\"500\" alt=\"co robimy\" loading=\"lazy\"><\/span><div class=\"x-text x-content e416-e30 mbk-j mbk-k\"><div class=\"timeline\">\n<div class=\"timeline-item\">\n<div class=\"circle\"><i class=\"fa-solid fa-user-graduate\"><\/i><\/div>\n<div class=\"content\">\n<h3>Szkolimy naszych pracownik\u00f3w<\/h3>\n<p>Szkolimy naszych pracownik\u00f3w w zakresie najnowszych standard\u00f3w jako\u015bci i procedur.<\/p>\n\n<\/div>\n<\/div>\n<div class=\"timeline-item\">\n<div class=\"circle\"><i class=\"fa-solid fa-vials\"><\/i><\/div>\n<div class=\"content\">\n<h3>Inwestujemy w technologi\u0119<\/h3>\n<p>Inwestujemy w najnowocze\u015bniejsz\u0105 technologi\u0119 i sprz\u0119t do precyzyjnej kontroli jako\u015bci.<\/p>\n\n<\/div>\n<\/div>\n<div class=\"timeline-item\">\n<div class=\"circle\"><i class=\"fa-solid fa-microscope\"><\/i><\/div>\n<div class=\"content\">\n<h3>Wsp\u00f3\u0142pracujemy zewn\u0119trznie<\/h3>\n<p>Wsp\u00f3\u0142pracujemy z zewn\u0119trznymi laboratoriami i ekspertami, aby zapewni\u0107 niezale\u017cn\u0105 ocen\u0119 naszych produkt\u00f3w.<\/p>\n\n<\/div>\n<\/div>\n<div class=\"timeline-item\">\n<div class=\"circle\"><i class=\"fa-solid fa-shield-alt\"><\/i><\/div>\n<div class=\"content\">\n<h3>D\u0105\u017cymy do doskona\u0142o\u015bci<\/h3>\n<p>Nieustannie d\u0105\u017cymy do doskona\u0142o\u015bci, aby dostarcza\u0107 naszym klientom produkty, kt\u00f3rym mog\u0105 zaufa\u0107.<\/p>\n\n<\/div>\n<\/div>\n<\/div><\/div><div class=\"x-text x-content e416-e31 mbk-j mbk-k\"><div class=\"quality-banner\">\n    Poprzez wdro\u017cenie i \u015bcis\u0142e przestrzeganie <strong>GMP<\/strong>, <strong>HACCP<\/strong>oraz <strong>ISO 13485<\/strong> Powerock Pharma zapewnia, \u017ce ka\u017cdy produkt opuszczaj\u0105cy nasze zak\u0142ady jest bezpieczny, skuteczny i najwy\u017cszej jako\u015bci.\n<\/div>\n<\/div><\/div><\/div><\/div><\/div><\/div>","protected":false},"excerpt":{"rendered":"<p>Quality controlAt Powerock Pharma, we place great emphasis on the quality of our products. Through rigorous standards and strict quality control procedures, we ensure that our chemical reagents and dietary supplements meet the highest safety and efficacy requirements. Our company adheres to GMP, HACCP, and ISO 13485 standards.GMP (Good Manufacturing Practice)Good Manufacturing Practice (GMP) is a set of rules and &#8230; <\/p>\n<div><a href=\"https:\/\/powerockpharma.com\/pl\/kontrola-jakosci\/\" class=\"more-link\">Read More<\/a><\/div>","protected":false},"author":1,"featured_media":0,"parent":0,"menu_order":0,"comment_status":"closed","ping_status":"closed","template":"template-blank-4.php","meta":{"_acf_changed":false,"rank_math_lock_modified_date":false,"inline_featured_image":false,"footnotes":""},"class_list":["post-416","page","type-page","status-publish","hentry","no-post-thumbnail"],"acf":[],"_links":{"self":[{"href":"https:\/\/powerockpharma.com\/pl\/wp-json\/wp\/v2\/pages\/416","targetHints":{"allow":["GET"]}}],"collection":[{"href":"https:\/\/powerockpharma.com\/pl\/wp-json\/wp\/v2\/pages"}],"about":[{"href":"https:\/\/powerockpharma.com\/pl\/wp-json\/wp\/v2\/types\/page"}],"author":[{"embeddable":true,"href":"https:\/\/powerockpharma.com\/pl\/wp-json\/wp\/v2\/users\/1"}],"replies":[{"embeddable":true,"href":"https:\/\/powerockpharma.com\/pl\/wp-json\/wp\/v2\/comments?post=416"}],"version-history":[{"count":5,"href":"https:\/\/powerockpharma.com\/pl\/wp-json\/wp\/v2\/pages\/416\/revisions"}],"predecessor-version":[{"id":430,"href":"https:\/\/powerockpharma.com\/pl\/wp-json\/wp\/v2\/pages\/416\/revisions\/430"}],"wp:attachment":[{"href":"https:\/\/powerockpharma.com\/pl\/wp-json\/wp\/v2\/media?parent=416"}],"curies":[{"name":"wp","href":"https:\/\/api.w.org\/{rel}","templated":true}]}}