{"id":100,"date":"2024-08-04T17:10:52","date_gmt":"2024-08-04T15:10:52","guid":{"rendered":"https:\/\/powerockpharma.com\/?post_type=product&#038;p=100"},"modified":"2025-11-12T07:05:15","modified_gmt":"2025-11-12T06:05:15","slug":"ghrp-6","status":"publish","type":"product","link":"https:\/\/powerockpharma.com\/pl\/peptide-lyophilizates\/ghrp-6\/","title":{"rendered":"GHRP-6"},"content":{"rendered":"<h2>W\u0142a\u015bciwo\u015bci:<\/h2>\n<p>GHRP-6, czyli peptyd uwalniaj\u0105cy hormon wzrostu 6, jest silnym peptydem znanym ze swojego znacz\u0105cego wp\u0142ywu na uwalnianie hormonu wzrostu, co czyni go cennym narz\u0119dziem w badaniach koncentruj\u0105cych si\u0119 na wzro\u015bcie mi\u0119\u015bni, utracie tkanki t\u0142uszczowej i og\u00f3lnej poprawie fizycznej. Zwi\u0105zek ten jest szczeg\u00f3lnie popularny w\u015br\u00f3d naukowc\u00f3w badaj\u0105cych zaawansowane metody poprawy sylwetki i wydajno\u015bci. Na\u015bladuj\u0105c grelin\u0119, GHRP-6 skutecznie stymuluje przysadk\u0119 m\u00f3zgow\u0105 do uwalniania hormonu wzrostu, co prowadzi do kilku po\u017c\u0105danych efekt\u00f3w fizjologicznych, takich jak zwi\u0119kszona synteza bia\u0142ek, zwi\u0119kszona regeneracja mi\u0119\u015bni i redukcja tkanki t\u0142uszczowej.<\/p>\n<h2>Mechanizm dzia\u0142ania:<\/h2>\n<p>Podstawowy mechanizm dzia\u0142ania GHRP-6 obejmuje stymulacj\u0119 przysadki m\u00f3zgowej, kt\u00f3ra zwi\u0119ksza wydzielanie endogennego hormonu wzrostu. Dzia\u0142anie to nie tylko promuje wzrost mi\u0119\u015bni poprzez przyspieszenie syntezy bia\u0142ek, ale tak\u017ce zwi\u0119ksza lipoliz\u0119, wspomagaj\u0105c utrat\u0119 t\u0142uszczu. Dodatkowo, uwalnianie hormonu wzrostu ma wt\u00f3rny wp\u0142yw na popraw\u0119 jako\u015bci snu, wzmocnienie funkcji odporno\u015bciowych i promowanie og\u00f3lnego samopoczucia. W przeciwie\u0144stwie do syntetycznych \u015brodk\u00f3w anabolicznych, GHRP-6 wsp\u00f3\u0142pracuje z naturalnymi procesami organizmu, zmniejszaj\u0105c prawdopodobie\u0144stwo wyst\u0105pienia niepo\u017c\u0105danych skutk\u00f3w ubocznych, zapewniaj\u0105c jednocze\u015bnie ukierunkowane korzy\u015bci. To selektywne dzia\u0142anie zapewnia, \u017ce peptyd wp\u0142ywa przede wszystkim na tkanki zaanga\u017cowane we wzrost i regeneracj\u0119, minimalizuj\u0105c wp\u0142yw na inne uk\u0142ady.<\/p>\n<h2>Korzy\u015bci:<\/h2>\n<p>Regularne stosowanie GHRP-6 w warunkach badawczych wykaza\u0142o znaczny wzrost bezt\u0142uszczowej masy mi\u0119\u015bniowej, zwi\u0119kszon\u0105 si\u0142\u0119 i przyspieszony czas regeneracji. Ponadto peptyd wykaza\u0142 skuteczno\u015b\u0107 w redukcji tkanki t\u0142uszczowej, poprawie wzorc\u00f3w snu i wzmocnieniu uk\u0142adu odporno\u015bciowego. Naukowcy koncentruj\u0105cy si\u0119 na zwi\u0119kszaniu wydajno\u015bci, przeciwdzia\u0142aniu starzeniu si\u0119 i badaniach metabolicznych mog\u0105 uzna\u0107 GHRP-6 za szczeg\u00f3lnie skuteczny ze wzgl\u0119du na jego szerokie korzy\u015bci. Co wi\u0119cej, zdolno\u015b\u0107 zwi\u0105zku do poprawy elastyczno\u015bci sk\u00f3ry i promowania gojenia czyni go wszechstronnym dodatkiem do r\u00f3\u017cnych protoko\u0142\u00f3w badawczych.<\/p>\n<h2>Dlaczego Powerock Pharma:<\/h2>\n<p>W Powerock Pharma stawiamy na doskona\u0142o\u015b\u0107 i bezpiecze\u0144stwo ka\u017cdego wytwarzanego produktu. Nasz GHRP-6 jest produkowany w najnowocze\u015bniejszych zak\u0142adach, kt\u00f3re spe\u0142niaj\u0105 najwy\u017csze standardy bran\u017cowe, w tym certyfikaty GMP, HACCP i ISO 13485. Ka\u017cda partia jest poddawana rygorystycznym testom, aby zapewni\u0107 czysto\u015b\u0107, moc i sp\u00f3jno\u015b\u0107, umo\u017cliwiaj\u0105c badaczom uzyskanie wiarygodnych wynik\u00f3w. Wsp\u00f3\u0142pracujemy z wiod\u0105cymi laboratoriami w celu walidacji naszych produkt\u00f3w, zapewniaj\u0105c, \u017ce otrzymujesz peptyd spe\u0142niaj\u0105cy najwy\u017csze standardy jako\u015bci i skuteczno\u015bci. Wybieraj\u0105c Powerock Pharma, wybierasz produkt, kt\u00f3remu ufaj\u0105 naukowcy na ca\u0142ym \u015bwiecie ze wzgl\u0119du na jego integralno\u015b\u0107 i wydajno\u015b\u0107.<\/p>\n<h3>Podsumowanie:<\/h3>\n<p>Je\u015bli twoje badania maj\u0105 na celu zbadanie zaawansowanych metod wzrostu mi\u0119\u015bni, redukcji tkanki t\u0142uszczowej lub og\u00f3lnego wzmocnienia fizycznego, GHRP-6 od Powerock Pharma jest idealnym wyborem. Wspierany przez nasze rygorystyczne \u015brodki kontroli jako\u015bci i produkowany zgodnie z najwy\u017cszymi standardami, peptyd ten zapewnia wiarygodne wyniki, kt\u00f3rych potrzebujesz. Podnie\u015b poziom swoich bada\u0144, zamawiaj\u0105c GHRP-6 ju\u017c dzi\u015b i do\u015bwiadcz r\u00f3\u017cnicy, jak\u0105 mo\u017ce zapewni\u0107 najwy\u017csza jako\u015b\u0107.<\/p>","protected":false},"excerpt":{"rendered":"<p>GHRP-6 zwi\u0119ksza wzrost i regeneracj\u0119 mi\u0119\u015bni poprzez stymulacj\u0119 uwalniania hormonu wzrostu. Pomaga w utracie t\u0142uszczu, poprawie snu i funkcji odporno\u015bciowych. Zaufaj Powerock Pharma, aby uzyska\u0107 najwy\u017csz\u0105 jako\u015b\u0107 i wiarygodne wyniki bada\u0144.<\/p>","protected":false},"featured_media":195,"template":"","meta":{"_acf_changed":false,"rank_math_lock_modified_date":false,"inline_featured_image":false},"product_cat":[17],"product_tag":[],"class_list":{"0":"post-100","1":"product","2":"type-product","3":"status-publish","4":"has-post-thumbnail","6":"product_cat-peptide-lyophilizates","9":"first","10":"instock","11":"shipping-taxable","12":"product-type-simple"},"acf":{"chromatogram":659,"metoda":{"acftf":{"v":"1.3.24"},"p":{"o":{"uh":0},"ca":""},"c":[{"p":""}],"h":[{"c":""}],"b":[[{"c":""}]]}},"_links":{"self":[{"href":"https:\/\/powerockpharma.com\/pl\/wp-json\/wp\/v2\/product\/100","targetHints":{"allow":["GET"]}}],"collection":[{"href":"https:\/\/powerockpharma.com\/pl\/wp-json\/wp\/v2\/product"}],"about":[{"href":"https:\/\/powerockpharma.com\/pl\/wp-json\/wp\/v2\/types\/product"}],"wp:featuredmedia":[{"embeddable":true,"href":"https:\/\/powerockpharma.com\/pl\/wp-json\/wp\/v2\/media\/195"}],"wp:attachment":[{"href":"https:\/\/powerockpharma.com\/pl\/wp-json\/wp\/v2\/media?parent=100"}],"wp:term":[{"taxonomy":"product_cat","embeddable":true,"href":"https:\/\/powerockpharma.com\/pl\/wp-json\/wp\/v2\/product_cat?post=100"},{"taxonomy":"product_tag","embeddable":true,"href":"https:\/\/powerockpharma.com\/pl\/wp-json\/wp\/v2\/product_tag?post=100"}],"curies":[{"name":"wp","href":"https:\/\/api.w.org\/{rel}","templated":true}]}}