{"id":101,"date":"2024-08-04T17:11:22","date_gmt":"2024-08-04T15:11:22","guid":{"rendered":"https:\/\/powerockpharma.com\/?post_type=product&#038;p=101"},"modified":"2025-11-12T07:05:29","modified_gmt":"2025-11-12T06:05:29","slug":"ghrp-2","status":"publish","type":"product","link":"https:\/\/powerockpharma.com\/pl\/peptide-lyophilizates\/ghrp-2\/","title":{"rendered":"GHRP-2"},"content":{"rendered":"<h2>W\u0142a\u015bciwo\u015bci:<\/h2>\n<p>GHRP-2 (Growth Hormone Releasing Peptide-2) to silny \u015brodek pobudzaj\u0105cy wydzielanie hormonu wzrostu, znany ze swojego znacz\u0105cego wp\u0142ywu na zwi\u0119kszenie masy mi\u0119\u015bniowej, redukcj\u0119 tkanki t\u0142uszczowej i popraw\u0119 og\u00f3lnej wydolno\u015bci fizycznej. Peptyd ten jest powszechnie znany ze swojej zdolno\u015bci do stymulowania przysadki m\u00f3zgowej w celu zwi\u0119kszenia naturalnego wydzielania hormonu wzrostu (GH), co prowadzi do kaskady efekt\u00f3w anabolicznych w organizmie. Zwi\u0119kszaj\u0105c poziom GH, GHRP-2 promuje syntez\u0119 bia\u0142ek, kt\u00f3ra odgrywa kluczow\u0105 rol\u0119 w rozwoju i regeneracji mi\u0119\u015bni. Dodatkowo pomaga w rozk\u0142adzie tkanki t\u0142uszczowej, dzi\u0119ki czemu jest skutecznym narz\u0119dziem dla os\u00f3b chc\u0105cych zredukowa\u0107 tkank\u0119 t\u0142uszczow\u0105 przy jednoczesnym zachowaniu bezt\u0142uszczowej masy mi\u0119\u015bniowej.<\/p>\n<h2>Mechanizm dzia\u0142ania:<\/h2>\n<p>Dzia\u0142anie GHRP-2 opiera si\u0119 na jego zdolno\u015bci do wi\u0105zania si\u0119 ze specyficznymi receptorami w przysadce m\u00f3zgowej, co stymuluje wydzielanie hormonu wzrostu. Ten wzrost poziomu GH zwi\u0119ksza nast\u0119pnie produkcj\u0119 insulinopodobnego czynnika wzrostu 1 (IGF-1) w w\u0105trobie, kt\u00f3ry jest bezpo\u015brednio odpowiedzialny za wiele efekt\u00f3w anabolicznych zwi\u0105zanych z GH. Peptyd hamuje r\u00f3wnie\u017c somatostatyn\u0119, hormon, kt\u00f3ry zwykle hamuje uwalnianie GH, zapewniaj\u0105c w ten spos\u00f3b sta\u0142y poziom GH. Ten podw\u00f3jny mechanizm stymulowania uwalniania GH i hamowania somatostatyny sprawia, \u017ce GHRP-2 jest szczeg\u00f3lnie skuteczny w zwi\u0119kszaniu masy mi\u0119\u015bniowej, redukcji tkanki t\u0142uszczowej i poprawie czasu regeneracji. Selektywne dzia\u0142anie GHRP-2 zapewnia, \u017ce jest on przede wszystkim ukierunkowany na uwalnianie GH bez znacz\u0105cego wp\u0142ywu na inne hormony, minimalizuj\u0105c ryzyko niepo\u017c\u0105danych skutk\u00f3w ubocznych.<\/p>\n<h2>Korzy\u015bci:<\/h2>\n<p>Konsekwentne stosowanie GHRP-2 w badaniach wykaza\u0142o liczne korzy\u015bci, w tym znaczny wzrost bezt\u0142uszczowej masy mi\u0119\u015bniowej, zwi\u0119kszon\u0105 utrat\u0119 tkanki t\u0142uszczowej, przyspieszony czas regeneracji i popraw\u0119 og\u00f3lnej sprawno\u015bci fizycznej. Efekty te s\u0105 szczeg\u00f3lnie korzystne dla kulturyst\u00f3w, sportowc\u00f3w i os\u00f3b przechodz\u0105cych cykl ci\u0119cia. Opr\u00f3cz dzia\u0142ania anabolicznego, GHRP-2 wi\u0105\u017ce si\u0119 r\u00f3wnie\u017c z popraw\u0105 jako\u015bci snu i zwi\u0119kszon\u0105 elastyczno\u015bci\u0105 sk\u00f3ry, co przyczynia si\u0119 do jego popularno\u015bci w badaniach przeciwstarzeniowych. Naukowcy zaobserwowali, \u017ce osoby stosuj\u0105ce GHRP-2 do\u015bwiadczaj\u0105 lepszego poziomu energii, stabilizacji nastroju i og\u00f3lnego dobrego samopoczucia, co czyni go wszechstronnym zwi\u0105zkiem do r\u00f3\u017cnych zastosowa\u0144 badawczych.<\/p>\n<h2>Dlaczego Powerock Pharma:<\/h2>\n<p>W Powerock Pharma nasze zaanga\u017cowanie w jako\u015b\u0107 jest niezr\u00f3wnane. Ka\u017cda partia GHRP-2 jest produkowana w zak\u0142adach, kt\u00f3re przestrzegaj\u0105 najsurowszych norm GMP, HACCP i ISO 13485, zapewniaj\u0105c, \u017ce otrzymujesz produkt, kt\u00f3ry jest zar\u00f3wno skuteczny, jak i bezpieczny. Nasze zaawansowane protoko\u0142y testowe, prowadzone we wsp\u00f3\u0142pracy z wiod\u0105cymi laboratoriami, gwarantuj\u0105 czysto\u015b\u0107 i si\u0142\u0119 dzia\u0142ania GHRP-2, umo\u017cliwiaj\u0105c badaczom prowadzenie bada\u0144 z pewno\u015bci\u0105. Powerock Pharma stoi za jako\u015bci\u0105 naszych produkt\u00f3w, zapewniaj\u0105c wiarygodne i sp\u00f3jne wyniki dla potrzeb badawczych. Je\u015bli chodzi o GHRP-2, zaufaj Powerock Pharma, aby zapewni\u0107 najwy\u017csze standardy doskona\u0142o\u015bci.<\/p>\n<h3>Podsumowanie:<\/h3>\n<p>Je\u015bli chcesz podnie\u015b\u0107 poziom swoich bada\u0144 nad wzrostem mi\u0119\u015bni, utrat\u0105 tkanki t\u0142uszczowej lub og\u00f3ln\u0105 wydajno\u015bci\u0105 fizyczn\u0105, GHRP-2 jest idealnym peptydem do zbadania. Dzi\u0119ki rygorystycznym \u015brodkom kontroli jako\u015bci Powerock Pharma mo\u017cesz by\u0107 pewien czysto\u015bci i si\u0142y dzia\u0142ania tego zwi\u0105zku, dzi\u0119ki czemu Twoje badania b\u0119d\u0105 zar\u00f3wno skuteczne, jak i wiarygodne. Nie id\u017a na kompromis w kwestii jako\u015bci - zam\u00f3w GHRP-2 od Powerock Pharma ju\u017c dzi\u015b i przenie\u015b swoje badania na wy\u017cszy poziom.<\/p>","protected":false},"excerpt":{"rendered":"<p>GHRP-2 wspomaga uwalnianie hormonu wzrostu poprzez stymulacj\u0119 przysadki m\u00f3zgowej. Oferuje korzy\u015bci, takie jak zwi\u0119kszona masa mi\u0119\u015bniowa, utrata tkanki t\u0142uszczowej i przyspieszona regeneracja. Wybierz Powerock Pharma, aby uzyska\u0107 czysto\u015b\u0107, moc i sp\u00f3jne wyniki.<\/p>","protected":false},"featured_media":193,"template":"","meta":{"_acf_changed":false,"rank_math_lock_modified_date":false,"inline_featured_image":false},"product_cat":[17],"product_tag":[],"class_list":{"0":"post-101","1":"product","2":"type-product","3":"status-publish","4":"has-post-thumbnail","6":"product_cat-peptide-lyophilizates","9":"first","10":"instock","11":"shipping-taxable","12":"product-type-simple"},"acf":{"chromatogram":660,"metoda":{"acftf":{"v":"1.3.24"},"p":{"o":{"uh":0},"ca":""},"c":[{"p":""}],"h":[{"c":""}],"b":[[{"c":""}]]}},"_links":{"self":[{"href":"https:\/\/powerockpharma.com\/pl\/wp-json\/wp\/v2\/product\/101","targetHints":{"allow":["GET"]}}],"collection":[{"href":"https:\/\/powerockpharma.com\/pl\/wp-json\/wp\/v2\/product"}],"about":[{"href":"https:\/\/powerockpharma.com\/pl\/wp-json\/wp\/v2\/types\/product"}],"wp:featuredmedia":[{"embeddable":true,"href":"https:\/\/powerockpharma.com\/pl\/wp-json\/wp\/v2\/media\/193"}],"wp:attachment":[{"href":"https:\/\/powerockpharma.com\/pl\/wp-json\/wp\/v2\/media?parent=101"}],"wp:term":[{"taxonomy":"product_cat","embeddable":true,"href":"https:\/\/powerockpharma.com\/pl\/wp-json\/wp\/v2\/product_cat?post=101"},{"taxonomy":"product_tag","embeddable":true,"href":"https:\/\/powerockpharma.com\/pl\/wp-json\/wp\/v2\/product_tag?post=101"}],"curies":[{"name":"wp","href":"https:\/\/api.w.org\/{rel}","templated":true}]}}