{"id":102,"date":"2024-08-04T17:11:58","date_gmt":"2024-08-04T15:11:58","guid":{"rendered":"https:\/\/powerockpharma.com\/?post_type=product&#038;p=102"},"modified":"2025-11-12T07:08:17","modified_gmt":"2025-11-12T06:08:17","slug":"cjc-1295-dac","status":"publish","type":"product","link":"https:\/\/powerockpharma.com\/pl\/peptide-lyophilizates\/cjc-1295-dac\/","title":{"rendered":"CJC-1295 DAC"},"content":{"rendered":"<h2>W\u0142a\u015bciwo\u015bci:<\/h2>\n<p>CJC-1295 DAC to silny peptyd znany ze swojego znacz\u0105cego wp\u0142ywu na wzrost mi\u0119\u015bni, redukcj\u0119 tkanki t\u0142uszczowej i przeciwdzia\u0142anie starzeniu si\u0119. Ten syntetyczny analog hormonu uwalniaj\u0105cego hormon wzrostu (GHRH) zosta\u0142 zaprojektowany w celu zwi\u0119kszenia ilo\u015bci i czasu uwalniania hormonu wzrostu (GH), co prowadzi do podwy\u017cszonego poziomu insulinopodobnego czynnika wzrostu 1 (IGF-1) w organizmie. IGF-1 jest krytycznym czynnikiem w promowaniu hipertrofii mi\u0119\u015bni, poprawie metabolizmu t\u0142uszcz\u00f3w oraz wspieraniu og\u00f3lnej naprawy i regeneracji tkanek. Wyd\u0142u\u017cony okres p\u00f3\u0142trwania CJC-1295 DAC oznacza, \u017ce nadal stymuluje uwalnianie GH przez wiele dni, co czyni go skutecznym wyborem dla tych, kt\u00f3rzy chc\u0105 zoptymalizowa\u0107 swoj\u0105 sylwetk\u0119, poprawi\u0107 wydajno\u015b\u0107 lub z\u0142agodzi\u0107 skutki starzenia si\u0119.<\/p>\n<h2>Mechanizm dzia\u0142ania:<\/h2>\n<p>CJC-1295 DAC dzia\u0142a poprzez wi\u0105zanie si\u0119 z receptorami hormonu uwalniaj\u0105cego hormon wzrostu (GHRH) w przysadce m\u00f3zgowej, co prowadzi do zwi\u0119kszenia wydzielania GH. W przeciwie\u0144stwie do innych analog\u00f3w GHRH, CJC-1295 DAC jest modyfikowany kompleksem powinowactwa do leku (DAC), kt\u00f3ry wyd\u0142u\u017ca jego okres p\u00f3\u0142trwania do oko\u0142o 8 dni, umo\u017cliwiaj\u0105c bardziej trwa\u0142e i kontrolowane uwalnianie GH. To d\u0142ugotrwa\u0142e uwalnianie prowadzi do sta\u0142ego wzrostu poziomu IGF-1, kt\u00f3ry odgrywa kluczow\u0105 rol\u0119 we wzro\u015bcie mi\u0119\u015bni, utracie tkanki t\u0142uszczowej i naprawie tkanek. Poprzez selektywne promowanie tych proces\u00f3w anabolicznych, CJC-1295 DAC pomaga u\u017cytkownikom osi\u0105gn\u0105\u0107 ich cele bez skutk\u00f3w ubocznych zwi\u0105zanych z bardziej tradycyjnymi zwi\u0105zkami anabolicznymi, takimi jak sterydy.<\/p>\n<h2>Korzy\u015bci:<\/h2>\n<p>Regularne stosowanie CJC-1295 DAC mo\u017ce skutkowa\u0107 zauwa\u017caln\u0105 popraw\u0105 masy mi\u0119\u015bniowej i si\u0142y, a tak\u017ce znaczn\u0105 redukcj\u0105 tkanki t\u0142uszczowej. Naukowcy zaobserwowali, \u017ce poprawia on czas regeneracji, pozwalaj\u0105c na cz\u0119stsze i intensywniejsze sesje treningowe. Dodatkowo, jego zdolno\u015b\u0107 do zwi\u0119kszania poziomu IGF-1 przyczynia si\u0119 do poprawy elastyczno\u015bci sk\u00f3ry, g\u0119sto\u015bci ko\u015bci i og\u00f3lnej witalno\u015bci, co czyni go silnym \u015brodkiem przeciwstarzeniowym. Dodatkowe korzy\u015bci obejmuj\u0105 zwi\u0119kszony poziom energii, lepsz\u0105 jako\u015b\u0107 snu i og\u00f3lne poczucie dobrego samopoczucia. CJC-1295 DAC jest szczeg\u00f3lnie skuteczny dla kulturyst\u00f3w, sportowc\u00f3w i os\u00f3b, kt\u00f3re chc\u0105 spowolni\u0107 proces starzenia si\u0119, jednocze\u015bnie utrzymuj\u0105c lub poprawiaj\u0105c wydajno\u015b\u0107 fizyczn\u0105.<\/p>\n<h2>Dlaczego Powerock Pharma:<\/h2>\n<p>W Powerock Pharma stawiamy jako\u015b\u0107 i bezpiecze\u0144stwo ponad wszystko. Nasz CJC-1295 DAC jest produkowany w zak\u0142adach, kt\u00f3re przestrzegaj\u0105 najwy\u017cszych standard\u00f3w, w tym GMP, HACCP i ISO 13485. Ka\u017cda partia przechodzi rygorystyczne testy, aby zapewni\u0107 czysto\u015b\u0107, moc i sp\u00f3jno\u015b\u0107, zapewniaj\u0105c badaczom niezawodno\u015b\u0107, kt\u00f3rej potrzebuj\u0105. Wsp\u00f3\u0142pracujemy z najlepszymi laboratoriami w celu potwierdzenia skuteczno\u015bci naszych produkt\u00f3w, gwarantuj\u0105c, \u017ce nasz CJC-1295 DAC spe\u0142nia i przekracza standardy bran\u017cowe. Dzi\u0119ki Powerock Pharma nie tylko kupujesz produkt - inwestujesz w wysokiej jako\u015bci badania i sp\u00f3jne wyniki.<\/p>\n<h3>Podsumowanie:<\/h3>\n<p>Je\u015bli Twoje badania koncentruj\u0105 si\u0119 na wzro\u015bcie mi\u0119\u015bni, utracie tkanki t\u0142uszczowej lub przeciwdzia\u0142aniu starzeniu, CJC-1295 DAC jest idealnym peptydem do w\u0142\u0105czenia do bada\u0144. Dzi\u0119ki zaanga\u017cowaniu Powerock Pharma w d\u0105\u017cenie do doskona\u0142o\u015bci, mo\u017cesz ufa\u0107, \u017ce ten produkt zapewni wyniki, kt\u00f3rych potrzebujesz bezpiecznie i skutecznie. Nie id\u017a na kompromis w kwestii jako\u015bci - zam\u00f3w CJC-1295 DAC ju\u017c dzi\u015b i przenie\u015b swoje badania na nowy poziom.<\/p>\n<div id=\"gtx-trans\" style=\"position: absolute; left: 267px; top: 690.969px;\">\n<div class=\"gtx-trans-icon\"><\/div>\n<\/div>","protected":false},"excerpt":{"rendered":"<p>CJC-1295 DAC wspomaga wzrost mi\u0119\u015bni i utrat\u0119 tkanki t\u0142uszczowej, zwi\u0119kszaj\u0105c poziom IGF-1 poprzez przed\u0142u\u017cone uwalnianie GH. Oferuje lepsz\u0105 regeneracj\u0119, retencj\u0119 mi\u0119\u015bni i korzy\u015bci przeciwstarzeniowe. Wybierz Powerock Pharma, aby uzyska\u0107 niezr\u00f3wnan\u0105 jako\u015b\u0107 i niezawodne wyniki.<\/p>","protected":false},"featured_media":187,"template":"","meta":{"_acf_changed":false,"rank_math_lock_modified_date":false,"inline_featured_image":false},"product_cat":[17],"product_tag":[],"class_list":{"0":"post-102","1":"product","2":"type-product","3":"status-publish","4":"has-post-thumbnail","6":"product_cat-peptide-lyophilizates","9":"first","10":"instock","11":"shipping-taxable","12":"product-type-simple"},"acf":{"chromatogram":671,"metoda":{"acftf":{"v":"1.3.24"},"p":{"o":{"uh":0},"ca":""},"c":[{"p":""}],"h":[{"c":""}],"b":[[{"c":""}]]}},"_links":{"self":[{"href":"https:\/\/powerockpharma.com\/pl\/wp-json\/wp\/v2\/product\/102","targetHints":{"allow":["GET"]}}],"collection":[{"href":"https:\/\/powerockpharma.com\/pl\/wp-json\/wp\/v2\/product"}],"about":[{"href":"https:\/\/powerockpharma.com\/pl\/wp-json\/wp\/v2\/types\/product"}],"wp:featuredmedia":[{"embeddable":true,"href":"https:\/\/powerockpharma.com\/pl\/wp-json\/wp\/v2\/media\/187"}],"wp:attachment":[{"href":"https:\/\/powerockpharma.com\/pl\/wp-json\/wp\/v2\/media?parent=102"}],"wp:term":[{"taxonomy":"product_cat","embeddable":true,"href":"https:\/\/powerockpharma.com\/pl\/wp-json\/wp\/v2\/product_cat?post=102"},{"taxonomy":"product_tag","embeddable":true,"href":"https:\/\/powerockpharma.com\/pl\/wp-json\/wp\/v2\/product_tag?post=102"}],"curies":[{"name":"wp","href":"https:\/\/api.w.org\/{rel}","templated":true}]}}