{"id":103,"date":"2024-08-04T17:12:52","date_gmt":"2024-08-04T15:12:52","guid":{"rendered":"https:\/\/powerockpharma.com\/?post_type=product&#038;p=103"},"modified":"2025-11-12T07:08:32","modified_gmt":"2025-11-12T06:08:32","slug":"cjc-1295","status":"publish","type":"product","link":"https:\/\/powerockpharma.com\/pl\/peptide-lyophilizates\/cjc-1295\/","title":{"rendered":"CJC-1295"},"content":{"rendered":"<h2>W\u0142a\u015bciwo\u015bci:<\/h2>\n<p>CJC-1295 jest silnym peptydem znanym ze swojego znacz\u0105cego wp\u0142ywu na promowanie wzrostu mi\u0119\u015bni i utraty tkanki t\u0142uszczowej, co czyni go najlepszym wyborem dla badaczy koncentruj\u0105cych si\u0119 na poprawie wydolno\u015bci fizycznej i sk\u0142adu cia\u0142a. Zwi\u0105zek ten dzia\u0142a poprzez zwi\u0119kszenie uwalniania hormonu wzrostu (GH) z przysadki m\u00f3zgowej, co prowadzi do kaskady korzystnych zmian fizjologicznych, w tym zwi\u0119kszonej syntezy bia\u0142ek, zwi\u0119kszonego metabolizmu t\u0142uszcz\u00f3w i poprawy czasu regeneracji. CJC-1295 jest szczeg\u00f3lnie ceniony za swoj\u0105 zdolno\u015b\u0107 do wyd\u0142u\u017cania okresu p\u00f3\u0142trwania endogennego hormonu wzrostu, wzmacniaj\u0105c w ten spos\u00f3b jego dzia\u0142anie bez konieczno\u015bci cz\u0119stego podawania.<\/p>\n<h2>Mechanizm dzia\u0142ania:<\/h2>\n<p>CJC-1295 dzia\u0142a poprzez wi\u0105zanie si\u0119 z receptorami hormonu uwalniaj\u0105cego hormon wzrostu (GHRH), stymuluj\u0105c uwalnianie GH. Dzia\u0142anie to nie tylko zwi\u0119ksza poziom GH, ale tak\u017ce przed\u0142u\u017ca jego aktywno\u015b\u0107 w organizmie poprzez hamowanie rozpadu peptyd\u00f3w uwalniaj\u0105cych GH. Rezultatem jest trwa\u0142y wzrost poziomu GH, prowadz\u0105cy do zwi\u0119kszonego wzrostu mi\u0119\u015bni, redukcji tkanki t\u0142uszczowej i szybszej regeneracji po intensywnej aktywno\u015bci fizycznej. W przeciwie\u0144stwie do niekt\u00f3rych \u015brodk\u00f3w anabolicznych, selektywny mechanizm dzia\u0142ania CJC-1295 zapewnia minimalne skutki uboczne, przy zmniejszonym wp\u0142ywie na tkanki inne ni\u017c docelowe, co czyni go bezpieczniejsz\u0105 alternatyw\u0105 dla bada\u0144 koncentruj\u0105cych si\u0119 na poprawie sk\u0142adu cia\u0142a.<\/p>\n<h2>Korzy\u015bci:<\/h2>\n<p>Regularne stosowanie CJC-1295 w warunkach badawczych wykaza\u0142o znaczny wzrost bezt\u0142uszczowej masy mi\u0119\u015bniowej, zmniejszenie procentowej zawarto\u015bci tkanki t\u0142uszczowej i szybsze okresy regeneracji mi\u0119dzy treningami. Naukowcy zaobserwowali r\u00f3wnie\u017c dodatkowe korzy\u015bci, w tym popraw\u0119 jako\u015bci snu, zwi\u0119kszony poziom energii i lepsz\u0105 og\u00f3ln\u0105 witalno\u015b\u0107. Peptyd ten jest szczeg\u00f3lnie skuteczny w badaniach z udzia\u0142em kulturyst\u00f3w, sportowc\u00f3w lub os\u00f3b pragn\u0105cych utrzyma\u0107 bezt\u0142uszczow\u0105 mas\u0119 cia\u0142a przy jednoczesnej redukcji tkanki t\u0142uszczowej podczas deficytu kalorycznego. Jego zdolno\u015b\u0107 do promowania regeneracji i zachowania mi\u0119\u015bni czyni go wszechstronnym narz\u0119dziem w dziedzinie poprawy wydajno\u015bci.<\/p>\n<h2>Dlaczego Powerock Pharma:<\/h2>\n<p>W Powerock Pharma nasze d\u0105\u017cenie do doskona\u0142o\u015bci gwarantuje, \u017ce ka\u017cda partia CJC-1295 spe\u0142nia najwy\u017csze standardy jako\u015bci i bezpiecze\u0144stwa. Produkowany w zak\u0142adach przestrzegaj\u0105cych certyfikat\u00f3w GMP, HACCP i ISO 13485, nasz CJC-1295 przechodzi rygorystyczne testy w celu potwierdzenia jego czysto\u015bci i si\u0142y dzia\u0142ania. Wsp\u00f3\u0142pracuj\u0105c z wiod\u0105cymi laboratoriami, gwarantujemy, \u017ce to, co otrzymujesz, jest zar\u00f3wno skuteczne, jak i niezawodne. Dzi\u0119ki Powerock Pharma mo\u017cesz mie\u0107 pewno\u015b\u0107, \u017ce Twoje badania przynios\u0105 sp\u00f3jne, powtarzalne wyniki dzi\u0119ki najwy\u017cszej jako\u015bci naszych produkt\u00f3w.<\/p>\n<h3>Podsumowanie:<\/h3>\n<p>Dla badaczy pragn\u0105cych zbada\u0107 pe\u0142ny potencja\u0142 modulacji hormonu wzrostu, CJC-1295 oferuje solidne i niezawodne rozwi\u0105zanie. Wspierany przez rygorystyczne kontrole jako\u015bci Powerock Pharma, produkt ten zosta\u0142 zaprojektowany, aby pom\u00f3c Ci osi\u0105gn\u0105\u0107 cele badawcze z precyzj\u0105 i pewno\u015bci\u0105. Nie id\u017a na kompromis w kwestii jako\u015bci - zam\u00f3w CJC-1295 ju\u017c dzi\u015b i do\u015bwiadcz r\u00f3\u017cnicy, jak\u0105 Powerock Pharma wnosi do Twoich bada\u0144.<\/p>","protected":false},"excerpt":{"rendered":"<p>CJC-1295 wspomaga wzrost mi\u0119\u015bni i utrat\u0119 tkanki t\u0142uszczowej poprzez promowanie zwi\u0119kszonego uwalniania hormonu wzrostu. Zapewnia lepsz\u0105 regeneracj\u0119, przyrost bezt\u0142uszczowej masy cia\u0142a i redukcj\u0119 tkanki t\u0142uszczowej. Wybierz Powerock Pharma, aby uzyska\u0107 najwy\u017csz\u0105 jako\u015b\u0107 i sp\u00f3jne wyniki.<\/p>","protected":false},"featured_media":186,"template":"","meta":{"_acf_changed":false,"rank_math_lock_modified_date":false,"inline_featured_image":false},"product_cat":[17],"product_tag":[],"class_list":{"0":"post-103","1":"product","2":"type-product","3":"status-publish","4":"has-post-thumbnail","6":"product_cat-peptide-lyophilizates","9":"first","10":"instock","11":"shipping-taxable","12":"product-type-simple"},"acf":{"chromatogram":672,"metoda":{"acftf":{"v":"1.3.24"},"p":{"o":{"uh":0},"ca":""},"c":[{"p":""}],"h":[{"c":""}],"b":[[{"c":""}]]}},"_links":{"self":[{"href":"https:\/\/powerockpharma.com\/pl\/wp-json\/wp\/v2\/product\/103","targetHints":{"allow":["GET"]}}],"collection":[{"href":"https:\/\/powerockpharma.com\/pl\/wp-json\/wp\/v2\/product"}],"about":[{"href":"https:\/\/powerockpharma.com\/pl\/wp-json\/wp\/v2\/types\/product"}],"wp:featuredmedia":[{"embeddable":true,"href":"https:\/\/powerockpharma.com\/pl\/wp-json\/wp\/v2\/media\/186"}],"wp:attachment":[{"href":"https:\/\/powerockpharma.com\/pl\/wp-json\/wp\/v2\/media?parent=103"}],"wp:term":[{"taxonomy":"product_cat","embeddable":true,"href":"https:\/\/powerockpharma.com\/pl\/wp-json\/wp\/v2\/product_cat?post=103"},{"taxonomy":"product_tag","embeddable":true,"href":"https:\/\/powerockpharma.com\/pl\/wp-json\/wp\/v2\/product_tag?post=103"}],"curies":[{"name":"wp","href":"https:\/\/api.w.org\/{rel}","templated":true}]}}