{"id":104,"date":"2024-08-04T17:19:33","date_gmt":"2024-08-04T15:19:33","guid":{"rendered":"https:\/\/powerockpharma.com\/?post_type=product&#038;p=104"},"modified":"2025-11-12T07:04:14","modified_gmt":"2025-11-12T06:04:14","slug":"hardcore","status":"publish","type":"product","link":"https:\/\/powerockpharma.com\/pl\/sarms\/hardcore\/","title":{"rendered":"HARDCORE"},"content":{"rendered":"<h2>W\u0142a\u015bciwo\u015bci:<\/h2>\n<p>HARDCORE to zaawansowana formu\u0142a zaprojektowana dla naukowc\u00f3w koncentruj\u0105cych si\u0119 na wzro\u015bcie mi\u0119\u015bni, zwi\u0119kszeniu si\u0142y i utracie tkanki t\u0142uszczowej. Ta silna kombinacja zawiera MK-677, RAD-140, LGD-4033 i MK-2866, z kt\u00f3rych ka\u017cdy zosta\u0142 wybrany ze wzgl\u0119du na ich unikalny i silny wp\u0142yw na sk\u0142ad cia\u0142a i wydajno\u015b\u0107. MK-677 jest znany ze zwi\u0119kszania poziomu hormonu wzrostu, co prowadzi do poprawy masy mi\u0119\u015bniowej i regeneracji. RAD-140 i LGD-4033 to selektywne modulatory receptora androgenowego (SARM), kt\u00f3re selektywnie celuj\u0105 w tkank\u0119 mi\u0119\u015bniow\u0105, promuj\u0105c wzrost i si\u0142\u0119 mi\u0119\u015bni bez niepo\u017c\u0105danych skutk\u00f3w ubocznych powszechnie kojarzonych ze sterydami anabolicznymi. MK-2866 wspomaga zachowanie mi\u0119\u015bni i zwi\u0119ksza utrat\u0119 t\u0142uszczu, dzi\u0119ki czemu mieszanka ta jest idealna do ci\u0119cia i faz rekompozycji.<\/p>\n<h2>Mechanizm dzia\u0142ania:<\/h2>\n<p>HARDCORE dzia\u0142a na zasadzie synergii. MK-677 stymuluje wydzielanie hormonu wzrostu i IGF-1, kt\u00f3re s\u0105 kluczowe dla wzrostu mi\u0119\u015bni, regeneracji i metabolizmu t\u0142uszcz\u00f3w. RAD-140 i LGD-4033 dzia\u0142aj\u0105 poprzez selektywne wi\u0105zanie si\u0119 z receptorami androgenowymi w tkankach mi\u0119\u015bniowych, co prowadzi do zwi\u0119kszonej syntezy bia\u0142ek, wzrostu mi\u0119\u015bni i zwi\u0119kszenia si\u0142y. MK-2866 (Ostarine) to silny SARM, kt\u00f3ry pomaga w utrzymaniu bezt\u0142uszczowej masy mi\u0119\u015bniowej podczas deficyt\u00f3w kalorycznych poprzez promowanie aktywno\u015bci anabolicznej w tkankach mi\u0119\u015bniowych. Selektywne mechanizmy tych zwi\u0105zk\u00f3w zapewniaj\u0105, \u017ce tkanka mi\u0119\u015bniowa jest g\u0142\u00f3wnym celem, minimalizuj\u0105c wp\u0142yw na tkanki nieb\u0119d\u0105ce celem, zmniejszaj\u0105c w ten spos\u00f3b ryzyko skutk\u00f3w ubocznych powszechnie obserwowanych w przypadku tradycyjnych \u015brodk\u00f3w anabolicznych.<\/p>\n<h2>Korzy\u015bci:<\/h2>\n<p>Dzi\u0119ki konsekwentnemu stosowaniu w badaniach, HARDCORE zapewnia zauwa\u017calny wzrost masy mi\u0119\u015bniowej, si\u0142y i wytrzyma\u0142o\u015bci. Naukowcy zaobserwowali przyspieszony czas regeneracji, co czyni go doskona\u0142ym wyborem do bada\u0144 koncentruj\u0105cych si\u0119 na poprawie wydajno\u015bci. Dodatkowo HARDCORE wspomaga utrat\u0119 tkanki t\u0142uszczowej, zachowanie mi\u0119\u015bni i og\u00f3ln\u0105 rekompozycj\u0119 cia\u0142a, dzi\u0119ki czemu jest wszechstronny w r\u00f3\u017cnych zastosowaniach badawczych. Drugorz\u0119dne korzy\u015bci mog\u0105 obejmowa\u0107 popraw\u0119 unaczynienia, lepszy poziom energii i popraw\u0119 nastroju, co jest korzystne dla os\u00f3b poddawanych rygorystycznym treningom lub ograniczeniom dietetycznym.<\/p>\n<h2>Dlaczego Powerock Pharma:<\/h2>\n<p>W Powerock Pharma jako\u015b\u0107 i precyzja s\u0105 naszymi znakami rozpoznawczymi. Ka\u017cda partia HARDCORE jest produkowana w zak\u0142adach, kt\u00f3re przekraczaj\u0105 standardy GMP, HACCP i ISO 13485, zapewniaj\u0105c, \u017ce nasze produkty s\u0105 bezpieczne, niezawodne i najwy\u017cszej jako\u015bci. Stosujemy najnowocze\u015bniejsze procedury testowe i wsp\u00f3\u0142pracujemy z wiod\u0105cymi laboratoriami w celu potwierdzenia czysto\u015bci i si\u0142y dzia\u0142ania naszych preparat\u00f3w. Wybieraj\u0105c HARDCORE od Powerock Pharma, wybierasz produkt, kt\u00f3ry zapewnia sp\u00f3jne, niezawodne wyniki poparte rygorystyczn\u0105 kontrol\u0105 jako\u015bci.<\/p>\n<h3>Podsumowanie:<\/h3>\n<p>Je\u015bli Twoje badania koncentruj\u0105 si\u0119 na maksymalizacji wzrostu mi\u0119\u015bni, poprawie wydajno\u015bci lub poprawie sk\u0142adu cia\u0142a, HARDCORE jest rozwi\u0105zaniem, kt\u00f3rego potrzebujesz. Wspierana przez zaanga\u017cowanie Powerock Pharma w jako\u015b\u0107, ta zaawansowana mieszanka MK-677, RAD-140, LGD-4033 i MK-2866 zosta\u0142a zaprojektowana, aby pom\u00f3c Ci osi\u0105gn\u0105\u0107 znacz\u0105ce wyniki w badaniach. Nie zadowalaj si\u0119 mniej - zam\u00f3w HARDCORE ju\u017c dzi\u015b i do\u015bwiadcz r\u00f3\u017cnicy Powerock Pharma w wynikach swoich bada\u0144.<\/p>","protected":false},"excerpt":{"rendered":"<p>HARDCORE \u0142\u0105czy MK-677, RAD-140, LGD-4033 i MK-2866 w celu wzmocnienia wzrostu mi\u0119\u015bni, si\u0142y i utraty tkanki t\u0142uszczowej poprzez modulacj\u0119 receptor\u00f3w androgenowych i zwi\u0119kszenie hormonu wzrostu. Do\u015bwiadcz lepszej regeneracji i wydajno\u015bci dzi\u0119ki najwy\u017cszej jako\u015bci mieszance Powerock Pharma.<\/p>","protected":false},"featured_media":218,"template":"","meta":{"_acf_changed":false,"rank_math_lock_modified_date":false,"inline_featured_image":false},"product_cat":[18],"product_tag":[],"class_list":{"0":"post-104","1":"product","2":"type-product","3":"status-publish","4":"has-post-thumbnail","6":"product_cat-sarms","9":"first","10":"instock","11":"shipping-taxable","12":"product-type-simple"},"acf":{"chromatogram":656,"metoda":""},"_links":{"self":[{"href":"https:\/\/powerockpharma.com\/pl\/wp-json\/wp\/v2\/product\/104","targetHints":{"allow":["GET"]}}],"collection":[{"href":"https:\/\/powerockpharma.com\/pl\/wp-json\/wp\/v2\/product"}],"about":[{"href":"https:\/\/powerockpharma.com\/pl\/wp-json\/wp\/v2\/types\/product"}],"wp:featuredmedia":[{"embeddable":true,"href":"https:\/\/powerockpharma.com\/pl\/wp-json\/wp\/v2\/media\/218"}],"wp:attachment":[{"href":"https:\/\/powerockpharma.com\/pl\/wp-json\/wp\/v2\/media?parent=104"}],"wp:term":[{"taxonomy":"product_cat","embeddable":true,"href":"https:\/\/powerockpharma.com\/pl\/wp-json\/wp\/v2\/product_cat?post=104"},{"taxonomy":"product_tag","embeddable":true,"href":"https:\/\/powerockpharma.com\/pl\/wp-json\/wp\/v2\/product_tag?post=104"}],"curies":[{"name":"wp","href":"https:\/\/api.w.org\/{rel}","templated":true}]}}