{"id":105,"date":"2024-08-04T17:20:16","date_gmt":"2024-08-04T15:20:16","guid":{"rendered":"https:\/\/powerockpharma.com\/?post_type=product&#038;p=105"},"modified":"2025-11-12T07:01:34","modified_gmt":"2025-11-12T06:01:34","slug":"mass-xxl","status":"publish","type":"product","link":"https:\/\/powerockpharma.com\/pl\/sarms\/mass-xxl\/","title":{"rendered":"MASS XXL"},"content":{"rendered":"<h2>W\u0142a\u015bciwo\u015bci:<\/h2>\n<p>MASS XXL to wysoce skuteczne po\u0142\u0105czenie trzech pot\u0119\u017cnych zwi\u0105zk\u00f3w: MK-2866 (Ostaryna), MK-677 (Ibutamoren) i LGD-3033, z kt\u00f3rych ka\u017cdy znany jest z wyra\u017anego i silnego wp\u0142ywu na wzrost mi\u0119\u015bni, utrat\u0119 tkanki t\u0142uszczowej i og\u00f3ln\u0105 popraw\u0119 wydajno\u015bci. Ta synergistyczna formu\u0142a zosta\u0142a opracowana z my\u015bl\u0105 o badaczach koncentruj\u0105cych si\u0119 na maksymalizacji hipertrofii mi\u0119\u015bni, zwi\u0119kszeniu bezt\u0142uszczowej masy cia\u0142a i poprawie czasu regeneracji. MASS XXL dzia\u0142a poprzez selektywne modulowanie receptor\u00f3w androgenowych, zwi\u0119kszanie syntezy bia\u0142ek i promowanie wydzielania hormonu wzrostu, co czyni go preferowanym wyborem dla os\u00f3b d\u0105\u017c\u0105cych do znacznych przemian fizycznych.<\/p>\n<h2>Mechanizm dzia\u0142ania:<\/h2>\n<p>Skuteczno\u015b\u0107 MASS XXL jest zakorzeniona w r\u00f3\u017cnych dzia\u0142aniach jego sk\u0142adnik\u00f3w. MK-2866 to selektywny modulator receptora androgenowego (SARM), kt\u00f3ry jest ukierunkowany na tkanki mi\u0119\u015bniowe i kostne, prowadz\u0105c do zwi\u0119kszenia masy mi\u0119\u015bniowej i si\u0142y bez niepo\u017c\u0105danych skutk\u00f3w ubocznych zwykle zwi\u0105zanych ze sterydami anabolicznymi. MK-677, silny \u015brodek pobudzaj\u0105cy wydzielanie hormonu wzrostu, stymuluje uwalnianie hormonu wzrostu i IGF-1, promuj\u0105c wzrost mi\u0119\u015bni, utrat\u0119 t\u0142uszczu i lepsz\u0105 regeneracj\u0119. LGD-3033, kolejny SARM, oferuje doskona\u0142e efekty anaboliczne, dodatkowo przyczyniaj\u0105c si\u0119 do wzrostu mi\u0119\u015bni i redukcji tkanki t\u0142uszczowej przy jednoczesnym zachowaniu bezt\u0142uszczowej masy cia\u0142a podczas deficytu kalorii. Razem, zwi\u0105zki te zapewniaj\u0105 kompleksowe podej\u015bcie do poprawy sylwetki i optymalizacji wydajno\u015bci.<\/p>\n<h2>Korzy\u015bci:<\/h2>\n<p>Konsekwentne stosowanie MASS XXL w warunkach badawczych wykaza\u0142o znaczny wzrost masy mi\u0119\u015bniowej i si\u0142y, popraw\u0119 sk\u0142adu cia\u0142a poprzez utrat\u0119 tkanki t\u0142uszczowej i przyspieszenie czasu regeneracji. Dodatkowo, formu\u0142a promuje lepsz\u0105 wytrzyma\u0142o\u015b\u0107, zwi\u0119kszony poziom energii i bardziej zdefiniowan\u0105 sylwetk\u0119. U\u017cytkownicy mog\u0105 r\u00f3wnie\u017c do\u015bwiadczy\u0107 poprawy unaczynienia i og\u00f3lnej kondycji cia\u0142a, dzi\u0119ki czemu MASS XXL jest idealny dla kulturyst\u00f3w, sportowc\u00f3w i os\u00f3b przechodz\u0105cych cykle ci\u0119cia. Po\u0142\u0105czenie tych trzech zwi\u0105zk\u00f3w stanowi solidne i wszechstronne narz\u0119dzie dla naukowc\u00f3w badaj\u0105cych granice ludzkiej wydajno\u015bci i poprawy sylwetki.<\/p>\n<h2>Dlaczego Powerock Pharma:<\/h2>\n<p>W Powerock Pharma dok\u0142adamy wszelkich stara\u0144, aby dostarcza\u0107 wy\u0142\u0105cznie najwy\u017cszej jako\u015bci zwi\u0105zki badawcze. Ka\u017cda partia MASS XXL jest produkowana w zak\u0142adach, kt\u00f3re przestrzegaj\u0105 rygorystycznych norm GMP, HACCP i ISO 13485, zapewniaj\u0105c niezr\u00f3wnane bezpiecze\u0144stwo, czysto\u015b\u0107 i skuteczno\u015b\u0107. Nasze rygorystyczne protoko\u0142y testowe, przeprowadzane we wsp\u00f3\u0142pracy z wiod\u0105cymi laboratoriami, gwarantuj\u0105, \u017ce ka\u017cda kapsu\u0142ka MASS XXL spe\u0142nia najwy\u017csze standardy sp\u00f3jno\u015bci i niezawodno\u015bci. Zaufaj Powerock Pharma, aby zapewni\u0107 narz\u0119dzia potrzebne do osi\u0105gni\u0119cia cel\u00f3w badawczych z pewno\u015bci\u0105 i precyzj\u0105.<\/p>\n<h3>Podsumowanie:<\/h3>\n<p>Je\u015bli jeste\u015b zaanga\u017cowany w przesuwanie granic wzrostu mi\u0119\u015bni, utraty t\u0142uszczu i regeneracji, MASS XXL jest zwi\u0105zkiem badawczym, kt\u00f3rego szuka\u0142e\u015b. Wspierany przez niezachwiane zaanga\u017cowanie Powerock Pharma w jako\u015b\u0107, produkt ten zosta\u0142 zaprojektowany, aby zapewni\u0107 wyniki, kt\u00f3rych wymagaj\u0105 badania. Nie id\u017a na kompromis w swoich badaniach - wybierz MASS XXL ju\u017c dzi\u015b i do\u015bwiadcz r\u00f3\u017cnicy, jak\u0105 mo\u017ce zapewni\u0107 najwy\u017csza jako\u015b\u0107 i do\u015bwiadczenie. Zam\u00f3w teraz i zr\u00f3b kolejny krok w kierunku prze\u0142omowych wynik\u00f3w.<\/p>","protected":false},"excerpt":{"rendered":"<p>MASS XXL, silna mieszanka MK-2866, MK-677 i LGD-3033, wspomaga wzrost mi\u0119\u015bni, utrat\u0119 t\u0142uszczu i regeneracj\u0119 poprzez modulacj\u0119 receptor\u00f3w androgenowych i promowanie wydzielania hormonu wzrostu. Wybierz Powerock Pharma, aby uzyska\u0107 najwy\u017csz\u0105 jako\u015b\u0107 i wyniki.<\/p>","protected":false},"featured_media":220,"template":"","meta":{"_acf_changed":false,"rank_math_lock_modified_date":false,"inline_featured_image":false},"product_cat":[18],"product_tag":[],"class_list":{"0":"post-105","1":"product","2":"type-product","3":"status-publish","4":"has-post-thumbnail","6":"product_cat-sarms","9":"first","10":"instock","11":"shipping-taxable","12":"product-type-simple"},"acf":{"chromatogram":646,"metoda":""},"_links":{"self":[{"href":"https:\/\/powerockpharma.com\/pl\/wp-json\/wp\/v2\/product\/105","targetHints":{"allow":["GET"]}}],"collection":[{"href":"https:\/\/powerockpharma.com\/pl\/wp-json\/wp\/v2\/product"}],"about":[{"href":"https:\/\/powerockpharma.com\/pl\/wp-json\/wp\/v2\/types\/product"}],"wp:featuredmedia":[{"embeddable":true,"href":"https:\/\/powerockpharma.com\/pl\/wp-json\/wp\/v2\/media\/220"}],"wp:attachment":[{"href":"https:\/\/powerockpharma.com\/pl\/wp-json\/wp\/v2\/media?parent=105"}],"wp:term":[{"taxonomy":"product_cat","embeddable":true,"href":"https:\/\/powerockpharma.com\/pl\/wp-json\/wp\/v2\/product_cat?post=105"},{"taxonomy":"product_tag","embeddable":true,"href":"https:\/\/powerockpharma.com\/pl\/wp-json\/wp\/v2\/product_tag?post=105"}],"curies":[{"name":"wp","href":"https:\/\/api.w.org\/{rel}","templated":true}]}}