{"id":106,"date":"2024-08-04T17:20:52","date_gmt":"2024-08-04T15:20:52","guid":{"rendered":"https:\/\/powerockpharma.com\/?post_type=product&#038;p=106"},"modified":"2025-11-12T06:56:41","modified_gmt":"2025-11-12T05:56:41","slug":"performance","status":"publish","type":"product","link":"https:\/\/powerockpharma.com\/pl\/sarms\/performance\/","title":{"rendered":"WYDAJNO\u015a\u0106"},"content":{"rendered":"<h2>W\u0142a\u015bciwo\u015bci:<\/h2>\n<p>Mieszanka Performance, zawieraj\u0105ca SR-9009, MK-2866 i GW-501516, zosta\u0142a opracowana dla tych, kt\u00f3rzy chc\u0105 zoptymalizowa\u0107 wzrost mi\u0119\u015bni, utrat\u0119 t\u0142uszczu i og\u00f3ln\u0105 wytrzyma\u0142o\u015b\u0107. SR-9009, znany jako Stenabolic, wp\u0142ywa przede wszystkim na funkcje metaboliczne poprzez aktywacj\u0119 Rev-ErbA, prowadz\u0105c do zwi\u0119kszonego utleniania t\u0142uszczu i zwi\u0119kszonej wytrzyma\u0142o\u015bci. MK-2866 lub Ostarine to selektywny modulator receptora androgenowego (SARM), kt\u00f3ry promuje zachowanie i wzrost bezt\u0142uszczowej masy mi\u0119\u015bniowej poprzez wi\u0105zanie si\u0119 z receptorami androgenowymi w tkance mi\u0119\u015bniowej. GW-501516, powszechnie okre\u015blany jako Cardarine, zwi\u0119ksza wytrzyma\u0142o\u015b\u0107 poprzez stymulacj\u0119 szlaku PPAR-delta, kt\u00f3ry zwi\u0119ksza metabolizm kwas\u00f3w t\u0142uszczowych i zwi\u0119ksza produkcj\u0119 energii.<\/p>\n<h2>Mechanizm dzia\u0142ania:<\/h2>\n<p>Unikalny mechanizm dzia\u0142ania SR-9009 obejmuje regulacj\u0119 rytm\u00f3w oko\u0142odobowych i szlak\u00f3w metabolicznych, co skutkuje zwi\u0119kszon\u0105 wytrzyma\u0142o\u015bci\u0105 i zmniejszonym magazynowaniem t\u0142uszczu. MK-2866 selektywnie wi\u0105\u017ce si\u0119 z receptorami androgenowymi w tkankach mi\u0119\u015bniowych i kostnych, stymuluj\u0105c aktywno\u015b\u0107 anaboliczn\u0105 bez androgennych skutk\u00f3w ubocznych typowych dla steryd\u00f3w anabolicznych. GW-501516 dzia\u0142a poprzez aktywacj\u0119 PPAR-delta, bia\u0142ka, kt\u00f3re zwi\u0119ksza zdolno\u015b\u0107 organizmu do spalania t\u0142uszczu i poprawia wytrzyma\u0142o\u015b\u0107 poprzez zwi\u0119kszenie efektywno\u015bci wykorzystania energii w kom\u00f3rkach mi\u0119\u015bniowych. To synergistyczne po\u0142\u0105czenie zapewnia maksymaln\u0105 utrat\u0119 t\u0142uszczu, wzrost mi\u0119\u015bni i popraw\u0119 wydajno\u015bci bez niepo\u017c\u0105danych skutk\u00f3w ubocznych.<\/p>\n<h2>Korzy\u015bci:<\/h2>\n<p>Konsekwentne stosowanie tej mieszanki prowadzi do znacznej poprawy masy mi\u0119\u015bniowej, si\u0142y i wytrzyma\u0142o\u015bci. SR-9009 przyczynia si\u0119 do redukcji tkanki t\u0142uszczowej i utrzymania poziomu energii, dzi\u0119ki czemu jest idealny dla sportowc\u00f3w i kulturyst\u00f3w podczas faz ci\u0119cia. MK-2866 jest znany ze swojej zdolno\u015bci do budowania i zachowania bezt\u0142uszczowej masy mi\u0119\u015bniowej, nawet przy deficycie kalorycznym, wspieraj\u0105c cele rekompozycji cia\u0142a. GW-501516 zwi\u0119ksza wytrzyma\u0142o\u015b\u0107, pozwalaj\u0105c u\u017cytkownikom przej\u015b\u0107 przez intensywne sesje treningowe z lepsz\u0105 wytrzyma\u0142o\u015bci\u0105 i regeneracj\u0105. Razem, zwi\u0105zki te stanowi\u0105 kompleksowe rozwi\u0105zanie dla os\u00f3b d\u0105\u017c\u0105cych do zwi\u0119kszenia wydolno\u015bci fizycznej, redukcji tkanki t\u0142uszczowej i efektywnego budowania mi\u0119\u015bni.<\/p>\n<h2>Dlaczego Powerock Pharma:<\/h2>\n<p>W Powerock Pharma dok\u0142adamy wszelkich stara\u0144, aby dostarcza\u0107 produkty spe\u0142niaj\u0105ce najwy\u017csze standardy bezpiecze\u0144stwa, skuteczno\u015bci i czysto\u015bci. Nasza mieszanka Performance jest produkowana w zak\u0142adach, kt\u00f3re przekraczaj\u0105 standardy GMP, HACCP i ISO 13485, zapewniaj\u0105c, \u017ce otrzymujesz produkt, kt\u00f3ry jest zar\u00f3wno silny, jak i bezpieczny do cel\u00f3w badawczych. Ka\u017cda partia jest poddawana rygorystycznym testom przez wiod\u0105ce laboratoria w celu potwierdzenia czysto\u015bci i sp\u00f3jno\u015bci zwi\u0105zk\u00f3w, co daje pewno\u015b\u0107 co do ka\u017cdej kapsu\u0142ki. Wybieraj\u0105c Powerock Pharma, inwestujesz w produkt, kt\u00f3ry za ka\u017cdym razem zapewnia sp\u00f3jne, wysokiej jako\u015bci wyniki.<\/p>\n<h3>Podsumowanie :<\/h3>\n<p>Podnie\u015b swoje badania i wydajno\u015b\u0107 dzi\u0119ki mieszance wydajno\u015bci SR-9009, MK-2866 i GW-501516. Wspierany przez zaanga\u017cowanie Powerock Pharma w jako\u015b\u0107, produkt ten zosta\u0142 zaprojektowany, aby pom\u00f3c Ci bezpiecznie i skutecznie osi\u0105gn\u0105\u0107 cele zwi\u0105zane ze wzrostem mi\u0119\u015bni, utrat\u0105 t\u0142uszczu i wytrzyma\u0142o\u015bci\u0105. Nie id\u017a na kompromis w kwestii wynik\u00f3w - zam\u00f3w mieszank\u0119 Performance ju\u017c dzi\u015b i zacznij odczuwa\u0107 r\u00f3\u017cnic\u0119.<\/p>","protected":false},"excerpt":{"rendered":"<p>SR-9009, MK-2866 i GW-501516 zwi\u0119kszaj\u0105 wzrost mi\u0119\u015bni, utrat\u0119 t\u0142uszczu i wytrzyma\u0142o\u015b\u0107 poprzez modulacj\u0119 metabolizmu i receptor\u00f3w androgenowych. Ta pot\u0119\u017cna mieszanka przyspiesza regeneracj\u0119 i poprawia wydajno\u015b\u0107. Zaufaj Powerock Pharma, je\u015bli chodzi o jako\u015b\u0107 i wyniki.<\/p>","protected":false},"featured_media":222,"template":"","meta":{"_acf_changed":false,"rank_math_lock_modified_date":false,"inline_featured_image":false},"product_cat":[18],"product_tag":[],"class_list":{"0":"post-106","1":"product","2":"type-product","3":"status-publish","4":"has-post-thumbnail","6":"product_cat-sarms","9":"first","10":"instock","11":"shipping-taxable","12":"product-type-simple"},"acf":{"chromatogram":629,"metoda":""},"_links":{"self":[{"href":"https:\/\/powerockpharma.com\/pl\/wp-json\/wp\/v2\/product\/106","targetHints":{"allow":["GET"]}}],"collection":[{"href":"https:\/\/powerockpharma.com\/pl\/wp-json\/wp\/v2\/product"}],"about":[{"href":"https:\/\/powerockpharma.com\/pl\/wp-json\/wp\/v2\/types\/product"}],"wp:featuredmedia":[{"embeddable":true,"href":"https:\/\/powerockpharma.com\/pl\/wp-json\/wp\/v2\/media\/222"}],"wp:attachment":[{"href":"https:\/\/powerockpharma.com\/pl\/wp-json\/wp\/v2\/media?parent=106"}],"wp:term":[{"taxonomy":"product_cat","embeddable":true,"href":"https:\/\/powerockpharma.com\/pl\/wp-json\/wp\/v2\/product_cat?post=106"},{"taxonomy":"product_tag","embeddable":true,"href":"https:\/\/powerockpharma.com\/pl\/wp-json\/wp\/v2\/product_tag?post=106"}],"curies":[{"name":"wp","href":"https:\/\/api.w.org\/{rel}","templated":true}]}}