{"id":108,"date":"2024-08-04T17:21:37","date_gmt":"2024-08-04T15:21:37","guid":{"rendered":"https:\/\/powerockpharma.com\/?post_type=product&#038;p=108"},"modified":"2025-11-12T06:52:37","modified_gmt":"2025-11-12T05:52:37","slug":"shred","status":"publish","type":"product","link":"https:\/\/powerockpharma.com\/pl\/sarms\/shred\/","title":{"rendered":"SHRED"},"content":{"rendered":"<h2>W\u0142a\u015bciwo\u015bci:<\/h2>\n<p>SHRED to pot\u0119\u017cna mieszanka trzech silnych zwi\u0105zk\u00f3w - RAD-140 (10 mg), GW-501516 (15 mg) i Andarine (25 mg) - opracowana w celu zapewnienia wyj\u0105tkowych rezultat\u00f3w w utracie tkanki t\u0142uszczowej, zachowaniu mi\u0119\u015bni i poprawie wytrzyma\u0142o\u015bci. Ta synergistyczna kombinacja ukierunkowana jest na okre\u015blone szlaki w organizmie, co czyni j\u0105 idealnym wyborem dla os\u00f3b pragn\u0105cych udoskonali\u0107 swoj\u0105 sylwetk\u0119 przy jednoczesnym zachowaniu szczytowej wydajno\u015bci. RAD-140, selektywny modulator receptora androgenowego (SARM), jest znany ze swojego anabolicznego wp\u0142ywu na tkank\u0119 mi\u0119\u015bniow\u0105, promuj\u0105c wzrost bezt\u0142uszczowej masy mi\u0119\u015bniowej i regeneracj\u0119. GW-501516, znany r\u00f3wnie\u017c jako Cardarine, dzia\u0142a na szlak PPAR\u03b4 w celu zwi\u0119kszenia utleniania t\u0142uszczu i zwi\u0119kszenia wytrzyma\u0142o\u015bci, co czyni go ulubionym dla sportowc\u00f3w i os\u00f3b na cyklach ci\u0119cia. Andarine (S4) selektywnie wi\u0105\u017ce si\u0119 z receptorami androgenowymi, prowadz\u0105c do zwi\u0119kszenia g\u0119sto\u015bci i si\u0142y mi\u0119\u015bni, jednocze\u015bnie zapobiegaj\u0105c ich zanikowi podczas deficyt\u00f3w kalorycznych.<\/p>\n<h2>Mechanizm dzia\u0142ania:<\/h2>\n<p>Mechanizm dzia\u0142ania SHRED opiera si\u0119 na selektywnej modulacji i aktywacji okre\u015blonych receptor\u00f3w i szlak\u00f3w. RAD-140 wi\u0105\u017ce si\u0119 z receptorami androgenowymi w tkankach mi\u0119\u015bniowych i kostnych, wyzwalaj\u0105c aktywno\u015b\u0107 anaboliczn\u0105 bez wp\u0142ywu na inne tkanki, co minimalizuje niepo\u017c\u0105dane skutki uboczne. GW-501516 aktywuje szlak PPAR\u03b4, zwi\u0119kszaj\u0105c zdolno\u015b\u0107 organizmu do spalania t\u0142uszczu i poprawiaj\u0105c wytrzyma\u0142o\u015b\u0107 poprzez regulacj\u0119 ekspresji gen\u00f3w zaanga\u017cowanych w wydatek energetyczny. Andarine zwi\u0119ksza mas\u0119 i si\u0142\u0119 mi\u0119\u015bni poprzez selektywne wi\u0105zanie si\u0119 z receptorami androgenowymi w mi\u0119\u015bniach szkieletowych, promuj\u0105c procesy anaboliczne przy jednoczesnym minimalizowaniu efekt\u00f3w androgennych. To selektywne dzia\u0142anie zapewnia, \u017ce SHRED zapewnia pot\u0119\u017cne wyniki przy ni\u017cszym ryzyku wyst\u0105pienia dzia\u0142a\u0144 niepo\u017c\u0105danych w por\u00f3wnaniu z tradycyjnymi \u015brodkami anabolicznymi.<\/p>\n<h2>Korzy\u015bci:<\/h2>\n<p>Regularne stosowanie SHRED w badaniach naukowych mo\u017ce prowadzi\u0107 do znacznej poprawy sk\u0142adu cia\u0142a i wynik\u00f3w sportowych. Korzy\u015bci obejmuj\u0105 przyspieszon\u0105 utrat\u0119 tkanki t\u0142uszczowej, zwi\u0119kszon\u0105 bezt\u0142uszczow\u0105 mas\u0119 mi\u0119\u015bniow\u0105, zwi\u0119kszon\u0105 wytrzyma\u0142o\u015b\u0107 i szybszy czas regeneracji. U\u017cytkownicy mog\u0105 r\u00f3wnie\u017c do\u015bwiadczy\u0107 lepszego unaczynienia, poprawy poziomu energii i og\u00f3lnej poprawy nastroju ze wzgl\u0119du na wp\u0142yw zwi\u0105zk\u00f3w na metabolizm i kondycj\u0119 fizyczn\u0105. SHRED jest szczeg\u00f3lnie skuteczny dla kulturyst\u00f3w, sportowc\u00f3w i naukowc\u00f3w koncentruj\u0105cych si\u0119 na cyklach ci\u0119cia lub badaniach nad zachowaniem mi\u0119\u015bni podczas deficyt\u00f3w kalorycznych.<\/p>\n<h2>Dlaczego Powerock Pharma:<\/h2>\n<p>Powerock Pharma jest zaanga\u017cowana w dostarczanie najwy\u017cszej jako\u015bci dost\u0119pnych zwi\u0105zk\u00f3w badawczych. Ka\u017cda partia SHRED jest produkowana w najnowocze\u015bniejszych obiektach, kt\u00f3re spe\u0142niaj\u0105 normy GMP, HACCP i ISO 13485, zapewniaj\u0105c niezr\u00f3wnan\u0105 jako\u015b\u0107 i sp\u00f3jno\u015b\u0107. Rygorystyczne procedury testowe, w tym walidacja przez strony trzecie, potwierdzaj\u0105 czysto\u015b\u0107, moc i bezpiecze\u0144stwo naszych produkt\u00f3w. Wybieraj\u0105c Powerock Pharma, wybierasz mark\u0119, kt\u00f3ra priorytetowo traktuje wyniki bada\u0144, oferuj\u0105c niezawodne i skuteczne zwi\u0105zki, kt\u00f3re zapewniaj\u0105 sp\u00f3jne, powtarzalne wyniki. Nasze zaanga\u017cowanie w jako\u015b\u0107 oznacza, \u017ce SHRED to nie tylko produkt, ale narz\u0119dzie, kt\u00f3remu mo\u017cna zaufa\u0107 w zakresie najbardziej krytycznych potrzeb badawczych.<\/p>\n<h3>Podsumowanie:<\/h3>\n<p>SHRED to najlepsze rozwi\u0105zanie dla naukowc\u00f3w, kt\u00f3rzy chc\u0105 zbada\u0107 efekty utraty tkanki t\u0142uszczowej, zachowania mi\u0119\u015bni i zwi\u0119kszonej wytrzyma\u0142o\u015bci. Dzi\u0119ki rygorystycznej kontroli jako\u015bci Powerock Pharma, SHRED zapewnia niezawodn\u0105, skuteczn\u0105 i bezpieczn\u0105 opcj\u0119 dla zaawansowanych bada\u0144. Nie id\u017a na kompromis w swoich badaniach - wybierz SHRED i odkryj potencja\u0142 prze\u0142omowych wynik\u00f3w w swoich badaniach. Zam\u00f3w ju\u017c dzi\u015b i zr\u00f3b pierwszy krok w kierunku osi\u0105gni\u0119cia niezr\u00f3wnanego sukcesu w swoich projektach.<\/p>","protected":false},"excerpt":{"rendered":"<p>SHRED \u0142\u0105czy RAD-140, GW-501516 i Andarine, aby wspiera\u0107 szybk\u0105 utrat\u0119 tkanki t\u0142uszczowej, zachowanie mi\u0119\u015bni i zwi\u0119kszon\u0105 wytrzyma\u0142o\u015b\u0107. Dzia\u0142a poprzez selektywne modulowanie receptor\u00f3w androgenowych i zwi\u0119kszanie metabolizmu t\u0142uszcz\u00f3w, oferuj\u0105c doskona\u0142e wyniki. Zaufaj Powerock Pharma, aby uzyska\u0107 najwy\u017csz\u0105 jako\u015b\u0107 i skuteczno\u015b\u0107.<\/p>","protected":false},"featured_media":224,"template":"","meta":{"_acf_changed":false,"rank_math_lock_modified_date":false,"inline_featured_image":false},"product_cat":[18],"product_tag":[],"class_list":{"0":"post-108","1":"product","2":"type-product","3":"status-publish","4":"has-post-thumbnail","6":"product_cat-sarms","9":"first","10":"instock","11":"shipping-taxable","12":"product-type-simple"},"acf":{"chromatogram":616,"metoda":""},"_links":{"self":[{"href":"https:\/\/powerockpharma.com\/pl\/wp-json\/wp\/v2\/product\/108","targetHints":{"allow":["GET"]}}],"collection":[{"href":"https:\/\/powerockpharma.com\/pl\/wp-json\/wp\/v2\/product"}],"about":[{"href":"https:\/\/powerockpharma.com\/pl\/wp-json\/wp\/v2\/types\/product"}],"wp:featuredmedia":[{"embeddable":true,"href":"https:\/\/powerockpharma.com\/pl\/wp-json\/wp\/v2\/media\/224"}],"wp:attachment":[{"href":"https:\/\/powerockpharma.com\/pl\/wp-json\/wp\/v2\/media?parent=108"}],"wp:term":[{"taxonomy":"product_cat","embeddable":true,"href":"https:\/\/powerockpharma.com\/pl\/wp-json\/wp\/v2\/product_cat?post=108"},{"taxonomy":"product_tag","embeddable":true,"href":"https:\/\/powerockpharma.com\/pl\/wp-json\/wp\/v2\/product_tag?post=108"}],"curies":[{"name":"wp","href":"https:\/\/api.w.org\/{rel}","templated":true}]}}