{"id":109,"date":"2024-08-04T17:25:27","date_gmt":"2024-08-04T15:25:27","guid":{"rendered":"https:\/\/powerockpharma.com\/?post_type=product&#038;p=109"},"modified":"2025-11-12T07:01:11","modified_gmt":"2025-11-12T06:01:11","slug":"mk-2866","status":"publish","type":"product","link":"https:\/\/powerockpharma.com\/pl\/sarms\/mk-2866\/","title":{"rendered":"MK-2866"},"content":{"rendered":"<h2>W\u0142a\u015bciwo\u015bci:<\/h2>\n<p>Ostaryna, znana r\u00f3wnie\u017c pod nazw\u0105 chemiczn\u0105 MK-2866, jest znana ze swojej silnej zdolno\u015bci do zwi\u0119kszania wzrostu mi\u0119\u015bni i zachowania bezt\u0142uszczowej masy mi\u0119\u015bniowej, co czyni j\u0105 najlepszym wyborem dla naukowc\u00f3w zajmuj\u0105cych si\u0119 optymalizacj\u0105 sk\u0142adu cia\u0142a. Ten selektywny modulator receptora androgenowego (SARM) jest szczeg\u00f3lnie skuteczny w badaniach maj\u0105cych na celu promowanie aktywno\u015bci anabolicznej w tkance mi\u0119\u015bniowej bez niepo\u017c\u0105danych skutk\u00f3w ubocznych powszechnie zwi\u0105zanych ze sterydami anabolicznymi. Ukierunkowane dzia\u0142anie Ostarine sprawia, \u017ce jest ona idealna do badania potencjalnych korzy\u015bci wynikaj\u0105cych ze zwi\u0119kszonej masy mi\u0119\u015bniowej, poprawy si\u0142y i lepszej regeneracji zar\u00f3wno w scenariuszach nadwy\u017cki kalorycznej, jak i deficytu.<\/p>\n<h2>Mechanizm dzia\u0142ania:<\/h2>\n<p>Dzia\u0142anie Ostarine koncentruje si\u0119 na selektywnej modulacji receptor\u00f3w androgenowych w tkance mi\u0119\u015bniowej i kostnej. Wi\u0105\u017c\u0105c si\u0119 z tymi receptorami, Ostarine stymuluje aktywno\u015b\u0107 anaboliczn\u0105, prowadz\u0105c do zwi\u0119kszonej syntezy bia\u0142ek i p\u00f3\u017aniejszego wzrostu masy mi\u0119\u015bniowej. W przeciwie\u0144stwie do steryd\u00f3w anabolicznych, selektywny mechanizm dzia\u0142ania Ostarine oznacza, \u017ce jest on ukierunkowany g\u0142\u00f3wnie na tkanki mi\u0119\u015bniowe i kostne, przy minimalnym wp\u0142ywie na inne narz\u0105dy, zmniejszaj\u0105c w ten spos\u00f3b ryzyko wyst\u0105pienia skutk\u00f3w ubocznych, takich jak toksyczno\u015b\u0107 w\u0105troby lub zaburzenia r\u00f3wnowagi hormonalnej. Ten selektywny mechanizm wspomaga r\u00f3wnie\u017c zachowanie bezt\u0142uszczowej masy cia\u0142a podczas ogranicze\u0144 kalorycznych, co czyni go szczeg\u00f3lnie cennym w cyklach ci\u0119cia lub badaniach nad kontrol\u0105 masy cia\u0142a.<\/p>\n<h2>Korzy\u015bci:<\/h2>\n<p>Wykazano, \u017ce konsekwentne stosowanie Ostarine w badaniach naukowych skutkuje znacznym wzrostem masy mi\u0119\u015bniowej, zwi\u0119kszon\u0105 si\u0142\u0105 i szybszym czasem regeneracji. Dodatkowo, badani cz\u0119sto wykazuj\u0105 popraw\u0119 wytrzyma\u0142o\u015bci i zmniejszenie zaniku mi\u0119\u015bni, co mo\u017ce by\u0107 szczeg\u00f3lnie korzystne w badaniach obejmuj\u0105cych starzej\u0105ce si\u0119 populacje lub osoby powracaj\u0105ce do zdrowia po urazach. Zdolno\u015b\u0107 Ostarine do zwi\u0119kszania unaczynienia i wspierania poziomu energii dodatkowo poszerza jej zastosowanie w badaniach ukierunkowanych na wydajno\u015b\u0107. Dla kulturyst\u00f3w, sportowc\u00f3w lub os\u00f3b badaj\u0105cych zachowanie mi\u0119\u015bni podczas odchudzania, Ostarine stanowi niezawodny i skuteczny zwi\u0105zek badawczy.<\/p>\n<h2>Dlaczego Powerock Pharma:<\/h2>\n<p>W Powerock Pharma nasze zaanga\u017cowanie w jako\u015b\u0107 jest niezr\u00f3wnane. Ka\u017cda partia Ostarine (MK-2866) jest produkowana w zak\u0142adach spe\u0142niaj\u0105cych najwy\u017csze standardy, w tym certyfikaty GMP, HACCP i ISO 13485. Rygorystyczne protoko\u0142y testowe zapewniaj\u0105, \u017ce ka\u017cda kapsu\u0142ka zawiera czyst\u0105 i siln\u0105 Ostaryn\u0119, woln\u0105 od zanieczyszcze\u0144 i dok\u0142adnie dozowan\u0105. Wsp\u00f3\u0142pracujemy z wiod\u0105cymi laboratoriami w celu potwierdzenia czysto\u015bci i skuteczno\u015bci naszych produkt\u00f3w, daj\u0105c pewno\u015b\u0107, \u017ce wyniki bada\u0144 s\u0105 wspierane przez sp\u00f3jne materia\u0142y wysokiej jako\u015bci. Wybierz Powerock Pharma dla Ostarine, kt\u00f3ra zapewnia wiarygodne wyniki, za ka\u017cdym razem.<\/p>\n<h3>Podsumowanie:<\/h3>\n<p>Je\u015bli twoje badania maj\u0105 na celu zbadanie efekt\u00f3w wzrostu mi\u0119\u015bni, zwi\u0119kszonej regeneracji i zachowania bezt\u0142uszczowej masy cia\u0142a, Ostarine (MK-2866) jest idealnym zwi\u0105zkiem. Wspierany przez rygorystyczne kontrole jako\u015bci Powerock Pharma, produkt ten zosta\u0142 stworzony, aby pom\u00f3c Ci osi\u0105gn\u0105\u0107 wiarygodne i powtarzalne wyniki. Nie id\u017a na kompromis w kwestii jako\u015bci - zam\u00f3w Ostarine ju\u017c dzi\u015b i podnie\u015b wyniki swoich bada\u0144 na wy\u017cszy poziom.<\/p>","protected":false},"excerpt":{"rendered":"<p>Ostaryna (MK-2866) promuje wzrost bezt\u0142uszczowej masy mi\u0119\u015bniowej poprzez selektywne modulowanie receptor\u00f3w androgenowych, pomagaj\u0105c w zachowaniu i regeneracji mi\u0119\u015bni. Wybierz Powerock Pharma dla sta\u0142ej jako\u015bci i silnych rezultat\u00f3w.<\/p>","protected":false},"featured_media":226,"template":"","meta":{"_acf_changed":false,"rank_math_lock_modified_date":false,"inline_featured_image":false},"product_cat":[18],"product_tag":[],"class_list":{"0":"post-109","1":"product","2":"type-product","3":"status-publish","4":"has-post-thumbnail","6":"product_cat-sarms","9":"first","10":"instock","11":"shipping-taxable","12":"product-type-simple"},"acf":{"chromatogram":644,"metoda":{"acftf":{"v":"1.3.24"},"p":{"o":{"uh":0},"ca":""},"c":[{"p":""}],"h":[{"c":""}],"b":[[{"c":""}]]}},"_links":{"self":[{"href":"https:\/\/powerockpharma.com\/pl\/wp-json\/wp\/v2\/product\/109","targetHints":{"allow":["GET"]}}],"collection":[{"href":"https:\/\/powerockpharma.com\/pl\/wp-json\/wp\/v2\/product"}],"about":[{"href":"https:\/\/powerockpharma.com\/pl\/wp-json\/wp\/v2\/types\/product"}],"wp:featuredmedia":[{"embeddable":true,"href":"https:\/\/powerockpharma.com\/pl\/wp-json\/wp\/v2\/media\/226"}],"wp:attachment":[{"href":"https:\/\/powerockpharma.com\/pl\/wp-json\/wp\/v2\/media?parent=109"}],"wp:term":[{"taxonomy":"product_cat","embeddable":true,"href":"https:\/\/powerockpharma.com\/pl\/wp-json\/wp\/v2\/product_cat?post=109"},{"taxonomy":"product_tag","embeddable":true,"href":"https:\/\/powerockpharma.com\/pl\/wp-json\/wp\/v2\/product_tag?post=109"}],"curies":[{"name":"wp","href":"https:\/\/api.w.org\/{rel}","templated":true}]}}