{"id":111,"date":"2024-08-04T17:25:54","date_gmt":"2024-08-04T15:25:54","guid":{"rendered":"https:\/\/powerockpharma.com\/?post_type=product&#038;p=111"},"modified":"2025-11-12T07:00:55","modified_gmt":"2025-11-12T06:00:55","slug":"mk-677","status":"publish","type":"product","link":"https:\/\/powerockpharma.com\/pl\/sarms\/mk-677\/","title":{"rendered":"MK-677"},"content":{"rendered":"<h2>W\u0142a\u015bciwo\u015bci:<\/h2>\n<p>Ibutamoren (MK-677) jest silnym \u015brodkiem pobudzaj\u0105cym wydzielanie hormonu wzrostu, znanym ze swojego znacz\u0105cego wp\u0142ywu na wzrost mi\u0119\u015bni i og\u00f3lne wzmocnienie fizyczne. Jest wysoko ceniony przez naukowc\u00f3w i sportowc\u00f3w pragn\u0105cych zoptymalizowa\u0107 swoj\u0105 sylwetk\u0119 i wydajno\u015b\u0107. Ibutamoren dzia\u0142a poprzez na\u015bladowanie dzia\u0142ania greliny, naturalnego hormonu w organizmie, kt\u00f3ry z kolei stymuluje uwalnianie hormonu wzrostu z przysadki m\u00f3zgowej. Prowadzi to do kaskady korzystnych efekt\u00f3w fizjologicznych, w tym zwi\u0119kszenia masy mi\u0119\u015bniowej, poprawy czasu regeneracji i poprawy funkcji metabolicznych. W przeciwie\u0144stwie do tradycyjnych zwi\u0105zk\u00f3w anabolicznych, unikalny mechanizm Ibutamorenu pozwala na znaczne przyrosty bez ryzyka zwi\u0105zanego z androgennymi skutkami ubocznymi.<\/p>\n<h2>Mechanizm dzia\u0142ania:<\/h2>\n<p>Podstawowy mechanizm dzia\u0142ania Ibutamorenu obejmuje jego zdolno\u015b\u0107 do stymulowania receptora greliny (GHS-R1a), co prowadzi do zwi\u0119kszenia poziomu endogennego hormonu wzrostu (GH), a nast\u0119pnie insulinopodobnego czynnika wzrostu 1 (IGF-1). Stymulacja ta promuje aktywno\u015b\u0107 anaboliczn\u0105 w tkankach mi\u0119\u015bniowych, zwi\u0119kszaj\u0105c syntez\u0119 bia\u0142ek i zmniejszaj\u0105c katabolizm mi\u0119\u015bni. Podwy\u017cszony poziom GH przyczynia si\u0119 r\u00f3wnie\u017c do poprawy g\u0119sto\u015bci ko\u015bci, lepszej jako\u015bci snu i bardziej wydajnego metabolizmu. Poprzez selektywne ukierunkowanie na receptor greliny, Ibutamoren unika t\u0142umienia naturalnej produkcji testosteronu, co czyni go atrakcyjn\u0105 opcj\u0105 dla tych, kt\u00f3rzy koncentruj\u0105 si\u0119 na zachowaniu r\u00f3wnowagi hormonalnej podczas swoich bada\u0144.<\/p>\n<h2>Korzy\u015bci:<\/h2>\n<p>Konsekwentne badania z Ibutamoren skutkuj\u0105 znacznym wzrostem bezt\u0142uszczowej masy mi\u0119\u015bniowej i si\u0142y, a tak\u017ce przyspieszon\u0105 regeneracj\u0105 po wysi\u0142ku fizycznym. U\u017cytkownicy mog\u0105 r\u00f3wnie\u017c zaobserwowa\u0107 zwi\u0119kszon\u0105 utrat\u0119 tkanki t\u0142uszczowej ze wzgl\u0119du na przyspieszenie metabolizmu zapewniane przez wy\u017csze poziomy GH. Dodatkowo, Ibutamoren zosta\u0142 zauwa\u017cony ze wzgl\u0119du na sw\u00f3j pozytywny wp\u0142yw na jako\u015b\u0107 snu, kt\u00f3ry ma kluczowe znaczenie dla regeneracji mi\u0119\u015bni i og\u00f3lnego samopoczucia. Inne potencjalne korzy\u015bci obejmuj\u0105 popraw\u0119 elastyczno\u015bci sk\u00f3ry, zwi\u0119kszony poziom energii i lepsz\u0105 stabilizacj\u0119 nastroju. Zwi\u0105zek ten jest szczeg\u00f3lnie skuteczny dla os\u00f3b zajmuj\u0105cych si\u0119 kulturystyk\u0105, popraw\u0105 wynik\u00f3w sportowych lub badaniami przeciwstarzeniowymi, oferuj\u0105c kompleksowe podej\u015bcie do optymalizacji fizycznej.<\/p>\n<h2>Dlaczego Powerock Pharma:<\/h2>\n<p>W Powerock Pharma stawiamy na doskona\u0142o\u015b\u0107 na ka\u017cdym etapie naszego procesu produkcyjnego. Nasz Ibutamoren (MK-677) jest produkowany w zak\u0142adach, kt\u00f3re przekraczaj\u0105 standardy GMP, HACCP i ISO 13485, zapewniaj\u0105c najwy\u017cszy poziom czysto\u015bci i si\u0142y dzia\u0142ania. Wykorzystujemy najnowocze\u015bniejsze metodologie testowania, aby potwierdzi\u0107, \u017ce ka\u017cda partia spe\u0142nia nasze rygorystyczne kryteria jako\u015bci, gwarantuj\u0105c wiarygodne i powtarzalne wyniki w ka\u017cdym zastosowaniu. Nasze zaanga\u017cowanie w jako\u015b\u0107 i bezpiecze\u0144stwo jest niezr\u00f3wnane, dzi\u0119ki czemu Powerock Pharma jest zaufanym wyborem zar\u00f3wno dla naukowc\u00f3w, jak i sportowc\u00f3w. Wybieraj\u0105c Ibutamoren od Powerock Pharma, wybierasz produkt, kt\u00f3ry zosta\u0142 naukowo opracowany, rygorystycznie przetestowany i stworzony, aby zapewni\u0107 oczekiwane rezultaty.<\/p>\n<h3>Podsumowanie:<\/h3>\n<p>Je\u015bli d\u0105\u017cysz do zwi\u0119kszenia wzrostu mi\u0119\u015bni, wydajno\u015bci i regeneracji, Ibutamoren (MK-677) od Powerock Pharma jest idealnym wyborem. Wspierany przez nasz\u0105 rygorystyczn\u0105 kontrol\u0119 jako\u015bci i rzetelno\u015b\u0107 naukow\u0105, produkt ten zosta\u0142 zaprojektowany, aby skutecznie i bezpiecznie wspiera\u0107 Twoje badania i cele. Nie id\u017a na kompromis w kwestii jako\u015bci - zam\u00f3w Ibutamoren ju\u017c dzi\u015b i do\u015bwiadcz transformacyjnych korzy\u015bci p\u0142yn\u0105cych z najnowocze\u015bniejszej technologii badawczej.<\/p>","protected":false},"excerpt":{"rendered":"<p>Ibutamoren (MK-677) wspomaga wzrost mi\u0119\u015bni i lepsz\u0105 regeneracj\u0119 poprzez stymulacj\u0119 wydzielania hormonu wzrostu. Wspomaga wzrost bezt\u0142uszczowej masy mi\u0119\u015bniowej, poprawia jako\u015b\u0107 snu i przyspiesza gojenie. Zaufaj Powerock Pharma, aby uzyska\u0107 bezkompromisow\u0105 jako\u015b\u0107 i sp\u00f3jne wyniki.<\/p>","protected":false},"featured_media":227,"template":"","meta":{"_acf_changed":false,"rank_math_lock_modified_date":false,"inline_featured_image":false},"product_cat":[18],"product_tag":[],"class_list":{"0":"post-111","1":"product","2":"type-product","3":"status-publish","4":"has-post-thumbnail","6":"product_cat-sarms","9":"first","10":"instock","11":"shipping-taxable","12":"product-type-simple"},"acf":{"chromatogram":643,"metoda":{"acftf":{"v":"1.3.24"},"p":{"o":{"uh":0},"ca":""},"c":[{"p":""}],"h":[{"c":""}],"b":[[{"c":""}]]}},"_links":{"self":[{"href":"https:\/\/powerockpharma.com\/pl\/wp-json\/wp\/v2\/product\/111","targetHints":{"allow":["GET"]}}],"collection":[{"href":"https:\/\/powerockpharma.com\/pl\/wp-json\/wp\/v2\/product"}],"about":[{"href":"https:\/\/powerockpharma.com\/pl\/wp-json\/wp\/v2\/types\/product"}],"wp:featuredmedia":[{"embeddable":true,"href":"https:\/\/powerockpharma.com\/pl\/wp-json\/wp\/v2\/media\/227"}],"wp:attachment":[{"href":"https:\/\/powerockpharma.com\/pl\/wp-json\/wp\/v2\/media?parent=111"}],"wp:term":[{"taxonomy":"product_cat","embeddable":true,"href":"https:\/\/powerockpharma.com\/pl\/wp-json\/wp\/v2\/product_cat?post=111"},{"taxonomy":"product_tag","embeddable":true,"href":"https:\/\/powerockpharma.com\/pl\/wp-json\/wp\/v2\/product_tag?post=111"}],"curies":[{"name":"wp","href":"https:\/\/api.w.org\/{rel}","templated":true}]}}