{"id":112,"date":"2024-08-04T17:26:48","date_gmt":"2024-08-04T15:26:48","guid":{"rendered":"https:\/\/powerockpharma.com\/?post_type=product&#038;p=112"},"modified":"2025-11-12T07:04:30","modified_gmt":"2025-11-12T06:04:30","slug":"gw501516","status":"publish","type":"product","link":"https:\/\/powerockpharma.com\/pl\/sarms\/gw501516\/","title":{"rendered":"GW501516"},"content":{"rendered":"<h2>W\u0142a\u015bciwo\u015bci:<\/h2>\n<p>Cardarine (GW501516) to wysoce ceniony zwi\u0105zek znany ze swojego silnego wp\u0142ywu na zwi\u0119kszenie wytrzyma\u0142o\u015bci i promowanie utraty tkanki t\u0142uszczowej. Jest szeroko stosowany w badaniach naukowych ze wzgl\u0119du na jego zdolno\u015b\u0107 do znacznej poprawy wydajno\u015bci metabolicznej i wydolno\u015bci fizycznej. Sprawia to, \u017ce Cardarine jest idealnym wyborem dla tych, kt\u00f3rzy chc\u0105 zmaksymalizowa\u0107 swoj\u0105 wytrzyma\u0142o\u015b\u0107, osi\u0105gn\u0105\u0107 doskona\u0142\u0105 utrat\u0119 tkanki t\u0142uszczowej i poprawi\u0107 og\u00f3lne wyniki sportowe. Zwi\u0105zek ten jest szczeg\u00f3lnie korzystny dla sportowc\u00f3w, kulturyst\u00f3w i os\u00f3b zaanga\u017cowanych w rygorystyczne re\u017cimy treningowe.<\/p>\n<h2>Mechanizm dzia\u0142ania:<\/h2>\n<p>Cardarine dzia\u0142a poprzez aktywacj\u0119 szlaku receptora delta aktywowanego przez proliferatory peroksysom\u00f3w (PPAR\u03b4). Aktywacja ta prowadzi do kaskady zdarze\u0144 metabolicznych, kt\u00f3re zwi\u0119kszaj\u0105 zdolno\u015b\u0107 organizmu do spalania t\u0142uszczu w celu uzyskania energii przy jednoczesnym oszcz\u0119dzaniu glukozy. W ten spos\u00f3b Cardarine zwi\u0119ksza wytrzyma\u0142o\u015b\u0107 poprzez popraw\u0119 wykorzystania energii przez organizm, pozwalaj\u0105c na d\u0142u\u017csze okresy intensywnej aktywno\u015bci fizycznej bez szybkiego pojawienia si\u0119 zm\u0119czenia. Dodatkowo pomaga regulowa\u0107 ekspresj\u0119 gen\u00f3w zaanga\u017cowanych w wydatek energetyczny, metabolizm lipid\u00f3w i wra\u017cliwo\u015b\u0107 na insulin\u0119, co wsp\u00f3lnie przyczynia si\u0119 do jej silnych w\u0142a\u015bciwo\u015bci spalaj\u0105cych t\u0142uszcz i zwi\u0119kszaj\u0105cych wytrzyma\u0142o\u015b\u0107.<\/p>\n<h2>Korzy\u015bci:<\/h2>\n<p>Konsekwentne badania z u\u017cyciem Cardarine (GW501516) wykaza\u0142y niezwyk\u0142e korzy\u015bci, w tym znacznie zwi\u0119kszon\u0105 wytrzyma\u0142o\u015b\u0107, lepsze utlenianie t\u0142uszczu i szybszy czas regeneracji. U\u017cytkownicy mog\u0105 spodziewa\u0107 si\u0119 zauwa\u017calnej poprawy wytrzyma\u0142o\u015bci, umo\u017cliwiaj\u0105cej d\u0142u\u017csze i bardziej efektywne sesje treningowe. Dodatkowo, Cardarine wspiera zachowanie bezt\u0142uszczowej masy mi\u0119\u015bniowej nawet podczas deficyt\u00f3w kalorycznych, dzi\u0119ki czemu jest szczeg\u00f3lnie skuteczny podczas cykli ci\u0119cia. Drugorz\u0119dne korzy\u015bci obejmuj\u0105 lepsze zdrowie uk\u0142adu sercowo-naczyniowego, poniewa\u017c wykazano, \u017ce zwi\u0105zek ten poprawia poziom cholesterolu poprzez zwi\u0119kszenie HDL (dobry cholesterol) i zmniejszenie LDL (z\u0142y cholesterol). Ponadto Cardarine ma potencjalne dzia\u0142anie przeciwzapalne, przyczyniaj\u0105c si\u0119 do og\u00f3lnego dobrego samopoczucia i regeneracji.<\/p>\n<h2>Dlaczego Powerock Pharma:<\/h2>\n<p>W Powerock Pharma dok\u0142adamy wszelkich stara\u0144, aby dostarcza\u0107 zwi\u0105zki badawcze najwy\u017cszej jako\u015bci. Nasza Cardarine (GW501516) jest produkowana w najnowocze\u015bniejszych zak\u0142adach, kt\u00f3re spe\u0142niaj\u0105 i przekraczaj\u0105 standardy GMP, HACCP i ISO 13485. Ka\u017cda partia przechodzi rygorystyczne testy, aby zapewni\u0107 czysto\u015b\u0107, moc i sp\u00f3jno\u015b\u0107. Wsp\u00f3\u0142pracujemy z wiod\u0105cymi laboratoriami w celu walidacji naszych produkt\u00f3w, dzi\u0119ki czemu mo\u017cesz mie\u0107 pewno\u015b\u0107, \u017ce Cardarine zapewnia oczekiwane rezultaty i niezawodno\u015b\u0107. Wybierz Powerock Pharma, aby uzyska\u0107 najwy\u017csz\u0105 jako\u015b\u0107 i spok\u00f3j ducha, wiedz\u0105c, \u017ce Twoje badania s\u0105 wspierane przez najlepszych.<\/p>\n<h3>Podsumowanie:<\/h3>\n<p>Je\u015bli chcesz przenie\u015b\u0107 swoje badania nad wytrzyma\u0142o\u015bci\u0105 i utrat\u0105 tkanki t\u0142uszczowej na nowy poziom, Cardarine (GW501516) od Powerock Pharma jest rozwi\u0105zaniem, kt\u00f3rego potrzebujesz. Wspierany przez nasze rygorystyczne kontrole jako\u015bci, produkt ten zosta\u0142 zaprojektowany, aby pom\u00f3c Ci bezpiecznie i skutecznie osi\u0105gn\u0105\u0107 cele badawcze. Nie zadowalaj si\u0119 niczym mniej ni\u017c najlepszym - zam\u00f3w Cardarine ju\u017c dzi\u015b i zacznij widzie\u0107 wyniki, na kt\u00f3re zas\u0142ugujesz.<\/p>","protected":false},"excerpt":{"rendered":"<p>Cardarine (GW501516) wspomaga zwi\u0119kszon\u0105 wytrzyma\u0142o\u015b\u0107 i utrat\u0119 tkanki t\u0142uszczowej poprzez aktywacj\u0119 szlaku PPAR\u03b4, poprawiaj\u0105c wydajno\u015b\u0107 metaboliczn\u0105 i poziom energii. Oferuje korzy\u015bci, takie jak zwi\u0119kszona wytrzyma\u0142o\u015b\u0107, utlenianie t\u0142uszczu i lepsza regeneracja. Wybierz Powerock Pharma, aby uzyska\u0107 najwy\u017csz\u0105 jako\u015b\u0107 i sp\u00f3jne wyniki.<\/p>","protected":false},"featured_media":228,"template":"","meta":{"_acf_changed":false,"rank_math_lock_modified_date":false,"inline_featured_image":false},"product_cat":[18],"product_tag":[],"class_list":{"0":"post-112","1":"product","2":"type-product","3":"status-publish","4":"has-post-thumbnail","6":"product_cat-sarms","9":"first","10":"instock","11":"shipping-taxable","12":"product-type-simple"},"acf":{"chromatogram":657,"metoda":{"acftf":{"v":"1.3.24"},"p":{"o":{"uh":0},"ca":""},"c":[{"p":""}],"h":[{"c":""}],"b":[[{"c":""}]]}},"_links":{"self":[{"href":"https:\/\/powerockpharma.com\/pl\/wp-json\/wp\/v2\/product\/112","targetHints":{"allow":["GET"]}}],"collection":[{"href":"https:\/\/powerockpharma.com\/pl\/wp-json\/wp\/v2\/product"}],"about":[{"href":"https:\/\/powerockpharma.com\/pl\/wp-json\/wp\/v2\/types\/product"}],"wp:featuredmedia":[{"embeddable":true,"href":"https:\/\/powerockpharma.com\/pl\/wp-json\/wp\/v2\/media\/228"}],"wp:attachment":[{"href":"https:\/\/powerockpharma.com\/pl\/wp-json\/wp\/v2\/media?parent=112"}],"wp:term":[{"taxonomy":"product_cat","embeddable":true,"href":"https:\/\/powerockpharma.com\/pl\/wp-json\/wp\/v2\/product_cat?post=112"},{"taxonomy":"product_tag","embeddable":true,"href":"https:\/\/powerockpharma.com\/pl\/wp-json\/wp\/v2\/product_tag?post=112"}],"curies":[{"name":"wp","href":"https:\/\/api.w.org\/{rel}","templated":true}]}}