{"id":113,"date":"2024-08-04T17:27:13","date_gmt":"2024-08-04T15:27:13","guid":{"rendered":"https:\/\/powerockpharma.com\/?post_type=product&#038;p=113"},"modified":"2025-11-12T06:44:34","modified_gmt":"2025-11-12T05:44:34","slug":"yk-11","status":"publish","type":"product","link":"https:\/\/powerockpharma.com\/pl\/sarms\/yk-11\/","title":{"rendered":"YK-11"},"content":{"rendered":"<h2>W\u0142a\u015bciwo\u015bci:<\/h2>\n<p>YK-11, znany r\u00f3wnie\u017c jako Myanabol, jest silnym selektywnym modulatorem receptora androgenowego (SARM), znanym ze swojej wyj\u0105tkowej zdolno\u015bci do promowania znacznego wzrostu mi\u0119\u015bni i przyrostu si\u0142y poprzez hamowanie miostatyny, bia\u0142ka, kt\u00f3re zwykle ogranicza rozw\u00f3j mi\u0119\u015bni. Hamowanie to pozwala na wyra\u017any wzrost bezt\u0142uszczowej masy mi\u0119\u015bniowej, dzi\u0119ki czemu YK-11 jest preferowanym wyborem w\u015br\u00f3d kulturyst\u00f3w i sportowc\u00f3w pragn\u0105cych zmaksymalizowa\u0107 swoj\u0105 sylwetk\u0119 i wydajno\u015b\u0107.<\/p>\n<h2>Mechanizm dzia\u0142ania:<\/h2>\n<p>Mechanizm dzia\u0142ania YK-11 koncentruje si\u0119 na jego podw\u00f3jnej funkcji zar\u00f3wno jako SARM, jak i inhibitor miostatyny. Wi\u0105\u017c\u0105c si\u0119 z receptorami androgenowymi, nie tylko uruchamia szlaki, kt\u00f3re promuj\u0105 wzrost mi\u0119\u015bni, ale tak\u017ce hamuje aktywno\u015b\u0107 miostatyny, co dodatkowo zwi\u0119ksza hipertrofi\u0119 mi\u0119\u015bni. To podw\u00f3jne dzia\u0142anie odr\u00f3\u017cnia YK-11 od innych SARM\u00f3w, oferuj\u0105c wyj\u0105tkow\u0105 przewag\u0119 w budowaniu znacznej masy mi\u0119\u015bniowej bez typowych skutk\u00f3w ubocznych zwi\u0105zanych ze sterydami anabolicznymi.<\/p>\n<h2>Korzy\u015bci:<\/h2>\n<p>Korzy\u015bci z konsekwentnego stosowania YK-11 s\u0105 rozleg\u0142e. U\u017cytkownicy mog\u0105 spodziewa\u0107 si\u0119 zauwa\u017calnego wzrostu masy mi\u0119\u015bniowej, znacznych przyrost\u00f3w si\u0142y, przyspieszonego czasu regeneracji i zwi\u0119kszonej wytrzyma\u0142o\u015bci. Dodatkowo, YK-11 pomaga zachowa\u0107 bezt\u0142uszczow\u0105 mas\u0119 mi\u0119\u015bniow\u0105 podczas deficytu kalorycznego, co czyni go doskona\u0142ym wyborem dla os\u00f3b w fazie ci\u0119cia. Dodatkowe korzy\u015bci obejmuj\u0105 popraw\u0119 unaczynienia, lepszy og\u00f3lny poziom energii i potencjaln\u0105 stabilizacj\u0119 nastroju, przyczyniaj\u0105c si\u0119 do bardziej kompleksowego zwi\u0119kszenia wydajno\u015bci fizycznej i psychicznej.<\/p>\n<h2>Dlaczego Powerock Pharma:<\/h2>\n<p>Powerock Pharma jest zaanga\u017cowana w dostarczanie najwy\u017cszej jako\u015bci zwi\u0105zk\u00f3w badawczych. Ka\u017cda partia YK-11 jest produkowana w naszych najnowocze\u015bniejszych zak\u0142adach, kt\u00f3re \u015bci\u015ble przestrzegaj\u0105 norm GMP, HACCP i ISO 13485. Stosujemy rygorystyczne protoko\u0142y testowe we wsp\u00f3\u0142pracy z wiod\u0105cymi laboratoriami, aby zapewni\u0107 czysto\u015b\u0107, moc i bezpiecze\u0144stwo naszych produkt\u00f3w. Dzi\u0119ki Powerock Pharma mo\u017cesz mie\u0107 pewno\u015b\u0107, \u017ce ka\u017cda kapsu\u0142ka YK-11 jest starannie wykonana, aby spe\u0142ni\u0107 najwy\u017csze standardy bran\u017cowe, zapewniaj\u0105c niezawodne i skuteczne wyniki, kt\u00f3rych oczekujesz.<\/p>\n<h3>Podsumowanie:<\/h3>\n<p>Je\u015bli Twoim celem jest podniesienie wzrostu mi\u0119\u015bni i wydajno\u015bci na nowe wy\u017cyny, YK-11 jest rozwi\u0105zaniem, kt\u00f3rego potrzebujesz. Wspierany przez rygorystyczne kontrole jako\u015bci Powerock Pharma, produkt ten zosta\u0142 zaprojektowany, aby pom\u00f3c Ci osi\u0105gn\u0105\u0107 swoje cele bezpiecznie i skutecznie. Nie zadowalaj si\u0119 mniej - zam\u00f3w YK-11 ju\u017c dzi\u015b i zacznij widzie\u0107 wyniki, na kt\u00f3re zas\u0142ugujesz.<\/p>","protected":false},"excerpt":{"rendered":"<p>YK-11 wspomaga wzrost mi\u0119\u015bni poprzez hamowanie miostatyny, co prowadzi do zwi\u0119kszenia si\u0142y i lepszej regeneracji. Zapewnia zachowanie bezt\u0142uszczowej masy cia\u0142a i zmniejszenie gromadzenia si\u0119 t\u0142uszczu. Wybierz Powerock Pharma dla bezkompromisowej jako\u015bci i sta\u0142ych rezultat\u00f3w.<\/p>","protected":false},"featured_media":229,"template":"","meta":{"_acf_changed":false,"rank_math_lock_modified_date":false,"inline_featured_image":false},"product_cat":[18],"product_tag":[],"class_list":{"0":"post-113","1":"product","2":"type-product","3":"status-publish","4":"has-post-thumbnail","6":"product_cat-sarms","9":"first","10":"instock","11":"shipping-taxable","12":"product-type-simple"},"acf":{"chromatogram":599,"metoda":""},"_links":{"self":[{"href":"https:\/\/powerockpharma.com\/pl\/wp-json\/wp\/v2\/product\/113","targetHints":{"allow":["GET"]}}],"collection":[{"href":"https:\/\/powerockpharma.com\/pl\/wp-json\/wp\/v2\/product"}],"about":[{"href":"https:\/\/powerockpharma.com\/pl\/wp-json\/wp\/v2\/types\/product"}],"wp:featuredmedia":[{"embeddable":true,"href":"https:\/\/powerockpharma.com\/pl\/wp-json\/wp\/v2\/media\/229"}],"wp:attachment":[{"href":"https:\/\/powerockpharma.com\/pl\/wp-json\/wp\/v2\/media?parent=113"}],"wp:term":[{"taxonomy":"product_cat","embeddable":true,"href":"https:\/\/powerockpharma.com\/pl\/wp-json\/wp\/v2\/product_cat?post=113"},{"taxonomy":"product_tag","embeddable":true,"href":"https:\/\/powerockpharma.com\/pl\/wp-json\/wp\/v2\/product_tag?post=113"}],"curies":[{"name":"wp","href":"https:\/\/api.w.org\/{rel}","templated":true}]}}