{"id":114,"date":"2024-08-04T17:27:44","date_gmt":"2024-08-04T15:27:44","guid":{"rendered":"https:\/\/powerockpharma.com\/?post_type=product&#038;p=114"},"modified":"2025-11-12T07:02:30","modified_gmt":"2025-11-12T06:02:30","slug":"lgd-4033","status":"publish","type":"product","link":"https:\/\/powerockpharma.com\/pl\/sarms\/lgd-4033\/","title":{"rendered":"LGD-4033"},"content":{"rendered":"<h2>W\u0142a\u015bciwo\u015bci:<\/h2>\n<p>Ligandrol (LGD-4033) to silny selektywny modulator receptora androgenowego (SARM) znany ze swoich silnych efekt\u00f3w anabolicznych, szczeg\u00f3lnie w zakresie wzrostu mi\u0119\u015bni i zwi\u0119kszenia si\u0142y. Zwi\u0105zek ten sta\u0142 si\u0119 preferowanym wyborem dla badaczy maj\u0105cych na celu zbadanie jego potencja\u0142u w poprawie sk\u0142adu cia\u0142a i wynik\u00f3w sportowych. LGD-4033 dzia\u0142a poprzez selektywne wi\u0105zanie si\u0119 z receptorami androgenowymi, g\u0142\u00f3wnie w tkance mi\u0119\u015bniowej i kostnej, co skutkuje zwi\u0119kszon\u0105 syntez\u0105 bia\u0142ek i hipertrofi\u0105 mi\u0119\u015bni, jednocze\u015bnie minimalizuj\u0105c niepo\u017c\u0105dane skutki dla tkanek innych ni\u017c docelowe. Ta selektywno\u015b\u0107 sprawia, \u017ce Ligandrol jest atrakcyjnym kandydatem dla os\u00f3b badaj\u0105cych stany zaniku mi\u0119\u015bni, osteoporoz\u0119 i og\u00f3ln\u0105 popraw\u0119 sylwetki.<\/p>\n<h2>Mechanizm dzia\u0142ania:<\/h2>\n<p>Dzia\u0142anie Ligandrolu koncentruje si\u0119 na selektywnej modulacji receptora androgenowego, co pozwala mu na\u015bladowa\u0107 dzia\u0142anie steryd\u00f3w anabolicznych bez zwi\u0105zanych z tym skutk\u00f3w ubocznych. Po zwi\u0105zaniu z receptorami androgenowymi LGD-4033 stymuluje kaskad\u0119 proces\u00f3w anabolicznych, w tym zwi\u0119kszon\u0105 retencj\u0119 azotu, zwi\u0119kszon\u0105 syntez\u0119 bia\u0142ek mi\u0119\u015bniowych i zmniejszony katabolizm mi\u0119\u015bni. W przeciwie\u0144stwie do tradycyjnych \u015brodk\u00f3w anabolicznych, selektywny charakter Ligandrolu zapewnia minimalny wp\u0142yw na narz\u0105dy takie jak prostata, co czyni go bezpieczniejsz\u0105 alternatyw\u0105 dla bada\u0144 nad wzrostem mi\u0119\u015bni. Ponadto LGD-4033 wykaza\u0142 potencja\u0142 w zachowaniu bezt\u0142uszczowej masy mi\u0119\u015bniowej podczas deficyt\u00f3w kalorycznych, co jest szczeg\u00f3lnie korzystne w badaniach nad utrat\u0105 tkanki t\u0142uszczowej i rekompozycj\u0105 cia\u0142a.<\/p>\n<h2>Korzy\u015bci:<\/h2>\n<p>Konsekwentne stosowanie Ligandrolu (LGD-4033) w warunkach badawczych wykaza\u0142o znacz\u0105ce korzy\u015bci, w tym zauwa\u017calny wzrost bezt\u0142uszczowej masy mi\u0119\u015bniowej, znaczny przyrost si\u0142y i szybszy czas regeneracji po wysi\u0142ku. Naukowcy zaobserwowali r\u00f3wnie\u017c zwi\u0119kszon\u0105 wytrzyma\u0142o\u015b\u0107 i lepsz\u0105 ochron\u0119 mi\u0119\u015bni, co czyni go wszechstronnym narz\u0119dziem w badaniach koncentruj\u0105cych si\u0119 na poprawie wydajno\u015bci i optymalizacji sylwetki. Co wi\u0119cej, Ligandrol zosta\u0142 zauwa\u017cony ze wzgl\u0119du na jego zdolno\u015b\u0107 do promowania lepszego unaczynienia i poziomu energii, a niekt\u00f3re badania sugeruj\u0105 potencjalne dzia\u0142anie stabilizuj\u0105ce nastr\u00f3j. Korzy\u015bci te sprawiaj\u0105, \u017ce LGD-4033 jest szczeg\u00f3lnie skuteczny w badaniach z udzia\u0142em kulturyst\u00f3w, sportowc\u00f3w i os\u00f3b przechodz\u0105cych cykl ci\u0119cia.<\/p>\n<h2>Dlaczego Powerock Pharma:<\/h2>\n<p>W Powerock Pharma dok\u0142adamy wszelkich stara\u0144, aby dostarcza\u0107 najwy\u017cszej jako\u015bci zwi\u0105zki badawcze, kt\u00f3re spe\u0142niaj\u0105 najwy\u017csze standardy jako\u015bci. Ka\u017cda partia Ligandrolu (LGD-4033) jest produkowana w zak\u0142adach, kt\u00f3re spe\u0142niaj\u0105 i przekraczaj\u0105 przepisy GMP, HACCP i ISO 13485, zapewniaj\u0105c, \u017ce nasze produkty s\u0105 zar\u00f3wno bezpieczne, jak i skuteczne. Nasze rygorystyczne protoko\u0142y testowe, przeprowadzane we wsp\u00f3\u0142pracy z wiod\u0105cymi laboratoriami, potwierdzaj\u0105 czysto\u015b\u0107 i moc naszych SARM\u00f3w, gwarantuj\u0105c, \u017ce otrzymasz sp\u00f3jne wyniki przy ka\u017cdym zakupie. Wybieraj\u0105c Ligandrol od Powerock Pharma, inwestujesz w produkt poparty nauk\u0105 i zaufany przez profesjonalist\u00f3w w zakresie doskona\u0142o\u015bci bada\u0144.<\/p>\n<h3>Podsumowanie:<\/h3>\n<p>Je\u015bli twoje badania koncentruj\u0105 si\u0119 na wzro\u015bcie mi\u0119\u015bni, zwi\u0119kszeniu si\u0142y lub rekompozycji cia\u0142a, Ligandrol (LGD-4033) jest zwi\u0105zkiem, kt\u00f3rego potrzebujesz. Wspierany przez rygorystyczne kontrole jako\u015bci Powerock Pharma i zaawansowane praktyki produkcyjne, ten SARM zosta\u0142 zaprojektowany, aby pom\u00f3c Ci osi\u0105gn\u0105\u0107 wiarygodne i znacz\u0105ce wyniki w badaniach. Nie id\u017a na kompromis w kwestii jako\u015bci - zam\u00f3w Ligandrol (LGD-4033) ju\u017c dzi\u015b i przenie\u015b swoje badania na wy\u017cszy poziom.<\/p>","protected":false},"excerpt":{"rendered":"<p>Ligandrol (LGD-4033) wspomaga znaczny wzrost mi\u0119\u015bni poprzez selektywn\u0105 modulacj\u0119 receptor\u00f3w androgenowych. Oferuje zwi\u0119kszon\u0105 si\u0142\u0119, szybsz\u0105 regeneracj\u0119 i zachowanie bezt\u0142uszczowej masy mi\u0119\u015bniowej. Wybierz Powerock Pharma, aby uzyska\u0107 niezr\u00f3wnan\u0105 jako\u015b\u0107 i niezawodne wyniki.<\/p>","protected":false},"featured_media":230,"template":"","meta":{"_acf_changed":false,"rank_math_lock_modified_date":false,"inline_featured_image":false},"product_cat":[18],"product_tag":[],"class_list":{"0":"post-114","1":"product","2":"type-product","3":"status-publish","4":"has-post-thumbnail","6":"product_cat-sarms","9":"first","10":"instock","11":"shipping-taxable","12":"product-type-simple"},"acf":{"chromatogram":649,"metoda":{"acftf":{"v":"1.3.24"},"p":{"o":{"uh":0},"ca":""},"c":[{"p":""}],"h":[{"c":""}],"b":[[{"c":""}]]}},"_links":{"self":[{"href":"https:\/\/powerockpharma.com\/pl\/wp-json\/wp\/v2\/product\/114","targetHints":{"allow":["GET"]}}],"collection":[{"href":"https:\/\/powerockpharma.com\/pl\/wp-json\/wp\/v2\/product"}],"about":[{"href":"https:\/\/powerockpharma.com\/pl\/wp-json\/wp\/v2\/types\/product"}],"wp:featuredmedia":[{"embeddable":true,"href":"https:\/\/powerockpharma.com\/pl\/wp-json\/wp\/v2\/media\/230"}],"wp:attachment":[{"href":"https:\/\/powerockpharma.com\/pl\/wp-json\/wp\/v2\/media?parent=114"}],"wp:term":[{"taxonomy":"product_cat","embeddable":true,"href":"https:\/\/powerockpharma.com\/pl\/wp-json\/wp\/v2\/product_cat?post=114"},{"taxonomy":"product_tag","embeddable":true,"href":"https:\/\/powerockpharma.com\/pl\/wp-json\/wp\/v2\/product_tag?post=114"}],"curies":[{"name":"wp","href":"https:\/\/api.w.org\/{rel}","templated":true}]}}