{"id":115,"date":"2024-08-04T17:28:17","date_gmt":"2024-08-04T15:28:17","guid":{"rendered":"https:\/\/powerockpharma.com\/?post_type=product&#038;p=115"},"modified":"2025-11-12T07:04:52","modified_gmt":"2025-11-12T06:04:52","slug":"gw-0742","status":"publish","type":"product","link":"https:\/\/powerockpharma.com\/pl\/sarms\/gw-0742\/","title":{"rendered":"GW-0742"},"content":{"rendered":"<h2>W\u0142a\u015bciwo\u015bci:<\/h2>\n<p>GW-0742, znany r\u00f3wnie\u017c jako Cardarine 2.0 lub GW610742, jest znany ze swojego silnego wp\u0142ywu na metabolizm t\u0142uszcz\u00f3w i wytrzyma\u0142o\u015b\u0107, co czyni go doskona\u0142ym wyborem dla naukowc\u00f3w zajmuj\u0105cych si\u0119 optymalizacj\u0105 wynik\u00f3w sportowych i sk\u0142adu cia\u0142a. Zwi\u0105zek ten celuje przede wszystkim w aktywacj\u0119 receptora delta aktywowanego proliferatorami peroksysom\u00f3w (PPAR\u03b4), kt\u00f3ry odgrywa kluczow\u0105 rol\u0119 w regulacji bilansu energetycznego, metabolizmu lipid\u00f3w i stanu zapalnego. W rezultacie GW-0742 odgrywa kluczow\u0105 rol\u0119 w zwi\u0119kszaniu wytrzyma\u0142o\u015bci fizycznej, promowaniu utraty tkanki t\u0142uszczowej i poprawie og\u00f3lnej wydajno\u015bci metabolicznej.<\/p>\n<h2>Mechanizm dzia\u0142ania:<\/h2>\n<p>Mechanizm dzia\u0142ania GW-0742 obraca si\u0119 wok\u00f3\u0142 jego zdolno\u015bci do selektywnej aktywacji receptor\u00f3w PPAR\u03b4, kt\u00f3re s\u0105 silnie wyra\u017cane w mi\u0119\u015bniach szkieletowych i tkankach t\u0142uszczowych. Aktywuj\u0105c te receptory, GW-0742 zwi\u0119ksza ekspresj\u0119 gen\u00f3w zaanga\u017cowanych w utlenianie kwas\u00f3w t\u0142uszczowych i wydatkowanie energii. Prowadzi to do znacznego zmniejszenia zapas\u00f3w t\u0142uszczu przy jednoczesnej poprawie dost\u0119pno\u015bci energii dla d\u0142ugotrwa\u0142ej aktywno\u015bci fizycznej. W przeciwie\u0144stwie do \u015brodk\u00f3w anabolicznych, GW-0742 osi\u0105ga te efekty bez negatywnego wp\u0142ywu na poziom hormon\u00f3w, zapewniaj\u0105c bezpieczniejszy profil przy minimalnych skutkach ubocznych. Dodatkowo, jego selektywny mechanizm oznacza, \u017ce nie wp\u0142ywa na tkanki inne ni\u017c docelowe, co czyni go precyzyjnym narz\u0119dziem do bada\u0144 skoncentrowanych na wynikach zwi\u0105zanych z metabolizmem i wytrzyma\u0142o\u015bci\u0105.<\/p>\n<h2>Korzy\u015bci:<\/h2>\n<p>Konsekwentne stosowanie GW-0742 w warunkach badawczych wykaza\u0142o kilka kluczowych korzy\u015bci:<\/p>\n<ul>\n<li><strong>Zwi\u0119kszona utrata tkanki t\u0142uszczowej<\/strong>: Promuj\u0105c utlenianie kwas\u00f3w t\u0142uszczowych, GW-0742 znacznie redukuje tkank\u0119 t\u0142uszczow\u0105, dzi\u0119ki czemu idealnie nadaje si\u0119 do bada\u0144 nad kontrol\u0105 masy cia\u0142a i sk\u0142adem cia\u0142a.<\/li>\n<li><strong>Zwi\u0119kszona wytrzyma\u0142o\u015b\u0107<\/strong>: GW-0742 zwi\u0119ksza dost\u0119pno\u015b\u0107 energii podczas d\u0142ugotrwa\u0142ej aktywno\u015bci fizycznej, zwi\u0119kszaj\u0105c wytrzyma\u0142o\u015b\u0107 i zmniejszaj\u0105c zm\u0119czenie.<\/li>\n<li><strong>Wydajno\u015b\u0107 metaboliczna<\/strong>: Zwi\u0105zek ten zwi\u0119ksza og\u00f3ln\u0105 aktywno\u015b\u0107 metaboliczn\u0105, prowadz\u0105c do lepszego wykorzystania energii i poprawy profilu lipidowego.<\/li>\n<li><strong>Profil bezpiecze\u0144stwa<\/strong>: GW-0742 oferuje te korzy\u015bci bez negatywnych skutk\u00f3w powszechnie zwi\u0105zanych z innymi zwi\u0105zkami zwi\u0119kszaj\u0105cymi wydajno\u015b\u0107, takimi jak toksyczno\u015b\u0107 w\u0105troby lub zaburzenia r\u00f3wnowagi hormonalnej.<\/li>\n<\/ul>\n<h2>Dlaczego Powerock Pharma:<\/h2>\n<p>W Powerock Pharma nasze zaanga\u017cowanie w produkcj\u0119 najwy\u017cszej jako\u015bci zwi\u0105zk\u00f3w badawczych jest niezr\u00f3wnane. GW-0742 jest produkowany w najnowocze\u015bniejszych zak\u0142adach, kt\u00f3re przestrzegaj\u0105 surowych norm GMP, HACCP i ISO 13485, zapewniaj\u0105c, \u017ce ka\u017cda kapsu\u0142ka zapewnia sta\u0142\u0105 moc i czysto\u015b\u0107. Przeprowadzamy rygorystyczne testy we wsp\u00f3\u0142pracy z wiod\u0105cymi laboratoriami, aby zweryfikowa\u0107 jako\u015b\u0107 i skuteczno\u015b\u0107 naszych produkt\u00f3w, zapewniaj\u0105c naukowcom niezawodne narz\u0119dzia do ich bada\u0144. Wybieraj\u0105c Powerock Pharma, wybierasz zobowi\u0105zanie do doskona\u0142o\u015bci, bezpiecze\u0144stwa i rzetelno\u015bci naukowej.<\/p>\n<h3>Podsumowanie:<\/h3>\n<p>Je\u015bli Twoje badania koncentruj\u0105 si\u0119 na zwi\u0119kszeniu wytrzyma\u0142o\u015bci, promowaniu utraty tkanki t\u0142uszczowej lub poprawie zdrowia metabolicznego, GW-0742 jest zwi\u0105zkiem, kt\u00f3rego potrzebujesz. Wspierany przez rygorystyczne kontrole jako\u015bci Powerock Pharma, produkt ten zosta\u0142 zaprojektowany, aby wspiera\u0107 Twoje cele badawcze dzi\u0119ki wiarygodnym i powtarzalnym wynikom. Nie id\u017a na kompromis w kwestii jako\u015bci - zam\u00f3w GW-0742 ju\u017c dzi\u015b i wznie\u015b swoje badania na nowy poziom.<\/p>","protected":false},"excerpt":{"rendered":"<p>GW-0742 wspomaga utrat\u0119 tkanki t\u0142uszczowej i popraw\u0119 wytrzyma\u0142o\u015bci poprzez aktywacj\u0119 receptor\u00f3w PPAR\u03b4, promuj\u0105c zwi\u0119kszony wydatek energetyczny i lepszy metabolizm lipid\u00f3w. Do\u015bwiadcz doskona\u0142ych rezultat\u00f3w dzi\u0119ki zaanga\u017cowaniu Powerock Pharma w jako\u015b\u0107 i bezpiecze\u0144stwo.<\/p>","protected":false},"featured_media":231,"template":"","meta":{"_acf_changed":false,"rank_math_lock_modified_date":false,"inline_featured_image":false},"product_cat":[18],"product_tag":[],"class_list":{"0":"post-115","1":"product","2":"type-product","3":"status-publish","4":"has-post-thumbnail","6":"product_cat-sarms","9":"first","10":"instock","11":"shipping-taxable","12":"product-type-simple"},"acf":{"chromatogram":658,"metoda":""},"_links":{"self":[{"href":"https:\/\/powerockpharma.com\/pl\/wp-json\/wp\/v2\/product\/115","targetHints":{"allow":["GET"]}}],"collection":[{"href":"https:\/\/powerockpharma.com\/pl\/wp-json\/wp\/v2\/product"}],"about":[{"href":"https:\/\/powerockpharma.com\/pl\/wp-json\/wp\/v2\/types\/product"}],"wp:featuredmedia":[{"embeddable":true,"href":"https:\/\/powerockpharma.com\/pl\/wp-json\/wp\/v2\/media\/231"}],"wp:attachment":[{"href":"https:\/\/powerockpharma.com\/pl\/wp-json\/wp\/v2\/media?parent=115"}],"wp:term":[{"taxonomy":"product_cat","embeddable":true,"href":"https:\/\/powerockpharma.com\/pl\/wp-json\/wp\/v2\/product_cat?post=115"},{"taxonomy":"product_tag","embeddable":true,"href":"https:\/\/powerockpharma.com\/pl\/wp-json\/wp\/v2\/product_tag?post=115"}],"curies":[{"name":"wp","href":"https:\/\/api.w.org\/{rel}","templated":true}]}}