{"id":116,"date":"2024-08-04T17:28:48","date_gmt":"2024-08-04T15:28:48","guid":{"rendered":"https:\/\/powerockpharma.com\/?post_type=product&#038;p=116"},"modified":"2025-11-12T06:52:20","modified_gmt":"2025-11-12T05:52:20","slug":"sr-9009","status":"publish","type":"product","link":"https:\/\/powerockpharma.com\/pl\/sarms\/sr-9009\/","title":{"rendered":"SR-9009"},"content":{"rendered":"<h2>W\u0142a\u015bciwo\u015bci:<\/h2>\n<p>SR-9009, znany r\u00f3wnie\u017c jako Stenabolic, jest silnym zwi\u0105zkiem badawczym znanym ze swojego g\u0142\u0119bokiego wp\u0142ywu na funkcje metaboliczne i wytrzyma\u0142o\u015b\u0107. Ten niehormonalny zwi\u0105zek jest szczeg\u00f3lnie popularny w\u015br\u00f3d badaczy koncentruj\u0105cych si\u0119 na utracie tkanki t\u0142uszczowej, metabolizmie energetycznym i wytrzyma\u0142o\u015bci mi\u0119\u015bni. SR-9009 dzia\u0142a poprzez aktywacj\u0119 bia\u0142ka Rev-ErbA, kt\u00f3re odgrywa kluczow\u0105 rol\u0119 w regulacji rytmu dobowego organizmu, metabolizmu glukozy i magazynowania t\u0142uszczu. Wp\u0142ywaj\u0105c na te krytyczne szlaki, SR-9009 promuje zwi\u0119kszone utlenianie t\u0142uszczu, lepszy poziom energii i zwi\u0119kszon\u0105 wytrzyma\u0142o\u015b\u0107, co czyni go nieocenionym narz\u0119dziem dla os\u00f3b badaj\u0105cych efekty poprawy metabolizmu i wynik\u00f3w sportowych.<\/p>\n<h2>Mechanizm dzia\u0142ania:<\/h2>\n<p>Podstawowym dzia\u0142aniem SR-9009 jest aktywacja bia\u0142ka Rev-ErbA, kt\u00f3re z kolei zwi\u0119ksza aktywno\u015b\u0107 mitochondri\u00f3w i wydatek energetyczny. Wi\u0105\u017c\u0105c si\u0119 z tym bia\u0142kiem, SR-9009 zwi\u0119ksza liczb\u0119 mitochondri\u00f3w w kom\u00f3rkach mi\u0119\u015bniowych, skutecznie zwi\u0119kszaj\u0105c zdolno\u015b\u0107 organizmu do wytwarzania energii. Prowadzi to do wi\u0119kszej wytrzyma\u0142o\u015bci i zdolno\u015bci do wykonywania d\u0142ugotrwa\u0142ej aktywno\u015bci fizycznej bez zm\u0119czenia. Dodatkowo SR-9009 wp\u0142ywa na metabolizm lipid\u00f3w i glukozy, promuj\u0105c efektywne wykorzystanie zmagazynowanych t\u0142uszcz\u00f3w jako \u017ar\u00f3d\u0142a energii i ograniczaj\u0105c tworzenie nowych kom\u00f3rek t\u0142uszczowych. Ten selektywny mechanizm zapewnia minimalny wp\u0142yw na tkanki inne ni\u017c docelowe, jednocze\u015bnie maksymalizuj\u0105c korzy\u015bci dla utraty tkanki t\u0142uszczowej, wytrzyma\u0142o\u015bci i zdrowia metabolicznego.<\/p>\n<h2>Korzy\u015bci:<\/h2>\n<p>Konsekwentne stosowanie SR-9009 w warunkach badawczych wykaza\u0142o znaczn\u0105 popraw\u0119 wytrzyma\u0142o\u015bci, co czyni go preferowanym wyborem w badaniach z udzia\u0142em sportowc\u00f3w i os\u00f3b poddawanych treningom o wysokiej intensywno\u015bci. Zdolno\u015b\u0107 zwi\u0105zku do zwi\u0119kszania aktywno\u015bci mitochondri\u00f3w skutkuje wy\u017cszym poziomem energii i szybszym czasem regeneracji, co ma kluczowe znaczenie dla poprawy wydajno\u015bci. Co wi\u0119cej, wp\u0142yw SR-9009 na metabolizm lipid\u00f3w pomaga w redukcji tkanki t\u0142uszczowej, szczeg\u00f3lnie w kontek\u015bcie deficytu kalorycznego. Naukowcy odnotowali r\u00f3wnie\u017c dodatkowe korzy\u015bci, takie jak poprawa wra\u017cliwo\u015bci na insulin\u0119, zmniejszenie stanu zapalnego i lepsza regulacja rytm\u00f3w oko\u0142odobowych, przyczyniaj\u0105c si\u0119 do og\u00f3lnego stanu zdrowia i dobrego samopoczucia. SR-9009 jest szczeg\u00f3lnie skuteczny w badaniach maj\u0105cych na celu zrozumienie chor\u00f3b metabolicznych, oty\u0142o\u015bci i zdrowia uk\u0142adu sercowo-naczyniowego.<\/p>\n<h2>Dlaczego Powerock Pharma:<\/h2>\n<p>W Powerock Pharma jeste\u015bmy dumni z dostarczania najwy\u017cszej jako\u015bci dost\u0119pnych zwi\u0105zk\u00f3w badawczych. Ka\u017cda partia SR-9009 jest produkowana w najnowocze\u015bniejszych zak\u0142adach, kt\u00f3re spe\u0142niaj\u0105 i przekraczaj\u0105 normy GMP, HACCP i ISO 13485, zapewniaj\u0105c najwy\u017cszy poziom bezpiecze\u0144stwa, czysto\u015bci i si\u0142y dzia\u0142ania. Nasze rygorystyczne procesy kontroli jako\u015bci obejmuj\u0105 kompleksowe testy we wsp\u00f3\u0142pracy z wiod\u0105cymi laboratoriami, potwierdzaj\u0105ce skuteczno\u015b\u0107 ka\u017cdej kapsu\u0142ki. Dzi\u0119ki Powerock Pharma mo\u017cesz mie\u0107 pewno\u015b\u0107, \u017ce otrzymujesz produkt, kt\u00f3ry konsekwentnie zapewnia wiarygodne i powtarzalne wyniki, co czyni go najlepszym wyborem dla naukowc\u00f3w na ca\u0142ym \u015bwiecie.<\/p>\n<h3>Podsumowanie:<\/h3>\n<p>Je\u015bli koncentrujesz si\u0119 na rozwoju bada\u0144 w zakresie poprawy metabolizmu, wytrzyma\u0142o\u015bci i utraty tkanki t\u0142uszczowej, SR-9009 jest niezb\u0119dnym narz\u0119dziem w twoim arsenale. Wspierany przez bezkompromisowe standardy jako\u015bci Powerock Pharma, zwi\u0105zek ten zosta\u0142 zaprojektowany w celu wspierania najnowocze\u015bniejszych bada\u0144 z bezpiecze\u0144stwem i skuteczno\u015bci\u0105 na czele. Nie id\u017a na kompromis w kwestii wynik\u00f3w bada\u0144 - zam\u00f3w SR-9009 ju\u017c dzi\u015b i wznie\u015b swoje badania na nowy poziom.<\/p>","protected":false},"excerpt":{"rendered":"<p>SR-9009 wspomaga zwi\u0119kszon\u0105 wytrzyma\u0142o\u015b\u0107 i utrat\u0119 t\u0142uszczu poprzez aktywacj\u0119 bia\u0142ek Rev-ErbA, zwi\u0119kszaj\u0105c aktywno\u015b\u0107 mitochondri\u00f3w. Zapewnia zwi\u0119kszon\u0105 energi\u0119, lepszy metabolizm i przyspieszon\u0105 regeneracj\u0119. Wybierz Powerock Pharma, aby uzyska\u0107 najwy\u017csz\u0105 jako\u015b\u0107 i wyniki.<\/p>","protected":false},"featured_media":232,"template":"","meta":{"_acf_changed":false,"rank_math_lock_modified_date":false,"inline_featured_image":false},"product_cat":[18],"product_tag":[],"class_list":{"0":"post-116","1":"product","2":"type-product","3":"status-publish","4":"has-post-thumbnail","6":"product_cat-sarms","9":"first","10":"instock","11":"shipping-taxable","12":"product-type-simple"},"acf":{"chromatogram":615,"metoda":{"acftf":{"v":"1.3.24"},"p":{"o":{"uh":0},"ca":""},"c":[{"p":""}],"h":[{"c":""}],"b":[[{"c":""}]]}},"_links":{"self":[{"href":"https:\/\/powerockpharma.com\/pl\/wp-json\/wp\/v2\/product\/116","targetHints":{"allow":["GET"]}}],"collection":[{"href":"https:\/\/powerockpharma.com\/pl\/wp-json\/wp\/v2\/product"}],"about":[{"href":"https:\/\/powerockpharma.com\/pl\/wp-json\/wp\/v2\/types\/product"}],"wp:featuredmedia":[{"embeddable":true,"href":"https:\/\/powerockpharma.com\/pl\/wp-json\/wp\/v2\/media\/232"}],"wp:attachment":[{"href":"https:\/\/powerockpharma.com\/pl\/wp-json\/wp\/v2\/media?parent=116"}],"wp:term":[{"taxonomy":"product_cat","embeddable":true,"href":"https:\/\/powerockpharma.com\/pl\/wp-json\/wp\/v2\/product_cat?post=116"},{"taxonomy":"product_tag","embeddable":true,"href":"https:\/\/powerockpharma.com\/pl\/wp-json\/wp\/v2\/product_tag?post=116"}],"curies":[{"name":"wp","href":"https:\/\/api.w.org\/{rel}","templated":true}]}}