{"id":117,"date":"2024-08-04T17:29:45","date_gmt":"2024-08-04T15:29:45","guid":{"rendered":"https:\/\/powerockpharma.com\/?post_type=product&#038;p=117"},"modified":"2025-11-12T06:54:28","modified_gmt":"2025-11-12T05:54:28","slug":"rad-150","status":"publish","type":"product","link":"https:\/\/powerockpharma.com\/pl\/sarms\/rad-150\/","title":{"rendered":"RAD-150"},"content":{"rendered":"<h2>W\u0142a\u015bciwo\u015bci:<\/h2>\n<p>RAD-150, znany r\u00f3wnie\u017c jako TLB-150 Benzoate, jest silnym zwi\u0105zkiem znanym ze swojego pot\u0119\u017cnego wp\u0142ywu na wzrost mi\u0119\u015bni i wydolno\u015b\u0107 fizyczn\u0105. Ten zaawansowany selektywny modulator receptora androgenowego (SARM) jest wysoko ceniony zar\u00f3wno przez naukowc\u00f3w, jak i sportowc\u00f3w za jego zdolno\u015b\u0107 do znacznego zwi\u0119kszenia budowy cia\u0142a i zdolno\u015bci sportowych. RAD-150 dzia\u0142a poprzez wi\u0105zanie si\u0119 z receptorami androgenowymi w tkance mi\u0119\u015bniowej, promuj\u0105c aktywno\u015b\u0107 anaboliczn\u0105, kt\u00f3ra prowadzi do zwi\u0119kszonej syntezy bia\u0142ek i zmniejszenia katabolizmu mi\u0119\u015bni. Rezultatem jest znaczna poprawa masy mi\u0119\u015bniowej, si\u0142y i wytrzyma\u0142o\u015bci, dzi\u0119ki czemu RAD-150 jest preferowanym wyborem dla tych, kt\u00f3rzy chc\u0105 przekroczy\u0107 swoje granice zar\u00f3wno w treningu, jak i wydajno\u015bci.<\/p>\n<h2>Mechanizm dzia\u0142ania:<\/h2>\n<p>Mechanizm dzia\u0142ania RAD-150 koncentruje si\u0119 na selektywnej modulacji receptor\u00f3w androgenowych, co pozwala na zwi\u0119kszony wzrost mi\u0119\u015bni bez typowych skutk\u00f3w ubocznych zwi\u0105zanych z tradycyjnymi sterydami anabolicznymi. Celuj\u0105c konkretnie w tkank\u0119 mi\u0119\u015bniow\u0105, RAD-150 minimalizuje wp\u0142yw na obszary niedocelowe, zmniejszaj\u0105c ryzyko niepo\u017c\u0105danych skutk\u00f3w ubocznych, takich jak wypadanie w\u0142os\u00f3w, tr\u0105dzik lub toksyczno\u015b\u0107 w\u0105troby. To selektywne dzia\u0142anie zapewnia r\u00f3wnie\u017c zachowanie bezt\u0142uszczowej masy mi\u0119\u015bniowej, nawet w okresach deficytu kalorycznego, dzi\u0119ki czemu RAD-150 jest doskona\u0142\u0105 opcj\u0105 dla kulturyst\u00f3w i sportowc\u00f3w przechodz\u0105cych cykle ci\u0119cia.<\/p>\n<h2>Korzy\u015bci:<\/h2>\n<p>Konsekwentne stosowanie RAD-150 skutkuje szeregiem korzy\u015bci, w tym znacznym przyrostem masy mi\u0119\u015bniowej, zwi\u0119kszon\u0105 si\u0142\u0105 i przyspieszonym czasem regeneracji. Naukowcy zaobserwowali r\u00f3wnie\u017c korzy\u015bci wt\u00f3rne, takie jak poprawa unaczynienia, zwi\u0119kszona wytrzyma\u0142o\u015b\u0107 i lepszy poziom energii, z kt\u00f3rych wszystkie przyczyniaj\u0105 si\u0119 do bardziej zdefiniowanej i silniejszej sylwetki. RAD-150 jest szczeg\u00f3lnie skuteczny dla os\u00f3b skoncentrowanych na maksymalizacji wydajno\u015bci fizycznej, niezale\u017cnie od tego, czy s\u0105 sportowcami wyczynowymi, kulturystami, czy entuzjastami fitnessu d\u0105\u017c\u0105cymi do szczytowej kondycji.<\/p>\n<h2>Dlaczego Powerock Pharma:<\/h2>\n<p>W Powerock Pharma jeste\u015bmy zaanga\u017cowani w dostarczanie wy\u0142\u0105cznie najwy\u017cszej jako\u015bci produkt\u00f3w do bada\u0144 i poprawy wydajno\u015bci. Ka\u017cda partia RAD-150 jest produkowana w zak\u0142adach, kt\u00f3re przestrzegaj\u0105 najsurowszych standard\u00f3w, w tym GMP, HACCP i ISO 13485. Nasze rygorystyczne protoko\u0142y testowe zapewniaj\u0105, \u017ce ka\u017cda kapsu\u0142ka zawiera najczystsz\u0105 i najsilniejsz\u0105 form\u0119 RAD-150, zapewniaj\u0105c wiarygodne i powtarzalne wyniki w ka\u017cdym badaniu. Wsp\u00f3\u0142pracujemy z wiod\u0105cymi laboratoriami w celu potwierdzenia czysto\u015bci i skuteczno\u015bci naszych produkt\u00f3w, dzi\u0119ki czemu mo\u017cesz mie\u0107 pewno\u015b\u0107, \u017ce RAD-150 od Powerock Pharma b\u0119dzie konsekwentnie spe\u0142nia\u0142 Twoje potrzeby badawcze.<\/p>\n<h3>Podsumowanie:<\/h3>\n<p>Je\u015bli d\u0105\u017cysz do zwi\u0119kszenia wzrostu mi\u0119\u015bni, si\u0142y i og\u00f3lnej wydajno\u015bci, RAD-150 jest idealnym rozwi\u0105zaniem. Wspierany przez rygorystyczne kontrole jako\u015bci Powerock Pharma, zwi\u0105zek ten zosta\u0142 zaprojektowany, aby pom\u00f3c Ci bezpiecznie i skutecznie osi\u0105gn\u0105\u0107 cele badawcze. Nie id\u017a na kompromis w kwestii jako\u015bci - zam\u00f3w RAD-150 ju\u017c dzi\u015b i do\u015bwiadcz r\u00f3\u017cnicy, jak\u0105 mog\u0105 zrobi\u0107 najwy\u017cszej klasy zwi\u0105zki badawcze.<\/p>","protected":false},"excerpt":{"rendered":"<p>RAD-150 (TLB-150 Benzoate) wspomaga wzrost mi\u0119\u015bni i wytrzyma\u0142o\u015b\u0107 poprzez selektywn\u0105 modulacj\u0119 receptor\u00f3w androgenowych. Oferuje zwi\u0119kszon\u0105 si\u0142\u0119, szybsz\u0105 regeneracj\u0119 i zwi\u0119kszon\u0105 retencj\u0119 bezt\u0142uszczowej masy cia\u0142a. Wybierz Powerock Pharma, aby uzyska\u0107 najwy\u017csz\u0105 jako\u015b\u0107 i sp\u00f3jne wyniki.<\/p>","protected":false},"featured_media":233,"template":"","meta":{"_acf_changed":false,"rank_math_lock_modified_date":false,"inline_featured_image":false},"product_cat":[18],"product_tag":[],"class_list":{"0":"post-117","1":"product","2":"type-product","3":"status-publish","4":"has-post-thumbnail","6":"product_cat-sarms","9":"first","10":"instock","11":"shipping-taxable","12":"product-type-simple"},"acf":{"chromatogram":622,"metoda":{"acftf":{"v":"1.3.24"},"p":{"o":{"uh":0},"ca":""},"c":[{"p":""}],"h":[{"c":""}],"b":[[{"c":""}]]}},"_links":{"self":[{"href":"https:\/\/powerockpharma.com\/pl\/wp-json\/wp\/v2\/product\/117","targetHints":{"allow":["GET"]}}],"collection":[{"href":"https:\/\/powerockpharma.com\/pl\/wp-json\/wp\/v2\/product"}],"about":[{"href":"https:\/\/powerockpharma.com\/pl\/wp-json\/wp\/v2\/types\/product"}],"wp:featuredmedia":[{"embeddable":true,"href":"https:\/\/powerockpharma.com\/pl\/wp-json\/wp\/v2\/media\/233"}],"wp:attachment":[{"href":"https:\/\/powerockpharma.com\/pl\/wp-json\/wp\/v2\/media?parent=117"}],"wp:term":[{"taxonomy":"product_cat","embeddable":true,"href":"https:\/\/powerockpharma.com\/pl\/wp-json\/wp\/v2\/product_cat?post=117"},{"taxonomy":"product_tag","embeddable":true,"href":"https:\/\/powerockpharma.com\/pl\/wp-json\/wp\/v2\/product_tag?post=117"}],"curies":[{"name":"wp","href":"https:\/\/api.w.org\/{rel}","templated":true}]}}