{"id":118,"date":"2024-08-04T17:30:25","date_gmt":"2024-08-04T15:30:25","guid":{"rendered":"https:\/\/powerockpharma.com\/?post_type=product&#038;p=118"},"modified":"2025-11-12T06:54:46","modified_gmt":"2025-11-12T05:54:46","slug":"rad-140","status":"publish","type":"product","link":"https:\/\/powerockpharma.com\/pl\/sarms\/rad-140\/","title":{"rendered":"RAD-140"},"content":{"rendered":"<h2>W\u0142a\u015bciwo\u015bci RAD-140:<\/h2>\n<p>Testolone (RAD-140) to silny selektywny modulator receptora androgenowego (SARM) znany ze swojego znacz\u0105cego wp\u0142ywu na wzrost mi\u0119\u015bni i rekompozycj\u0119 cia\u0142a. Jest to preferowany wyb\u00f3r dla naukowc\u00f3w i sportowc\u00f3w d\u0105\u017c\u0105cych do zwi\u0119kszenia masy mi\u0119\u015bniowej, si\u0142y i og\u00f3lnej sprawno\u015bci fizycznej. Zwi\u0105zek ten dzia\u0142a poprzez selektywne ukierunkowanie na receptory androgenowe w tkankach mi\u0119\u015bniowych i kostnych, promuj\u0105c aktywno\u015b\u0107 anaboliczn\u0105 bez powa\u017cnych skutk\u00f3w ubocznych zwi\u0105zanych z tradycyjnymi sterydami anabolicznymi. RAD-140 jest szczeg\u00f3lnie skuteczny w stymulowaniu szybkiego wzrostu bezt\u0142uszczowej masy mi\u0119\u015bniowej i si\u0142y, co czyni go cennym narz\u0119dziem dla kulturyst\u00f3w i sportowc\u00f3w przechodz\u0105cych intensywne cykle treningowe lub ci\u0119cia.<\/p>\n<h2>Mechanizm dzia\u0142ania RAD-140:<\/h2>\n<p>Podstawowe dzia\u0142anie testolonu koncentruje si\u0119 wok\u00f3\u0142 jego selektywnej modulacji receptora androgenowego. W przeciwie\u0144stwie do steryd\u00f3w anabolicznych, kt\u00f3re wp\u0142ywaj\u0105 na szeroki zakres tkanek, prowadz\u0105c do niepo\u017c\u0105danych skutk\u00f3w ubocznych, selektywne dzia\u0142anie RAD-140 zapewnia, \u017ce wp\u0142ywa on g\u0142\u00f3wnie na tkanki mi\u0119\u015bniowe i kostne. To selektywne ukierunkowanie prowadzi do zwi\u0119kszonego wzrostu mi\u0119\u015bni i g\u0119sto\u015bci ko\u015bci, jednocze\u015bnie minimalizuj\u0105c wp\u0142yw na tkanki inne ni\u017c docelowe, takie jak prostata lub w\u0105troba. Ponadto wykazano, \u017ce RAD-140 zwi\u0119ksza syntez\u0119 bia\u0142ek i zmniejsza katabolizm mi\u0119\u015bni, przyczyniaj\u0105c si\u0119 do jego skuteczno\u015bci w zachowaniu masy mi\u0119\u015bniowej w okresach deficytu kalorycznego. Mechanizm ten pozwala badaczom bada\u0107 wzrost mi\u0119\u015bni i popraw\u0119 wydajno\u015bci przy ni\u017cszym profilu ryzyka w por\u00f3wnaniu z innymi \u015brodkami anabolicznymi.<\/p>\n<h2>Korzy\u015bci ze stosowania RAD-140:<\/h2>\n<p>Konsekwentne stosowanie Testolone (RAD-140) w badaniach wykaza\u0142o kilka znacz\u0105cych korzy\u015bci. Pacjenci wykazali zauwa\u017calny wzrost bezt\u0142uszczowej masy mi\u0119\u015bniowej, znaczny przyrost si\u0142y i przyspieszony czas regeneracji. Dodatkowo, RAD-140 jest znany ze swojej zdolno\u015bci do zwi\u0119kszania wytrzyma\u0142o\u015bci, pozwalaj\u0105c na d\u0142u\u017csze i bardziej intensywne sesje treningowe. Drugorz\u0119dne zaobserwowane korzy\u015bci obejmuj\u0105 popraw\u0119 unaczynienia, lepszy poziom energii i zwi\u0119kszon\u0105 stabilno\u015b\u0107 nastroju. Testolon jest szczeg\u00f3lnie skuteczny dla os\u00f3b koncentruj\u0105cych si\u0119 na hipertrofii mi\u0119\u015bni, poprawie si\u0142y i rekompozycji cia\u0142a, co czyni go najlepszym wyborem dla naukowc\u00f3w badaj\u0105cych efekty anaboliczne i popraw\u0119 wydajno\u015bci.<\/p>\n<h2>Dlaczego Powerock Pharma:<\/h2>\n<p>W Powerock Pharma jeste\u015bmy zaanga\u017cowani w dostarczanie najwy\u017cszej jako\u015bci dost\u0119pnych zwi\u0105zk\u00f3w badawczych. Nasz Testolone (RAD-140) jest produkowany w najnowocze\u015bniejszych zak\u0142adach, kt\u00f3re spe\u0142niaj\u0105 i przekraczaj\u0105 standardy GMP, HACCP i ISO 13485, zapewniaj\u0105c, \u017ce ka\u017cda partia jest produkowana pod \u015bcis\u0142\u0105 kontrol\u0105 jako\u015bci. Ka\u017cdy produkt przechodzi rygorystyczne testy we wsp\u00f3\u0142pracy z wiod\u0105cymi laboratoriami w celu potwierdzenia jego czysto\u015bci, si\u0142y dzia\u0142ania i bezpiecze\u0144stwa. Wybieraj\u0105c Testolone od Powerock Pharma, wybierasz produkt poparty nauk\u0105, wyprodukowany z precyzj\u0105 i zaprojektowany tak, aby zapewni\u0107 niezawodne wyniki za ka\u017cdym razem. Zaufaj Powerock Pharma, aby uzyska\u0107 jako\u015b\u0107, na kt\u00f3r\u0105 zas\u0142ugujesz w swoich badaniach.<\/p>\n<h3>Podsumowanie:<\/h3>\n<p>Je\u015bli twoje badania wymagaj\u0105 silnego i selektywnego zwi\u0105zku zwi\u0119kszaj\u0105cego wzrost mi\u0119\u015bni i wydajno\u015b\u0107, Testolone (RAD-140) jest rozwi\u0105zaniem, kt\u00f3rego potrzebujesz. Dzi\u0119ki rygorystycznym standardom jako\u015bci Powerock Pharma, produkt ten zosta\u0142 zaprojektowany, aby pom\u00f3c w bezpiecznym i skutecznym osi\u0105gni\u0119ciu cel\u00f3w badawczych. Nie id\u017a na kompromis w kwestii jako\u015bci - zam\u00f3w Testolone ju\u017c dzi\u015b i uwolnij potencja\u0142 swoich bada\u0144.<\/p>","protected":false},"excerpt":{"rendered":"<p>Testolone (RAD-140) wspomaga szybki wzrost mi\u0119\u015bni poprzez selektywn\u0105 modulacj\u0119 receptor\u00f3w androgenowych. Zwi\u0119ksza si\u0142\u0119, regeneracj\u0119 i retencj\u0119 bezt\u0142uszczowej masy. Wybierz Powerock Pharma dla niezr\u00f3wnanej jako\u015bci i sprawdzonych rezultat\u00f3w.<\/p>","protected":false},"featured_media":234,"template":"","meta":{"_acf_changed":false,"rank_math_lock_modified_date":false,"inline_featured_image":false},"product_cat":[18],"product_tag":[],"class_list":{"0":"post-118","1":"product","2":"type-product","3":"status-publish","4":"has-post-thumbnail","6":"product_cat-sarms","7":"pa_brand-powerock-pharma","10":"first","11":"instock","12":"shipping-taxable","13":"product-type-simple"},"acf":{"chromatogram":623,"metoda":{"acftf":{"v":"1.3.24"},"p":{"o":{"uh":0},"ca":""},"c":[{"p":""}],"h":[{"c":""}],"b":[[{"c":""}]]}},"_links":{"self":[{"href":"https:\/\/powerockpharma.com\/pl\/wp-json\/wp\/v2\/product\/118","targetHints":{"allow":["GET"]}}],"collection":[{"href":"https:\/\/powerockpharma.com\/pl\/wp-json\/wp\/v2\/product"}],"about":[{"href":"https:\/\/powerockpharma.com\/pl\/wp-json\/wp\/v2\/types\/product"}],"wp:featuredmedia":[{"embeddable":true,"href":"https:\/\/powerockpharma.com\/pl\/wp-json\/wp\/v2\/media\/234"}],"wp:attachment":[{"href":"https:\/\/powerockpharma.com\/pl\/wp-json\/wp\/v2\/media?parent=118"}],"wp:term":[{"taxonomy":"product_cat","embeddable":true,"href":"https:\/\/powerockpharma.com\/pl\/wp-json\/wp\/v2\/product_cat?post=118"},{"taxonomy":"product_tag","embeddable":true,"href":"https:\/\/powerockpharma.com\/pl\/wp-json\/wp\/v2\/product_tag?post=118"}],"curies":[{"name":"wp","href":"https:\/\/api.w.org\/{rel}","templated":true}]}}