{"id":119,"date":"2024-08-04T17:31:09","date_gmt":"2024-08-04T15:31:09","guid":{"rendered":"https:\/\/powerockpharma.com\/?post_type=product&#038;p=119"},"modified":"2025-11-12T06:53:44","modified_gmt":"2025-11-12T05:53:44","slug":"s4","status":"publish","type":"product","link":"https:\/\/powerockpharma.com\/pl\/sarms\/s4\/","title":{"rendered":"S4"},"content":{"rendered":"<h2>W\u0142a\u015bciwo\u015bci:<\/h2>\n<p>Andarine, znany r\u00f3wnie\u017c jako S4, jest silnym selektywnym modulatorem receptora androgenowego (SARM) znanym ze swojego znacz\u0105cego wp\u0142ywu zar\u00f3wno na wzrost mi\u0119\u015bni, jak i utrat\u0119 tkanki t\u0142uszczowej. Zwi\u0105zek ten jest bardzo poszukiwany przez tych, kt\u00f3rzy chc\u0105 poprawi\u0107 swoj\u0105 sylwetk\u0119 i wydajno\u015b\u0107. S4 zosta\u0142 zaprojektowany tak, aby selektywnie celowa\u0107 w receptory androgenowe, szczeg\u00f3lnie w tkance mi\u0119\u015bniowej i kostnej, co czyni go doskona\u0142ym wyborem dla tych, kt\u00f3rzy chc\u0105 zwi\u0119kszy\u0107 bezt\u0142uszczow\u0105 mas\u0119 mi\u0119\u015bniow\u0105, jednocze\u015bnie redukuj\u0105c tkank\u0119 t\u0142uszczow\u0105. Ta selektywno\u015b\u0107 pozwala uzyska\u0107 po\u017c\u0105dane efekty anaboliczne bez powa\u017cnych skutk\u00f3w ubocznych powszechnie zwi\u0105zanych ze sterydami anabolicznymi.<\/p>\n<h2>Mechanizm dzia\u0142ania:<\/h2>\n<p>Dzia\u0142anie Andarine (S4) opiera si\u0119 na jego zdolno\u015bci do selektywnego modulowania receptor\u00f3w androgenowych. W przeciwie\u0144stwie do tradycyjnych steryd\u00f3w anabolicznych, kt\u00f3re wp\u0142ywaj\u0105 na ca\u0142e cia\u0142o, S4 jest szczeg\u00f3lnie ukierunkowany na tkanki mi\u0119\u015bniowe i kostne, promuj\u0105c wzrost syntezy bia\u0142ek i wzrost mi\u0119\u015bni, jednocze\u015bnie zapobiegaj\u0105c katabolizmowi. Dodatkowo, powinowactwo S4 do receptor\u00f3w androgenowych w tkance t\u0142uszczowej u\u0142atwia utrat\u0119 t\u0142uszczu poprzez zwi\u0119kszenie lipolizy. Ten mechanizm podw\u00f3jnego dzia\u0142ania zapewnia u\u017cytkownikom osi\u0105gni\u0119cie znacznych przyrost\u00f3w mi\u0119\u015bni i redukcji tkanki t\u0142uszczowej, co czyni go szczeg\u00f3lnie skutecznym podczas cykli ci\u0119cia. Co wi\u0119cej, jego selektywny charakter minimalizuje wp\u0142yw na tkanki inne ni\u017c docelowe, zmniejszaj\u0105c ryzyko niepo\u017c\u0105danych skutk\u00f3w ubocznych, takich jak powi\u0119kszenie prostaty lub wypadanie w\u0142os\u00f3w.<\/p>\n<h2>Korzy\u015bci:<\/h2>\n<p>Konsekwentne stosowanie Andarine (S4) w badaniach wykaza\u0142o zauwa\u017calny wzrost bezt\u0142uszczowej masy mi\u0119\u015bniowej, popraw\u0119 si\u0142y i przyspieszenie czasu regeneracji. Jest r\u00f3wnie\u017c bardzo skuteczny w promowaniu utraty tkanki t\u0142uszczowej, co czyni go idealnym zwi\u0105zkiem dla tych, kt\u00f3rzy chc\u0105 osi\u0105gn\u0105\u0107 bardziej zdefiniowan\u0105, naczyniow\u0105 sylwetk\u0119. Drugorz\u0119dne zaobserwowane korzy\u015bci obejmuj\u0105 zwi\u0119kszon\u0105 wytrzyma\u0142o\u015b\u0107, popraw\u0119 poziomu energii i stabilizacj\u0119 nastroju, przyczyniaj\u0105c si\u0119 do og\u00f3lnej lepszej wydajno\u015bci podczas treningu i innych aktywno\u015bci fizycznych. S4 jest szczeg\u00f3lnie korzystny dla kulturyst\u00f3w, sportowc\u00f3w i ka\u017cdego, kto przechodzi cykl ci\u0119cia, poniewa\u017c pomaga zachowa\u0107 bezt\u0142uszczow\u0105 mas\u0119 mi\u0119\u015bniow\u0105 przy deficycie kalorycznym, zapewniaj\u0105c szczuplejszy, bardziej wyrze\u017abiony wygl\u0105d.<\/p>\n<h2>Dlaczego Powerock Pharma:<\/h2>\n<p>W Powerock Pharma dok\u0142adamy wszelkich stara\u0144, aby dostarcza\u0107 produkty spe\u0142niaj\u0105ce najwy\u017csze standardy jako\u015bci i bezpiecze\u0144stwa. Ka\u017cda partia Andarine (S4) jest produkowana w najnowocze\u015bniejszych zak\u0142adach, kt\u00f3re przestrzegaj\u0105 surowych norm GMP, HACCP i ISO 13485. Nasze rygorystyczne procedury testowe zapewniaj\u0105, \u017ce ka\u017cda kapsu\u0142ka zawiera precyzyjn\u0105 dawk\u0119 Andarine, woln\u0105 od zanieczyszcze\u0144 i nieczysto\u015bci. Wsp\u00f3\u0142pracujemy z wiod\u0105cymi laboratoriami w celu potwierdzenia czysto\u015bci i si\u0142y dzia\u0142ania naszych produkt\u00f3w, dzi\u0119ki czemu mo\u017cesz mie\u0107 pewno\u015b\u0107, \u017ce Andarine (S4) od Powerock Pharma zapewni sp\u00f3jne i wiarygodne wyniki za ka\u017cdym razem. Je\u015bli chodzi o cele badawcze i wydajno\u015bciowe, nie zadowalaj si\u0119 niczym gorszym ni\u017c najlepsze - wybierz Powerock Pharma.<\/p>\n<h3>Podsumowanie:<\/h3>\n<p>Je\u015bli chcesz przenie\u015b\u0107 swoje wysi\u0142ki zwi\u0105zane ze wzrostem mi\u0119\u015bni i utrat\u0105 t\u0142uszczu na wy\u017cszy poziom, Andarine (S4) jest rozwi\u0105zaniem, kt\u00f3rego potrzebujesz. Wspierany przez rygorystyczne kontrole jako\u015bci Powerock Pharma, produkt ten zosta\u0142 zaprojektowany, aby pom\u00f3c Ci osi\u0105gn\u0105\u0107 swoje cele bezpiecznie i skutecznie. Nie zadowalaj si\u0119 mniej - zam\u00f3w Andarine (S4) ju\u017c dzi\u015b i zacznij widzie\u0107 wyniki, na kt\u00f3re zas\u0142ugujesz.<\/p>","protected":false},"excerpt":{"rendered":"<p>Andarine (S4) wspomaga wzrost mi\u0119\u015bni i utrat\u0119 t\u0142uszczu poprzez selektywn\u0105 modulacj\u0119 receptor\u00f3w androgenowych. Oferuje zwi\u0119kszon\u0105 si\u0142\u0119, zwi\u0119kszon\u0105 wytrzyma\u0142o\u015b\u0107 i szybk\u0105 regeneracj\u0119. Wybierz Powerock Pharma, aby uzyska\u0107 najwy\u017csz\u0105 jako\u015b\u0107 i sp\u00f3jne wyniki.<\/p>","protected":false},"featured_media":235,"template":"","meta":{"_acf_changed":false,"rank_math_lock_modified_date":false,"inline_featured_image":false},"product_cat":[18],"product_tag":[],"class_list":{"0":"post-119","1":"product","2":"type-product","3":"status-publish","4":"has-post-thumbnail","6":"product_cat-sarms","9":"first","10":"instock","11":"shipping-taxable","12":"product-type-simple"},"acf":{"chromatogram":619,"metoda":{"acftf":{"v":"1.3.24"},"p":{"o":{"uh":0},"ca":""},"c":[{"p":""}],"h":[{"c":""}],"b":[[{"c":""}]]}},"_links":{"self":[{"href":"https:\/\/powerockpharma.com\/pl\/wp-json\/wp\/v2\/product\/119","targetHints":{"allow":["GET"]}}],"collection":[{"href":"https:\/\/powerockpharma.com\/pl\/wp-json\/wp\/v2\/product"}],"about":[{"href":"https:\/\/powerockpharma.com\/pl\/wp-json\/wp\/v2\/types\/product"}],"wp:featuredmedia":[{"embeddable":true,"href":"https:\/\/powerockpharma.com\/pl\/wp-json\/wp\/v2\/media\/235"}],"wp:attachment":[{"href":"https:\/\/powerockpharma.com\/pl\/wp-json\/wp\/v2\/media?parent=119"}],"wp:term":[{"taxonomy":"product_cat","embeddable":true,"href":"https:\/\/powerockpharma.com\/pl\/wp-json\/wp\/v2\/product_cat?post=119"},{"taxonomy":"product_tag","embeddable":true,"href":"https:\/\/powerockpharma.com\/pl\/wp-json\/wp\/v2\/product_tag?post=119"}],"curies":[{"name":"wp","href":"https:\/\/api.w.org\/{rel}","templated":true}]}}