{"id":120,"date":"2024-08-04T17:31:34","date_gmt":"2024-08-04T15:31:34","guid":{"rendered":"https:\/\/powerockpharma.com\/?post_type=product&#038;p=120"},"modified":"2025-11-12T06:53:56","modified_gmt":"2025-11-12T05:53:56","slug":"s23","status":"publish","type":"product","link":"https:\/\/powerockpharma.com\/pl\/sarms\/s23\/","title":{"rendered":"S23"},"content":{"rendered":"<h2>W\u0142a\u015bciwo\u015bci:<\/h2>\n<p>Mastorin, znany r\u00f3wnie\u017c jako S23, jest bardzo silnym selektywnym modulatorem receptora androgenowego (SARM), znanym ze swojego znacz\u0105cego wp\u0142ywu na wzrost mi\u0119\u015bni, redukcj\u0119 tkanki t\u0142uszczowej i og\u00f3ln\u0105 popraw\u0119 sk\u0142adu cia\u0142a. Jego silne w\u0142a\u015bciwo\u015bci anaboliczne sprawiaj\u0105, \u017ce jest to preferowany wyb\u00f3r dla naukowc\u00f3w zajmuj\u0105cych si\u0119 opracowywaniem zaawansowanych zwi\u0105zk\u00f3w zwi\u0119kszaj\u0105cych wydajno\u015b\u0107. S23 dzia\u0142a poprzez wi\u0105zanie si\u0119 z receptorami androgenowymi z wysokim powinowactwem, promuj\u0105c rozw\u00f3j bezt\u0142uszczowej masy mi\u0119\u015bniowej, jednocze\u015bnie u\u0142atwiaj\u0105c utrat\u0119 t\u0142uszczu. To podw\u00f3jne dzia\u0142anie sprawia, \u017ce jest on szczeg\u00f3lnie skuteczny dla os\u00f3b d\u0105\u017c\u0105cych do optymalizacji swojej sylwetki i wynik\u00f3w sportowych.<\/p>\n<h2>Mechanizm dzia\u0142ania:<\/h2>\n<p>Podstawowy mechanizm dzia\u0142ania Mastorin (S23) opiera si\u0119 na selektywnej modulacji receptor\u00f3w androgenowych w tkankach mi\u0119\u015bniowych i kostnych. W przeciwie\u0144stwie do tradycyjnych steryd\u00f3w anabolicznych, S23 zosta\u0142 zaprojektowany tak, aby wywiera\u0107 swoje dzia\u0142anie konkretnie na te obszary docelowe, minimalizuj\u0105c niepo\u017c\u0105dane interakcje z innymi tkankami, takimi jak prostata. Aktywuj\u0105c receptory androgenowe, S23 zwi\u0119ksza syntez\u0119 bia\u0142ek, prowadz\u0105c do zwi\u0119kszenia masy i si\u0142y mi\u0119\u015bni. Ponadto odgrywa kluczow\u0105 rol\u0119 w zmniejszaniu aktywno\u015bci katabolicznej podczas deficyt\u00f3w kalorycznych, zachowuj\u0105c w ten spos\u00f3b bezt\u0142uszczow\u0105 mas\u0119 przy jednoczesnej utracie tkanki t\u0142uszczowej. Ta selektywno\u015b\u0107 nie tylko zapewnia imponuj\u0105ce wyniki fizyczne, ale tak\u017ce zmniejsza ryzyko wyst\u0105pienia typowych skutk\u00f3w ubocznych zwi\u0105zanych z mniej ukierunkowanymi zwi\u0105zkami androgennymi.<\/p>\n<h2>Korzy\u015bci:<\/h2>\n<p>Badania nad Mastorin (S23) wykaza\u0142y sp\u00f3jne wyniki w zakresie znacznej hipertrofii mi\u0119\u015bni, przyrostu si\u0142y i redukcji tkanki t\u0142uszczowej. Osoby stosuj\u0105ce S23 zazwyczaj do\u015bwiadczaj\u0105 przyspieszonego czasu regeneracji, co pozwala na cz\u0119stsze i intensywniejsze sesje treningowe. Ponadto wiadomo, \u017ce S23 zwi\u0119ksza unaczynienie, przyczyniaj\u0105c si\u0119 do bardziej zdefiniowanej i estetycznej sylwetki. Jego zdolno\u015b\u0107 do zwi\u0119kszania g\u0119sto\u015bci mineralnej ko\u015bci czyni go r\u00f3wnie\u017c cennym w badaniach zwi\u0105zanych ze zdrowiem ko\u015bci i zapobieganiem osteoporozie. Skuteczno\u015b\u0107 S23 jest szczeg\u00f3lnie zauwa\u017calna podczas cykli ci\u0119cia, w kt\u00f3rych kluczowe znaczenie ma zachowanie masy mi\u0119\u015bniowej i przyspieszenie utraty tkanki t\u0142uszczowej.<\/p>\n<h2>Dlaczego Powerock Pharma:<\/h2>\n<p>Zobowi\u0105zanie Powerock Pharma do doskona\u0142o\u015bci zapewnia, \u017ce ka\u017cda partia Mastorin (S23) jest produkowana zgodnie z najwy\u017cszymi standardami jako\u015bci i bezpiecze\u0144stwa. Produkowane w najnowocze\u015bniejszych obiektach, kt\u00f3re spe\u0142niaj\u0105 certyfikaty GMP, HACCP i ISO 13485, nasze produkty przechodz\u0105 rygorystyczne testy czysto\u015bci i si\u0142y dzia\u0142ania. Wsp\u00f3\u0142pracujemy z wiod\u0105cymi laboratoriami w celu potwierdzenia sp\u00f3jno\u015bci i skuteczno\u015bci naszych zwi\u0105zk\u00f3w, zapewniaj\u0105c naukowcom niezawodne narz\u0119dzia do ich bada\u0144. Wybieraj\u0105c Powerock Pharma, wybierasz zaufane \u017ar\u00f3d\u0142o, kt\u00f3re priorytetowo traktuje wyniki bada\u0144 i bezpiecze\u0144stwo.<\/p>\n<h3>Podsumowanie:<\/h3>\n<p>Podnie\u015b poziom swoich bada\u0144 dzi\u0119ki Mastorin (S23), zwi\u0105zkowi zaprojektowanemu dla tych, kt\u00f3rzy wymagaj\u0105 najwy\u017cszych standard\u00f3w w zakresie wzrostu mi\u0119\u015bni, utraty tkanki t\u0142uszczowej i poprawy wydajno\u015bci. Wspierany przez zaanga\u017cowanie Powerock Pharma w jako\u015b\u0107, S23 oferuje bezpieczne i skuteczne rozwi\u0105zanie do osi\u0105gni\u0119cia cel\u00f3w badawczych. Zam\u00f3w Mastorin (S23) ju\u017c dzi\u015b i do\u015bwiadcz korzy\u015bci p\u0142yn\u0105cych ze starannie opracowanego produktu, kt\u00f3ry zapewnia sp\u00f3jne i niezawodne wyniki.<\/p>","protected":false},"excerpt":{"rendered":"<p>Mastorin (S23) wspomaga wzrost mi\u0119\u015bni i utrat\u0119 tkanki t\u0142uszczowej poprzez selektywn\u0105 modulacj\u0119 receptor\u00f3w androgenowych. Oferuje zwi\u0119kszon\u0105 si\u0142\u0119, zwi\u0119kszon\u0105 wytrzyma\u0142o\u015b\u0107 i przyspieszon\u0105 regeneracj\u0119. Wybierz Powerock Pharma, aby uzyska\u0107 bezkompromisow\u0105 jako\u015b\u0107 i sp\u00f3jne wyniki.<\/p>","protected":false},"featured_media":236,"template":"","meta":{"_acf_changed":false,"rank_math_lock_modified_date":false,"inline_featured_image":false},"product_cat":[18],"product_tag":[],"class_list":{"0":"post-120","1":"product","2":"type-product","3":"status-publish","4":"has-post-thumbnail","6":"product_cat-sarms","9":"first","10":"instock","11":"shipping-taxable","12":"product-type-simple"},"acf":{"chromatogram":620,"metoda":""},"_links":{"self":[{"href":"https:\/\/powerockpharma.com\/pl\/wp-json\/wp\/v2\/product\/120","targetHints":{"allow":["GET"]}}],"collection":[{"href":"https:\/\/powerockpharma.com\/pl\/wp-json\/wp\/v2\/product"}],"about":[{"href":"https:\/\/powerockpharma.com\/pl\/wp-json\/wp\/v2\/types\/product"}],"wp:featuredmedia":[{"embeddable":true,"href":"https:\/\/powerockpharma.com\/pl\/wp-json\/wp\/v2\/media\/236"}],"wp:attachment":[{"href":"https:\/\/powerockpharma.com\/pl\/wp-json\/wp\/v2\/media?parent=120"}],"wp:term":[{"taxonomy":"product_cat","embeddable":true,"href":"https:\/\/powerockpharma.com\/pl\/wp-json\/wp\/v2\/product_cat?post=120"},{"taxonomy":"product_tag","embeddable":true,"href":"https:\/\/powerockpharma.com\/pl\/wp-json\/wp\/v2\/product_tag?post=120"}],"curies":[{"name":"wp","href":"https:\/\/api.w.org\/{rel}","templated":true}]}}