{"id":121,"date":"2024-08-04T17:32:22","date_gmt":"2024-08-04T15:32:22","guid":{"rendered":"https:\/\/powerockpharma.com\/?post_type=product&#038;p=121"},"modified":"2025-11-12T06:52:02","modified_gmt":"2025-11-12T05:52:02","slug":"sr9011","status":"publish","type":"product","link":"https:\/\/powerockpharma.com\/pl\/sarms\/sr9011\/","title":{"rendered":"SR9011"},"content":{"rendered":"<h2>W\u0142a\u015bciwo\u015bci:<\/h2>\n<p>SR9011, znany r\u00f3wnie\u017c jako Recardin, jest silnym zwi\u0105zkiem badawczym uznanym za jego znacz\u0105cy wp\u0142yw na regulacj\u0119 metaboliczn\u0105 i wydatek energetyczny. Zyska\u0142 popularno\u015b\u0107 w\u015br\u00f3d badaczy ze wzgl\u0119du na sw\u00f3j potencja\u0142 w zakresie zwi\u0119kszania utraty tkanki t\u0142uszczowej, poprawy wytrzyma\u0142o\u015bci i regulacji rytm\u00f3w oko\u0142odobowych. Zwi\u0105zek ten jest szczeg\u00f3lnie ceniony w badaniach maj\u0105cych na celu zrozumienie mechanizm\u00f3w stoj\u0105cych za zaburzeniami metabolicznymi i optymalizacj\u0119 wydajno\u015bci fizycznej. SR9011 dzia\u0142a poprzez modulacj\u0119 Rev-ErbA, receptora j\u0105drowego, kt\u00f3ry odgrywa kluczow\u0105 rol\u0119 w kontrolowaniu wewn\u0119trznego zegara organizmu i homeostazy energetycznej, co czyni go preferowanym wyborem dla os\u00f3b badaj\u0105cych zaawansowane rozwi\u0105zania w zakresie spalania t\u0142uszczu i zwi\u0119kszania wytrzyma\u0142o\u015bci.<\/p>\n<h2>Mechanizm dzia\u0142ania:<\/h2>\n<p>Podstawowym dzia\u0142aniem SR9011 jest jego zdolno\u015b\u0107 do aktywacji bia\u0142ka Rev-ErbA, kt\u00f3re wp\u0142ywa na ekspresj\u0119 gen\u00f3w zaanga\u017cowanych w magazynowanie t\u0142uszczu, produkcj\u0119 glukozy i aktywno\u015b\u0107 mitochondri\u00f3w. Wi\u0105\u017c\u0105c si\u0119 z Rev-ErbA, SR9011 hamuje produkcj\u0119 glukozy w w\u0105trobie, zwi\u0119ksza rozk\u0142ad kwas\u00f3w t\u0142uszczowych i zwi\u0119ksza liczb\u0119 mitochondri\u00f3w w kom\u00f3rkach mi\u0119\u015bniowych. Prowadzi to do wzrostu wydatku energetycznego i odpowiadaj\u0105cego mu wzrostu wytrzyma\u0142o\u015bci. Ponadto modulacja rytmu oko\u0142odobowego przez SR9011 pomaga regulowa\u0107 cykle snu i czuwania, przyczyniaj\u0105c si\u0119 do og\u00f3lnego dobrego samopoczucia. Selektywna aktywacja Rev-ErbA zapewnia ukierunkowany wp\u0142yw na metabolizm i poziom energii bez niepo\u017c\u0105danych skutk\u00f3w ubocznych zwykle zwi\u0105zanych ze wzmacniaczami metabolizmu o szerokim spektrum dzia\u0142ania.<\/p>\n<h2>Korzy\u015bci:<\/h2>\n<p>Badania z udzia\u0142em SR9011 konsekwentnie wykazuj\u0105 jego potencja\u0142 do zapewnienia kilku kluczowych korzy\u015bci. W szczeg\u00f3lno\u015bci mo\u017ce on prowadzi\u0107 do znacznego zmniejszenia masy t\u0142uszczowej, co czyni go skutecznym zwi\u0105zkiem w badaniach koncentruj\u0105cych si\u0119 na kontroli masy cia\u0142a i utracie tkanki t\u0142uszczowej. Ponadto SR9011 zwi\u0119ksza wytrzyma\u0142o\u015b\u0107 poprzez zwi\u0119kszenie g\u0119sto\u015bci mitochondri\u00f3w i dost\u0119pno\u015bci energii w tkankach mi\u0119\u015bniowych, co jest szczeg\u00f3lnie korzystne dla sportowc\u00f3w i os\u00f3b pragn\u0105cych poprawi\u0107 swoj\u0105 wydolno\u015b\u0107 fizyczn\u0105. Zdolno\u015b\u0107 zwi\u0105zku do regulowania rytm\u00f3w oko\u0142odobowych sugeruje r\u00f3wnie\u017c potencjalne zastosowania w poprawie jako\u015bci snu i leczeniu zaburze\u0144 metabolicznych. U\u017cytkownicy mog\u0105 r\u00f3wnie\u017c do\u015bwiadczy\u0107 dodatkowych korzy\u015bci, takich jak ustabilizowany poziom energii w ci\u0105gu dnia oraz pozytywny wp\u0142yw na nastr\u00f3j i funkcje poznawcze.<\/p>\n<h2>Dlaczego Powerock Pharma:<\/h2>\n<p>W Powerock Pharma jeste\u015bmy zaanga\u017cowani w dostarczanie najwy\u017cszej jako\u015bci zwi\u0105zk\u00f3w badawczych. Nasz SR9011 jest produkowany w najnowocze\u015bniejszych zak\u0142adach, kt\u00f3re przestrzegaj\u0105 norm GMP, HACCP i ISO 13485, zapewniaj\u0105c, \u017ce ka\u017cda partia jest czysta, silna i niezawodna. Rygorystyczne procesy testowania s\u0105 wdra\u017cane w celu weryfikacji czysto\u015bci i sp\u00f3jno\u015bci naszych produkt\u00f3w, umo\u017cliwiaj\u0105c naukowcom prowadzenie bada\u0144 z pewno\u015bci\u0105. Wsp\u00f3\u0142pracujemy z wiod\u0105cymi laboratoriami, aby zagwarantowa\u0107, \u017ce nasz SR9011 spe\u0142nia najwy\u017csze standardy bezpiecze\u0144stwa i skuteczno\u015bci. Wybieraj\u0105c Powerock Pharma, wybierasz partnera oddanego doskona\u0142o\u015bci i uczciwo\u015bci w ka\u017cdym oferowanym przez nas produkcie.<\/p>\n<h3>Podsumowanie:<\/h3>\n<p>Je\u015bli Twoje badania koncentruj\u0105 si\u0119 na poprawie funkcji metabolicznych, utracie tkanki t\u0142uszczowej lub wytrzyma\u0142o\u015bci, SR9011 jest idealnym zwi\u0105zkiem do zbadania. Wspierany przez rygorystyczne kontrole jako\u015bci Powerock Pharma, produkt ten oferuje niezawodne i skuteczne rozwi\u0105zanie dla potrzeb Twojego badania. Nie id\u017a na kompromis w kwestii jako\u015bci - zam\u00f3w SR9011 ju\u017c dzi\u015b i z pewno\u015bci\u0105 zr\u00f3b kolejny krok w swoich badaniach.<\/p>","protected":false},"excerpt":{"rendered":"<p>SR9011 wspomaga utrat\u0119 tkanki t\u0142uszczowej i popraw\u0119 wytrzyma\u0142o\u015bci poprzez aktywacj\u0119 Rev-ErbA, kluczowego regulatora rytmu dobowego i metabolizmu. Oferuje przyspieszone spalanie t\u0142uszczu, zwi\u0119kszon\u0105 energi\u0119 i lepsz\u0105 wytrzyma\u0142o\u015b\u0107. Wybierz Powerock Pharma, aby uzyska\u0107 najwy\u017csz\u0105 jako\u015b\u0107 i niezawodne wyniki.<\/p>","protected":false},"featured_media":238,"template":"","meta":{"_acf_changed":false,"rank_math_lock_modified_date":false,"inline_featured_image":false},"product_cat":[18],"product_tag":[],"class_list":{"0":"post-121","1":"product","2":"type-product","3":"status-publish","4":"has-post-thumbnail","6":"product_cat-sarms","9":"first","10":"instock","11":"shipping-taxable","12":"product-type-simple"},"acf":{"chromatogram":614,"metoda":""},"_links":{"self":[{"href":"https:\/\/powerockpharma.com\/pl\/wp-json\/wp\/v2\/product\/121","targetHints":{"allow":["GET"]}}],"collection":[{"href":"https:\/\/powerockpharma.com\/pl\/wp-json\/wp\/v2\/product"}],"about":[{"href":"https:\/\/powerockpharma.com\/pl\/wp-json\/wp\/v2\/types\/product"}],"wp:featuredmedia":[{"embeddable":true,"href":"https:\/\/powerockpharma.com\/pl\/wp-json\/wp\/v2\/media\/238"}],"wp:attachment":[{"href":"https:\/\/powerockpharma.com\/pl\/wp-json\/wp\/v2\/media?parent=121"}],"wp:term":[{"taxonomy":"product_cat","embeddable":true,"href":"https:\/\/powerockpharma.com\/pl\/wp-json\/wp\/v2\/product_cat?post=121"},{"taxonomy":"product_tag","embeddable":true,"href":"https:\/\/powerockpharma.com\/pl\/wp-json\/wp\/v2\/product_tag?post=121"}],"curies":[{"name":"wp","href":"https:\/\/api.w.org\/{rel}","templated":true}]}}