{"id":122,"date":"2024-08-04T17:33:20","date_gmt":"2024-08-04T15:33:20","guid":{"rendered":"https:\/\/powerockpharma.com\/?post_type=product&#038;p=122"},"modified":"2025-11-12T07:02:14","modified_gmt":"2025-11-12T06:02:14","slug":"lgd3033","status":"publish","type":"product","link":"https:\/\/powerockpharma.com\/pl\/sarms\/lgd3033\/","title":{"rendered":"LGD3033"},"content":{"rendered":"<h2>W\u0142a\u015bciwo\u015bci:<\/h2>\n<p>LGD3033, silny selektywny modulator receptora androgenowego (SARM), jest znany ze swojego znacz\u0105cego wp\u0142ywu na wzrost i si\u0142\u0119 mi\u0119\u015bni, co czyni go idealnym wyborem dla badaczy koncentruj\u0105cych si\u0119 na poprawie wydolno\u015bci fizycznej i retencji bezt\u0142uszczowej masy cia\u0142a. Zwi\u0105zek ten dzia\u0142a poprzez selektywne wi\u0105zanie si\u0119 z receptorami androgenowymi, g\u0142\u00f3wnie w tkankach mi\u0119\u015bniowych i kostnych, prowadz\u0105c do ukierunkowanych efekt\u00f3w anabolicznych przy minimalnym wp\u0142ywie na inne narz\u0105dy. Ta selektywno\u015b\u0107 zapewnia, \u017ce LGD3033 jest wysoce skuteczny w promowaniu wzrostu mi\u0119\u015bni, jednocze\u015bnie minimalizuj\u0105c potencjalne skutki uboczne cz\u0119sto zwi\u0105zane z tradycyjnymi sterydami anabolicznymi.<\/p>\n<h2>Mechanizm dzia\u0142ania:<\/h2>\n<p>Dzia\u0142anie LGD3033 opiera si\u0119 na jego zdolno\u015bci do selektywnej modulacji receptor\u00f3w androgenowych. W przeciwie\u0144stwie do steryd\u00f3w anabolicznych, kt\u00f3re wp\u0142ywaj\u0105 na wszystkie receptory androgenowe bez wyj\u0105tku, LGD3033 celuje w okre\u015blone receptory w mi\u0119\u015bniach i ko\u015bciach, prowadz\u0105c do zwi\u0119kszonej syntezy bia\u0142ek i zmniejszonego katabolizmu mi\u0119\u015bni. Ten selektywny mechanizm pozwala na znaczne przyrosty masy mi\u0119\u015bniowej bez negatywnych skutk\u00f3w typowych dla steryd\u00f3w, takich jak toksyczno\u015b\u0107 w\u0105troby lub negatywny wp\u0142yw na zdrowie uk\u0142adu sercowo-naczyniowego. Dodatkowo LGD3033 pomaga zachowa\u0107 bezt\u0142uszczow\u0105 mas\u0119 podczas deficytu kalorycznego, co czyni go szczeg\u00f3lnie korzystnym podczas cykli ci\u0119cia.<\/p>\n<h2>Korzy\u015bci:<\/h2>\n<p>Regularne stosowanie LGD3033 w badaniach naukowych wykaza\u0142o zauwa\u017calny wzrost masy mi\u0119\u015bniowej, przyrost si\u0142y i przyspieszenie czasu regeneracji. Naukowcy zaobserwowali r\u00f3wnie\u017c popraw\u0119 wytrzyma\u0142o\u015bci i og\u00f3lnej wydajno\u015bci u badanych. Dodatkowe korzy\u015bci mog\u0105 obejmowa\u0107 zwi\u0119kszon\u0105 unaczynienie, lepszy poziom energii i stabilizacj\u0119 nastroju. Zwi\u0105zek ten jest szczeg\u00f3lnie skuteczny dla os\u00f3b d\u0105\u017c\u0105cych do uzyskania szczup\u0142ej, muskularnej sylwetki, dzi\u0119ki czemu jest popularnym wyborem w\u015br\u00f3d kulturyst\u00f3w, sportowc\u00f3w i badaczy zajmuj\u0105cych si\u0119 popraw\u0105 sprawno\u015bci fizycznej.<\/p>\n<h2>Dlaczego Powerock Pharma:<\/h2>\n<p>W Powerock Pharma dok\u0142adamy wszelkich stara\u0144, aby dostarcza\u0107 najwy\u017cszej jako\u015bci dost\u0119pne zwi\u0105zki badawcze. Nasz LGD3033 jest produkowany w najnowocze\u015bniejszych zak\u0142adach, kt\u00f3re spe\u0142niaj\u0105 i przekraczaj\u0105 standardy GMP, HACCP i ISO 13485, zapewniaj\u0105c, \u017ce ka\u017cda partia jest najwy\u017cszej jako\u015bci. Rygorystyczne procedury testowania i walidacji, przeprowadzane we wsp\u00f3\u0142pracy z wiod\u0105cymi laboratoriami, gwarantuj\u0105 czysto\u015b\u0107 i si\u0142\u0119 dzia\u0142ania naszych produkt\u00f3w. Wybieraj\u0105c LGD3033 od Powerock Pharma, mo\u017cesz mie\u0107 pewno\u015b\u0107, \u017ce u\u017cywasz produktu, kt\u00f3ry jest zar\u00f3wno skuteczny, jak i bezpieczny dla Twoich potrzeb badawczych.<\/p>\n<h3>Podsumowanie:<\/h3>\n<p>Je\u015bli Twoje badania koncentruj\u0105 si\u0119 na wzro\u015bcie mi\u0119\u015bni, zwi\u0119kszeniu si\u0142y lub utrzymaniu bezt\u0142uszczowej masy, LGD3033 jest zwi\u0105zkiem, kt\u00f3rego potrzebujesz. Dzi\u0119ki zaanga\u017cowaniu Powerock Pharma w jako\u015b\u0107 i bezpiecze\u0144stwo, produkt ten zosta\u0142 zaprojektowany, aby pom\u00f3c Ci osi\u0105gn\u0105\u0107 wiarygodne i sp\u00f3jne wyniki. Nie id\u017a na kompromis w swoich badaniach - zam\u00f3w LGD3033 ju\u017c dzi\u015b i zr\u00f3b kolejny krok w kierunku prze\u0142omowych odkry\u0107.<\/p>","protected":false},"excerpt":{"rendered":"<p>LGD3033 wspomaga wzrost mi\u0119\u015bni poprzez selektywn\u0105 modulacj\u0119 receptor\u00f3w androgenowych, prowadz\u0105c do zwi\u0119kszonej syntezy bia\u0142ek i zmniejszonego rozpadu mi\u0119\u015bni. Zapewnia zwi\u0119kszon\u0105 si\u0142\u0119, przyspieszon\u0105 regeneracj\u0119 i utrzymanie bezt\u0142uszczowej masy cia\u0142a. Wybierz Powerock Pharma dla jako\u015bci i rezultat\u00f3w.<\/p>","protected":false},"featured_media":239,"template":"","meta":{"_acf_changed":false,"rank_math_lock_modified_date":false,"inline_featured_image":false},"product_cat":[18],"product_tag":[],"class_list":{"0":"post-122","1":"product","2":"type-product","3":"status-publish","4":"has-post-thumbnail","6":"product_cat-sarms","9":"first","10":"instock","11":"shipping-taxable","12":"product-type-simple"},"acf":{"chromatogram":648,"metoda":""},"_links":{"self":[{"href":"https:\/\/powerockpharma.com\/pl\/wp-json\/wp\/v2\/product\/122","targetHints":{"allow":["GET"]}}],"collection":[{"href":"https:\/\/powerockpharma.com\/pl\/wp-json\/wp\/v2\/product"}],"about":[{"href":"https:\/\/powerockpharma.com\/pl\/wp-json\/wp\/v2\/types\/product"}],"wp:featuredmedia":[{"embeddable":true,"href":"https:\/\/powerockpharma.com\/pl\/wp-json\/wp\/v2\/media\/239"}],"wp:attachment":[{"href":"https:\/\/powerockpharma.com\/pl\/wp-json\/wp\/v2\/media?parent=122"}],"wp:term":[{"taxonomy":"product_cat","embeddable":true,"href":"https:\/\/powerockpharma.com\/pl\/wp-json\/wp\/v2\/product_cat?post=122"},{"taxonomy":"product_tag","embeddable":true,"href":"https:\/\/powerockpharma.com\/pl\/wp-json\/wp\/v2\/product_tag?post=122"}],"curies":[{"name":"wp","href":"https:\/\/api.w.org\/{rel}","templated":true}]}}