{"id":123,"date":"2024-08-04T17:41:01","date_gmt":"2024-08-04T15:41:01","guid":{"rendered":"https:\/\/powerockpharma.com\/?post_type=product&#038;p=123"},"modified":"2025-11-12T06:42:46","modified_gmt":"2025-11-12T05:42:46","slug":"yohimbine-hcl-10","status":"publish","type":"product","link":"https:\/\/powerockpharma.com\/pl\/yohimbine\/johimbina-hcl-10\/","title":{"rendered":"YOHIMBINE HCL 10mg"},"content":{"rendered":"<h2>W\u0142a\u015bciwo\u015bci:<\/h2>\n<p>Johimbina HCL jest znana ze swojego silnego wp\u0142ywu na utrat\u0119 tkanki t\u0142uszczowej, dzi\u0119ki czemu jest doskona\u0142ym wyborem dla os\u00f3b d\u0105\u017c\u0105cych do uzyskania szczuplejszej sylwetki. Zwi\u0105zek ten dzia\u0142a przede wszystkim na uporczywe obszary t\u0142uszczowe poprzez hamowanie receptor\u00f3w alfa-2 adrenergicznych, kt\u00f3re s\u0105 odpowiedzialne za zapobieganie rozpadowi t\u0142uszczu w niekt\u00f3rych cz\u0119\u015bciach cia\u0142a. Blokuj\u0105c te receptory, Yohimbine HCL u\u0142atwia uwalnianie kwas\u00f3w t\u0142uszczowych z tkanki t\u0142uszczowej, zwi\u0119kszaj\u0105c mobilizacj\u0119 i utlenianie t\u0142uszczu. Mechanizm ten czyni go szczeg\u00f3lnie skutecznym dla os\u00f3b, kt\u00f3re chc\u0105 zoptymalizowa\u0107 sw\u00f3j sk\u0142ad cia\u0142a podczas faz ci\u0119cia lub tych, kt\u00f3rzy zmagaj\u0105 si\u0119 z opornymi z\u0142ogami t\u0142uszczu.<\/p>\n<h2>Mechanizm dzia\u0142ania:<\/h2>\n<p>Dzia\u0142anie Yohimbine HCL koncentruje si\u0119 wok\u00f3\u0142 jego zdolno\u015bci do blokowania receptor\u00f3w alfa-2 adrenergicznych, kt\u00f3re odgrywaj\u0105 kluczow\u0105 rol\u0119 w regulacji metabolizmu t\u0142uszcz\u00f3w. Receptory te znajduj\u0105 si\u0119 g\u0142\u00f3wnie w obszarach, w kt\u00f3rych utrata tkanki t\u0142uszczowej jest zazwyczaj powolna, takich jak brzuch i uda. Hamuj\u0105c te receptory, Yohimbine HCL promuje zwi\u0119kszony poziom noradrenaliny, co z kolei stymuluje lipoliz\u0119 lub rozk\u0142ad t\u0142uszczu. Ten wzmocniony proces spalania t\u0142uszczu pozwala na bardziej efektywne wykorzystanie zmagazynowanego t\u0142uszczu jako \u017ar\u00f3d\u0142a energii, co prowadzi do poprawy sk\u0142adu cia\u0142a bez negatywnego wp\u0142ywu na bezt\u0142uszczow\u0105 mas\u0119 mi\u0119\u015bniow\u0105. Dodatkowo, w\u0142a\u015bciwo\u015bci pobudzaj\u0105ce Yohimbine HCL przyczyniaj\u0105 si\u0119 do zwi\u0119kszenia poziomu energii i koncentracji umys\u0142owej, dzi\u0119ki czemu jest to doskona\u0142a pomoc podczas diet o ograniczonej kaloryczno\u015bci i intensywnych sesji treningowych.<\/p>\n<h2>Korzy\u015bci:<\/h2>\n<p>Regularne stosowanie Yohimbine HCL prowadzi do szeregu korzy\u015bci, w tym przyspieszonej utraty tkanki t\u0142uszczowej, zw\u0142aszcza w uporczywych obszarach, oraz poprawy poziomu energii podczas trening\u00f3w. U\u017cytkownicy cz\u0119sto do\u015bwiadczaj\u0105 zwi\u0119kszonej koncentracji i czujno\u015bci, co u\u0142atwia utrzymanie \u015bcis\u0142ej diety i re\u017cimu treningowego. Zwi\u0105zek ten jest szczeg\u00f3lnie korzystny dla sportowc\u00f3w, kulturyst\u00f3w i entuzjast\u00f3w fitness przechodz\u0105cych cykle ci\u0119cia lub tych, kt\u00f3rzy chc\u0105 wyeliminowa\u0107 resztki t\u0142uszczu po fazie \u0142\u0105czenia. Dodatkowe korzy\u015bci mog\u0105 obejmowa\u0107 popraw\u0119 nastroju i niewielki efekt termogeniczny, co dodatkowo wspomaga redukcj\u0119 tkanki t\u0142uszczowej.<\/p>\n<h2>Dlaczego Powerock Pharma:<\/h2>\n<p>W Powerock Pharma stawiamy na jako\u015b\u0107 i sp\u00f3jno\u015b\u0107. Nasza johimbina HCL jest produkowana w najnowocze\u015bniejszych zak\u0142adach spe\u0142niaj\u0105cych rygorystyczne normy GMP, HACCP i ISO 13485. Ka\u017cda partia przechodzi rygorystyczne testy, aby zapewni\u0107 czysto\u015b\u0107, moc i bezpiecze\u0144stwo, dostarczaj\u0105c naukowcom i konsumentom produkt, kt\u00f3remu mog\u0105 zaufa\u0107. Wsp\u00f3\u0142pracuj\u0105c z wiod\u0105cymi laboratoriami, gwarantujemy, \u017ce nasza Yohimbine HCL zapewnia precyzyjne efekty potrzebne do osi\u0105gni\u0119cia cel\u00f3w zwi\u0105zanych z utrat\u0105 t\u0142uszczu bez uszczerbku dla bezpiecze\u0144stwa. Wybieraj\u0105c Powerock Pharma, wybierasz produkt poparty nauk\u0105, wyprodukowany uczciwie i udowodniony, \u017ce przynosi rezultaty.<\/p>\n<h3>Podsumowanie:<\/h3>\n<p>Je\u015bli powa\u017cnie my\u015blisz o osi\u0105gni\u0119ciu szczuplejszej sylwetki i pokonaniu uporczywego t\u0142uszczu, Yohimbine HCL jest idealnym suplementem wspieraj\u0105cym Twoje cele. Oparty na zaawansowanych badaniach i wyprodukowany zgodnie z najwy\u017cszymi standardami, produkt ten zapewnia bezpieczne i skuteczne uzyskanie najlepszych rezultat\u00f3w. Nie id\u017a na kompromis w sprawie swoich post\u0119p\u00f3w - zam\u00f3w Yohimbine HCL od Powerock Pharma ju\u017c dzi\u015b i zr\u00f3b kolejny krok w swojej podr\u00f3\u017cy fitness.<\/p>","protected":false},"excerpt":{"rendered":"<p>Yohimbine HCL wspomaga utrat\u0119 tkanki t\u0142uszczowej poprzez blokowanie receptor\u00f3w alfa-2 adrenergicznych, nasilaj\u0105c lipoliz\u0119. Zapewnia zwi\u0119kszon\u0105 energi\u0119, lepsze skupienie i szybsz\u0105 redukcj\u0119 tkanki t\u0142uszczowej. Wybierz Powerock Pharma, aby uzyska\u0107 jako\u015b\u0107 i sp\u00f3jne wyniki.<\/p>","protected":false},"featured_media":242,"template":"","meta":{"_acf_changed":false,"rank_math_lock_modified_date":false,"inline_featured_image":false},"product_cat":[20],"product_tag":[],"class_list":{"0":"post-123","1":"product","2":"type-product","3":"status-publish","4":"has-post-thumbnail","6":"product_cat-yohimbine","9":"first","10":"instock","11":"shipping-taxable","12":"product-type-simple"},"acf":{"chromatogram":598,"metoda":""},"_links":{"self":[{"href":"https:\/\/powerockpharma.com\/pl\/wp-json\/wp\/v2\/product\/123","targetHints":{"allow":["GET"]}}],"collection":[{"href":"https:\/\/powerockpharma.com\/pl\/wp-json\/wp\/v2\/product"}],"about":[{"href":"https:\/\/powerockpharma.com\/pl\/wp-json\/wp\/v2\/types\/product"}],"wp:featuredmedia":[{"embeddable":true,"href":"https:\/\/powerockpharma.com\/pl\/wp-json\/wp\/v2\/media\/242"}],"wp:attachment":[{"href":"https:\/\/powerockpharma.com\/pl\/wp-json\/wp\/v2\/media?parent=123"}],"wp:term":[{"taxonomy":"product_cat","embeddable":true,"href":"https:\/\/powerockpharma.com\/pl\/wp-json\/wp\/v2\/product_cat?post=123"},{"taxonomy":"product_tag","embeddable":true,"href":"https:\/\/powerockpharma.com\/pl\/wp-json\/wp\/v2\/product_tag?post=123"}],"curies":[{"name":"wp","href":"https:\/\/api.w.org\/{rel}","templated":true}]}}