{"id":124,"date":"2024-08-04T17:41:46","date_gmt":"2024-08-04T15:41:46","guid":{"rendered":"https:\/\/powerockpharma.com\/?post_type=product&#038;p=124"},"modified":"2025-11-12T07:07:09","modified_gmt":"2025-11-12T06:07:09","slug":"double-yohimbine-hcl","status":"publish","type":"product","link":"https:\/\/powerockpharma.com\/pl\/yohimbine\/podwojna-johimbina-hcl\/","title":{"rendered":"PODW\u00d3JNA JOHIMBINA HCL"},"content":{"rendered":"<h2>W\u0142a\u015bciwo\u015bci:<\/h2>\n<p>Double Yohimbine HCL \u0142\u0105czy w sobie dwie silne formy johimbiny - chlorowodorek johimbiny i alfa-johimbin\u0119 - aby zapewni\u0107 niezr\u00f3wnany wp\u0142yw na utrat\u0119 tkanki t\u0142uszczowej i zwi\u0119kszenie energii. Ten produkt o podw\u00f3jnym dzia\u0142aniu zosta\u0142 specjalnie zaprojektowany dla os\u00f3b pragn\u0105cych przyspieszy\u0107 spalanie t\u0142uszczu przy jednoczesnym zachowaniu bezt\u0142uszczowej masy mi\u0119\u015bniowej. Chlorowodorek johimbiny dzia\u0142a poprzez stymulacj\u0119 uwalniania noradrenaliny, hormonu odpowiedzialnego za mobilizacj\u0119 zapas\u00f3w t\u0142uszczu i zwi\u0119kszenie tempa metabolizmu. Z drugiej strony, alfa-johimbina jest silniejszym wariantem, kt\u00f3ry celuje w uporczywe z\u0142ogi t\u0142uszczu, szczeg\u00f3lnie w obszarach takich jak brzuch i uda, gdzie utrata t\u0142uszczu jest cz\u0119sto najtrudniejsza.<\/p>\n<h2>Mechanizm dzia\u0142ania:<\/h2>\n<p>Dzia\u0142anie Double Yohimbine HCL koncentruje si\u0119 wok\u00f3\u0142 jego zdolno\u015bci do blokowania receptor\u00f3w alfa-2 adrenergicznych, kt\u00f3re zazwyczaj hamuj\u0105 rozk\u0142ad t\u0142uszczu w organizmie. Antagonizuj\u0105c te receptory, johimbina zwi\u0119ksza poziom noradrenaliny i dopaminy, co z kolei nasila lipoliz\u0119, czyli rozpad zapas\u00f3w t\u0142uszczu. Proces ten nie tylko u\u0142atwia szybk\u0105 utrat\u0119 tkanki t\u0142uszczowej, ale tak\u017ce zapewnia znaczny wzrost energii i skupienia, dzi\u0119ki czemu jest idealny dla os\u00f3b pragn\u0105cych zwi\u0119kszy\u0107 swoj\u0105 wydolno\u015b\u0107 fizyczn\u0105. Dodatkowo, selektywne dzia\u0142anie alfa-johimbiny na tkanki t\u0142uszczowe zapewnia maksymalizacj\u0119 efekt\u00f3w spalania t\u0142uszczu bez znacz\u0105cego wp\u0142ywu na inne uk\u0142ady organizmu, zmniejszaj\u0105c ryzyko wyst\u0105pienia skutk\u00f3w ubocznych powszechnie kojarzonych ze stymulantami.<\/p>\n<h2>Korzy\u015bci:<\/h2>\n<p>Regularne stosowanie Double Yohimbine HCL mo\u017ce prowadzi\u0107 do zauwa\u017calnej utraty tkanki t\u0142uszczowej, szczeg\u00f3lnie w obszarach opornych na diet\u0119 i \u0107wiczenia. U\u017cytkownicy cz\u0119sto zg\u0142aszaj\u0105 popraw\u0119 poziomu energii, zwi\u0119kszon\u0105 jasno\u015b\u0107 umys\u0142u i zwi\u0119kszone poczucie skupienia, co mo\u017ce by\u0107 szczeg\u00f3lnie korzystne podczas deficyt\u00f3w kalorycznych lub intensywnych okres\u00f3w treningowych. Produkt jest r\u00f3wnie\u017c znany ze swojej zdolno\u015bci do wspomagania stabilizacji nastroju, u\u0142atwiaj\u0105c utrzymanie sp\u00f3jnego schematu diety i \u0107wicze\u0144. Double Yohimbine HCL jest szczeg\u00f3lnie skuteczny dla kulturyst\u00f3w, sportowc\u00f3w i os\u00f3b przechodz\u0105cych cykle ci\u0119cia, kt\u00f3re musz\u0105 zrzuci\u0107 t\u0142uszcz przy jednoczesnym zachowaniu masy mi\u0119\u015bniowej.<\/p>\n<h2>Dlaczego Powerock Pharma:<\/h2>\n<p>W Powerock Pharma priorytetowo traktujemy jako\u015b\u0107 i bezpiecze\u0144stwo ka\u017cdego wytwarzanego przez nas produktu. Double Yohimbine HCL jest produkowany w najnowocze\u015bniejszych zak\u0142adach, kt\u00f3re spe\u0142niaj\u0105 najwy\u017csze standardy Dobrych Praktyk Produkcyjnych (GMP), Krytycznego Punktu Kontroli Analizy Zagro\u017ce\u0144 (HACCP) i ISO 13485. Nasze rygorystyczne procesy kontroli jako\u015bci zapewniaj\u0105, \u017ce ka\u017cda partia Double Yohimbine HCL jest testowana pod k\u0105tem czysto\u015bci, mocy i sp\u00f3jno\u015bci, dzi\u0119ki czemu mo\u017cesz mie\u0107 pewno\u015b\u0107, \u017ce otrzymujesz produkt, kt\u00f3ry jest zar\u00f3wno skuteczny, jak i bezpieczny. Wsp\u00f3\u0142pracujemy z najlepszymi laboratoriami w celu potwierdzenia jako\u015bci naszych produkt\u00f3w, zapewniaj\u0105c, \u017ce spe\u0142niaj\u0105 one najsurowsze standardy bran\u017cowe. Wybierz Powerock Pharma, aby uzyska\u0107 wiarygodne wyniki i spok\u00f3j ducha.<\/p>\n<h3>Podsumowanie:<\/h3>\n<p>Je\u015bli powa\u017cnie my\u015blisz o przyspieszeniu utraty tkanki t\u0142uszczowej i zwi\u0119kszeniu poziomu energii, Double Yohimbine HCL jest rozwi\u0105zaniem, kt\u00f3rego potrzebujesz. Wspierany przez zaanga\u017cowanie Powerock Pharma w doskona\u0142o\u015b\u0107, produkt ten zosta\u0142 zaprojektowany, aby pom\u00f3c Ci osi\u0105gn\u0105\u0107 cele fitness bezpiecznie i skutecznie. Nie id\u017a na kompromis w kwestii jako\u015bci - zam\u00f3w Double Yohimbine HCL ju\u017c dzi\u015b i zacznij do\u015bwiadcza\u0107 rezultat\u00f3w, na kt\u00f3re zas\u0142ugujesz.<\/p>","protected":false},"excerpt":{"rendered":"<p>Double Yohimbine HCL wspomaga utrat\u0119 tkanki t\u0142uszczowej poprzez zwi\u0119kszenie uwalniania noradrenaliny i blokowanie receptor\u00f3w alfa-2 adrenergicznych. Zapewnia szybk\u0105 redukcj\u0119 masy cia\u0142a, zwi\u0119kszon\u0105 energi\u0119 i lepsz\u0105 koncentracj\u0119. Wybierz Powerock Pharma, aby uzyska\u0107 sp\u00f3jne, wysokiej jako\u015bci wyniki.<\/p>","protected":false},"featured_media":243,"template":"","meta":{"_acf_changed":false,"rank_math_lock_modified_date":false,"inline_featured_image":false},"product_cat":[20],"product_tag":[],"class_list":{"0":"post-124","1":"product","2":"type-product","3":"status-publish","4":"has-post-thumbnail","6":"product_cat-yohimbine","9":"first","10":"instock","11":"shipping-taxable","12":"product-type-simple"},"acf":{"chromatogram":666,"metoda":""},"_links":{"self":[{"href":"https:\/\/powerockpharma.com\/pl\/wp-json\/wp\/v2\/product\/124","targetHints":{"allow":["GET"]}}],"collection":[{"href":"https:\/\/powerockpharma.com\/pl\/wp-json\/wp\/v2\/product"}],"about":[{"href":"https:\/\/powerockpharma.com\/pl\/wp-json\/wp\/v2\/types\/product"}],"wp:featuredmedia":[{"embeddable":true,"href":"https:\/\/powerockpharma.com\/pl\/wp-json\/wp\/v2\/media\/243"}],"wp:attachment":[{"href":"https:\/\/powerockpharma.com\/pl\/wp-json\/wp\/v2\/media?parent=124"}],"wp:term":[{"taxonomy":"product_cat","embeddable":true,"href":"https:\/\/powerockpharma.com\/pl\/wp-json\/wp\/v2\/product_cat?post=124"},{"taxonomy":"product_tag","embeddable":true,"href":"https:\/\/powerockpharma.com\/pl\/wp-json\/wp\/v2\/product_tag?post=124"}],"curies":[{"name":"wp","href":"https:\/\/api.w.org\/{rel}","templated":true}]}}