{"id":290,"date":"2024-08-12T06:09:57","date_gmt":"2024-08-12T04:09:57","guid":{"rendered":"https:\/\/powerockpharma.com\/?post_type=product&#038;p=290"},"modified":"2025-11-12T06:41:57","modified_gmt":"2025-11-12T05:41:57","slug":"yohimbine-hcl-5","status":"publish","type":"product","link":"https:\/\/powerockpharma.com\/pl\/yohimbine\/johimbina-hcl-5\/","title":{"rendered":"YOHIMBINE HCL 5mg"},"content":{"rendered":"<h2>W\u0142a\u015bciwo\u015bci Yohimbine HCL 5mg:<\/h2>\n<p>Johimbina HCL, znana r\u00f3wnie\u017c jako chlorowodorek johimbiny, jest silnym alkaloidem o dobrze udokumentowanym wp\u0142ywie na utrat\u0119 tkanki t\u0142uszczowej i zwi\u0119kszenie energii. Pochodz\u0105cy z kory drzewa Yohimbe, Yohimbine HCL jest wysoko ceniony w spo\u0142eczno\u015bci badawczej za jego zdolno\u015b\u0107 do celowania w uparty t\u0142uszcz, co czyni go preferowanym wyborem dla tych, kt\u00f3rzy chc\u0105 udoskonali\u0107 swoj\u0105 sylwetk\u0119 i poprawi\u0107 wydajno\u015b\u0107. Zwi\u0105zek ten dzia\u0142a przede wszystkim poprzez blokowanie receptor\u00f3w alfa-2 adrenergicznych, kt\u00f3re znajduj\u0105 si\u0119 w wysokich st\u0119\u017ceniach w obszarach cia\u0142a, kt\u00f3re s\u0105 odporne na utrat\u0119 t\u0142uszczu, takich jak brzuch i uda. Hamuj\u0105c te receptory, Yohimbine HCL promuje uwalnianie noradrenaliny, hormonu, kt\u00f3ry stymuluje rozk\u0142ad t\u0142uszczu lub lipoliz\u0119 i zwi\u0119ksza wydatek energetyczny poprzez termogenez\u0119.<\/p>\n<h2>Mechanizm dzia\u0142ania:<\/h2>\n<p>Dzia\u0142anie Yohimbine HCL koncentruje si\u0119 wok\u00f3\u0142 jego zdolno\u015bci do hamowania receptor\u00f3w alfa-2 adrenergicznych. Hamowanie to zapobiega wi\u0105zaniu si\u0119 tych receptor\u00f3w z noradrenalin\u0105, umo\u017cliwiaj\u0105c kr\u0105\u017cenie wi\u0119kszej ilo\u015bci tego hormonu spalaj\u0105cego t\u0142uszcz w krwiobiegu. Zwi\u0119kszony poziom noradrenaliny aktywuje nast\u0119pnie receptory beta, kt\u00f3re s\u0105 odpowiedzialne za wyzwalanie lipolizy i termogenezy. Ten selektywny mechanizm zapewnia, \u017ce Yohimbine HCL nie tylko skutecznie celuje w zapasy t\u0142uszczu, ale tak\u017ce zwi\u0119ksza og\u00f3lny poziom energii, dzi\u0119ki czemu jest szczeg\u00f3lnie przydatny podczas cykli ci\u0119cia lub podczas d\u0105\u017cenia do szczuplejszej sylwetki. Co wi\u0119cej, dzia\u0142anie Yohimbine HCL wykracza poza utrat\u0119 tkanki t\u0142uszczowej; wiadomo r\u00f3wnie\u017c, \u017ce poprawia nastr\u00f3j i funkcje poznawcze ze wzgl\u0119du na stymuluj\u0105cy wp\u0142yw na o\u015brodkowy uk\u0142ad nerwowy.<\/p>\n<h2>Korzy\u015bci:<\/h2>\n<p>Konsekwentne stosowanie Yohimbine HCL skutkuje znaczn\u0105 utrat\u0105 tkanki t\u0142uszczowej, szczeg\u00f3lnie w uporczywych obszarach, zwi\u0119kszonym poziomem energii i popraw\u0105 wydajno\u015bci \u0107wicze\u0144. Naukowcy mog\u0105 zaobserwowa\u0107 zwi\u0119kszon\u0105 termogenez\u0119, prowadz\u0105c\u0105 do wi\u0119kszego spalania kalorii nawet w spoczynku, a tak\u017ce popraw\u0119 nastroju i skupienia dzi\u0119ki stymulacji o\u015brodkowego uk\u0142adu nerwowego. Zwi\u0105zek ten jest szczeg\u00f3lnie skuteczny w przypadku os\u00f3b zaanga\u017cowanych w rygorystyczne schematy treningowe, sportowc\u00f3w d\u0105\u017c\u0105cych do poprawy sk\u0142adu cia\u0142a oraz os\u00f3b przechodz\u0105cych faz\u0119 ci\u0119cia. Dodatkowo, Yohimbine HCL mo\u017ce r\u00f3wnie\u017c oferowa\u0107 dodatkowe korzy\u015bci, takie jak lepszy przep\u0142yw krwi i zwi\u0119kszona sprawno\u015b\u0107 seksualna ze wzgl\u0119du na dzia\u0142anie rozszerzaj\u0105ce naczynia krwiono\u015bne.<\/p>\n<h2>Dlaczego Powerock Pharma:<\/h2>\n<p>W Powerock Pharma dok\u0142adamy wszelkich stara\u0144, aby dostarcza\u0107 wy\u0142\u0105cznie najwy\u017cszej jako\u015bci produkty wspieraj\u0105ce badania. Nasza Yohimbine HCL jest produkowana w zak\u0142adach, kt\u00f3re \u015bci\u015ble przestrzegaj\u0105 norm GMP, HACCP i ISO 13485, zapewniaj\u0105c, \u017ce ka\u017cda kapsu\u0142ka zawiera najczystsz\u0105 i najsilniejsz\u0105 form\u0119 zwi\u0105zku. Wsp\u00f3\u0142pracujemy z najlepszymi laboratoriami w celu przeprowadzenia rygorystycznych test\u00f3w ka\u017cdej partii, gwarantuj\u0105c, \u017ce nasze produkty spe\u0142niaj\u0105 najbardziej rygorystyczne standardy czysto\u015bci i si\u0142y dzia\u0142ania. Wybieraj\u0105c Yohimbine HCL firmy Powerock Pharma, wybierasz produkt poparty nauk\u0105, wykonany z precyzj\u0105 i zaprojektowany tak, aby zapewni\u0107 niezawodne i sp\u00f3jne wyniki w twoich wysi\u0142kach badawczych.<\/p>\n<h3>Podsumowanie<\/h3>\n<p>Je\u015bli Twoje badania koncentruj\u0105 si\u0119 na utracie tkanki t\u0142uszczowej, zwi\u0119kszeniu energii lub funkcji poznawczych, Yohimbine HCL od Powerock Pharma jest rozwi\u0105zaniem, kt\u00f3rego potrzebujesz. Dzi\u0119ki naszym rygorystycznym kontrolom jako\u015bci i zaanga\u017cowaniu w doskona\u0142o\u015b\u0107, produkt ten zosta\u0142 zaprojektowany, aby pom\u00f3c Ci osi\u0105gn\u0105\u0107 wiarygodne i znacz\u0105ce wyniki. Nie zadowalaj si\u0119 mniej - zam\u00f3w Yohimbine HCL ju\u017c dzi\u015b i przenie\u015b swoje badania na wy\u017cszy poziom.<\/p>\n<div id=\"gtx-trans\" style=\"position: absolute; left: 98px; top: 453.531px;\">\n<div class=\"gtx-trans-icon\"><\/div>\n<\/div>","protected":false},"excerpt":{"rendered":"<p>Yohimbine HCL wspomaga utrat\u0119 tkanki t\u0142uszczowej poprzez zwi\u0119kszenie poziomu noradrenaliny, nasilaj\u0105c termogenez\u0119 i lipoliz\u0119. Oferuje silne dzia\u0142anie spalaj\u0105ce t\u0142uszcz i zwi\u0119kszaj\u0105ce energi\u0119. Wybierz Powerock Pharma ze wzgl\u0119du na czysto\u015b\u0107 i skuteczno\u015b\u0107.<\/p>\n<div id=\"gtx-trans\" style=\"position: absolute; left: -6px; top: -10px;\">\n<div class=\"gtx-trans-icon\"><\/div>\n<\/div>","protected":false},"featured_media":241,"template":"","meta":{"_acf_changed":false,"rank_math_lock_modified_date":false,"inline_featured_image":false},"product_cat":[20],"product_tag":[],"class_list":{"0":"post-290","1":"product","2":"type-product","3":"status-publish","4":"has-post-thumbnail","6":"product_cat-yohimbine","9":"first","10":"instock","11":"shipping-taxable","12":"product-type-simple"},"acf":{"chromatogram":597,"metoda":""},"_links":{"self":[{"href":"https:\/\/powerockpharma.com\/pl\/wp-json\/wp\/v2\/product\/290","targetHints":{"allow":["GET"]}}],"collection":[{"href":"https:\/\/powerockpharma.com\/pl\/wp-json\/wp\/v2\/product"}],"about":[{"href":"https:\/\/powerockpharma.com\/pl\/wp-json\/wp\/v2\/types\/product"}],"wp:featuredmedia":[{"embeddable":true,"href":"https:\/\/powerockpharma.com\/pl\/wp-json\/wp\/v2\/media\/241"}],"wp:attachment":[{"href":"https:\/\/powerockpharma.com\/pl\/wp-json\/wp\/v2\/media?parent=290"}],"wp:term":[{"taxonomy":"product_cat","embeddable":true,"href":"https:\/\/powerockpharma.com\/pl\/wp-json\/wp\/v2\/product_cat?post=290"},{"taxonomy":"product_tag","embeddable":true,"href":"https:\/\/powerockpharma.com\/pl\/wp-json\/wp\/v2\/product_tag?post=290"}],"curies":[{"name":"wp","href":"https:\/\/api.w.org\/{rel}","templated":true}]}}